{"id":36373,"date":"2019-05-23T14:42:49","date_gmt":"2019-05-23T18:42:49","guid":{"rendered":"https:\/\/ffq.enp.mybluehost.me\/contact\/"},"modified":"2026-03-30T20:44:02","modified_gmt":"2026-03-31T00:44:02","slug":"contact","status":"publish","type":"page","link":"https:\/\/cyclingcanada.ca\/fr\/contact\/","title":{"rendered":"Contact"},"content":{"rendered":"\n<div class=\"wp-block-columns are-vertically-aligned-center is-layout-flex wp-container-core-columns-is-layout-28f84493 wp-block-columns-is-layout-flex\">\n<div class=\"wp-block-column is-vertically-aligned-center is-layout-flow wp-block-column-is-layout-flow\">\n<figure class=\"wp-block-image aligncenter size-full is-resized\"><img decoding=\"async\" src=\"https:\/\/cyclingcanada.ca\/wp-content\/uploads\/2026\/03\/Screenshot-2026-03-30-at-8.40.14-PM.png\" alt=\"\" class=\"wp-image-77352\" style=\"aspect-ratio:1.3036000583005394;width:497px;height:auto\"\/><\/figure>\n<\/div>\n\n\n\n<div class=\"wp-block-column is-vertically-aligned-center is-layout-flow wp-block-column-is-layout-flow\">\n<h3 class=\"wp-block-heading has-primary-color has-text-color has-link-color wp-elements-d719988d1a6078686c2ff4c18217631b\">Ottawa (Bureau de l&#8217;entreprise)<\/h3>\n\n\n\n<p><\/p>\n\n\n\n<p style=\"margin-top:0;margin-bottom:0\"><strong><em>Nous d\u00e9m\u00e9nageons ! Voici notre nouvelle adresse \u00e0 compter du 1er avril 2026 :<\/em><\/strong><\/p>\n\n\n\n<p style=\"margin-top:0;margin-bottom:0\">a\/s Maison du Sport, Centre RA<\/p>\n\n\n\n<p style=\"margin-top:0;margin-bottom:0\">2451 Riverside Drive<\/p>\n\n\n\n<p style=\"margin-top:0;margin-bottom:0\">Ottawa, ON K1H 7X7<br>(613) 248-1353<br><a href=\"mailto:general@cyclingcanada.ca\">general@cyclingcanada.ca<\/a><\/p>\n<\/div>\n<\/div>\n\n\n\n<div style=\"height:var(--wp--preset--spacing--medium)\" aria-hidden=\"true\" class=\"wp-block-spacer\"><\/div>\n\n\n\n<div class=\"wp-block-columns are-vertically-aligned-center is-layout-flex wp-container-core-columns-is-layout-28f84493 wp-block-columns-is-layout-flex\">\n<div class=\"wp-block-column is-vertically-aligned-center is-layout-flow wp-block-column-is-layout-flow\">\n<figure class=\"wp-block-image aligncenter size-full\"><img loading=\"lazy\" decoding=\"async\" width=\"493\" height=\"276\" src=\"https:\/\/cyclingcanada.ca\/wp-content\/uploads\/2019\/05\/chrome_2019-05-10_09-25-54.png\" alt=\"\" class=\"wp-image-4342\" srcset=\"https:\/\/cyclingcanada.ca\/wp-content\/uploads\/2019\/05\/chrome_2019-05-10_09-25-54.png 493w, https:\/\/cyclingcanada.ca\/wp-content\/uploads\/2019\/05\/chrome_2019-05-10_09-25-54-300x168.png 300w, https:\/\/cyclingcanada.ca\/wp-content\/uploads\/2019\/05\/chrome_2019-05-10_09-25-54-450x252.png 450w\" sizes=\"auto, (max-width: 493px) 100vw, 493px\" \/><\/figure>\n<\/div>\n\n\n\n<div class=\"wp-block-column is-vertically-aligned-center is-layout-flow wp-block-column-is-layout-flow\">\n<h3 class=\"wp-block-heading has-primary-color has-text-color has-link-color wp-elements-8a4a5a43b29539c2b9b5774b830c245d\">Milton<\/h3>\n\n\n\n<p>2015 Pan Am Boulevard<br>Milton, ON<br>L9E 0K7<br>(613) 248-1353<br><a href=\"mailto:general@cyclingcanada.ca\">general@cyclingcanada.ca<\/a><\/p>\n<\/div>\n<\/div>\n\n\n\n<p><\/p>\n","protected":false},"excerpt":{"rendered":"<p>Ottawa (Bureau de l&#8217;entreprise) Nous d\u00e9m\u00e9nageons ! Voici notre nouvelle adresse \u00e0 compter du 1er avril 2026 : a\/s Maison du Sport, Centre RA 2451 Riverside Drive Ottawa, ON K1H 7X7(613) 248-1353general@cyclingcanada.ca Milton 2015 Pan Am BoulevardMilton, ONL9E 0K7(613) 248-1353general@cyclingcanada.ca<\/p>\n","protected":false},"author":46,"featured_media":77264,"parent":0,"menu_order":0,"comment_status":"closed","ping_status":"closed","template":"wp-custom-template-simple-hero-page","meta":{"_acf_changed":false,"advanced_seo_description":"","jetpack_seo_html_title":"","jetpack_seo_noindex":false,"footnotes":""},"class_list":["post-36373","page","type-page","status-publish","has-post-thumbnail","hentry"],"acf":[],"jetpack_sharing_enabled":true,"_links":{"self":[{"href":"https:\/\/cyclingcanada.ca\/fr\/wp-json\/wp\/v2\/pages\/36373","targetHints":{"allow":["GET"]}}],"collection":[{"href":"https:\/\/cyclingcanada.ca\/fr\/wp-json\/wp\/v2\/pages"}],"about":[{"href":"https:\/\/cyclingcanada.ca\/fr\/wp-json\/wp\/v2\/types\/page"}],"author":[{"embeddable":true,"href":"https:\/\/cyclingcanada.ca\/fr\/wp-json\/wp\/v2\/users\/46"}],"replies":[{"embeddable":true,"href":"https:\/\/cyclingcanada.ca\/fr\/wp-json\/wp\/v2\/comments?post=36373"}],"version-history":[{"count":8,"href":"https:\/\/cyclingcanada.ca\/fr\/wp-json\/wp\/v2\/pages\/36373\/revisions"}],"predecessor-version":[{"id":77355,"href":"https:\/\/cyclingcanada.ca\/fr\/wp-json\/wp\/v2\/pages\/36373\/revisions\/77355"}],"wp:featuredmedia":[{"embeddable":true,"href":"https:\/\/cyclingcanada.ca\/fr\/wp-json\/wp\/v2\/media\/77264"}],"wp:attachment":[{"href":"https:\/\/cyclingcanada.ca\/fr\/wp-json\/wp\/v2\/media?parent=36373"}],"curies":[{"name":"wp","href":"https:\/\/api.w.org\/{rel}","templated":true}]}}