{"id":36425,"date":"2019-05-23T16:10:19","date_gmt":"2019-05-23T20:10:19","guid":{"rendered":"https:\/\/ffq.enp.mybluehost.me\/event-organizers\/"},"modified":"2026-02-11T13:35:03","modified_gmt":"2026-02-11T18:35:03","slug":"organisateurs","status":"publish","type":"page","link":"https:\/\/cyclingcanada.ca\/fr\/mimpliquer\/organisateurs\/","title":{"rendered":"Organisateurs"},"content":{"rendered":"\n<p class=\"has-text-align-center\">Les organisateurs d&#8217;\u00e9v\u00e9nements qui souhaitent accueillir une comp\u00e9tition nationale de Cyclisme Canada peuvent se fier aux exigences d\u00e9taill\u00e9es et aux guides de l&#8217;organisateur fournis par Cyclisme Canada. Ces ressources d\u00e9crivent tout ce qui est n\u00e9cessaire pour planifier et organiser une comp\u00e9tition nationale r\u00e9ussie, y compris les attentes en mati\u00e8re d&#8217;exp\u00e9rience organisationnelle, les normes relatives aux parcours et aux installations, les besoins en ressources humaines, les exigences en mati\u00e8re d&#8217;\u00e9quipement et les obligations financi\u00e8res et li\u00e9es \u00e0 la comp\u00e9tition.  <\/p>\n\n<p class=\"has-text-align-center\"><strong><span style=\"text-decoration: underline;\">NOUVEAUT\u00c9 pour 2027 <\/span><\/strong>: Les candidatures pour les Championnats canadiens doivent inclure un dossier complet qui respecte les directives techniques et financi\u00e8res publi\u00e9es par Cyclisme Canada.<\/p>\n\n<p class=\"has-text-align-center\">Pour plus d&#8217;informations, veuillez contacter <a href=\"mailto:Jacob.graper@cyclingcanada.ca\">Jacob.graper@cyclingcanada.ca.<\/a> <\/p>\n\n<div class=\"wp-block-group alignwide has-global-padding is-layout-constrained wp-block-group-is-layout-constrained\" style=\"padding-top:var(--wp--preset--spacing--large);padding-bottom:var(--wp--preset--spacing--large)\">\n<div class=\"wp-block-columns alignwide is-layout-flex wp-container-core-columns-is-layout-a9550bf3 wp-block-columns-is-layout-flex\">\n<div class=\"wp-block-column has-gainsboro-background-color has-background is-layout-flow wp-block-column-is-layout-flow\" style=\"padding-top:var(--wp--preset--spacing--xx-large);padding-right:var(--wp--preset--spacing--medium);padding-bottom:var(--wp--preset--spacing--xx-large);padding-left:var(--wp--preset--spacing--medium)\">\n<div class=\"wp-block-buttons has-hochelaga-font-family is-content-justification-center is-layout-flex wp-container-core-buttons-is-layout-a89b3969 wp-block-buttons-is-layout-flex\">\n<div class=\"wp-block-button is-style-fill nobreak\"><a class=\"wp-block-button__link has-primary-color has-gainsboro-background-color has-text-color has-background has-link-color has-hochelaga-font-family wp-element-button\" href=\"https:\/\/cyclingcanada.ca\/fr\/mimpliquer\/organisateurs\/dossiers-de-candidature\/\" style=\"border-bottom-color:var(--wp--preset--color--primary);border-bottom-width:2px;padding-top:5px;padding-right:0;padding-bottom:5px;padding-left:0\">Dossiers de candidature<\/a><\/div>\n<\/div>\n<\/div>\n\n\n\n<div class=\"wp-block-column has-gainsboro-background-color has-background is-layout-flow wp-block-column-is-layout-flow\" style=\"padding-top:var(--wp--preset--spacing--xx-large);padding-right:var(--wp--preset--spacing--medium);padding-bottom:var(--wp--preset--spacing--xx-large);padding-left:var(--wp--preset--spacing--medium)\">\n<div class=\"wp-block-buttons has-hochelaga-font-family is-content-justification-center is-layout-flex wp-container-core-buttons-is-layout-a89b3969 wp-block-buttons-is-layout-flex\">\n<div class=\"wp-block-button is-style-fill nobreak\"><a class=\"wp-block-button__link has-primary-color has-gainsboro-background-color has-text-color has-background has-link-color has-hochelaga-font-family wp-element-button\" href=\"https:\/\/cyclingcanada.ca\/fr\/mimpliquer\/organisateurs\/exigences\/\" style=\"border-bottom-color:var(--wp--preset--color--primary);border-bottom-width:2px;padding-top:5px;padding-right:0;padding-bottom:5px;padding-left:0\">Exigences<\/a><\/div>\n<\/div>\n<\/div>\n<\/div>\n<\/div>\n","protected":false},"excerpt":{"rendered":"<p>Les organisateurs d&#8217;\u00e9v\u00e9nements qui souhaitent accueillir une comp\u00e9tition nationale de Cyclisme Canada peuvent se fier aux exigences d\u00e9taill\u00e9es et aux guides de l&#8217;organisateur fournis par Cyclisme Canada. Ces ressources d\u00e9crivent tout ce qui est n\u00e9cessaire pour planifier et organiser une comp\u00e9tition nationale r\u00e9ussie, y compris les attentes en mati\u00e8re d&#8217;exp\u00e9rience organisationnelle, les normes relatives aux [&hellip;]<\/p>\n","protected":false},"author":46,"featured_media":36938,"parent":37348,"menu_order":0,"comment_status":"closed","ping_status":"closed","template":"wp-custom-template-simple-hero-page","meta":{"_acf_changed":false,"advanced_seo_description":"","jetpack_seo_html_title":"","jetpack_seo_noindex":false,"footnotes":""},"class_list":["post-36425","page","type-page","status-publish","has-post-thumbnail","hentry"],"acf":[],"jetpack_sharing_enabled":true,"_links":{"self":[{"href":"https:\/\/cyclingcanada.ca\/fr\/wp-json\/wp\/v2\/pages\/36425","targetHints":{"allow":["GET"]}}],"collection":[{"href":"https:\/\/cyclingcanada.ca\/fr\/wp-json\/wp\/v2\/pages"}],"about":[{"href":"https:\/\/cyclingcanada.ca\/fr\/wp-json\/wp\/v2\/types\/page"}],"author":[{"embeddable":true,"href":"https:\/\/cyclingcanada.ca\/fr\/wp-json\/wp\/v2\/users\/46"}],"replies":[{"embeddable":true,"href":"https:\/\/cyclingcanada.ca\/fr\/wp-json\/wp\/v2\/comments?post=36425"}],"version-history":[{"count":7,"href":"https:\/\/cyclingcanada.ca\/fr\/wp-json\/wp\/v2\/pages\/36425\/revisions"}],"predecessor-version":[{"id":76134,"href":"https:\/\/cyclingcanada.ca\/fr\/wp-json\/wp\/v2\/pages\/36425\/revisions\/76134"}],"up":[{"embeddable":true,"href":"https:\/\/cyclingcanada.ca\/fr\/wp-json\/wp\/v2\/pages\/37348"}],"wp:featuredmedia":[{"embeddable":true,"href":"https:\/\/cyclingcanada.ca\/fr\/wp-json\/wp\/v2\/media\/36938"}],"wp:attachment":[{"href":"https:\/\/cyclingcanada.ca\/fr\/wp-json\/wp\/v2\/media?parent=36425"}],"curies":[{"name":"wp","href":"https:\/\/api.w.org\/{rel}","templated":true}]}}