{"id":36652,"date":"2019-05-24T12:59:02","date_gmt":"2019-05-24T16:59:02","guid":{"rendered":"https:\/\/ffq.enp.mybluehost.me\/para-cycling-talent-id\/"},"modified":"2026-03-02T14:06:31","modified_gmt":"2026-03-02T19:06:31","slug":"para-cycling-talent-id","status":"publish","type":"page","link":"https:\/\/cyclingcanada.ca\/fr\/equipe-nationale\/paracyclisme\/para-cycling-talent-id\/","title":{"rendered":"Identification de talent (Para)"},"content":{"rendered":"\n<p>Cyclisme Canada est \u00e0 la recherche de nouveaux paracyclistes \u00e0 travers le pays! Si vous \u00eates int\u00e9ress\u00e9 \u00e0 essayer le sport, veuillez consulter les \u00e9tapes d\u00e9crites \u00e0 la fin de cette page. <\/p>\n\n\n\n<div class=\"wp-block-columns is-layout-flex wp-container-core-columns-is-layout-318252f0 wp-block-columns-is-layout-flex\">\n<div class=\"wp-block-column is-layout-flow wp-block-column-is-layout-flow\">\n<figure class=\"wp-block-embed is-type-video is-provider-youtube wp-block-embed-youtube wp-embed-aspect-16-9 wp-has-aspect-ratio\"><div class=\"wp-block-embed__wrapper\">\n<iframe loading=\"lazy\" title=\"Para-cycling Series - Handcycling\" width=\"500\" height=\"281\" src=\"https:\/\/www.youtube.com\/embed\/f-8-AmfbApQ?feature=oembed\" frameborder=\"0\" allow=\"accelerometer; autoplay; clipboard-write; encrypted-media; gyroscope; picture-in-picture; web-share\" referrerpolicy=\"strict-origin-when-cross-origin\" allowfullscreen><\/iframe>\n<\/div><\/figure>\n\n\n\n<p><strong>Athl\u00e8tes en v\u00e9los \u00e0 mains: H1, H2, H3, H4, H5<br><\/strong>Un chiffre \u00e9lev\u00e9 signifie une limitation moins grande<\/p>\n<\/div>\n\n\n\n<div class=\"wp-block-column is-layout-flow wp-block-column-is-layout-flow\">\n<figure class=\"wp-block-embed is-type-video is-provider-youtube wp-block-embed-youtube wp-embed-aspect-16-9 wp-has-aspect-ratio\"><div class=\"wp-block-embed__wrapper\">\n<iframe loading=\"lazy\" title=\"Para-cycling Series - Cycling Category\" width=\"500\" height=\"281\" src=\"https:\/\/www.youtube.com\/embed\/UwysG58ZnIU?feature=oembed\" frameborder=\"0\" allow=\"accelerometer; autoplay; clipboard-write; encrypted-media; gyroscope; picture-in-picture; web-share\" referrerpolicy=\"strict-origin-when-cross-origin\" allowfullscreen><\/iframe>\n<\/div><\/figure>\n\n\n\n<p><strong>Athl\u00e8tes en v\u00e9los r\u00e9guliers: C1, C2, C3, C4, C5<br><\/strong>Perte ou limitations fonctionnelles des membres inf\u00e9rieurs et\/ou sup\u00e9rieurs<\/p>\n<\/div>\n<\/div>\n\n\n\n<div class=\"wp-block-columns is-layout-flex wp-container-core-columns-is-layout-318252f0 wp-block-columns-is-layout-flex\">\n<div class=\"wp-block-column is-layout-flow wp-block-column-is-layout-flow\">\n<figure class=\"wp-block-embed is-type-video is-provider-youtube wp-block-embed-youtube wp-embed-aspect-16-9 wp-has-aspect-ratio\"><div class=\"wp-block-embed__wrapper\">\n<iframe loading=\"lazy\" title=\"Para-cycling Series - Tricycle\" width=\"500\" height=\"281\" src=\"https:\/\/www.youtube.com\/embed\/rZJtIA0fgs4?feature=oembed\" frameborder=\"0\" allow=\"accelerometer; autoplay; clipboard-write; encrypted-media; gyroscope; picture-in-picture; web-share\" referrerpolicy=\"strict-origin-when-cross-origin\" allowfullscreen><\/iframe>\n<\/div><\/figure>\n\n\n\n<p><strong>Athl\u00e8tes en tricycles: T1, T2<br><\/strong>Limitations fonctionnelles des membres sup\u00e9rieurs et\/ou inf\u00e9rieurs et atteinte au niveau de l\u2019\u00e9quilibre<\/p>\n<\/div>\n\n\n\n<div class=\"wp-block-column is-layout-flow wp-block-column-is-layout-flow\">\n<figure class=\"wp-block-embed is-type-video is-provider-youtube wp-block-embed-youtube wp-embed-aspect-16-9 wp-has-aspect-ratio\"><div class=\"wp-block-embed__wrapper\">\n<iframe loading=\"lazy\" title=\"Para-cycling Series - Tandem\" width=\"500\" height=\"281\" src=\"https:\/\/www.youtube.com\/embed\/32JCrpjQND0?feature=oembed\" frameborder=\"0\" allow=\"accelerometer; autoplay; clipboard-write; encrypted-media; gyroscope; picture-in-picture; web-share\" referrerpolicy=\"strict-origin-when-cross-origin\" allowfullscreen><\/iframe>\n<\/div><\/figure>\n\n\n\n<p><strong>Athl\u00e8tes en tandem: B<br><\/strong>D\u00e9ficience visuelle<\/p>\n<\/div>\n<\/div>\n\n\n\n<div style=\"height:var(--wp--preset--spacing--large)\" aria-hidden=\"true\" class=\"wp-block-spacer\"><\/div>\n\n\n\n<p class=\"has-primary-color has-text-color has-link-color wp-elements-eaf725414583719cd7aaa386744c1e8a\"><strong>Comment participer \u2013 Prochaines \u00e9tapes<\/strong><\/p>\n\n\n\n<p>Si vous souhaitez essayer le paracyclisme, veuillez contacter Michael Van Den Ham : <a href=\"mailto:michael.vandenham@cyclingcanada.ca\">michael.vandenham@cyclingcanada.ca<\/a>. <\/p>\n\n\n\n<p>Si vous n\u2019avez pas obtenu de classification en tant que paracycliste, veuillez remplir le <a href=\"https:\/\/form.jotform.com\/200916059801957\" target=\"_blank\" rel=\"noreferrer noopener\">questionnaire de classification des athl\u00e8tes<\/a>. Consultez la page sur la classification du paracylisme pour obtenir plus de renseignements au sujet du syst\u00e8me de classification.<\/p>\n\n\n\n<p><\/p>\n\n\n\n<p><\/p>\n","protected":false},"excerpt":{"rendered":"<p>Cyclisme Canada est \u00e0 la recherche de nouveaux paracyclistes \u00e0 travers le pays! Si vous \u00eates int\u00e9ress\u00e9 \u00e0 essayer le sport, veuillez consulter les \u00e9tapes d\u00e9crites \u00e0 la fin de cette page. Athl\u00e8tes en v\u00e9los \u00e0 mains: H1, H2, H3, H4, H5Un chiffre \u00e9lev\u00e9 signifie une limitation moins grande Athl\u00e8tes en v\u00e9los r\u00e9guliers: C1, C2, [&hellip;]<\/p>\n","protected":false},"author":46,"featured_media":38195,"parent":37097,"menu_order":0,"comment_status":"closed","ping_status":"closed","template":"wp-custom-template-simple-hero-page","meta":{"_acf_changed":false,"advanced_seo_description":"","jetpack_seo_html_title":"","jetpack_seo_noindex":false,"footnotes":""},"class_list":["post-36652","page","type-page","status-publish","has-post-thumbnail","hentry"],"acf":[],"jetpack_sharing_enabled":true,"_links":{"self":[{"href":"https:\/\/cyclingcanada.ca\/fr\/wp-json\/wp\/v2\/pages\/36652","targetHints":{"allow":["GET"]}}],"collection":[{"href":"https:\/\/cyclingcanada.ca\/fr\/wp-json\/wp\/v2\/pages"}],"about":[{"href":"https:\/\/cyclingcanada.ca\/fr\/wp-json\/wp\/v2\/types\/page"}],"author":[{"embeddable":true,"href":"https:\/\/cyclingcanada.ca\/fr\/wp-json\/wp\/v2\/users\/46"}],"replies":[{"embeddable":true,"href":"https:\/\/cyclingcanada.ca\/fr\/wp-json\/wp\/v2\/comments?post=36652"}],"version-history":[{"count":5,"href":"https:\/\/cyclingcanada.ca\/fr\/wp-json\/wp\/v2\/pages\/36652\/revisions"}],"predecessor-version":[{"id":76534,"href":"https:\/\/cyclingcanada.ca\/fr\/wp-json\/wp\/v2\/pages\/36652\/revisions\/76534"}],"up":[{"embeddable":true,"href":"https:\/\/cyclingcanada.ca\/fr\/wp-json\/wp\/v2\/pages\/37097"}],"wp:featuredmedia":[{"embeddable":true,"href":"https:\/\/cyclingcanada.ca\/fr\/wp-json\/wp\/v2\/media\/38195"}],"wp:attachment":[{"href":"https:\/\/cyclingcanada.ca\/fr\/wp-json\/wp\/v2\/media?parent=36652"}],"curies":[{"name":"wp","href":"https:\/\/api.w.org\/{rel}","templated":true}]}}