{"id":36658,"date":"2019-05-24T13:09:31","date_gmt":"2019-05-24T17:09:31","guid":{"rendered":"https:\/\/ffq.enp.mybluehost.me\/privacy-policy\/"},"modified":"2025-04-24T14:11:45","modified_gmt":"2025-04-24T18:11:45","slug":"politique-de-confidentialite","status":"publish","type":"page","link":"https:\/\/cyclingcanada.ca\/fr\/politique-de-confidentialite\/","title":{"rendered":"Politique de confidentialit\u00e9"},"content":{"rendered":"\n<div class=\"wp-block-group has-global-padding is-layout-constrained wp-block-group-is-layout-constrained\" style=\"padding-top:var(--wp--preset--spacing--large);padding-bottom:var(--wp--preset--spacing--large)\">\n<h1 class=\"wp-block-heading has-text-align-center has-xx-large-font-size\">Politique de confidentialit\u00e9<\/h1>\n\n\n\n<p>En acc\u00e9dant au pr\u00e9sent site, certaines informations de l\u2019utilisateur telles que les adresses de protocole Internet (IP), la navigation du site, le logiciel utilis\u00e9 et le temps de fr\u00e9quentation du site ainsi que d\u2019autres informations connexes seront conserv\u00e9es sur le serveur de Cyclisme Canada. Ces donn\u00e9es n\u2019identifieront pas l\u2019utilisateur en particulier. Les informations seront utilis\u00e9es \u00e0 l\u2019interne uniquement pour des analyses de trafic sur le site Internet. Si l\u2019utilisateur fournit des renseignements personnels comme son nom, adresse et autres informations similaires sur des formulaires contenus sur le site, ces renseignements ne seront pas utilis\u00e9s par Cyclisme Canada \u00e0 l\u2019interne et ne seront pas publi\u00e9s pour un acc\u00e8s g\u00e9n\u00e9ral \u00e0 l\u2019information. Cyclisme Canada se d\u00e9gage toutefois de toute responsabilit\u00e9 entourant la s\u00e9curit\u00e9 de cette information.    <\/p>\n<\/div>\n","protected":false},"excerpt":{"rendered":"<p>Politique de confidentialit\u00e9 En acc\u00e9dant au pr\u00e9sent site, certaines informations de l\u2019utilisateur telles que les adresses de protocole Internet (IP), la navigation du site, le logiciel utilis\u00e9 et le temps de fr\u00e9quentation du site ainsi que d\u2019autres informations connexes seront conserv\u00e9es sur le serveur de Cyclisme Canada. Ces donn\u00e9es n\u2019identifieront pas l\u2019utilisateur en particulier. Les [&hellip;]<\/p>\n","protected":false},"author":46,"featured_media":0,"parent":0,"menu_order":0,"comment_status":"closed","ping_status":"closed","template":"","meta":{"_acf_changed":false,"advanced_seo_description":"","jetpack_seo_html_title":"","jetpack_seo_noindex":false,"footnotes":""},"class_list":["post-36658","page","type-page","status-publish","hentry"],"acf":[],"jetpack_sharing_enabled":true,"_links":{"self":[{"href":"https:\/\/cyclingcanada.ca\/fr\/wp-json\/wp\/v2\/pages\/36658","targetHints":{"allow":["GET"]}}],"collection":[{"href":"https:\/\/cyclingcanada.ca\/fr\/wp-json\/wp\/v2\/pages"}],"about":[{"href":"https:\/\/cyclingcanada.ca\/fr\/wp-json\/wp\/v2\/types\/page"}],"author":[{"embeddable":true,"href":"https:\/\/cyclingcanada.ca\/fr\/wp-json\/wp\/v2\/users\/46"}],"replies":[{"embeddable":true,"href":"https:\/\/cyclingcanada.ca\/fr\/wp-json\/wp\/v2\/comments?post=36658"}],"version-history":[{"count":2,"href":"https:\/\/cyclingcanada.ca\/fr\/wp-json\/wp\/v2\/pages\/36658\/revisions"}],"predecessor-version":[{"id":70476,"href":"https:\/\/cyclingcanada.ca\/fr\/wp-json\/wp\/v2\/pages\/36658\/revisions\/70476"}],"wp:attachment":[{"href":"https:\/\/cyclingcanada.ca\/fr\/wp-json\/wp\/v2\/media?parent=36658"}],"curies":[{"name":"wp","href":"https:\/\/api.w.org\/{rel}","templated":true}]}}