{"id":36670,"date":"2019-05-24T13:20:31","date_gmt":"2019-05-24T17:20:31","guid":{"rendered":"https:\/\/ffq.enp.mybluehost.me\/ressources\/athlete-resources\/athlete-assistance-program\/"},"modified":"2026-04-16T16:45:08","modified_gmt":"2026-04-16T20:45:08","slug":"programme-daide-aux-athletes","status":"publish","type":"page","link":"https:\/\/cyclingcanada.ca\/fr\/ressources\/ressources-pour-athletes\/programme-daide-aux-athletes\/","title":{"rendered":"Programme d\u2019aide aux athl\u00e8tes"},"content":{"rendered":"\n<div class=\"wp-block-group alignwide is-layout-flow wp-block-group-is-layout-flow\" style=\"padding-top:var(--wp--preset--spacing--large);padding-bottom:var(--wp--preset--spacing--large)\">\n<h1 class=\"wp-block-heading has-text-align-center has-xx-large-font-size\">Programme d\u2019aide aux athl\u00e8tes<\/h1>\n\n\n\n<p>Plusieurs programmes de bourses et d&#8217;aide aux athl\u00e8tes sont offerts aux cyclistes en d\u00e9veloppement et d&#8217;\u00e9lite. Nous ajouterons r\u00e9guli\u00e8rement des r\u00e9f\u00e9rences ici.<\/p>\n\n\n\n<h3 class=\"wp-block-heading has-primary-color has-text-color has-link-color wp-elements-0e6fe676fe309479f7b8ac194f13a090\">Programme d&#8217;aide aux athl\u00e8tes<\/h3>\n\n\n\n<p>Le Programme d\u2019aide aux athl\u00e8tes (PAA) est un programme de financement du sport qui contribue \u00e0 la recherche de l\u2019excellence. Le PAA vise \u00e0 r\u00e9duire le fardeau financier li\u00e9 \u00e0 la pr\u00e9paration \u00e0 des comp\u00e9titions de niveau international et permet aux athl\u00e8tes de haut niveau de poursuivre leurs \u00e9tudes ou leur carri\u00e8re professionnelle tout en s\u2019entra\u00eenant avec intensit\u00e9 dans le but de r\u00e9aliser des performances de premier ordre.<\/p>\n\n\n\n<p><strong>Crit\u00e8res d&#8217;octroi des brevets 2027:<\/strong><\/p>\n\n\n\n<ul class=\"wp-block-list\">\n<li><strong><a href=\"https:\/\/cyclingcanada.ca\/wp-content\/uploads\/2026\/04\/2026-04-16-2027-CYCLING-AAP-Criteria-FR-DRAFT.pdf\" target=\"_blank\" rel=\"noreferrer noopener\">Crit\u00e8res d&#8217;octroi des brevets de Cyclisme Canada pour le cycle des brevets 2027<\/a><\/strong> (\u00c9bauche publi\u00e9e le 16 avril 2026)<\/li>\n\n\n\n<li><strong><a href=\"https:\/\/forms.cloud.microsoft\/r\/RnMgP7iuNW\" target=\"_blank\" rel=\"noreferrer noopener\">Formulaire de commentaires anonymes<\/a><\/strong> (sera ouvert jusqu&#8217;au 26 avril 2026)<\/li>\n\n\n\n<li><strong><a href=\"https:\/\/forms.cloud.microsoft\/r\/ytCv7eRUMk\" target=\"_blank\" rel=\"noreferrer noopener\">Formulaire d&#8217;application pour les brevets cyclistes 2027<\/a><\/strong> (sera ouvert jusqu&#8217;au 7 novembre 2026)<\/li>\n<\/ul>\n\n\n\n<p><strong>Nominations historiques au PAA de Cyclisme Canada :<\/strong><\/p>\n\n\n\n<ul class=\"wp-block-list\">\n<li><a href=\"https:\/\/cyclingcanada.ca\/wp-content\/uploads\/2026\/01\/2026-01-14-Cycling-AAP-List-for-Web.pdf\" data-type=\"link\" data-id=\"https:\/\/cyclingcanada.ca\/wp-content\/uploads\/2026\/01\/2026-01-14-Cycling-AAP-List-for-Web.pdf\" target=\"_blank\" rel=\"noreferrer noopener\">Liste des athl\u00e8tes brevet\u00e9s en 2026<\/a><\/li>\n\n\n\n<li><a href=\"https:\/\/cyclingcanada.ca\/wp-content\/uploads\/2025\/10\/Cycling-AAP-List.pdf\" target=\"_blank\" rel=\"noreferrer noopener\">Liste des athl\u00e8tes brevet\u00e9s en 2025<\/a><\/li>\n<\/ul>\n\n\n\n<div style=\"margin-top:0;margin-bottom:0;height:var(--wp--preset--spacing--x-large)\" aria-hidden=\"true\" class=\"wp-block-spacer\"><\/div>\n\n\n\n<div class=\"wp-block-buttons is-content-justification-center is-layout-flex wp-container-core-buttons-is-layout-2bb63ab0 wp-block-buttons-is-layout-flex\">\n<div class=\"wp-block-button has-custom-width wp-block-button__width-50\"><a class=\"wp-block-button__link has-black-color has-gainsboro-background-color has-text-color has-background has-link-color has-poppins-font-family has-normal-font-size has-custom-font-size wp-element-button\" href=\"https:\/\/cyclingcanada.ca\/fr\/ressources\/ressources-pour-athletes\/\" style=\"padding-top:1.4rem;padding-bottom:1.4rem;letter-spacing:2px\"> Retour \u00e0 ressources pour athl\u00e8tes<\/a><\/div>\n\n\n\n<div class=\"wp-block-button has-custom-width wp-block-button__width-50 is-style-fill\"><a class=\"wp-block-button__link has-white-color has-primary-background-color has-text-color has-background has-link-color has-poppins-font-family has-normal-font-size has-custom-font-size wp-element-button\" href=\"https:\/\/cyclingcanada.ca\/fr\/ressources\/ressources-pour-athletes\/camps-de-perfectionnement\/\" style=\"padding-top:1.4rem;padding-bottom:1.4rem;letter-spacing:2px\">Suivant: Camps de perfectionnement <\/a><\/div>\n<\/div>\n<\/div>\n","protected":false},"excerpt":{"rendered":"<p>Programme d\u2019aide aux athl\u00e8tes Plusieurs programmes de bourses et d&#8217;aide aux athl\u00e8tes sont offerts aux cyclistes en d\u00e9veloppement et d&#8217;\u00e9lite. Nous ajouterons r\u00e9guli\u00e8rement des r\u00e9f\u00e9rences ici. Programme d&#8217;aide aux athl\u00e8tes Le Programme d\u2019aide aux athl\u00e8tes (PAA) est un programme de financement du sport qui contribue \u00e0 la recherche de l\u2019excellence. Le PAA vise \u00e0 r\u00e9duire [&hellip;]<\/p>\n","protected":false},"author":46,"featured_media":0,"parent":36666,"menu_order":0,"comment_status":"closed","ping_status":"closed","template":"","meta":{"_acf_changed":false,"advanced_seo_description":"","jetpack_seo_html_title":"","jetpack_seo_noindex":false,"footnotes":""},"class_list":["post-36670","page","type-page","status-publish","hentry"],"acf":[],"jetpack_sharing_enabled":true,"_links":{"self":[{"href":"https:\/\/cyclingcanada.ca\/fr\/wp-json\/wp\/v2\/pages\/36670","targetHints":{"allow":["GET"]}}],"collection":[{"href":"https:\/\/cyclingcanada.ca\/fr\/wp-json\/wp\/v2\/pages"}],"about":[{"href":"https:\/\/cyclingcanada.ca\/fr\/wp-json\/wp\/v2\/types\/page"}],"author":[{"embeddable":true,"href":"https:\/\/cyclingcanada.ca\/fr\/wp-json\/wp\/v2\/users\/46"}],"replies":[{"embeddable":true,"href":"https:\/\/cyclingcanada.ca\/fr\/wp-json\/wp\/v2\/comments?post=36670"}],"version-history":[{"count":30,"href":"https:\/\/cyclingcanada.ca\/fr\/wp-json\/wp\/v2\/pages\/36670\/revisions"}],"predecessor-version":[{"id":77762,"href":"https:\/\/cyclingcanada.ca\/fr\/wp-json\/wp\/v2\/pages\/36670\/revisions\/77762"}],"up":[{"embeddable":true,"href":"https:\/\/cyclingcanada.ca\/fr\/wp-json\/wp\/v2\/pages\/36666"}],"wp:attachment":[{"href":"https:\/\/cyclingcanada.ca\/fr\/wp-json\/wp\/v2\/media?parent=36670"}],"curies":[{"name":"wp","href":"https:\/\/api.w.org\/{rel}","templated":true}]}}