{"id":36676,"date":"2019-05-24T13:37:28","date_gmt":"2019-05-24T17:37:28","guid":{"rendered":"https:\/\/ffq.enp.mybluehost.me\/ressources\/masters\/"},"modified":"2025-08-08T14:23:55","modified_gmt":"2025-08-08T18:23:55","slug":"masters","status":"publish","type":"page","link":"https:\/\/cyclingcanada.ca\/fr\/ressources\/masters\/","title":{"rendered":"Ma\u00eetres"},"content":{"rendered":"\n<p>Les coureurs ma\u00eetres sont ceux d\u00e9finis par l\u2019UCI comme \u00e2g\u00e9s de 30 ans \u2013 35 ans et plus (selon la discipline). La participation des ma\u00eetres aux \u00e9v\u00e9nements cyclistes au Canada est en augmentation constante et Cyclisme Canada est fier d\u2019offrir des titres nationaux dans diverses cat\u00e9gories d\u2019\u00e2ge. Il existe \u00e9galement de nombreuses opportunit\u00e9s pour les ma\u00eetres les plus performants de mettre leurs comp\u00e9tences \u00e0 l\u2019\u00e9preuve lors des \u00e9preuves de championnats du monde dans la plupart des disciplines du cyclisme, notamment:  <\/p>\n\n\n\n<ul class=\"wp-block-list\">\n<li>Route (Championnats du Monde Gran Fondo)<\/li>\n\n\n\n<li>V\u00e9lo de montagne (XCO &amp; DH)<\/li>\n\n\n\n<li>Cyclo-Cross<\/li>\n\n\n\n<li>Piste<\/li>\n\n\n\n<li>BMX Racing<\/li>\n\n\n\n<li>Gravel<\/li>\n<\/ul>\n\n\n\n<div style=\"height:var(--wp--preset--spacing--small)\" aria-hidden=\"true\" class=\"wp-block-spacer\"><\/div>\n\n\n\n<h3 class=\"wp-block-heading\">Comp\u00e9titions internationales<\/h3>\n\n\n\n<p>Veuillez noter que des lettres d\u2019autorisation de la f\u00e9d\u00e9ration nationale sont requises pour les coureurs canadiens participant \u00e0 des comp\u00e9titions hors du Canada ou des \u00c9tats-Unis.<\/p>\n\n\n\n<p>Cyclisme Canada ne participe pas \u00e0 la s\u00e9lection des participants \u00e0 cet \u00e9v\u00e9nement et n\u2019a pas d\u2019exigences sp\u00e9cifiques en place. Il incombe au coureur de s\u2019assurer qu\u2019il\/elle est \u00e9ligible pour la comp\u00e9tition, qu\u2019il poss\u00e8de une licence UCI valide et qu\u2019il est conforme \u00e0 la r\u00e9glementation antidopage. Nous vous invitons \u00e0 porter une attention particuli\u00e8re au guide technique de l\u2019\u00e9v\u00e9nement publi\u00e9 par l\u2019organisateur.  <\/p>\n\n\n\n<div style=\"height:var(--wp--preset--spacing--small)\" aria-hidden=\"true\" class=\"wp-block-spacer\"><\/div>\n\n\n\n<h3 class=\"wp-block-heading\">Championnats du monde Gran Fondo<\/h3>\n\n\n\n<p>Les coureurs peuvent se qualifier pour participer aux Championnats du monde Gran Fondo en se pla\u00e7ant en finale soit au Championnats canadiens route ou \u00e0 une \u00e9preuve de la S\u00e9rie mondiale Gran Fondo.<\/p>\n\n\n\n<p class=\"is-style-underline-links\"><mark style=\"background-color:rgba(0, 0, 0, 0)\" class=\"has-inline-color has-primary-color\"><em><strong>Pour 2025:<\/strong><\/em><\/mark> Les coureurs peuvent \u00e9galement se qualifier pour participer aux Championnats du monde Gran Fondo UCI en recevant une place de wildcard de la part de Cyclisme Canada. Pour plus d\u2019informations sur le processus de Cyclisme Canada pour l\u2019attribution des places de wildcard aux Championnats du monde Gran Fondo UCI 2024, veuillez <a href=\"https:\/\/cyclingcanada.ca\/wp-content\/uploads\/2025\/06\/CC-Allocation-of-Wild-Card-Positions-for-2025-UCI-GFWCh-05.01.25.pdf\">cliquer ici<\/a>.<\/p>\n\n\n\n<p class=\"is-style-underline-links\">Pour en savoir plus sur les comp\u00e9titions qualificatives Gran Fondo World Series au Canada ou sur les Championnats canadiens route, veuillez consulter le <a href=\"https:\/\/cyclingcanada.ca\/fr\/evenements-et-resultats\/evenements\/\">calendrier<\/a> des \u00e9v\u00e9nements de Cyclisme Canada. Pour plus d\u2019informations sur la s\u00e9rie mondiale Gran Fondo UCI: <a href=\"http:\/\/www.ucigranfondoworldseries.com\/\" target=\"_blank\" rel=\"noreferrer noopener\">http:\/\/www.ucigranfondoworldseries.com\/<\/a> . <\/p>\n\n\n\n<div style=\"height:var(--wp--preset--spacing--small)\" aria-hidden=\"true\" class=\"wp-block-spacer\"><\/div>\n\n\n\n<h3 class=\"wp-block-heading\">Combinaisons<\/h3>\n\n\n\n<p class=\"is-style-underline-links\">Selon le r\u00e8glement de l\u2019UCI, \u00ab il est obligatoire pour un coureur de porter son <a href=\"https:\/\/shop.cyclingcanada.ca\/collections\/kits?sort_by=manual&amp;filter.p.product_type=Jersey\" target=\"_blank\" rel=\"noreferrer noopener\">kit national<\/a> lors des Championnats du Monde Gran Fondo UCI contre la montre, relais par \u00e9quipe et course sur route. Bien que le maillot national officiel ne soit pas obligatoire, un maillot repr\u00e9sentant leur pays avec un design et des couleurs similaires \u00e0 ceux du maillot original de l\u2019\u00e9quipe nationale est exig\u00e9 \u00bb. <\/p>\n\n\n\n<p class=\"is-style-underline-links\">Ceux qui se sont qualifi\u00e9s pour les Championnats du Monde Gran Fondo UCI doivent porter une tenue approuv\u00e9e par Cyclisme Canada. Le seul mod\u00e8le de kit approuv\u00e9 pour les athl\u00e8tes canadiens participant aux Championnats du Monde Gran Fondo UCI est la collection Communaut\u00e9, qui peut \u00eatre command\u00e9e en ligne <a href=\"https:\/\/shop.cyclingcanada.ca\/products\/cycling-canada-community-jersey-1?_pos=2&amp;_fid=72293a52b&amp;_ss=c\" target=\"_blank\" rel=\"noreferrer noopener\">ici<\/a>. <\/p>\n\n\n\n<p class=\"is-style-underline-links\">De plus, Cyclisme Canada, en collaboration avec Jakroo, partenaire officiel pour les v\u00eatements de v\u00e9lo, a cr\u00e9\u00e9 une \u00e9dition sp\u00e9ciale de combinaison \u00e0 manches longues disponible pour achat en ligne (fen\u00eatre de commande \u00e0 confirmer). Cette combinaison r\u00e9pond aux normes pr\u00e9-approuv\u00e9es de conception de l&#8217;\u00e9quipement exig\u00e9 des athl\u00e8tes participant \u00e0 l&#8217;\u00e9v\u00e9nement, ainsi qu&#8217;\u00e0 notre collection \u00ab communautaire \u00bb de dossards, de maillots et de combinaisons \u00e0 manches courtes dont les liens figurent ci-dessus. Les personnes qui ach\u00e8tent la combinaison en \u00e9dition limit\u00e9e peuvent s&#8217;attendre \u00e0 \u00eatre livr\u00e9es directement par Jakroo avant l&#8217;\u00e9v\u00e9nement.  <\/p>\n\n\n\n<p>*Veuillez noter <strong><mark style=\"background-color:rgba(0, 0, 0, 0)\" class=\"has-inline-color has-primary-color\">qu\u2019il n\u2019est pas possible<\/mark><\/strong> pour les participants de concourir dans la combinaison rouge et blanche utilis\u00e9e par l\u2019\u00e9quipe nationale canadienne.<\/p>\n","protected":false},"excerpt":{"rendered":"<p>Les coureurs ma\u00eetres sont ceux d\u00e9finis par l\u2019UCI comme \u00e2g\u00e9s de 30 ans \u2013 35 ans et plus (selon la discipline). La participation des ma\u00eetres aux \u00e9v\u00e9nements cyclistes au Canada est en augmentation constante et Cyclisme Canada est fier d\u2019offrir des titres nationaux dans diverses cat\u00e9gories d\u2019\u00e2ge. Il existe \u00e9galement de nombreuses opportunit\u00e9s pour les [&hellip;]<\/p>\n","protected":false},"author":46,"featured_media":52295,"parent":36660,"menu_order":0,"comment_status":"closed","ping_status":"closed","template":"wp-custom-template-simple-hero-page","meta":{"_acf_changed":false,"advanced_seo_description":"","jetpack_seo_html_title":"","jetpack_seo_noindex":false,"footnotes":""},"class_list":["post-36676","page","type-page","status-publish","has-post-thumbnail","hentry"],"acf":[],"jetpack_sharing_enabled":true,"_links":{"self":[{"href":"https:\/\/cyclingcanada.ca\/fr\/wp-json\/wp\/v2\/pages\/36676","targetHints":{"allow":["GET"]}}],"collection":[{"href":"https:\/\/cyclingcanada.ca\/fr\/wp-json\/wp\/v2\/pages"}],"about":[{"href":"https:\/\/cyclingcanada.ca\/fr\/wp-json\/wp\/v2\/types\/page"}],"author":[{"embeddable":true,"href":"https:\/\/cyclingcanada.ca\/fr\/wp-json\/wp\/v2\/users\/46"}],"replies":[{"embeddable":true,"href":"https:\/\/cyclingcanada.ca\/fr\/wp-json\/wp\/v2\/comments?post=36676"}],"version-history":[{"count":4,"href":"https:\/\/cyclingcanada.ca\/fr\/wp-json\/wp\/v2\/pages\/36676\/revisions"}],"predecessor-version":[{"id":72572,"href":"https:\/\/cyclingcanada.ca\/fr\/wp-json\/wp\/v2\/pages\/36676\/revisions\/72572"}],"up":[{"embeddable":true,"href":"https:\/\/cyclingcanada.ca\/fr\/wp-json\/wp\/v2\/pages\/36660"}],"wp:featuredmedia":[{"embeddable":true,"href":"https:\/\/cyclingcanada.ca\/fr\/wp-json\/wp\/v2\/media\/52295"}],"wp:attachment":[{"href":"https:\/\/cyclingcanada.ca\/fr\/wp-json\/wp\/v2\/media?parent=36676"}],"curies":[{"name":"wp","href":"https:\/\/api.w.org\/{rel}","templated":true}]}}