{"id":36688,"date":"2019-05-24T14:14:05","date_gmt":"2019-05-24T18:14:05","guid":{"rendered":"https:\/\/ffq.enp.mybluehost.me\/terms-of-use\/"},"modified":"2025-04-24T14:13:45","modified_gmt":"2025-04-24T18:13:45","slug":"conditions-dutilisation","status":"publish","type":"page","link":"https:\/\/cyclingcanada.ca\/fr\/conditions-dutilisation\/","title":{"rendered":"Conditions d\u2019utilisation"},"content":{"rendered":"\n<div class=\"wp-block-group has-global-padding is-layout-constrained wp-block-group-is-layout-constrained\" style=\"padding-top:var(--wp--preset--spacing--large);padding-bottom:var(--wp--preset--spacing--large)\">\n<h1 class=\"wp-block-heading has-text-align-center has-xx-large-font-size\">Conditions d\u2019utilisation<\/h1>\n\n\n\n<p>L\u2019information contenue dans le pr\u00e9sent site peut \u00eatre utilis\u00e9e \u00e0 des fins \u00e9ducatives et autres raisons non commerciales pourvu que toute reproduction de donn\u00e9es soit accompagn\u00e9e d\u2019une mention de Cyclisme Canada comme source.<\/p>\n\n\n\n<p>Un tiers ne peut copier, extraire des photographies, des vid\u00e9os, des logos ou autres images visuelles \u00e0 partir de cyclismecanada.ca en aucun cas. Les demandes de photographie, vid\u00e9o, logo ou autre image visuelle peuvent \u00eatre transmises par courriel \u00e0 <a href=\"mailto:general@cyclingcanada.ca\">general@cyclingcanada.ca<\/a>.<\/p>\n<\/div>\n","protected":false},"excerpt":{"rendered":"<p>Conditions d\u2019utilisation L\u2019information contenue dans le pr\u00e9sent site peut \u00eatre utilis\u00e9e \u00e0 des fins \u00e9ducatives et autres raisons non commerciales pourvu que toute reproduction de donn\u00e9es soit accompagn\u00e9e d\u2019une mention de Cyclisme Canada comme source. Un tiers ne peut copier, extraire des photographies, des vid\u00e9os, des logos ou autres images visuelles \u00e0 partir de cyclismecanada.ca [&hellip;]<\/p>\n","protected":false},"author":46,"featured_media":0,"parent":0,"menu_order":0,"comment_status":"closed","ping_status":"closed","template":"","meta":{"_acf_changed":false,"advanced_seo_description":"","jetpack_seo_html_title":"","jetpack_seo_noindex":false,"footnotes":""},"class_list":["post-36688","page","type-page","status-publish","hentry"],"acf":[],"jetpack_sharing_enabled":true,"_links":{"self":[{"href":"https:\/\/cyclingcanada.ca\/fr\/wp-json\/wp\/v2\/pages\/36688","targetHints":{"allow":["GET"]}}],"collection":[{"href":"https:\/\/cyclingcanada.ca\/fr\/wp-json\/wp\/v2\/pages"}],"about":[{"href":"https:\/\/cyclingcanada.ca\/fr\/wp-json\/wp\/v2\/types\/page"}],"author":[{"embeddable":true,"href":"https:\/\/cyclingcanada.ca\/fr\/wp-json\/wp\/v2\/users\/46"}],"replies":[{"embeddable":true,"href":"https:\/\/cyclingcanada.ca\/fr\/wp-json\/wp\/v2\/comments?post=36688"}],"version-history":[{"count":2,"href":"https:\/\/cyclingcanada.ca\/fr\/wp-json\/wp\/v2\/pages\/36688\/revisions"}],"predecessor-version":[{"id":70479,"href":"https:\/\/cyclingcanada.ca\/fr\/wp-json\/wp\/v2\/pages\/36688\/revisions\/70479"}],"wp:attachment":[{"href":"https:\/\/cyclingcanada.ca\/fr\/wp-json\/wp\/v2\/media?parent=36688"}],"curies":[{"name":"wp","href":"https:\/\/api.w.org\/{rel}","templated":true}]}}