{"id":37027,"date":"2019-06-03T13:38:07","date_gmt":"2019-06-03T17:38:07","guid":{"rendered":"https:\/\/ffq.enp.mybluehost.me\/coaches\/ressources\/"},"modified":"2026-03-23T16:24:00","modified_gmt":"2026-03-23T20:24:00","slug":"ressources","status":"publish","type":"page","link":"https:\/\/cyclingcanada.ca\/fr\/mimpliquer\/entraineurs\/ressources\/","title":{"rendered":"Ressources"},"content":{"rendered":"\n<div class=\"wp-block-group alignwide is-layout-flow wp-block-group-is-layout-flow\" style=\"padding-top:var(--wp--preset--spacing--large);padding-bottom:var(--wp--preset--spacing--large)\">\n<h1 class=\"wp-block-heading has-text-align-center has-xx-large-font-size\">Ressources<\/h1>\n\n\n\n<p class=\"is-style-underline-links has-body-color has-text-color has-link-color wp-elements-cde7053a9497d311a9f385f9ef237a83\"><a href=\"https:\/\/edu.cyclingcanada.ca\/index.php?page=4\">Formation de chauffeurs de caravane cycliste:<\/a><\/p>\n\n\n\n<p>L\u2019objectif de la formation des chauffeurs de caravane cycliste est d\u2019initier les participants vis-\u00e0-vis les r\u00e8gles de base de la conduite d\u2019un v\u00e9hicule dans une caravane cycliste et est obligatoire depuis 2015. Le module dure environ 45 minutes et compte comme un point de d\u00e9veloppement professionnel pour les entra\u00eeneurs certifi\u00e9s par le PNCE. <\/p>\n\n\n\n<ul class=\"wp-block-list is-style-underline-links has-body-color has-text-color has-link-color wp-elements-256a5cafde11c940cb49b7f8d9282e00\">\n<li><a href=\"https:\/\/cyclingcanada.ca\/wp-content\/uploads\/2024\/10\/2021-uci-road-guidelines-for-circulation-eng.pdf\" target=\"_blank\" rel=\"noreferrer noopener\">UCI Guide des directives de circulation des v\u00e9hicules \u00e0 l\u2019\u00e9chelon course<\/a><\/li>\n\n\n\n<li><a href=\"https:\/\/www.youtube.com\/watch?v=rnefx-j3JfQ\" target=\"_blank\" rel=\"noreferrer noopener\">Vid\u00e9o promotionnelle pour la formation en ligne des chauffeurs de caravane<\/a><\/li>\n<\/ul>\n\n\n\n<p class=\"is-style-underline-links has-body-color has-text-color has-link-color wp-elements-288a05df87d034577e642d06d2f57ddf\">Vous avez la possibilit\u00e9 de faire un <a href=\"https:\/\/edu.cyclingcanada.ca\/index.php?page=1\" target=\"_blank\" rel=\"noreferrer noopener\"><mark style=\"background-color:rgba(0, 0, 0, 0)\" class=\"has-inline-color has-body-color\">achat individuel<\/mark> <\/a> pour 25$ ou un <mark style=\"background-color:rgba(0, 0, 0, 0)\" class=\"has-inline-color has-body-color\"><strong><span style=\"text-decoration: underline;\">achat de groupe<\/span><\/strong><\/mark>  \u00e0 100$ pour 10 personnes. L\u2019option de groupe est id\u00e9ale pour les clubs et les organisateurs. Si vous avez des questions, veuillez contacter Jen Eaton (jen.eaton@cyclingcanada.ca). <strong><mark style=\"background-color:rgba(0, 0, 0, 0)\" class=\"has-inline-color has-primary-color\">Vous devrez cr\u00e9er un compte sur le portail d\u2019\u00e9ducation pour vous inscrire \u00e0 la formation. La cr\u00e9ation d\u2019un compte est gratuite et ne prend que quelque seconds.<\/mark><\/strong><\/p>\n\n\n\n<p class=\"is-style-underline-links has-body-color has-text-color has-link-color wp-elements-0de26d1101dd7d753ea5a6ec5237217f\">Veuillez consulter la <a href=\"https:\/\/cyclingcanada.ca\/wp-content\/uploads\/2026\/01\/Caravan-Driver-Online-Training-Certified-Drivers-Jan-23-2026.pdf\"><mark style=\"background-color:rgba(0, 0, 0, 0)\" class=\"has-inline-color has-body-color\">liste des conducteurs certifi\u00e9s de Cycling Canada<\/mark> <\/a>, mise \u00e0 jour le 23 janvier 2026.<\/p>\n\n\n\n<p class=\"is-style-underline-links has-body-color has-text-color has-link-color wp-elements-1010e8d902502be573ec12e7a50d75ee\"><a href=\"https:\/\/cyclingcanada.ca\/wp-content\/uploads\/2012\/05\/Code-dethique-du-PNCE.pdf\" target=\"_blank\" rel=\"noreferrer noopener\">Code d\u2019\u00e9thique du PNCE<\/a><\/p>\n\n\n\n<p class=\"is-style-underline-links has-body-color has-text-color has-link-color wp-elements-69a39004e2a0708f8bf42461a55e0adf\"><a href=\"https:\/\/cyclingcanada.ca\/wp-content\/uploads\/2020\/03\/R%C3%A8gle-de-Deux-Infographie-2020-2.pdf\" target=\"_blank\" rel=\"noreferrer noopener\">R\u00e8gle de Deux<\/a><\/p>\n\n\n\n<p class=\"is-style-underline-links has-body-color has-text-color has-link-color wp-elements-89b2e6e9787233dc57b37e858962f041\"><a href=\"https:\/\/coach.ca\/fr\/portail-sante-mentale\" target=\"_blank\" rel=\"noreferrer noopener\">Portail de ressources sur la sant\u00e9 mentale et le sport<\/a><\/p>\n\n\n\n<p class=\"is-style-underline-links has-body-color has-text-color has-link-color wp-elements-cbd4b75209fc996d36da6a1909deee2b\"><a href=\"https:\/\/cyclingcanada.ca\/wp-content\/uploads\/2022\/04\/09-6-Code-de-conduite-Dec-2021.pdf\" target=\"_blank\" rel=\"noreferrer noopener\">Code de conduite de Cyclisme Canada<\/a><\/p>\n\n\n\n<p class=\"is-style-underline-links has-body-color has-text-color has-link-color wp-elements-829c5c1fbca451d96e28ca4355f5d803\"><a href=\"https:\/\/cyclingcanada.ca\/wp-content\/uploads\/2020\/05\/2020-04-04-Head-Injury-Protocol-FR-F-1.pdf\" target=\"_blank\" rel=\"noreferrer noopener\">Protocole sur le traumatisme cr\u00e2nien de Cyclisme Canada<\/a><\/p>\n\n\n\n<p class=\"is-style-underline-links has-body-color has-text-color has-link-color wp-elements-60d75c1874727e0690caef056f65a37c\"><a href=\"https:\/\/cyclingcanada.ca\/wp-content\/uploads\/2012\/05\/ayant-un-handicap.pdf\" target=\"_blank\" rel=\"noreferrer noopener\">Entra\u00eener des athl\u00e8tes ayant un handicap<\/a><\/p>\n\n\n\n<p class=\"is-style-underline-links has-body-color has-text-color has-link-color wp-elements-f76868bed6430cf79892007582a66733\"><a href=\"https:\/\/cyclingcanada.ca\/wp-content\/uploads\/2020\/03\/BMX-Brochure-Web-FR.pdf\" target=\"_blank\" rel=\"noreferrer noopener\">Gagner en BMX<\/a><\/p>\n\n\n\n<p class=\"is-style-underline-links has-body-color has-text-color has-link-color wp-elements-9c11ed04a3d10823c7a0f52cab53ae7e\"><a href=\"https:\/\/cyclingcanada.ca\/wp-content\/uploads\/2020\/03\/BMX-LTAD-FR-2014-Web.pdf\" target=\"_blank\" rel=\"noreferrer noopener\">D\u00e9veloppement \u00e0 long terme de l\u2019athl\u00e8te \u2013 BMX<\/a><\/p>\n\n\n\n<p class=\"is-style-underline-links has-body-color has-text-color has-link-color wp-elements-0760e0b6148c77000ed1d36aab1bbce8\"><a href=\"https:\/\/cyclingcanada.ca\/wp-content\/uploads\/2020\/03\/MB-LTAD-Fr-Sept16-Web.pdf\" target=\"_blank\" rel=\"noreferrer noopener\">D\u00e9veloppement \u00e0 long terme de l\u2019athl\u00e8te \u2013 V\u00e9lo de montagne<\/a><\/p>\n\n\n\n<p class=\"is-style-underline-links has-body-color has-text-color has-link-color wp-elements-80c0fb22ecd515d8674a473cfee292f7\"><a href=\"https:\/\/cyclingcanada.ca\/wp-content\/uploads\/2020\/03\/Track-LTAD-fr-Nov22-final.pdf\" target=\"_blank\" rel=\"noreferrer noopener\">D\u00e9veloppement \u00e0 long terme de l\u2019athl\u00e8te \u2013 Piste<\/a><\/p>\n\n\n\n<p class=\"is-style-underline-links has-body-color has-text-color has-link-color wp-elements-e7e8e5f38f74521d4daca817f27a3c84\"><a href=\"https:\/\/cyclingcanada.ca\/wp-content\/uploads\/2020\/03\/ParaLTAD-Fr_FINALupdated2013.pdf\" target=\"_blank\" rel=\"noreferrer noopener\">D\u00e9veloppement \u00e0 long terme de l\u2019athl\u00e8te \u2013 Paracyclisme<\/a><\/p>\n\n\n\n<p class=\"is-style-underline-links has-body-color has-text-color has-link-color wp-elements-5934f03daa55957df54dcf721e18c49a\"><a href=\"https:\/\/cyclingcanada.ca\/wp-content\/uploads\/2020\/03\/Para-Integration-Fr-_FINALupdated2013.pdf\" target=\"_blank\" rel=\"noreferrer noopener\">Int\u00e9gration aux \u00e9v\u00e9nements paracyclistes<\/a><\/p>\n\n\n\n<div style=\"margin-top:0;margin-bottom:0;height:var(--wp--preset--spacing--x-large)\" aria-hidden=\"true\" class=\"wp-block-spacer\"><\/div>\n\n\n\n<div class=\"wp-block-buttons is-content-justification-center is-layout-flex wp-container-core-buttons-is-layout-2bb63ab0 wp-block-buttons-is-layout-flex\">\n<div class=\"wp-block-button has-custom-width wp-block-button__width-50\"><a class=\"wp-block-button__link has-black-color has-gainsboro-background-color has-text-color has-background has-link-color has-poppins-font-family has-normal-font-size has-custom-font-size wp-element-button\" href=\"https:\/\/cyclingcanada.ca\/fr\/mimpliquer\/entraineurs\/\" style=\"padding-top:1.4rem;padding-bottom:1.4rem;letter-spacing:2px\">&lt; Retour \u00e0 entra\u00eeneurs<\/a><\/div>\n\n\n\n<div class=\"wp-block-button has-custom-width wp-block-button__width-50 is-style-fill\"><a class=\"wp-block-button__link has-white-color has-primary-background-color has-text-color has-background has-link-color has-poppins-font-family has-normal-font-size has-custom-font-size wp-element-button\" href=\"https:\/\/cyclingcanada.ca\/fr\/mimpliquer\/entraineurs\/formations-pour-entraineurs\/\" style=\"padding-top:1.4rem;padding-bottom:1.4rem;letter-spacing:2px\">Suivant: Formation des entra\u00eeneurs &gt;<\/a><\/div>\n<\/div>\n<\/div>\n","protected":false},"excerpt":{"rendered":"<p>Ressources Formation de chauffeurs de caravane cycliste: L\u2019objectif de la formation des chauffeurs de caravane cycliste est d\u2019initier les participants vis-\u00e0-vis les r\u00e8gles de base de la conduite d\u2019un v\u00e9hicule dans une caravane cycliste et est obligatoire depuis 2015. Le module dure environ 45 minutes et compte comme un point de d\u00e9veloppement professionnel pour les [&hellip;]<\/p>\n","protected":false},"author":46,"featured_media":0,"parent":36690,"menu_order":0,"comment_status":"closed","ping_status":"closed","template":"","meta":{"_acf_changed":false,"advanced_seo_description":"","jetpack_seo_html_title":"","jetpack_seo_noindex":false,"footnotes":""},"class_list":["post-37027","page","type-page","status-publish","hentry"],"acf":[],"jetpack_sharing_enabled":true,"_links":{"self":[{"href":"https:\/\/cyclingcanada.ca\/fr\/wp-json\/wp\/v2\/pages\/37027","targetHints":{"allow":["GET"]}}],"collection":[{"href":"https:\/\/cyclingcanada.ca\/fr\/wp-json\/wp\/v2\/pages"}],"about":[{"href":"https:\/\/cyclingcanada.ca\/fr\/wp-json\/wp\/v2\/types\/page"}],"author":[{"embeddable":true,"href":"https:\/\/cyclingcanada.ca\/fr\/wp-json\/wp\/v2\/users\/46"}],"replies":[{"embeddable":true,"href":"https:\/\/cyclingcanada.ca\/fr\/wp-json\/wp\/v2\/comments?post=37027"}],"version-history":[{"count":7,"href":"https:\/\/cyclingcanada.ca\/fr\/wp-json\/wp\/v2\/pages\/37027\/revisions"}],"predecessor-version":[{"id":76933,"href":"https:\/\/cyclingcanada.ca\/fr\/wp-json\/wp\/v2\/pages\/37027\/revisions\/76933"}],"up":[{"embeddable":true,"href":"https:\/\/cyclingcanada.ca\/fr\/wp-json\/wp\/v2\/pages\/36690"}],"wp:attachment":[{"href":"https:\/\/cyclingcanada.ca\/fr\/wp-json\/wp\/v2\/media?parent=37027"}],"curies":[{"name":"wp","href":"https:\/\/api.w.org\/{rel}","templated":true}]}}