{"id":37033,"date":"2019-06-03T13:47:04","date_gmt":"2019-06-03T17:47:04","guid":{"rendered":"https:\/\/ffq.enp.mybluehost.me\/officials\/courses-training\/"},"modified":"2025-05-01T16:39:13","modified_gmt":"2025-05-01T20:39:13","slug":"cours-et-formations","status":"publish","type":"page","link":"https:\/\/cyclingcanada.ca\/fr\/mimpliquer\/commissaires\/cours-et-formations\/","title":{"rendered":"Cours et formations"},"content":{"rendered":"\n<div class=\"wp-block-group alignwide is-layout-flow wp-block-group-is-layout-flow\" style=\"padding-top:var(--wp--preset--spacing--large);padding-bottom:var(--wp--preset--spacing--large)\">\n<h1 class=\"wp-block-heading has-text-align-center has-xx-large-font-size\">Cours et formations<\/h1>\n\n\n\n<p>Int\u00e9ress\u00e9 \u00e0 devenir commissaire? Le programme d\u2019officiels de Cyclisme Canada s\u2019adresse \u00e0 quiconque est int\u00e9ress\u00e9 \u00e0 arbitrer le sport du cyclisme, de la course locale \u00e0 la comp\u00e9tition internationale. Trois niveaux principaux sont disponibles dans le programme; Commissaires provinciaux, commissaires nationaux et commissaires internationaux.  <\/p>\n\n\n\n<h3 class=\"wp-block-heading has-primary-color has-text-color has-link-color wp-elements-a7dad571f957299a0e4ab246316b4a82\">Cours disponibles<\/h3>\n\n\n\n<p>Cyclisme Canada est heureux d\u2019annoncer le lancement progressif de notre portail \u00e9ducatif. Ce portail comprend les modules eLearning d\u2019entra\u00eeneurs et commissaires. Veuillez visiter <a href=\"https:\/\/edu.cyclingcanada.ca\/\">edu.cyclingcanada.ca<\/a> pour lancer le portail \u00e9ducatif de Cyclisme Canada.  <\/p>\n\n\n\n<p><strong><mark style=\"background-color:rgba(0, 0, 0, 0)\" class=\"has-inline-color has-primary-color\">Notez:<\/mark><\/strong> Une fois lanc\u00e9, vous devrez vous inscrire au portail pour avoir acc\u00e8s aux modules eLearning. Cliquez inscrire pour commencer le processus d\u2019inscription. L\u2019inscription au portail est gratuite et ne n\u00e9cessite aucun d\u00e9tail de carte de cr\u00e9dit. Une fois que votre compte est cr\u00e9\u00e9, veuillez cliquer sur <em>Cours<\/em> dans le menu pour commencer le processus d\u2019inscription au modules.  <\/p>\n\n\n\n<p class=\"has-black-color has-text-color has-link-color wp-elements-a17e696ff51d415379aafe88fd92c22a\"><span style=\"text-decoration: underline;\"><strong><a href=\"https:\/\/cyclingcanada.ca\/fr\/mimpliquer\/entraineurs\/ressources\/\">Formation de chauffeurs de caravane cycliste:<\/a><\/strong><\/span><br\/>L\u2019objectif de la formation des chauffeurs de caravane cycliste est d\u2019initier les participants vis-\u00e0-vis les r\u00e8gles de base de la conduite d\u2019un v\u00e9hicule dans une caravane cycliste et est obligatoire depuis 2015. Le module dure environ 45 minutes et compte comme un point de d\u00e9veloppement professionnel pour les entra\u00eeneurs certifi\u00e9s par le PNCE. <\/p>\n\n\n\n<p class=\"has-black-color has-text-color has-link-color wp-elements-284d6aa2e9b77c1dd516823107b90d32\"><strong><span style=\"text-decoration: underline;\"><a href=\"https:\/\/edu.cyclingcanada.ca\/index.php?page=4\" target=\"_blank\" rel=\"noreferrer noopener\">Formation Pr\u00e9liminaire Commissaire Provincial C : <\/a><\/span><\/strong><br\/>Ces modules d\u2019une heure passeront en revue les bases de chaque discipline cycliste et vous apprendra comment se pr\u00e9parer pour les courses en tant que commissaire et les r\u00e8gles essentielles \u00e0 l\u2019arbitrage. Une fois termin\u00e9, vous devrez acqu\u00e9rir une exp\u00e9rience pratique en participant \u00e0 des courses cyclistes. <\/p>\n\n\n\n<div style=\"height:var(--wp--preset--spacing--small)\" aria-hidden=\"true\" class=\"wp-block-spacer\"><\/div>\n\n\n\n<h4 class=\"wp-block-heading has-primary-color has-text-color has-link-color wp-elements-04751fa4c9d033f1c9f845c4fe632b81\">Directives de d\u00e9veloppement<\/h4>\n\n\n\n<p>Le tableau suivant pr\u00e9sente les lignes directrices pour la promotion des commissaires de niveau provincial.<\/p>\n\n\n\n<p class=\"has-silver-color has-text-color has-link-color wp-elements-ea36b6822b45bdda1f707c003b6e7e08\" style=\"margin-top:0;margin-bottom:0\">Les provinces peuvent instituer leur propre processus de promotion en alignement avec CC.<\/p>\n\n\n\n<figure class=\"wp-block-table is-style-stripes\"><table><thead><tr><th class=\"has-text-align-left\" data-align=\"left\">Niveau<\/th><th class=\"has-text-align-left\" data-align=\"left\">Conditions minimales d\u2019admissibilit\u00e9 \u00e0 ce niveau<\/th><th class=\"has-text-align-left\" data-align=\"left\">\u00c9preuves auxquelles vous pouvez officier \u00e0 ce niveau<\/th><th class=\"has-text-align-left\" data-align=\"left\">Conditions minimales d\u2019admissibilit\u00e9 au prochain niveau<\/th><th class=\"has-text-align-left\" data-align=\"left\">Temps minimal \u00e0 ce niveau<\/th><\/tr><\/thead><tbody><tr><td class=\"has-text-align-left\" data-align=\"left\">Adjoint technique<\/td><td class=\"has-text-align-left\" data-align=\"left\">\u2022 \u00catre motiv\u00e9 \u00e0 apprendre et \u00e0 travailler de longues heures<\/td><td class=\"has-text-align-left\" data-align=\"left\">\u2022 Courses de niveau r\u00e9gional et provincial<\/td><td class=\"has-text-align-left\" data-align=\"left\">\u2022 Minimum de 2 courses<\/td><td class=\"has-text-align-left\" data-align=\"left\"><\/td><\/tr><tr><td class=\"has-text-align-left\" data-align=\"left\">Commissaire C<\/td><td class=\"has-text-align-left\" data-align=\"left\">\u2022 Suivre le cours provincial dans la discipline concern\u00e9e<br\/><br\/>\u2022 Les provinces peuvent imposer des exigences suppl\u00e9mentaires<\/td><td class=\"has-text-align-left\" data-align=\"left\">\u2022 Courses de niveau provincial<\/td><td class=\"has-text-align-left\" data-align=\"left\">\u2022 Minimum de 2 courses<\/td><td class=\"has-text-align-left\" data-align=\"left\">\u2022 3 ans<\/td><\/tr><tr><td class=\"has-text-align-left\" data-align=\"left\">C \u00e0 B<\/td><td class=\"has-text-align-left\" data-align=\"left\">\u2022 Assister le coll\u00e8ge des commissaires aux courses de niveau provincial<\/td><td class=\"has-text-align-left\" data-align=\"left\">\u2022 Membre du coll\u00e8ge aux courses provinciales<br\/><br\/>\u2022 Adjoint au \u00abcoll\u00e8ge des commissaires aux courses de niveau national<\/td><td class=\"has-text-align-left\" data-align=\"left\">\u2022 Minimum de 3 courses<\/td><td class=\"has-text-align-left\" data-align=\"left\">\u2022 3 ans<\/td><\/tr><tr><td class=\"has-text-align-left\" data-align=\"left\">B \u00e0 A<\/td><td class=\"has-text-align-left\" data-align=\"left\">\u2022Travailler comme membre du coll\u00e8ge \u00e0 au moins 2 courses par ann\u00e9e<br\/><br\/>\u2022 Capacit\u00e9 \u00e0 d\u00e9montrer de bonnes comp\u00e9tences en communications et en relations interpersonnelles<br\/><br\/>\u2022 Travailler comme chef \u00e0 une course de niveau provincial<br\/><br\/>\u2022 Recommandation du commissaire en chef provincial<\/td><td class=\"has-text-align-left\" data-align=\"left\">\u2022 Chef aux courses provinciales<br\/><br\/>\u2022 Membre du coll\u00e8ge aux courses de niveau national<br\/><br\/>\u2022 Adjoint aux courses internationales<\/td><td class=\"has-text-align-left\" data-align=\"left\">\u2022 Minimum de 3 courses<\/td><td class=\"has-text-align-left\" data-align=\"left\">\u2022 3 ans<\/td><\/tr><\/tbody><\/table><\/figure>\n\n\n\n<div style=\"height:var(--wp--preset--spacing--x-large)\" aria-hidden=\"true\" class=\"wp-block-spacer\"><\/div>\n\n\n\n<p>Le tableau suivant pr\u00e9sente la promotion pour passer au niveau national:<\/p>\n\n\n\n<figure class=\"wp-block-table is-style-stripes\"><table><thead><tr><th class=\"has-text-align-left\" data-align=\"left\">Niveau<\/th><th class=\"has-text-align-left\" data-align=\"left\">Conditions minimales d\u2019admissibilit\u00e9 \u00e0 ce niveau<\/th><th class=\"has-text-align-left\" data-align=\"left\">\u00c9preuves auxquelles vous pouvez officier \u00e0 ce niveau<\/th><th class=\"has-text-align-left\" data-align=\"left\">Conditions minimales d\u2019admissibilit\u00e9 au prochain niveau<\/th><th class=\"has-text-align-left\" data-align=\"left\">Temps minimal \u00e0 ce niveau<\/th><\/tr><\/thead><tbody><tr><td class=\"has-text-align-left\" data-align=\"left\">Adjoint technique<\/td><td class=\"has-text-align-left\" data-align=\"left\">\u2022 \u00catre motiv\u00e9 \u00e0 apprendre et \u00e0 travailler de longues heures<\/td><td class=\"has-text-align-left\" data-align=\"left\">\u2022 Courses de niveau r\u00e9gional et provincial<\/td><td class=\"has-text-align-left\" data-align=\"left\">\u2022 Minimum de 2 courses<\/td><td class=\"has-text-align-left\" data-align=\"left\">\u2022 2 ans<\/td><\/tr><\/tbody><\/table><\/figure>\n\n\n\n<div style=\"margin-top:0;margin-bottom:0;height:var(--wp--preset--spacing--x-large)\" aria-hidden=\"true\" class=\"wp-block-spacer\"><\/div>\n\n\n\n<p>Le tableau suivant pr\u00e9sente la politique de promotion pour passer au niveau \u00e9lite national et international:<\/p>\n\n\n\n<figure class=\"wp-block-table is-style-stripes\"><table><thead><tr><th class=\"has-text-align-left\" data-align=\"left\">Niveau<\/th><th class=\"has-text-align-left\" data-align=\"left\">Conditions minimales d\u2019admissibilit\u00e9 \u00e0 ce niveau<\/th><th class=\"has-text-align-left\" data-align=\"left\">\u00c9preuves auxquelles vous pouvez officier \u00e0 ce niveau<\/th><th class=\"has-text-align-left\" data-align=\"left\">Conditions minimales d\u2019admissibilit\u00e9 au prochain niveau<\/th><th class=\"has-text-align-left\" data-align=\"left\">Temps minimal \u00e0 ce niveau<\/th><\/tr><\/thead><tbody><tr><td class=\"has-text-align-left\" data-align=\"left\">National \u00e0 \u00c9lite UCI National (Route, VDM, BMX, Piste)<\/td><td class=\"has-text-align-left\" data-align=\"left\">\u2022 Pr\u00e9senter une demande au CCOC pour \u00eatre consid\u00e9r\u00e9 pour le cours\u2022 \u00catre accept\u00e9 pas CCOC pour participer au cours<br\/><br\/>\u2022 \u00catre accept\u00e9 par la f\u00e9d\u00e9ration national o\u00f9 le cours aura lieu (possibilit\u00e9 d\u2019exigences ou restrictions suppl\u00e9mentaires de la FN ou de l\u2019UCI)<br\/><br\/>\u2022 Suivre le cours de commissaire national \u00e9lite<br\/><br\/>\u2022 R\u00e9ussir les examens \u00e9crit et oral ENC de l\u2019UCI<\/td><td class=\"has-text-align-left\" data-align=\"left\">\u2022 Travailler comme membre du coll\u00e8ge aux courses provinciales et nationales<br\/><br\/>\u2022 Travailler comme membre du coll\u00e8ge aux courses nationales<br\/><br\/>\u2022 Travailler comme membre du coll\u00e8ge aux courses internationales<\/td><td class=\"has-text-align-left\" data-align=\"left\">\u2022 Minimum de 3 courses<\/td><td class=\"has-text-align-left\" data-align=\"left\">\u2022 2 ans<\/td><\/tr><tr><td class=\"has-text-align-left\" data-align=\"left\">\u00c9lite national \u00e0 l\u2019UCI (Route, VDM, BMX, PIste)<br\/><br\/>ou national \u00e0 UCI (CX)<\/td><td class=\"has-text-align-left\" data-align=\"left\">\u2022 Doit occuper toutes les fonctions au sein du coll\u00e8ge incluant 2 fonctions diff\u00e9rentes au sein d\u2019un coll\u00e8ge national ou international<br\/><br\/>\u2022 Pr\u00e9senter une demande au COCC pour \u00eatre consid\u00e9r\u00e9 pour le cours de l\u2019UCI<br\/><br\/>\u2022 \u00catre un commissaire national \u00e9lite dans la discipline concern\u00e9e<br\/><br\/>\u2022 \u00catre accept\u00e9 par l\u2019UCI<br\/><br\/>\u2022R\u00e9ussir les examens \u00e9crit et oral de l\u2019UCI<br\/><br\/>\u2022R\u00e9ussir l\u2019examen pratique de l\u2019UCI<br\/><br\/>\u2022\u00catre \u00e2g\u00e9 entre 25 et 50 ans<\/td><td class=\"has-text-align-left\" data-align=\"left\">\u2022 Travailler \u00e0 toutes les courses dans la discipline concern\u00e9e<\/td><td class=\"has-text-align-left\" data-align=\"left\">\u2022 Minimum de 5 courses<\/td><td class=\"has-text-align-left\" data-align=\"left\">\u2022 Aucun<\/td><\/tr><\/tbody><\/table><\/figure>\n\n\n\n<div style=\"height:var(--wp--preset--spacing--x-large)\" aria-hidden=\"true\" class=\"wp-block-spacer\"><\/div>\n\n\n\n<div class=\"wp-block-buttons is-content-justification-center is-layout-flex wp-container-core-buttons-is-layout-2bb63ab0 wp-block-buttons-is-layout-flex\">\n<div class=\"wp-block-button has-custom-width wp-block-button__width-50 has-custom-font-size has-poppins-font-family has-normal-font-size\" style=\"letter-spacing:2px\"><a class=\"wp-block-button__link has-black-color has-gainsboro-background-color has-text-color has-background has-link-color wp-element-button\" href=\"https:\/\/cyclingcanada.ca\/fr\/mimpliquer\/commissaires\/\" style=\"padding-top:1.4rem;padding-bottom:1.4rem\">&lt; Retour \u00e0 Officiels<\/a><\/div>\n\n\n\n<div class=\"wp-block-button has-custom-width wp-block-button__width-50 has-custom-font-size is-style-fill has-poppins-font-family has-normal-font-size\" style=\"letter-spacing:2px\"><a class=\"wp-block-button__link has-white-color has-primary-background-color has-text-color has-background has-link-color wp-element-button\" href=\"https:\/\/cyclingcanada.ca\/fr\/mimpliquer\/commissaires\/reglements-et-politiques\/\" style=\"padding-top:1.4rem;padding-bottom:1.4rem\">Suivant: R\u00e8glements et politiques &gt;<\/a><\/div>\n<\/div>\n<\/div>\n","protected":false},"excerpt":{"rendered":"<p>Cours et formations Int\u00e9ress\u00e9 \u00e0 devenir commissaire? Le programme d\u2019officiels de Cyclisme Canada s\u2019adresse \u00e0 quiconque est int\u00e9ress\u00e9 \u00e0 arbitrer le sport du cyclisme, de la course locale \u00e0 la comp\u00e9tition internationale. Trois niveaux principaux sont disponibles dans le programme; Commissaires provinciaux, commissaires nationaux et commissaires internationaux. Cours disponibles Cyclisme Canada est heureux d\u2019annoncer le [&hellip;]<\/p>\n","protected":false},"author":46,"featured_media":0,"parent":69909,"menu_order":0,"comment_status":"closed","ping_status":"closed","template":"","meta":{"_acf_changed":false,"advanced_seo_description":"","jetpack_seo_html_title":"","jetpack_seo_noindex":false,"footnotes":""},"class_list":["post-37033","page","type-page","status-publish","hentry"],"acf":[],"jetpack_sharing_enabled":true,"_links":{"self":[{"href":"https:\/\/cyclingcanada.ca\/fr\/wp-json\/wp\/v2\/pages\/37033","targetHints":{"allow":["GET"]}}],"collection":[{"href":"https:\/\/cyclingcanada.ca\/fr\/wp-json\/wp\/v2\/pages"}],"about":[{"href":"https:\/\/cyclingcanada.ca\/fr\/wp-json\/wp\/v2\/types\/page"}],"author":[{"embeddable":true,"href":"https:\/\/cyclingcanada.ca\/fr\/wp-json\/wp\/v2\/users\/46"}],"replies":[{"embeddable":true,"href":"https:\/\/cyclingcanada.ca\/fr\/wp-json\/wp\/v2\/comments?post=37033"}],"version-history":[{"count":3,"href":"https:\/\/cyclingcanada.ca\/fr\/wp-json\/wp\/v2\/pages\/37033\/revisions"}],"predecessor-version":[{"id":70816,"href":"https:\/\/cyclingcanada.ca\/fr\/wp-json\/wp\/v2\/pages\/37033\/revisions\/70816"}],"up":[{"embeddable":true,"href":"https:\/\/cyclingcanada.ca\/fr\/wp-json\/wp\/v2\/pages\/69909"}],"wp:attachment":[{"href":"https:\/\/cyclingcanada.ca\/fr\/wp-json\/wp\/v2\/media?parent=37033"}],"curies":[{"name":"wp","href":"https:\/\/api.w.org\/{rel}","templated":true}]}}