{"id":37077,"date":"2019-06-03T14:41:11","date_gmt":"2019-06-03T18:41:11","guid":{"rendered":"https:\/\/ffq.enp.mybluehost.me\/officials\/resources\/mountain-bike-national-and-uci-commissaires\/"},"modified":"2026-03-30T11:00:57","modified_gmt":"2026-03-30T15:00:57","slug":"commissaires-national-et-international-velo-de-montagne","status":"publish","type":"page","link":"https:\/\/cyclingcanada.ca\/fr\/mimpliquer\/commissaires\/ressources\/commissaires-national-et-international-velo-de-montagne\/","title":{"rendered":"Commissaires National et International \u2013 V\u00e9lo de montagne"},"content":{"rendered":"\n<div class=\"wp-block-group alignwide is-layout-flow wp-block-group-is-layout-flow\" style=\"padding-top:var(--wp--preset--spacing--large);padding-bottom:var(--wp--preset--spacing--large)\">\n<h1 class=\"wp-block-heading has-text-align-center has-xx-large-font-size\">Commissaires National et International \u2013 V\u00e9lo de montagne<\/h1>\n\n\n\n<h5 class=\"wp-block-heading\">Commissaires uci vdm<\/h5>\n\n\n\n<table id=\"tablepress-12\" class=\"tablepress tablepress-id-12\">\n<tbody class=\"row-striping\">\n<tr class=\"row-1\">\n\t<td class=\"column-1\">Christian<\/td><td class=\"column-2\">C\u00f4t\u00e9<\/td><td class=\"column-3\">Sherbrooke<\/td><td class=\"column-4\">QC<\/td>\n<\/tr>\n<tr class=\"row-2\">\n\t<td class=\"column-1\">Fred<\/td><td class=\"column-2\">Seemann<\/td><td class=\"column-3\">Locust Hill<\/td><td class=\"column-4\">ON<\/td>\n<\/tr>\n<tr class=\"row-3\">\n\t<td class=\"column-1\">Geordie<\/td><td class=\"column-2\">Ma<\/td><td class=\"column-3\">Calgary<\/td><td class=\"column-4\">AB<\/td>\n<\/tr>\n<tr class=\"row-4\">\n\t<td class=\"column-1\">Jason<\/td><td class=\"column-2\">Howard<\/td><td class=\"column-3\">Qualicum Beach<\/td><td class=\"column-4\">BC<\/td>\n<\/tr>\n<tr class=\"row-5\">\n\t<td class=\"column-1\">Jim<\/td><td class=\"column-2\">Bratrud<\/td><td class=\"column-3\">Comox<\/td><td class=\"column-4\">BC<\/td>\n<\/tr>\n<tr class=\"row-6\">\n\t<td class=\"column-1\">Michael<\/td><td class=\"column-2\">Drolet<\/td><td class=\"column-3\">Bromont<\/td><td class=\"column-4\">QC<\/td>\n<\/tr>\n<tr class=\"row-7\">\n\t<td class=\"column-1\">Mylene<\/td><td class=\"column-2\">Lefebvre<\/td><td class=\"column-3\">Invermere<\/td><td class=\"column-4\">BC<\/td>\n<\/tr>\n<tr class=\"row-8\">\n\t<td class=\"column-1\">Nathalie<\/td><td class=\"column-2\">Pronovost<\/td><td class=\"column-3\">Qu\u00e9bec<\/td><td class=\"column-4\">QC<\/td>\n<\/tr>\n<\/tbody>\n<\/table>\n\n\n\n\n<h5 class=\"wp-block-heading\">Commissaires \u00e9lite nationaux vdm<\/h5>\n\n\n\n<table id=\"tablepress-13\" class=\"tablepress tablepress-id-13\">\n<tbody class=\"row-striping\">\n<tr class=\"row-1\">\n\t<td class=\"column-1\">Edward<\/td><td class=\"column-2\">Sitarski<\/td><td class=\"column-3\">Toronto<\/td><td class=\"column-4\">ON<\/td>\n<\/tr>\n<tr class=\"row-2\">\n\t<td class=\"column-1\">Felix<\/td><td class=\"column-2\">Lee<\/td><td class=\"column-3\">Olds<\/td><td class=\"column-4\">AB<\/td>\n<\/tr>\n<tr class=\"row-3\">\n\t<td class=\"column-1\">Fr\u00e9d\u00e9rick<\/td><td class=\"column-2\">Langlois<\/td><td class=\"column-3\">Qu\u00e9bec<\/td><td class=\"column-4\">QC<\/td>\n<\/tr>\n<tr class=\"row-4\">\n\t<td class=\"column-1\">Gary<\/td><td class=\"column-2\">Lustig<\/td><td class=\"column-3\">Kamloops<\/td><td class=\"column-4\">BC<\/td>\n<\/tr>\n<tr class=\"row-5\">\n\t<td class=\"column-1\">Josee<\/td><td class=\"column-2\">Bedard<\/td><td class=\"column-3\">Candiac<\/td><td class=\"column-4\">QC<\/td>\n<\/tr>\n<tr class=\"row-6\">\n\t<td class=\"column-1\">Louise<\/td><td class=\"column-2\">Lalonde<\/td><td class=\"column-3\">St Sauveur<\/td><td class=\"column-4\">QC<\/td>\n<\/tr>\n<tr class=\"row-7\">\n\t<td class=\"column-1\">Loyal<\/td><td class=\"column-2\">Ma<\/td><td class=\"column-3\">Rocky Mtn House<\/td><td class=\"column-4\">AB<\/td>\n<\/tr>\n<tr class=\"row-8\">\n\t<td class=\"column-1\">Marko<\/td><td class=\"column-2\">Rosic<\/td><td class=\"column-3\">Vancouver<\/td><td class=\"column-4\">BC<\/td>\n<\/tr>\n<tr class=\"row-9\">\n\t<td class=\"column-1\">Robert<\/td><td class=\"column-2\">Armstrong<\/td><td class=\"column-3\">Calgary<\/td><td class=\"column-4\">AB<\/td>\n<\/tr>\n<tr class=\"row-10\">\n\t<td class=\"column-1\">Roxane<\/td><td class=\"column-2\">Bureau<\/td><td class=\"column-3\">Stoneham<\/td><td class=\"column-4\">QC<\/td>\n<\/tr>\n<tr class=\"row-11\">\n\t<td class=\"column-1\">Scott<\/td><td class=\"column-2\">Doel<\/td><td class=\"column-3\">Bradford<\/td><td class=\"column-4\">ON<\/td>\n<\/tr>\n<tr class=\"row-12\">\n\t<td class=\"column-1\">Vitaliy<\/td><td class=\"column-2\">Rudenko<\/td><td class=\"column-3\">Calgary<\/td><td class=\"column-4\">AB<\/td>\n<\/tr>\n<\/tbody>\n<\/table>\n\n\n\n\n<h5 class=\"wp-block-heading\">Commissaires nationaux vdm<\/h5>\n\n\n\n<table id=\"tablepress-14\" class=\"tablepress tablepress-id-14\">\n<tbody class=\"row-striping\">\n<tr class=\"row-1\">\n\t<td class=\"column-1\">Vitaliy<\/td><td class=\"column-2\">Rudenko<\/td><td class=\"column-3\">Calgary<\/td><td class=\"column-4\">AB<\/td>\n<\/tr>\n<tr class=\"row-2\">\n\t<td class=\"column-1\">Andre<\/td><td class=\"column-2\">Ouellette<\/td><td class=\"column-3\">Grand Falls<\/td><td class=\"column-4\">NB<\/td>\n<\/tr>\n<tr class=\"row-3\">\n\t<td class=\"column-1\">Andrew<\/td><td class=\"column-2\">Paradowski<\/td><td class=\"column-3\">Milton<\/td><td class=\"column-4\">ON<\/td>\n<\/tr>\n<tr class=\"row-4\">\n\t<td class=\"column-1\">Brad<\/td><td class=\"column-2\">Day<\/td><td class=\"column-3\">Waterloo<\/td><td class=\"column-4\">ON<\/td>\n<\/tr>\n<tr class=\"row-5\">\n\t<td class=\"column-1\">Claire<\/td><td class=\"column-2\">Bonin<\/td><td class=\"column-3\">Burnaby<\/td><td class=\"column-4\">BC<\/td>\n<\/tr>\n<tr class=\"row-6\">\n\t<td class=\"column-1\">Gary<\/td><td class=\"column-2\">Schlesinger<\/td><td class=\"column-3\">Prince George<\/td><td class=\"column-4\">BC<\/td>\n<\/tr>\n<tr class=\"row-7\">\n\t<td class=\"column-1\">Guylaine<\/td><td class=\"column-2\">Chiasson<\/td><td class=\"column-3\">Bertrand<\/td><td class=\"column-4\">NB<\/td>\n<\/tr>\n<tr class=\"row-8\">\n\t<td class=\"column-1\">Johanne<\/td><td class=\"column-2\">Binet<\/td><td class=\"column-3\">Qu\u00e9bec<\/td><td class=\"column-4\">QC<\/td>\n<\/tr>\n<tr class=\"row-9\">\n\t<td class=\"column-1\">Karen<\/td><td class=\"column-2\">Cranston<\/td><td class=\"column-3\">Saskatoon<\/td><td class=\"column-4\">SK<\/td>\n<\/tr>\n<tr class=\"row-10\">\n\t<td class=\"column-1\">Karin<\/td><td class=\"column-2\">McSherry<\/td><td class=\"column-3\">Winnipeg<\/td><td class=\"column-4\">MB<\/td>\n<\/tr>\n<tr class=\"row-11\">\n\t<td class=\"column-1\">Michel<\/td><td class=\"column-2\">Bourgault<\/td><td class=\"column-3\">LaPrairie<\/td><td class=\"column-4\">QC<\/td>\n<\/tr>\n<tr class=\"row-12\">\n\t<td class=\"column-1\">Nancy<\/td><td class=\"column-2\">Daigle<\/td><td class=\"column-3\">Qu\u00e9bec<\/td><td class=\"column-4\">QC<\/td>\n<\/tr>\n<tr class=\"row-13\">\n\t<td class=\"column-1\">Philippe<\/td><td class=\"column-2\">Gagnon<\/td><td class=\"column-3\">Saint-Denis-de-Brompton<\/td><td class=\"column-4\">QC<\/td>\n<\/tr>\n<tr class=\"row-14\">\n\t<td class=\"column-1\">Pierre Olivier<\/td><td class=\"column-2\">Neault<\/td><td class=\"column-3\">Laval<\/td><td class=\"column-4\">QC<\/td>\n<\/tr>\n<tr class=\"row-15\">\n\t<td class=\"column-1\">Pierrette<\/td><td class=\"column-2\">Bergeron<\/td><td class=\"column-3\">Qu\u00e9bec<\/td><td class=\"column-4\">QC<\/td>\n<\/tr>\n<tr class=\"row-16\">\n\t<td class=\"column-1\">Steve<\/td><td class=\"column-2\">Sleep<\/td><td class=\"column-3\">Gibsons<\/td><td class=\"column-4\">BC<\/td>\n<\/tr>\n<tr class=\"row-17\">\n\t<td class=\"column-1\">Steve<\/td><td class=\"column-2\">Head<\/td><td class=\"column-3\">Guelph<\/td><td class=\"column-4\">ON<\/td>\n<\/tr>\n<tr class=\"row-18\">\n\t<td class=\"column-1\">Swatty<\/td><td class=\"column-2\">Wotherspoon<\/td><td class=\"column-3\">Collingwood<\/td><td class=\"column-4\">ON<\/td>\n<\/tr>\n<tr class=\"row-19\">\n\t<td class=\"column-1\">Wally<\/td><td class=\"column-2\">James<\/td><td class=\"column-3\">Penticton<\/td><td class=\"column-4\">BC<\/td>\n<\/tr>\n<\/tbody>\n<\/table>\n\n\n\n\n<h5 class=\"wp-block-heading\"><strong><mark style=\"background-color:rgba(0, 0, 0, 0)\" class=\"has-inline-color has-primary-color\">Formateurs VDM de niveau national d\u00e9sign\u00e9s par l\u2019UCI (commissaire UCI)<\/mark><\/strong><\/h5>\n\n\n\n<table id=\"tablepress-30\" class=\"tablepress tablepress-id-30\">\n<tbody class=\"row-striping\">\n<tr class=\"row-1\">\n\t<td class=\"column-1\">Jim<\/td><td class=\"column-2\">Bratrud<\/td><td class=\"column-3\">Comox<\/td><td class=\"column-4\">BC<\/td>\n<\/tr>\n<\/tbody>\n<\/table>\n\n\n\n\n<h5 class=\"wp-block-heading\"><strong><mark style=\"background-color:rgba(0, 0, 0, 0)\" class=\"has-inline-color has-primary-color\">Formateurs VDM de niveau provincial (commissaire national) <\/mark><\/strong><\/h5>\n\n\n\n<table id=\"tablepress-29\" class=\"tablepress tablepress-id-29\">\n<tbody class=\"row-striping\">\n<tr class=\"row-1\">\n\t<td class=\"column-1\">Andre<\/td><td class=\"column-2\">Ouellette<\/td><td class=\"column-3\">Grand Falls<\/td><td class=\"column-4\">NB<\/td>\n<\/tr>\n<tr class=\"row-2\">\n\t<td class=\"column-1\">Christian<\/td><td class=\"column-2\">C\u00f4t\u00e9<\/td><td class=\"column-3\">Sherbrooke<\/td><td class=\"column-4\">QC<\/td>\n<\/tr>\n<tr class=\"row-3\">\n\t<td class=\"column-1\">Geordie<\/td><td class=\"column-2\">Ma<\/td><td class=\"column-3\">Calgary<\/td><td class=\"column-4\">AB<\/td>\n<\/tr>\n<tr class=\"row-4\">\n\t<td class=\"column-1\">Andrew<\/td><td class=\"column-2\">Paradowski<\/td><td class=\"column-3\">Milton<\/td><td class=\"column-4\">ON<\/td>\n<\/tr>\n<tr class=\"row-5\">\n\t<td class=\"column-1\">Karen<\/td><td class=\"column-2\">Cranston<\/td><td class=\"column-3\">Saskatoon<\/td><td class=\"column-4\">SK<\/td>\n<\/tr>\n<tr class=\"row-6\">\n\t<td class=\"column-1\">Loyal<\/td><td class=\"column-2\">Ma<\/td><td class=\"column-3\">Rocky Mtn House<\/td><td class=\"column-4\">AB<\/td>\n<\/tr>\n<tr class=\"row-7\">\n\t<td class=\"column-1\">Michael<\/td><td class=\"column-2\">Drolet<\/td><td class=\"column-3\">Bromont<\/td><td class=\"column-4\">QC<\/td>\n<\/tr>\n<tr class=\"row-8\">\n\t<td class=\"column-1\">Louise<\/td><td class=\"column-2\">Lalonde<\/td><td class=\"column-3\">St Sauveur<\/td><td class=\"column-4\">QC<\/td>\n<\/tr>\n<\/tbody>\n<\/table>\n\n<\/div>\n\n\n\n<p><\/p>\n","protected":false},"excerpt":{"rendered":"<p>Commissaires National et International \u2013 V\u00e9lo de montagne Commissaires uci vdm Commissaires \u00e9lite nationaux vdm Commissaires nationaux vdm Formateurs VDM de niveau national d\u00e9sign\u00e9s par l\u2019UCI (commissaire UCI) Formateurs VDM de niveau provincial (commissaire national)<\/p>\n","protected":false},"author":46,"featured_media":0,"parent":36527,"menu_order":0,"comment_status":"closed","ping_status":"closed","template":"","meta":{"_acf_changed":false,"advanced_seo_description":"","jetpack_seo_html_title":"","jetpack_seo_noindex":false,"footnotes":""},"class_list":["post-37077","page","type-page","status-publish","hentry"],"acf":[],"jetpack_sharing_enabled":true,"_links":{"self":[{"href":"https:\/\/cyclingcanada.ca\/fr\/wp-json\/wp\/v2\/pages\/37077","targetHints":{"allow":["GET"]}}],"collection":[{"href":"https:\/\/cyclingcanada.ca\/fr\/wp-json\/wp\/v2\/pages"}],"about":[{"href":"https:\/\/cyclingcanada.ca\/fr\/wp-json\/wp\/v2\/types\/page"}],"author":[{"embeddable":true,"href":"https:\/\/cyclingcanada.ca\/fr\/wp-json\/wp\/v2\/users\/46"}],"replies":[{"embeddable":true,"href":"https:\/\/cyclingcanada.ca\/fr\/wp-json\/wp\/v2\/comments?post=37077"}],"version-history":[{"count":4,"href":"https:\/\/cyclingcanada.ca\/fr\/wp-json\/wp\/v2\/pages\/37077\/revisions"}],"predecessor-version":[{"id":77128,"href":"https:\/\/cyclingcanada.ca\/fr\/wp-json\/wp\/v2\/pages\/37077\/revisions\/77128"}],"up":[{"embeddable":true,"href":"https:\/\/cyclingcanada.ca\/fr\/wp-json\/wp\/v2\/pages\/36527"}],"wp:attachment":[{"href":"https:\/\/cyclingcanada.ca\/fr\/wp-json\/wp\/v2\/media?parent=37077"}],"curies":[{"name":"wp","href":"https:\/\/api.w.org\/{rel}","templated":true}]}}