{"id":37081,"date":"2019-06-03T14:41:34","date_gmt":"2019-06-03T18:41:34","guid":{"rendered":"https:\/\/ffq.enp.mybluehost.me\/officials\/resources\/road-national-and-uci-commissaires\/"},"modified":"2026-03-30T11:08:26","modified_gmt":"2026-03-30T15:08:26","slug":"commissaires-national-et-international-route","status":"publish","type":"page","link":"https:\/\/cyclingcanada.ca\/fr\/mimpliquer\/commissaires\/ressources\/commissaires-national-et-international-route\/","title":{"rendered":"Commissaires National et International \u2013 Route"},"content":{"rendered":"\n<div class=\"wp-block-group alignwide is-layout-flow wp-block-group-is-layout-flow\" style=\"padding-top:var(--wp--preset--spacing--large);padding-bottom:var(--wp--preset--spacing--large)\">\n<h1 class=\"wp-block-heading has-text-align-center has-xx-large-font-size\">Commissaires National et International \u2013 Route<\/h1>\n\n\n\n<h5 class=\"wp-block-heading\"><strong><mark style=\"background-color:rgba(0, 0, 0, 0)\" class=\"has-inline-color has-primary-color\">Commissaires UCI Route<\/mark><\/strong><\/h5>\n\n\n\n<table id=\"tablepress-9\" class=\"tablepress tablepress-id-9\">\n<tbody class=\"row-striping\">\n<tr class=\"row-1\">\n\t<td class=\"column-1\">Adrien<\/td><td class=\"column-2\">Levesque<\/td><td class=\"column-3\">Moncton<\/td><td class=\"column-4\">NB<\/td>\n<\/tr>\n<tr class=\"row-2\">\n\t<td class=\"column-1\">Josee<\/td><td class=\"column-2\">Bedard<\/td><td class=\"column-3\">Candiac<\/td><td class=\"column-4\">QC<\/td>\n<\/tr>\n<tr class=\"row-3\">\n\t<td class=\"column-1\">Marko<\/td><td class=\"column-2\">Rosic<\/td><td class=\"column-3\">Vancouver<\/td><td class=\"column-4\">BC<\/td>\n<\/tr>\n<tr class=\"row-4\">\n\t<td class=\"column-1\">Steve<\/td><td class=\"column-2\">Head<\/td><td class=\"column-3\">Guelph<\/td><td class=\"column-4\">ON<\/td>\n<\/tr>\n<\/tbody>\n<\/table>\n<!-- #tablepress-9 from cache -->\n\n\n\n<h5 class=\"wp-block-heading\"><strong><mark style=\"background-color:rgba(0, 0, 0, 0)\" class=\"has-inline-color has-primary-color\"><strong><mark style=\"background-color:rgba(0, 0, 0, 0)\" class=\"has-inline-color has-primary-color\">Commissaires \u00c9lite Nationaux Route<\/mark><\/strong><\/mark><\/strong><\/h5>\n\n\n\n<table id=\"tablepress-10\" class=\"tablepress tablepress-id-10\">\n<tbody class=\"row-striping\">\n<tr class=\"row-1\">\n\t<td class=\"column-1\">Andrew<\/td><td class=\"column-2\">Paradowski<\/td><td class=\"column-3\">Milton<\/td><td class=\"column-4\">ON<\/td>\n<\/tr>\n<tr class=\"row-2\">\n\t<td class=\"column-1\">Andy<\/td><td class=\"column-2\">Holmwood<\/td><td class=\"column-3\">Cochrane<\/td><td class=\"column-4\">AB<\/td>\n<\/tr>\n<tr class=\"row-3\">\n\t<td class=\"column-1\">Brad<\/td><td class=\"column-2\">Day<\/td><td class=\"column-3\">Waterloo<\/td><td class=\"column-4\">ON<\/td>\n<\/tr>\n<tr class=\"row-4\">\n\t<td class=\"column-1\">Louise<\/td><td class=\"column-2\">Lalonde<\/td><td class=\"column-3\">St Sauveur<\/td><td class=\"column-4\">QC<\/td>\n<\/tr>\n<tr class=\"row-5\">\n\t<td class=\"column-1\">Nancy<\/td><td class=\"column-2\">Daigle<\/td><td class=\"column-3\">Qu\u00e9bec<\/td><td class=\"column-4\">QC<\/td>\n<\/tr>\n<tr class=\"row-6\">\n\t<td class=\"column-1\">Vall\u00e9rie<\/td><td class=\"column-2\">Trottier<\/td><td class=\"column-3\">Bromont<\/td><td class=\"column-4\">QC<\/td>\n<\/tr>\n<\/tbody>\n<\/table>\n<!-- #tablepress-10 from cache -->\n\n\n\n<h5 class=\"wp-block-heading\"><strong><mark style=\"background-color:rgba(0, 0, 0, 0)\" class=\"has-inline-color has-primary-color\"><strong><mark style=\"background-color:rgba(0, 0, 0, 0)\" class=\"has-inline-color has-primary-color\"><strong><mark style=\"background-color:rgba(0, 0, 0, 0)\" class=\"has-inline-color has-primary-color\">Commissaires Nationaux Route<\/mark><\/strong><\/mark><\/strong><\/mark><\/strong><\/h5>\n\n\n\n<table id=\"tablepress-11\" class=\"tablepress tablepress-id-11\">\n<tbody class=\"row-striping\">\n<tr class=\"row-1\">\n\t<td class=\"column-1\">Anita<\/td><td class=\"column-2\">Naud<\/td><td class=\"column-3\">Cap-Sant\u00e9<\/td><td class=\"column-4\">QC<\/td>\n<\/tr>\n<tr class=\"row-2\">\n\t<td class=\"column-1\">Bruce<\/td><td class=\"column-2\">Tonkin<\/td><td class=\"column-3\">Victoria<\/td><td class=\"column-4\">BC<\/td>\n<\/tr>\n<tr class=\"row-3\">\n\t<td class=\"column-1\">Genevieve<\/td><td class=\"column-2\">Marcotte<\/td><td class=\"column-3\">Sherbrooke<\/td><td class=\"column-4\">QC<\/td>\n<\/tr>\n<tr class=\"row-4\">\n\t<td class=\"column-1\">Isaac<\/td><td class=\"column-2\">LeBlanc<\/td><td class=\"column-3\">Saanichton<\/td><td class=\"column-4\">BC<\/td>\n<\/tr>\n<tr class=\"row-5\">\n\t<td class=\"column-1\">Johanne<\/td><td class=\"column-2\">Binet<\/td><td class=\"column-3\">Qu\u00e9bec<\/td><td class=\"column-4\">QC<\/td>\n<\/tr>\n<tr class=\"row-6\">\n\t<td class=\"column-1\">Karen<\/td><td class=\"column-2\">Cranston<\/td><td class=\"column-3\">Saskatoon<\/td><td class=\"column-4\">SK<\/td>\n<\/tr>\n<tr class=\"row-7\">\n\t<td class=\"column-1\">Lyne<\/td><td class=\"column-2\">Girard<\/td><td class=\"column-3\">Montreal<\/td><td class=\"column-4\">QC<\/td>\n<\/tr>\n<tr class=\"row-8\">\n\t<td class=\"column-1\">Michael<\/td><td class=\"column-2\">Drolet<\/td><td class=\"column-3\">Bromont<\/td><td class=\"column-4\">QC<\/td>\n<\/tr>\n<tr class=\"row-9\">\n\t<td class=\"column-1\">Michael<\/td><td class=\"column-2\">Pinkoski<\/td><td class=\"column-3\">Edmonton<\/td><td class=\"column-4\">AB<\/td>\n<\/tr>\n<tr class=\"row-10\">\n\t<td class=\"column-1\">Michel<\/td><td class=\"column-2\">Bourgault<\/td><td class=\"column-3\">LaPrairie<\/td><td class=\"column-4\">QC<\/td>\n<\/tr>\n<tr class=\"row-11\">\n\t<td class=\"column-1\">Pierre Olivier<\/td><td class=\"column-2\">Neault<\/td><td class=\"column-3\">Laval<\/td><td class=\"column-4\">QC<\/td>\n<\/tr>\n<tr class=\"row-12\">\n\t<td class=\"column-1\">Scott<\/td><td class=\"column-2\">Doel<\/td><td class=\"column-3\">Bradford<\/td><td class=\"column-4\">ON<\/td>\n<\/tr>\n<tr class=\"row-13\">\n\t<td class=\"column-1\">Serge<\/td><td class=\"column-2\">Fortin<\/td><td class=\"column-3\">Montreal<\/td><td class=\"column-4\">QC<\/td>\n<\/tr>\n<tr class=\"row-14\">\n\t<td class=\"column-1\">Thomas<\/td><td class=\"column-2\">Lee<\/td><td class=\"column-3\">Edmonton<\/td><td class=\"column-4\">AB<\/td>\n<\/tr>\n<tr class=\"row-15\">\n\t<td class=\"column-1\">Veronique<\/td><td class=\"column-2\">Marcotte<\/td><td class=\"column-3\">Brossard<\/td><td class=\"column-4\">QC<\/td>\n<\/tr>\n<\/tbody>\n<\/table>\n<!-- #tablepress-11 from cache -->\n\n\n\n<h5 class=\"wp-block-heading\">Formateur BMX de niveau national d\u00e9sign\u00e9s par l\u2019UCI (commissaire UCI)<\/h5>\n\n\n\n<table id=\"tablepress-32\" class=\"tablepress tablepress-id-32\">\n<tbody class=\"row-striping\">\n<tr class=\"row-1\">\n\t<td class=\"column-1\">Louise<\/td><td class=\"column-2\">Lalonde<\/td><td class=\"column-3\">St Sauveur<\/td><td class=\"column-4\">QC<\/td>\n<\/tr>\n<\/tbody>\n<\/table>\n<!-- #tablepress-32 from cache -->\n\n\n\n<h5 class=\"wp-block-heading\">Formateurs route de niveau provincial (commissaire national)<\/h5>\n\n\n\n<table id=\"tablepress-25\" class=\"tablepress tablepress-id-25\">\n<tbody class=\"row-striping\">\n<tr class=\"row-1\">\n\t<td class=\"column-1\">Adrien<\/td><td class=\"column-2\">Levesque<\/td><td class=\"column-3\">Moncton<\/td><td class=\"column-4\">NB<\/td>\n<\/tr>\n<tr class=\"row-2\">\n\t<td class=\"column-1\">Andy<\/td><td class=\"column-2\">Holmwood<\/td><td class=\"column-3\">Cochrane<\/td><td class=\"column-4\">AB<\/td>\n<\/tr>\n<tr class=\"row-3\">\n\t<td class=\"column-1\">Karen<\/td><td class=\"column-2\">Cranston<\/td><td class=\"column-3\">Saskatoon<\/td><td class=\"column-4\">SK<\/td>\n<\/tr>\n<tr class=\"row-4\">\n\t<td class=\"column-1\">Louise<\/td><td class=\"column-2\">Lalonde<\/td><td class=\"column-3\">St Sauveur<\/td><td class=\"column-4\">QC<\/td>\n<\/tr>\n<tr class=\"row-5\">\n\t<td class=\"column-1\">Michael<\/td><td class=\"column-2\">Pinkoski<\/td><td class=\"column-3\">Edmonton<\/td><td class=\"column-4\">AB<\/td>\n<\/tr>\n<tr class=\"row-6\">\n\t<td class=\"column-1\">Vall\u00e9rie<\/td><td class=\"column-2\">Trottier<\/td><td class=\"column-3\">Bromont<\/td><td class=\"column-4\">QC<\/td>\n<\/tr>\n<\/tbody>\n<\/table>\n<!-- #tablepress-25 from cache -->\n<\/div>\n\n\n\n<p><\/p>\n","protected":false},"excerpt":{"rendered":"<p>Commissaires National et International \u2013 Route Commissaires UCI Route Commissaires \u00c9lite Nationaux Route Commissaires Nationaux Route Formateur BMX de niveau national d\u00e9sign\u00e9s par l\u2019UCI (commissaire UCI) Formateurs route de niveau provincial (commissaire national)<\/p>\n","protected":false},"author":46,"featured_media":0,"parent":36527,"menu_order":0,"comment_status":"closed","ping_status":"closed","template":"","meta":{"_acf_changed":false,"advanced_seo_description":"","jetpack_seo_html_title":"","jetpack_seo_noindex":false,"footnotes":""},"class_list":["post-37081","page","type-page","status-publish","hentry"],"acf":[],"jetpack_sharing_enabled":true,"_links":{"self":[{"href":"https:\/\/cyclingcanada.ca\/fr\/wp-json\/wp\/v2\/pages\/37081","targetHints":{"allow":["GET"]}}],"collection":[{"href":"https:\/\/cyclingcanada.ca\/fr\/wp-json\/wp\/v2\/pages"}],"about":[{"href":"https:\/\/cyclingcanada.ca\/fr\/wp-json\/wp\/v2\/types\/page"}],"author":[{"embeddable":true,"href":"https:\/\/cyclingcanada.ca\/fr\/wp-json\/wp\/v2\/users\/46"}],"replies":[{"embeddable":true,"href":"https:\/\/cyclingcanada.ca\/fr\/wp-json\/wp\/v2\/comments?post=37081"}],"version-history":[{"count":4,"href":"https:\/\/cyclingcanada.ca\/fr\/wp-json\/wp\/v2\/pages\/37081\/revisions"}],"predecessor-version":[{"id":77130,"href":"https:\/\/cyclingcanada.ca\/fr\/wp-json\/wp\/v2\/pages\/37081\/revisions\/77130"}],"up":[{"embeddable":true,"href":"https:\/\/cyclingcanada.ca\/fr\/wp-json\/wp\/v2\/pages\/36527"}],"wp:attachment":[{"href":"https:\/\/cyclingcanada.ca\/fr\/wp-json\/wp\/v2\/media?parent=37081"}],"curies":[{"name":"wp","href":"https:\/\/api.w.org\/{rel}","templated":true}]}}