{"id":37090,"date":"2019-05-06T20:56:11","date_gmt":"2019-05-06T20:56:11","guid":{"rendered":"https:\/\/ffq.enp.mybluehost.me\/national-team\/cyclo-cross\/"},"modified":"2025-04-24T19:39:39","modified_gmt":"2025-04-24T23:39:39","slug":"cyclo-cross","status":"publish","type":"page","link":"https:\/\/cyclingcanada.ca\/fr\/equipe-nationale\/cyclo-cross\/","title":{"rendered":"Cyclo-Cross"},"content":{"rendered":"\n<p>Embarquez, p\u00e9dalez, d\u00e9barquez, transportez et recommencez. Technique, mais \u00f4 combien palpitant, le cyclo-cross est le sport de ceux qui aiment l\u2019aventure et d\u00e9daignent la monotonie. Semblable au v\u00e9lo de route, ce type de monture a des pneus l\u00e9g\u00e8rement plus larges et adh\u00e9rents, qui font toute la diff\u00e9rence quand vient le temps d\u2019affronter la vari\u00e9t\u00e9 de terrains bois\u00e9s, de sentiers de terre, de clairi\u00e8res et de courtes mont\u00e9es qui caract\u00e9risent la discipline.<\/p>\n\n<div style=\"height:var(--wp--preset--spacing--medium)\" aria-hidden=\"true\" class=\"wp-block-spacer\"><\/div>\n\n<h2 class=\"wp-block-heading has-x-large-font-size\">Athl\u00e8tes<\/h2>\n<p>No athletes found.<\/p>\n<div style=\"height:var(--wp--preset--spacing--medium)\" aria-hidden=\"true\" class=\"wp-block-spacer\"><\/div>\n\n<h2 class=\"wp-block-heading has-x-large-font-size\">Athl\u00e8tes de d\u00e9veloppement<\/h2>\n\n<div class=\"wp-block-columns is-layout-flex wp-container-core-columns-is-layout-28f84493 wp-block-columns-is-layout-flex\">\n<div class=\"wp-block-column is-layout-flow wp-block-column-is-layout-flow\">\n<h3 class=\"wp-block-heading is-style-poppins-heading has-body-color has-text-color has-link-color wp-elements-3ebfff9f00b5835979fcc749759d4cdb is-style-poppins-heading--1\" style=\"font-style:normal;font-weight:500;letter-spacing:1px\">Malcolm Barton<\/h3>\n\n\n\n<p class=\"is-style-underline-links has-silver-color has-text-color has-link-color has-small-font-size wp-elements-fdfd464f01ed40ca79c484c54b47ce88\" style=\"margin-top:3px;margin-bottom:0;font-style:normal;font-weight:600;letter-spacing:1px;text-transform:uppercase\">Uxbridge, ON<\/p>\n<\/div>\n\n\n\n<div class=\"wp-block-column is-layout-flow wp-block-column-is-layout-flow\">\n<h3 class=\"wp-block-heading is-style-poppins-heading has-body-color has-text-color has-link-color wp-elements-d99e3b5d17cbd4676c0ecdfba0d52904 is-style-poppins-heading--2\" style=\"font-style:normal;font-weight:500;letter-spacing:1px\">Matthew Leliveld<\/h3>\n\n\n\n<p class=\"is-style-underline-links has-silver-color has-text-color has-link-color has-small-font-size wp-elements-d0413829530229b59e58f463466b4a32\" style=\"margin-top:3px;margin-bottom:0;font-style:normal;font-weight:600;letter-spacing:1px;text-transform:uppercase\">Mulmer, ON<\/p>\n<\/div>\n\n\n\n<div class=\"wp-block-column is-layout-flow wp-block-column-is-layout-flow\">\n<h3 class=\"wp-block-heading is-style-poppins-heading has-body-color has-text-color has-link-color wp-elements-7e0348605c8fc4336e5f8ce097a1bb42 is-style-poppins-heading--3\" style=\"font-style:normal;font-weight:500;letter-spacing:1px\">Cody Scott<\/h3>\n\n\n\n<p class=\"is-style-underline-links has-silver-color has-text-color has-link-color has-small-font-size wp-elements-62c2cf4b4f090b76e46f641410ca6e45\" style=\"margin-top:3px;margin-bottom:0;font-style:normal;font-weight:600;letter-spacing:1px;text-transform:uppercase\">North Vancouver, BC<\/p>\n<\/div>\n\n\n\n<div class=\"wp-block-column is-layout-flow wp-block-column-is-layout-flow\">\n<h3 class=\"wp-block-heading is-style-poppins-heading has-body-color has-text-color has-link-color wp-elements-2256d9324dd03d9fefa3e7d88e53ce4e is-style-poppins-heading--4\" style=\"font-style:normal;font-weight:500;letter-spacing:1px\">Claire Steciuk<\/h3>\n\n\n\n<p class=\"is-style-underline-links has-silver-color has-text-color has-link-color has-small-font-size wp-elements-4040342341cc2499cfc6c76a490e0d07\" style=\"margin-top:3px;margin-bottom:0;font-style:normal;font-weight:600;letter-spacing:1px;text-transform:uppercase\">Midhurst, ON<\/p>\n<\/div>\n<\/div>\n","protected":false},"excerpt":{"rendered":"<p>Embarquez, p\u00e9dalez, d\u00e9barquez, transportez et recommencez. Technique, mais \u00f4 combien palpitant, le cyclo-cross est le sport de ceux qui aiment l\u2019aventure et d\u00e9daignent la monotonie. Semblable au v\u00e9lo de route, ce type de monture a des pneus l\u00e9g\u00e8rement plus larges et adh\u00e9rents, qui font toute la diff\u00e9rence quand vient le temps d\u2019affronter la vari\u00e9t\u00e9 de [&hellip;]<\/p>\n","protected":false},"author":46,"featured_media":37641,"parent":36616,"menu_order":0,"comment_status":"closed","ping_status":"closed","template":"wp-custom-template-simple-hero-page","meta":{"_acf_changed":false,"advanced_seo_description":"","jetpack_seo_html_title":"","jetpack_seo_noindex":false,"footnotes":""},"class_list":["post-37090","page","type-page","status-publish","has-post-thumbnail","hentry"],"acf":[],"jetpack_sharing_enabled":true,"_links":{"self":[{"href":"https:\/\/cyclingcanada.ca\/fr\/wp-json\/wp\/v2\/pages\/37090","targetHints":{"allow":["GET"]}}],"collection":[{"href":"https:\/\/cyclingcanada.ca\/fr\/wp-json\/wp\/v2\/pages"}],"about":[{"href":"https:\/\/cyclingcanada.ca\/fr\/wp-json\/wp\/v2\/types\/page"}],"author":[{"embeddable":true,"href":"https:\/\/cyclingcanada.ca\/fr\/wp-json\/wp\/v2\/users\/46"}],"replies":[{"embeddable":true,"href":"https:\/\/cyclingcanada.ca\/fr\/wp-json\/wp\/v2\/comments?post=37090"}],"version-history":[{"count":2,"href":"https:\/\/cyclingcanada.ca\/fr\/wp-json\/wp\/v2\/pages\/37090\/revisions"}],"predecessor-version":[{"id":70603,"href":"https:\/\/cyclingcanada.ca\/fr\/wp-json\/wp\/v2\/pages\/37090\/revisions\/70603"}],"up":[{"embeddable":true,"href":"https:\/\/cyclingcanada.ca\/fr\/wp-json\/wp\/v2\/pages\/36616"}],"wp:featuredmedia":[{"embeddable":true,"href":"https:\/\/cyclingcanada.ca\/fr\/wp-json\/wp\/v2\/media\/37641"}],"wp:attachment":[{"href":"https:\/\/cyclingcanada.ca\/fr\/wp-json\/wp\/v2\/media?parent=37090"}],"curies":[{"name":"wp","href":"https:\/\/api.w.org\/{rel}","templated":true}]}}