{"id":37101,"date":"2019-06-03T14:50:28","date_gmt":"2019-06-03T18:50:28","guid":{"rendered":"https:\/\/ffq.enp.mybluehost.me\/national-team\/road\/"},"modified":"2025-04-28T17:46:59","modified_gmt":"2025-04-28T21:46:59","slug":"route","status":"publish","type":"page","link":"https:\/\/cyclingcanada.ca\/fr\/equipe-nationale\/route\/","title":{"rendered":"Route"},"content":{"rendered":"\n<p>Le grand-p\u00e8re des sports cyclistes n\u2019a pas vraiment besoin de pr\u00e9sentation formelle. Instigateur de la fr\u00e9n\u00e9sie initiale autour du cyclisme et de ses nombreuses d\u00e9clinaisons comp\u00e9titives, le v\u00e9lo sur route continue d\u2019inspirer massivement les nouvelles g\u00e9n\u00e9rations de cyclistes, et ce, depuis sa gen\u00e8se \u00e0 Paris en 1868. De nos jours, nous perfectionnons encore le sport petit \u00e0 petit pour vous permettre de retirer tous les b\u00e9n\u00e9fices de nos apprentissages sur la route.<\/p>\n\n<div style=\"height:var(--wp--preset--spacing--medium)\" aria-hidden=\"true\" class=\"wp-block-spacer\"><\/div>\n\n<h2 class=\"wp-block-heading has-x-large-font-size\">Athl\u00e8tes<\/h2>\n<div class=\"athletes-grid align wp-block-acf-athletes\">\t\t<div class=\"athlete-card-container\">\n\t\t\t<div class=\"athlete-card\">\n\t\t\t\t<!-- Front of card -->\n\t\t\t\t<div class=\"athlete-card-front\">\n\t\t\t\t\t\t\t\t\t\t\t<div class=\"athlete-image\">\n\t\t\t\t\t\t\t\t\t\t\t\t\t\t<img loading=\"lazy\" decoding=\"async\" width=\"300\" height=\"272\" src=\"https:\/\/cyclingcanada.ca\/wp-content\/uploads\/2019\/05\/1000-7-e1562609061141-300x272.jpg\" class=\"attachment-medium size-medium\" alt=\"\" srcset=\"https:\/\/cyclingcanada.ca\/wp-content\/uploads\/2019\/05\/1000-7-e1562609061141-300x272.jpg 300w, https:\/\/cyclingcanada.ca\/wp-content\/uploads\/2019\/05\/1000-7-e1562609061141.jpg 414w\" sizes=\"auto, (max-width: 300px) 100vw, 300px\" \/>\t\t\t\t\t\t<\/div>\n\t\t\t\t\t\t\t\t\t\t<h3>Alison Jackson<\/h3>\n\t\t\t\t<\/div>\n\n\t\t\t\t<!-- Back of card -->\n\t\t\t\t<div class=\"athlete-card-back\">\n\t\t\t\t\t<div class=\"athlete-card-back-inner\">\n\t\t\t\t\t\t\t\t\t\t\t\t\t<p class=\"dob\"><strong>Date de Naissance:<\/strong> 14\/12\/1988<\/p>\n\t\t\t\t\t\t\n\t\t\t\t\t\t\t\t\t\t\t\t\t<p class=\"hometown\"><strong>Ville natale:<\/strong> Vermilion\t\t\t\t\t\t\t\t, AB\t\t\t\t\t\t\t<\/p>\n\t\t\t\t\t\t\n\t\t\t\t\t\t\t\t\t\t\t\t\t<p class=\"residence\"><strong>R\u00e9sidence:<\/strong> Vermilion\t\t\t\t\t\t\t\t, AB\t\t\t\t\t\t\t<\/p>\n\t\t\t\t\t\t\n\t\t\t\t\t\t\t\t\t\t\t\t\t<p class=\"discipline\"><strong>Discipline:<\/strong> Road\t\t\t\t\t\t\t\t\t\t\t\t\t\t\t<\/p>\n\t\t\t\t\t\t\n\t\t\t\t\t\t\t\t\t\t\t\t\t<p class=\"team\"><strong>\u00c9quipe:<\/strong> Liv Racing<\/p>\n\t\t\t\t\t\t\t\t\t\t\t<\/div>\n\t\t\t\t<\/div>\n\t\t\t<\/div>\n\t\t<\/div>\n\t\t\t\t<div class=\"athlete-card-container\">\n\t\t\t<div class=\"athlete-card\">\n\t\t\t\t<!-- Front of card -->\n\t\t\t\t<div class=\"athlete-card-front\">\n\t\t\t\t\t\t\t\t\t\t\t<div class=\"athlete-image\">\n\t\t\t\t\t\t\t\t\t\t\t\t\t\t<img loading=\"lazy\" decoding=\"async\" width=\"640\" height=\"784\" src=\"https:\/\/cyclingcanada.ca\/wp-content\/uploads\/2019\/05\/AW6_1234-640x784.avif\" class=\"attachment-medium size-medium\" alt=\"Derek Gee\" srcset=\"https:\/\/cyclingcanada.ca\/wp-content\/uploads\/2019\/05\/AW6_1234-640x784.avif 640w, https:\/\/cyclingcanada.ca\/wp-content\/uploads\/2019\/05\/AW6_1234.avif 658w\" sizes=\"auto, (max-width: 640px) 100vw, 640px\" \/>\t\t\t\t\t\t<\/div>\n\t\t\t\t\t\t\t\t\t\t<h3>Derek Gee<\/h3>\n\t\t\t\t<\/div>\n\n\t\t\t\t<!-- Back of card -->\n\t\t\t\t<div class=\"athlete-card-back\">\n\t\t\t\t\t<div class=\"athlete-card-back-inner\">\n\t\t\t\t\t\t\t\t\t\t\t\t\t<p class=\"dob\"><strong>Date de Naissance:<\/strong> 03\/08\/1997<\/p>\n\t\t\t\t\t\t\n\t\t\t\t\t\t\t\t\t\t\t\t\t<p class=\"hometown\"><strong>Ville natale:<\/strong> Osgoode\t\t\t\t\t\t\t\t, ON\t\t\t\t\t\t\t<\/p>\n\t\t\t\t\t\t\n\t\t\t\t\t\t\t\t\t\t\t\t\t<p class=\"residence\"><strong>R\u00e9sidence:<\/strong> Ottawa\t\t\t\t\t\t\t\t, ON\t\t\t\t\t\t\t<\/p>\n\t\t\t\t\t\t\n\t\t\t\t\t\t\t\t\t\t\t\t\t<p class=\"discipline\"><strong>Discipline:<\/strong> Road\t\t\t\t\t\t\t\t\t\t\t\t\t\t\t<\/p>\n\t\t\t\t\t\t\n\t\t\t\t\t\t\t\t\t\t\t\t\t<p class=\"team\"><strong>\u00c9quipe:<\/strong> Israel-Premier Tech<\/p>\n\t\t\t\t\t\t\t\t\t\t\t<\/div>\n\t\t\t\t<\/div>\n\t\t\t<\/div>\n\t\t<\/div>\n\t\t<\/div>\n<div style=\"height:var(--wp--preset--spacing--medium)\" aria-hidden=\"true\" class=\"wp-block-spacer\"><\/div>\n\n<h2 class=\"wp-block-heading has-x-large-font-size\">Athl\u00e8tes de d\u00e9veloppement<\/h2>\n\n<div class=\"wp-block-columns is-layout-flex wp-container-core-columns-is-layout-28f84493 wp-block-columns-is-layout-flex\">\n<div class=\"wp-block-column is-layout-flow wp-block-column-is-layout-flow\">\n<h3 class=\"wp-block-heading is-style-poppins-heading has-body-color has-text-color has-link-color wp-elements-05334c93571651d5bfe7c40af1ebfdd4 is-style-poppins-heading--1\" style=\"font-style:normal;font-weight:500;letter-spacing:1px\">Olivia Baril<\/h3>\n\n\n\n<p class=\"is-style-underline-links has-silver-color has-text-color has-link-color has-small-font-size wp-elements-33763957f822162e1d09146bff7c2d64\" style=\"margin-top:3px;margin-bottom:0;font-style:normal;font-weight:600;letter-spacing:1px;text-transform:uppercase\">Rouyn-Noranda, QC<\/p>\n<\/div>\n\n\n\n<div class=\"wp-block-column is-layout-flow wp-block-column-is-layout-flow\">\n<h3 class=\"wp-block-heading is-style-poppins-heading has-body-color has-text-color has-link-color wp-elements-b845153f5dc0ac5d74ac80d79a514d40 is-style-poppins-heading--2\" style=\"font-style:normal;font-weight:500;letter-spacing:1px\">Marie-Soleil Blais<\/h3>\n\n\n\n<p class=\"is-style-underline-links has-silver-color has-text-color has-link-color has-small-font-size wp-elements-8adeaff37ba44b77bd3e4f5a0020b025\" style=\"margin-top:3px;margin-bottom:0;font-style:normal;font-weight:600;letter-spacing:1px;text-transform:uppercase\">Saint-Rosaire, QC<\/p>\n<\/div>\n\n\n\n<div class=\"wp-block-column is-layout-flow wp-block-column-is-layout-flow\">\n<h3 class=\"wp-block-heading is-style-poppins-heading has-body-color has-text-color has-link-color wp-elements-ad85c3e22e088412ec20051970204141 is-style-poppins-heading--3\" style=\"font-style:normal;font-weight:500;letter-spacing:1px\">Simone Boilard<\/h3>\n\n\n\n<p class=\"is-style-underline-links has-silver-color has-text-color has-link-color has-small-font-size wp-elements-4e3a2e8da1f876cfd47c21d895b55491\" style=\"margin-top:3px;margin-bottom:0;font-style:normal;font-weight:600;letter-spacing:1px;text-transform:uppercase\">Quebec City, QC<\/p>\n<\/div>\n\n\n\n<div class=\"wp-block-column is-layout-flow wp-block-column-is-layout-flow\">\n<h3 class=\"wp-block-heading is-style-poppins-heading has-body-color has-text-color has-link-color wp-elements-0049161b87f4b6bdb83a9cbcda438452 is-style-poppins-heading--4\" style=\"font-style:normal;font-weight:500;letter-spacing:1px\">Lukas Careau<\/h3>\n\n\n\n<p class=\"is-style-underline-links has-silver-color has-text-color has-link-color has-small-font-size wp-elements-088787ce9e06796ef5c6f2a829332b99\" style=\"margin-top:3px;margin-bottom:0;font-style:normal;font-weight:600;letter-spacing:1px;text-transform:uppercase\">La Prairie, QC<\/p>\n<\/div>\n<\/div>\n\n<div class=\"wp-block-columns is-layout-flex wp-container-core-columns-is-layout-28f84493 wp-block-columns-is-layout-flex\">\n<div class=\"wp-block-column is-layout-flow wp-block-column-is-layout-flow\">\n<h3 class=\"wp-block-heading is-style-poppins-heading has-body-color has-text-color has-link-color wp-elements-83bee4f53fd0fd61f823ce9bac4f27d0 is-style-poppins-heading--5\" style=\"font-style:normal;font-weight:500;letter-spacing:1px\">Jordan Cheyne<\/h3>\n\n\n\n<p class=\"is-style-underline-links has-silver-color has-text-color has-link-color has-small-font-size wp-elements-7476b1dfa5a90f05de10581c939992a5\" style=\"margin-top:3px;margin-bottom:0;font-style:normal;font-weight:600;letter-spacing:1px;text-transform:uppercase\">Big White, BC<\/p>\n<\/div>\n\n\n\n<div class=\"wp-block-column is-layout-flow wp-block-column-is-layout-flow\">\n<h3 class=\"wp-block-heading is-style-poppins-heading has-body-color has-text-color has-link-color wp-elements-2fc231148494eae2df31e5365c8e3cae is-style-poppins-heading--6\" style=\"font-style:normal;font-weight:500;letter-spacing:1px\">Charles-\u00c9tienne Chr\u00e9tien<\/h3>\n\n\n\n<p class=\"is-style-underline-links has-silver-color has-text-color has-link-color has-small-font-size wp-elements-d4038605f00884a1e1203b98b93be78d\" style=\"margin-top:3px;margin-bottom:0;font-style:normal;font-weight:600;letter-spacing:1px;text-transform:uppercase\">Amos, QC<\/p>\n<\/div>\n\n\n\n<div class=\"wp-block-column is-layout-flow wp-block-column-is-layout-flow\">\n<h3 class=\"wp-block-heading is-style-poppins-heading has-body-color has-text-color has-link-color wp-elements-3183ed41a43900edebddb19ccd41fbbb is-style-poppins-heading--7\" style=\"font-style:normal;font-weight:500;letter-spacing:1px\">Pier-Andr\u00e9 C\u00f4t\u00e9<\/h3>\n\n\n\n<p class=\"is-style-underline-links has-silver-color has-text-color has-link-color has-small-font-size wp-elements-aaea211d5fe4700cc4062cd53f412222\" style=\"margin-top:3px;margin-bottom:0;font-style:normal;font-weight:600;letter-spacing:1px;text-transform:uppercase\">Saint-Henri-de-L\u00e9vis, QC<\/p>\n<\/div>\n\n\n\n<div class=\"wp-block-column is-layout-flow wp-block-column-is-layout-flow\">\n<h3 class=\"wp-block-heading is-style-poppins-heading has-body-color has-text-color has-link-color wp-elements-86b18e0090faf318faafa83fc77e507c is-style-poppins-heading--8\" style=\"font-style:normal;font-weight:500;letter-spacing:1px\">Matteo Dal-Cin<\/h3>\n\n\n\n<p class=\"is-style-underline-links has-silver-color has-text-color has-link-color has-small-font-size wp-elements-ced50d65ceb7816c6bd2b1fe09309314\" style=\"margin-top:3px;margin-bottom:0;font-style:normal;font-weight:600;letter-spacing:1px;text-transform:uppercase\">Ottawa, ON<\/p>\n<\/div>\n<\/div>\n\n<div class=\"wp-block-columns is-layout-flex wp-container-core-columns-is-layout-28f84493 wp-block-columns-is-layout-flex\">\n<div class=\"wp-block-column is-layout-flow wp-block-column-is-layout-flow\">\n<h3 class=\"wp-block-heading is-style-poppins-heading has-body-color has-text-color has-link-color wp-elements-36593cfd964987d1971dfeac5d3f3ee3 is-style-poppins-heading--9\" style=\"font-style:normal;font-weight:500;letter-spacing:1px\">Adam De Vos<\/h3>\n\n\n\n<p class=\"is-style-underline-links has-silver-color has-text-color has-link-color has-small-font-size wp-elements-5f2ce02cace9545da767512fe2e4cebf\" style=\"margin-top:3px;margin-bottom:0;font-style:normal;font-weight:600;letter-spacing:1px;text-transform:uppercase\">Victoria, BC<\/p>\n<\/div>\n\n\n\n<div class=\"wp-block-column is-layout-flow wp-block-column-is-layout-flow\">\n<h3 class=\"wp-block-heading is-style-poppins-heading has-body-color has-text-color has-link-color wp-elements-3d4b184c4b6272d090292cf16d0feee3 is-style-poppins-heading--10\" style=\"font-style:normal;font-weight:500;letter-spacing:1px\">Nicholas Diniz<\/h3>\n\n\n\n<p class=\"is-style-underline-links has-silver-color has-text-color has-link-color has-small-font-size wp-elements-86f8b25f7d16fcac572381092bbe81cd\" style=\"margin-top:3px;margin-bottom:0;font-style:normal;font-weight:600;letter-spacing:1px;text-transform:uppercase\">Oakville, ON<\/p>\n<\/div>\n\n\n\n<div class=\"wp-block-column is-layout-flow wp-block-column-is-layout-flow\">\n<h3 class=\"wp-block-heading is-style-poppins-heading has-body-color has-text-color has-link-color wp-elements-d030a16f33a1519eec5ef6aba58bb6c3 is-style-poppins-heading--11\" style=\"font-style:normal;font-weight:500;letter-spacing:1px\">Gillian Ellsay<\/h3>\n\n\n\n<p class=\"is-style-underline-links has-silver-color has-text-color has-link-color has-small-font-size wp-elements-adacfd112a2304632e7e2a6014f46534\" style=\"margin-top:3px;margin-bottom:0;font-style:normal;font-weight:600;letter-spacing:1px;text-transform:uppercase\">Courtenay, BC<\/p>\n<\/div>\n\n\n\n<div class=\"wp-block-column is-layout-flow wp-block-column-is-layout-flow\">\n<h3 class=\"wp-block-heading is-style-poppins-heading has-body-color has-text-color has-link-color wp-elements-d842c48f39eed6b03cf3038e03c96794 is-style-poppins-heading--12\" style=\"font-style:normal;font-weight:500;letter-spacing:1px\">Laurent Gervais<\/h3>\n\n\n\n<p class=\"is-style-underline-links has-silver-color has-text-color has-link-color has-small-font-size wp-elements-979e3ec7ba274e3dee2d873ec20ceded\" style=\"margin-top:3px;margin-bottom:0;font-style:normal;font-weight:600;letter-spacing:1px;text-transform:uppercase\">Montreal, QC<\/p>\n<\/div>\n<\/div>\n\n<div class=\"wp-block-columns is-layout-flex wp-container-core-columns-is-layout-28f84493 wp-block-columns-is-layout-flex\">\n<div class=\"wp-block-column is-layout-flow wp-block-column-is-layout-flow\">\n<h3 class=\"wp-block-heading is-style-poppins-heading has-body-color has-text-color has-link-color wp-elements-5a4d333c5be688ad19c0b988c5d0050d is-style-poppins-heading--13\" style=\"font-style:normal;font-weight:500;letter-spacing:1px\">Elizabeth Gin<\/h3>\n\n\n\n<p class=\"is-style-underline-links has-silver-color has-text-color has-link-color has-small-font-size wp-elements-43c1d321c792098d7fa9478bb189b87d\" style=\"margin-top:3px;margin-bottom:0;font-style:normal;font-weight:600;letter-spacing:1px;text-transform:uppercase\">Surrey, BC<\/p>\n<\/div>\n\n\n\n<div class=\"wp-block-column is-layout-flow wp-block-column-is-layout-flow\">\n<h3 class=\"wp-block-heading is-style-poppins-heading has-body-color has-text-color has-link-color wp-elements-701c643eb63fc3fe8ac91e78be27893b is-style-poppins-heading--14\" style=\"font-style:normal;font-weight:500;letter-spacing:1px\">Tristan Jussaume<\/h3>\n\n\n\n<p class=\"is-style-underline-links has-silver-color has-text-color has-link-color has-small-font-size wp-elements-41c61807ea5ff8ab82bb3d6cf4059f4b\" style=\"margin-top:3px;margin-bottom:0;font-style:normal;font-weight:600;letter-spacing:1px;text-transform:uppercase\">Contrecoeur, QC<\/p>\n<\/div>\n\n\n\n<div class=\"wp-block-column is-layout-flow wp-block-column-is-layout-flow\">\n<h3 class=\"wp-block-heading is-style-poppins-heading has-body-color has-text-color has-link-color wp-elements-ae07bba8ed1ba05b44f47eb67e216fd9 is-style-poppins-heading--15\" style=\"font-style:normal;font-weight:500;letter-spacing:1px\">Carson Miles<\/h3>\n\n\n\n<p class=\"is-style-underline-links has-silver-color has-text-color has-link-color has-small-font-size wp-elements-ced50d65ceb7816c6bd2b1fe09309314\" style=\"margin-top:3px;margin-bottom:0;font-style:normal;font-weight:600;letter-spacing:1px;text-transform:uppercase\">Ottawa, ON<\/p>\n<\/div>\n\n\n\n<div class=\"wp-block-column is-layout-flow wp-block-column-is-layout-flow\">\n<h3 class=\"wp-block-heading is-style-poppins-heading has-body-color has-text-color has-link-color wp-elements-42867196574d8f7692703ff3c607cb01 is-style-poppins-heading--16\" style=\"font-style:normal;font-weight:500;letter-spacing:1px\">Benjamin Perry<\/h3>\n\n\n\n<p class=\"is-style-underline-links has-silver-color has-text-color has-link-color has-small-font-size wp-elements-a7922ecc6768d251595dc19ff13e79cd\" style=\"margin-top:3px;margin-bottom:0;font-style:normal;font-weight:600;letter-spacing:1px;text-transform:uppercase\">St.Catharines, ON<\/p>\n<\/div>\n<\/div>\n\n<div class=\"wp-block-columns is-layout-flex wp-container-core-columns-is-layout-28f84493 wp-block-columns-is-layout-flex\">\n<div class=\"wp-block-column is-layout-flow wp-block-column-is-layout-flow\">\n<h3 class=\"wp-block-heading is-style-poppins-heading has-body-color has-text-color has-link-color wp-elements-180b7e0e21a5f01380e2e979d7045fef is-style-poppins-heading--17\" style=\"font-style:normal;font-weight:500;letter-spacing:1px\">Riley Pickrell<\/h3>\n\n\n\n<p class=\"is-style-underline-links has-silver-color has-text-color has-link-color has-small-font-size wp-elements-5f2ce02cace9545da767512fe2e4cebf\" style=\"margin-top:3px;margin-bottom:0;font-style:normal;font-weight:600;letter-spacing:1px;text-transform:uppercase\">Victoria, BC<\/p>\n<\/div>\n\n\n\n<div class=\"wp-block-column is-layout-flow wp-block-column-is-layout-flow\">\n<h3 class=\"wp-block-heading is-style-poppins-heading has-body-color has-text-color has-link-color wp-elements-17205d5368df177b96fadd5c644eead5 is-style-poppins-heading--18\" style=\"font-style:normal;font-weight:500;letter-spacing:1px\">Robin Plamondon<\/h3>\n\n\n\n<p class=\"is-style-underline-links has-silver-color has-text-color has-link-color has-small-font-size wp-elements-b0e53fd0be5821caf6fed634303fd568\" style=\"margin-top:3px;margin-bottom:0;font-style:normal;font-weight:600;letter-spacing:1px;text-transform:uppercase\">Montr\u00e9al, QC<\/p>\n<\/div>\n\n\n\n<div class=\"wp-block-column is-layout-flow wp-block-column-is-layout-flow\">\n<h3 class=\"wp-block-heading is-style-poppins-heading has-body-color has-text-color has-link-color wp-elements-bc60a2fe0e7294eb36ac23ad44e08a1d is-style-poppins-heading--19\" style=\"font-style:normal;font-weight:500;letter-spacing:1px\">Camille Primeau<\/h3>\n\n\n\n<p class=\"is-style-underline-links has-silver-color has-text-color has-link-color has-small-font-size wp-elements-0e4ba7c6fb7f84ef10dba6667c4643b3\" style=\"margin-top:3px;margin-bottom:0;font-style:normal;font-weight:600;letter-spacing:1px;text-transform:uppercase\">Rosem\u00e8re, QC<\/p>\n<\/div>\n\n\n\n<div class=\"wp-block-column is-layout-flow wp-block-column-is-layout-flow\">\n<h3 class=\"wp-block-heading is-style-poppins-heading has-body-color has-text-color has-link-color wp-elements-4d7400d7fd8317a1cd7acfe91bb8a415 is-style-poppins-heading--20\" style=\"font-style:normal;font-weight:500;letter-spacing:1px\">Kaitlyn Rauwerda<\/h3>\n\n\n\n<p class=\"is-style-underline-links has-silver-color has-text-color has-link-color has-small-font-size wp-elements-109a5451ec6d55d38991d475205ab401\" style=\"margin-top:3px;margin-bottom:0;font-style:normal;font-weight:600;letter-spacing:1px;text-transform:uppercase\">Hamilton, ON<\/p>\n<\/div>\n<\/div>\n\n<div class=\"wp-block-columns is-layout-flex wp-container-core-columns-is-layout-28f84493 wp-block-columns-is-layout-flex\">\n<div class=\"wp-block-column is-layout-flow wp-block-column-is-layout-flow\">\n<h3 class=\"wp-block-heading is-style-poppins-heading has-body-color has-text-color has-link-color wp-elements-4b364e5508b4e25c57908f7a0761cdfd is-style-poppins-heading--21\" style=\"font-style:normal;font-weight:500;letter-spacing:1px\">Adam Roberge<\/h3>\n\n\n\n<p class=\"is-style-underline-links has-silver-color has-text-color has-link-color has-small-font-size wp-elements-99480349cdbfb727207750a6d2650e2d\" style=\"margin-top:3px;margin-bottom:0;font-style:normal;font-weight:600;letter-spacing:1px;text-transform:uppercase\">Pr\u00e9vost, QC<\/p>\n<\/div>\n\n\n\n<div class=\"wp-block-column is-layout-flow wp-block-column-is-layout-flow\">\n<h3 class=\"wp-block-heading is-style-poppins-heading has-body-color has-text-color has-link-color wp-elements-428509f47195600eefd90058e9275b88 is-style-poppins-heading--22\" style=\"font-style:normal;font-weight:500;letter-spacing:1px\">Thomas Shellenberg<\/h3>\n\n\n\n<p class=\"is-style-underline-links has-silver-color has-text-color has-link-color has-small-font-size wp-elements-9aec297cb073ad698ef267b4ad8768a2\" style=\"margin-top:3px;margin-bottom:0;font-style:normal;font-weight:600;letter-spacing:1px;text-transform:uppercase\">Chilliwack, BC<\/p>\n<\/div>\n\n\n\n<div class=\"wp-block-column is-layout-flow wp-block-column-is-layout-flow\">\n<h3 class=\"wp-block-heading is-style-poppins-heading has-body-color has-text-color has-link-color wp-elements-f8646710dc181b7bed35ef1828116d98 is-style-poppins-heading--23\" style=\"font-style:normal;font-weight:500;letter-spacing:1px\">Noah Simms<\/h3>\n\n\n\n<p class=\"is-style-underline-links has-silver-color has-text-color has-link-color has-small-font-size wp-elements-3d7e0a97b5ca62a563add0ee9a3d72a1\" style=\"margin-top:3px;margin-bottom:0;font-style:normal;font-weight:600;letter-spacing:1px;text-transform:uppercase\">Barrie, ON<\/p>\n<\/div>\n\n\n\n<div class=\"wp-block-column is-layout-flow wp-block-column-is-layout-flow\">\n<h3 class=\"wp-block-heading is-style-poppins-heading has-body-color has-text-color has-link-color wp-elements-696b1cb41e04b75ecda845e13469d8e9 is-style-poppins-heading--24\" style=\"font-style:normal;font-weight:500;letter-spacing:1px\">Magdeleine Valli\u00e8res-Mill<\/h3>\n\n\n\n<p class=\"is-style-underline-links has-silver-color has-text-color has-link-color has-small-font-size wp-elements-c77eb1e06efbdbf7de69152d7e2d0d13\" style=\"margin-top:3px;margin-bottom:0;font-style:normal;font-weight:600;letter-spacing:1px;text-transform:uppercase\">Sherbrooke, QC<\/p>\n<\/div>\n<\/div>\n\n<div class=\"wp-block-columns is-layout-flex wp-container-core-columns-is-layout-28f84493 wp-block-columns-is-layout-flex\">\n<div class=\"wp-block-column is-layout-flow wp-block-column-is-layout-flow\">\n<h3 class=\"wp-block-heading is-style-poppins-heading has-body-color has-text-color has-link-color wp-elements-e58afda7f81a2a612c48189f5a2dca0a is-style-poppins-heading--25\" style=\"font-style:normal;font-weight:500;letter-spacing:1px\">Ed Walsh<\/h3>\n\n\n\n<p class=\"is-style-underline-links has-silver-color has-text-color has-link-color has-small-font-size wp-elements-977d4e90a75fad1b66dfced013294e68\" style=\"margin-top:3px;margin-bottom:0;font-style:normal;font-weight:600;letter-spacing:1px;text-transform:uppercase\">Halifax, NS<\/p>\n<\/div>\n\n\n\n<div class=\"wp-block-column is-layout-flow wp-block-column-is-layout-flow\">\n<h3 class=\"wp-block-heading is-style-poppins-heading has-body-color has-text-color has-link-color wp-elements-51a0229b3e9dcdc042f07a0c635e859d is-style-poppins-heading--26\" style=\"font-style:normal;font-weight:500;letter-spacing:1px\">Nickolas Zukowsky<\/h3>\n\n\n\n<p class=\"is-style-underline-links has-silver-color has-text-color has-link-color has-small-font-size wp-elements-6b0436f1e947c9c5520a6692f01493aa\" style=\"margin-top:3px;margin-bottom:0;font-style:normal;font-weight:600;letter-spacing:1px;text-transform:uppercase\">Ste-Lucie-des-Laurentides, QC<\/p>\n<\/div>\n\n\n\n<div class=\"wp-block-column is-layout-flow wp-block-column-is-layout-flow\">\n<h3 class=\"wp-block-heading is-style-poppins-heading has-body-color has-text-color has-link-color wp-elements-063d6d66f7c422315542fdcbdebf004a is-style-poppins-heading--27\" style=\"font-style:normal;font-weight:500;letter-spacing:1px\"><\/h3>\n<\/div>\n\n\n\n<div class=\"wp-block-column is-layout-flow wp-block-column-is-layout-flow\">\n<h3 class=\"wp-block-heading is-style-poppins-heading has-body-color has-text-color has-link-color wp-elements-063d6d66f7c422315542fdcbdebf004a is-style-poppins-heading--28\" style=\"font-style:normal;font-weight:500;letter-spacing:1px\"><\/h3>\n<\/div>\n<\/div>\n\n<div class=\"wp-block-group alignfull has-gainsboro-background-color has-background has-global-padding is-layout-constrained wp-block-group-is-layout-constrained\" style=\"margin-top:var(--wp--preset--spacing--large)\">\n<div class=\"wp-block-group alignwide is-nowrap is-layout-flex wp-container-core-group-is-layout-947e61e1 wp-block-group-is-layout-flex\" style=\"padding-top:0;padding-bottom:0\">\n<h2 class=\"wp-block-heading alignwide has-white-color has-primary-background-color has-text-color has-background has-link-color has-poppins-font-family has-normal-font-size wp-elements-df0508cd83851b9d5218529cd724812e\" style=\"padding-top:var(--wp--preset--spacing--small);padding-right:var(--wp--preset--spacing--medium);padding-bottom:var(--wp--preset--spacing--small);padding-left:var(--wp--preset--spacing--medium);letter-spacing:2px;text-transform:uppercase\">Identification de talent<\/h2>\n<\/div>\n\n\n\n<div style=\"height:var(--wp--preset--spacing--medium)\" aria-hidden=\"true\" class=\"wp-block-spacer\"><\/div>\n\n\n\n<p>L\u2019identification du talent est l\u2019interface entre la comp\u00e9tition et le sport de haut niveau. Il existe de nombreuses fa\u00e7ons de devenir un athl\u00e8te de l\u2019\u00e9quipe nationale, notamment d\u2019\u00eatre identifi\u00e9 lors de certains \u00e9v\u00e9nements ou de transf\u00e9rer d\u2019un autre sport.<\/p>\n\n\n\n<div class=\"wp-block-buttons is-layout-flex wp-block-buttons-is-layout-flex\">\n<div class=\"wp-block-button is-style-link is-style-link--29\"><a class=\"wp-block-button__link wp-element-button\" href=\"https:\/\/cyclingcanada.ca\/fr\/ressources\/parcours-de-developpement\/\">En apprendre plus<\/a><\/div>\n<\/div>\n\n\n\n<div style=\"height:var(--wp--preset--spacing--large)\" aria-hidden=\"true\" class=\"wp-block-spacer\"><\/div>\n<\/div>\n","protected":false},"excerpt":{"rendered":"<p>Le grand-p\u00e8re des sports cyclistes n\u2019a pas vraiment besoin de pr\u00e9sentation formelle. Instigateur de la fr\u00e9n\u00e9sie initiale autour du cyclisme et de ses nombreuses d\u00e9clinaisons comp\u00e9titives, le v\u00e9lo sur route continue d\u2019inspirer massivement les nouvelles g\u00e9n\u00e9rations de cyclistes, et ce, depuis sa gen\u00e8se \u00e0 Paris en 1868. De nos jours, nous perfectionnons encore le sport [&hellip;]<\/p>\n","protected":false},"author":46,"featured_media":37631,"parent":36616,"menu_order":0,"comment_status":"closed","ping_status":"closed","template":"wp-custom-template-simple-hero-page","meta":{"_acf_changed":false,"advanced_seo_description":"","jetpack_seo_html_title":"","jetpack_seo_noindex":false,"footnotes":""},"class_list":["post-37101","page","type-page","status-publish","has-post-thumbnail","hentry"],"acf":[],"jetpack_sharing_enabled":true,"_links":{"self":[{"href":"https:\/\/cyclingcanada.ca\/fr\/wp-json\/wp\/v2\/pages\/37101","targetHints":{"allow":["GET"]}}],"collection":[{"href":"https:\/\/cyclingcanada.ca\/fr\/wp-json\/wp\/v2\/pages"}],"about":[{"href":"https:\/\/cyclingcanada.ca\/fr\/wp-json\/wp\/v2\/types\/page"}],"author":[{"embeddable":true,"href":"https:\/\/cyclingcanada.ca\/fr\/wp-json\/wp\/v2\/users\/46"}],"replies":[{"embeddable":true,"href":"https:\/\/cyclingcanada.ca\/fr\/wp-json\/wp\/v2\/comments?post=37101"}],"version-history":[{"count":2,"href":"https:\/\/cyclingcanada.ca\/fr\/wp-json\/wp\/v2\/pages\/37101\/revisions"}],"predecessor-version":[{"id":70654,"href":"https:\/\/cyclingcanada.ca\/fr\/wp-json\/wp\/v2\/pages\/37101\/revisions\/70654"}],"up":[{"embeddable":true,"href":"https:\/\/cyclingcanada.ca\/fr\/wp-json\/wp\/v2\/pages\/36616"}],"wp:featuredmedia":[{"embeddable":true,"href":"https:\/\/cyclingcanada.ca\/fr\/wp-json\/wp\/v2\/media\/37631"}],"wp:attachment":[{"href":"https:\/\/cyclingcanada.ca\/fr\/wp-json\/wp\/v2\/media?parent=37101"}],"curies":[{"name":"wp","href":"https:\/\/api.w.org\/{rel}","templated":true}]}}