{"id":37105,"date":"2019-06-03T14:51:13","date_gmt":"2019-06-03T18:51:13","guid":{"rendered":"https:\/\/ffq.enp.mybluehost.me\/national-team\/track\/"},"modified":"2025-04-28T17:50:22","modified_gmt":"2025-04-28T21:50:22","slug":"piste","status":"publish","type":"page","link":"https:\/\/cyclingcanada.ca\/fr\/equipe-nationale\/piste\/","title":{"rendered":"Piste"},"content":{"rendered":"\n<p>Amateurs de puissance, bienvenue sur votre terrain de jeu. Celui o\u00f9 la complexit\u00e9 et la structure se rencontrent pour vous offrir un sport dans lequel la victoire d\u00e9pend de votre ma\u00eetrise des comp\u00e9tences et des tactiques les plus dynamiques. Pratiquement aussi vieux que le cyclisme sur route, le cyclisme sur piste vous propose deux styles : la course de vitesse et la course d\u2019endurance. \u00c0 vous de jouer.<\/p>\n\n<div style=\"height:var(--wp--preset--spacing--medium)\" aria-hidden=\"true\" class=\"wp-block-spacer\"><\/div>\n\n<h2 class=\"wp-block-heading has-x-large-font-size\">Athl\u00e8tes<\/h2>\n<div class=\"athletes-grid align wp-block-acf-athletes\">\t\t<div class=\"athlete-card-container\">\n\t\t\t<div class=\"athlete-card\">\n\t\t\t\t<!-- Front of card -->\n\t\t\t\t<div class=\"athlete-card-front\">\n\t\t\t\t\t\t\t\t\t\t\t<div class=\"athlete-image\">\n\t\t\t\t\t\t\t\t\t\t\t\t\t\t<img loading=\"lazy\" decoding=\"async\" width=\"300\" height=\"300\" src=\"https:\/\/cyclingcanada.ca\/wp-content\/uploads\/2022\/12\/Dylan-Bibic-by-Alex-Whitehead-SWpix.com_-300x300.jpg\" class=\"attachment-medium size-medium\" alt=\"Headshot of a Canadian athlete\" srcset=\"https:\/\/cyclingcanada.ca\/wp-content\/uploads\/2022\/12\/Dylan-Bibic-by-Alex-Whitehead-SWpix.com_-300x300.jpg 300w, https:\/\/cyclingcanada.ca\/wp-content\/uploads\/2022\/12\/Dylan-Bibic-by-Alex-Whitehead-SWpix.com_-1030x1030.jpg 1030w, https:\/\/cyclingcanada.ca\/wp-content\/uploads\/2022\/12\/Dylan-Bibic-by-Alex-Whitehead-SWpix.com_-80x80.jpg 80w, https:\/\/cyclingcanada.ca\/wp-content\/uploads\/2022\/12\/Dylan-Bibic-by-Alex-Whitehead-SWpix.com_-768x768.jpg 768w, https:\/\/cyclingcanada.ca\/wp-content\/uploads\/2022\/12\/Dylan-Bibic-by-Alex-Whitehead-SWpix.com_-1536x1536.jpg 1536w, https:\/\/cyclingcanada.ca\/wp-content\/uploads\/2022\/12\/Dylan-Bibic-by-Alex-Whitehead-SWpix.com_-scaled.jpg 2048w, https:\/\/cyclingcanada.ca\/wp-content\/uploads\/2022\/12\/Dylan-Bibic-by-Alex-Whitehead-SWpix.com_-36x36.jpg 36w, https:\/\/cyclingcanada.ca\/wp-content\/uploads\/2022\/12\/Dylan-Bibic-by-Alex-Whitehead-SWpix.com_-180x180.jpg 180w, https:\/\/cyclingcanada.ca\/wp-content\/uploads\/2022\/12\/Dylan-Bibic-by-Alex-Whitehead-SWpix.com_-1500x1500.jpg 1500w, https:\/\/cyclingcanada.ca\/wp-content\/uploads\/2022\/12\/Dylan-Bibic-by-Alex-Whitehead-SWpix.com_-705x705.jpg 705w\" sizes=\"auto, (max-width: 300px) 100vw, 300px\" \/>\t\t\t\t\t\t<\/div>\n\t\t\t\t\t\t\t\t\t\t<h3>Dylan Bibic<\/h3>\n\t\t\t\t<\/div>\n\n\t\t\t\t<!-- Back of card -->\n\t\t\t\t<div class=\"athlete-card-back\">\n\t\t\t\t\t<div class=\"athlete-card-back-inner\">\n\t\t\t\t\t\t\t\t\t\t\t\t\t<p class=\"dob\"><strong>Date de Naissance:<\/strong> 03\/08\/2003<\/p>\n\t\t\t\t\t\t\n\t\t\t\t\t\t\t\t\t\t\t\t\t<p class=\"hometown\"><strong>Ville natale:<\/strong> Mississauga\t\t\t\t\t\t\t\t, ON\t\t\t\t\t\t\t<\/p>\n\t\t\t\t\t\t\n\t\t\t\t\t\t\t\t\t\t\t\t\t<p class=\"residence\"><strong>R\u00e9sidence:<\/strong> Mississauga\t\t\t\t\t\t\t\t, ON\t\t\t\t\t\t\t<\/p>\n\t\t\t\t\t\t\n\t\t\t\t\t\t\t\t\t\t\t\t\t<p class=\"discipline\"><strong>Discipline:<\/strong> Track\t\t\t\t\t\t\t\t &#8211; Men&#039;s Track Endurance\t\t\t\t\t\t\t<\/p>\n\t\t\t\t\t\t\n\t\t\t\t\t\t\t\t\t\t\t<\/div>\n\t\t\t\t<\/div>\n\t\t\t<\/div>\n\t\t<\/div>\n\t\t\t\t<div class=\"athlete-card-container\">\n\t\t\t<div class=\"athlete-card\">\n\t\t\t\t<!-- Front of card -->\n\t\t\t\t<div class=\"athlete-card-front\">\n\t\t\t\t\t\t\t\t\t\t\t<div class=\"athlete-image\">\n\t\t\t\t\t\t\t\t\t\t\t\t\t\t<img loading=\"lazy\" decoding=\"async\" width=\"265\" height=\"300\" src=\"https:\/\/cyclingcanada.ca\/wp-content\/uploads\/2019\/05\/CC_athlete_Kelsey_Mitchell-265x300.png\" class=\"attachment-medium size-medium\" alt=\"\" srcset=\"https:\/\/cyclingcanada.ca\/wp-content\/uploads\/2019\/05\/CC_athlete_Kelsey_Mitchell-265x300.png 265w, https:\/\/cyclingcanada.ca\/wp-content\/uploads\/2019\/05\/CC_athlete_Kelsey_Mitchell.png 600w\" sizes=\"auto, (max-width: 265px) 100vw, 265px\" \/>\t\t\t\t\t\t<\/div>\n\t\t\t\t\t\t\t\t\t\t<h3>Kelsey Mitchell<\/h3>\n\t\t\t\t<\/div>\n\n\t\t\t\t<!-- Back of card -->\n\t\t\t\t<div class=\"athlete-card-back\">\n\t\t\t\t\t<div class=\"athlete-card-back-inner\">\n\t\t\t\t\t\t\t\t\t\t\t\t\t<p class=\"dob\"><strong>Date de Naissance:<\/strong> 26\/11\/1993<\/p>\n\t\t\t\t\t\t\n\t\t\t\t\t\t\t\t\t\t\t\t\t<p class=\"hometown\"><strong>Ville natale:<\/strong> Sherwood Park\t\t\t\t\t\t\t\t, AB\t\t\t\t\t\t\t<\/p>\n\t\t\t\t\t\t\n\t\t\t\t\t\t\t\t\t\t\t\t\t<p class=\"residence\"><strong>R\u00e9sidence:<\/strong> Sherwood Park\t\t\t\t\t\t\t\t, AB\t\t\t\t\t\t\t<\/p>\n\t\t\t\t\t\t\n\t\t\t\t\t\t\t\t\t\t\t\t\t<p class=\"discipline\"><strong>Discipline:<\/strong> Track\t\t\t\t\t\t\t\t &#8211; Sprint\t\t\t\t\t\t\t<\/p>\n\t\t\t\t\t\t\n\t\t\t\t\t\t\t\t\t\t\t<\/div>\n\t\t\t\t<\/div>\n\t\t\t<\/div>\n\t\t<\/div>\n\t\t\t\t<div class=\"athlete-card-container\">\n\t\t\t<div class=\"athlete-card\">\n\t\t\t\t<!-- Front of card -->\n\t\t\t\t<div class=\"athlete-card-front\">\n\t\t\t\t\t\t\t\t\t\t\t<div class=\"athlete-image\">\n\t\t\t\t\t\t\t\t\t\t\t\t\t\t<img loading=\"lazy\" decoding=\"async\" width=\"265\" height=\"300\" src=\"https:\/\/cyclingcanada.ca\/wp-content\/uploads\/2019\/05\/CC_athlete_Lauriane_Genest-265x300.png\" class=\"attachment-medium size-medium\" alt=\"\" srcset=\"https:\/\/cyclingcanada.ca\/wp-content\/uploads\/2019\/05\/CC_athlete_Lauriane_Genest-265x300.png 265w, https:\/\/cyclingcanada.ca\/wp-content\/uploads\/2019\/05\/CC_athlete_Lauriane_Genest.png 600w\" sizes=\"auto, (max-width: 265px) 100vw, 265px\" \/>\t\t\t\t\t\t<\/div>\n\t\t\t\t\t\t\t\t\t\t<h3>Lauriane Genest<\/h3>\n\t\t\t\t<\/div>\n\n\t\t\t\t<!-- Back of card -->\n\t\t\t\t<div class=\"athlete-card-back\">\n\t\t\t\t\t<div class=\"athlete-card-back-inner\">\n\t\t\t\t\t\t\t\t\t\t\t\t\t<p class=\"dob\"><strong>Date de Naissance:<\/strong> 28\/05\/1998<\/p>\n\t\t\t\t\t\t\n\t\t\t\t\t\t\t\t\t\t\t\t\t<p class=\"hometown\"><strong>Ville natale:<\/strong> L\u00e9vis\t\t\t\t\t\t\t\t, QC\t\t\t\t\t\t\t<\/p>\n\t\t\t\t\t\t\n\t\t\t\t\t\t\t\t\t\t\t\t\t<p class=\"residence\"><strong>R\u00e9sidence:<\/strong> Milton\t\t\t\t\t\t\t\t, ON\t\t\t\t\t\t\t<\/p>\n\t\t\t\t\t\t\n\t\t\t\t\t\t\t\t\t\t\t\t\t<p class=\"discipline\"><strong>Discipline:<\/strong> Track\t\t\t\t\t\t\t\t &#8211; Sprint\t\t\t\t\t\t\t<\/p>\n\t\t\t\t\t\t\n\t\t\t\t\t\t\t\t\t\t\t<\/div>\n\t\t\t\t<\/div>\n\t\t\t<\/div>\n\t\t<\/div>\n\t\t\t\t<div class=\"athlete-card-container\">\n\t\t\t<div class=\"athlete-card\">\n\t\t\t\t<!-- Front of card -->\n\t\t\t\t<div class=\"athlete-card-front\">\n\t\t\t\t\t\t\t\t\t\t\t<div class=\"athlete-image\">\n\t\t\t\t\t\t\t\t\t\t\t\t\t\t<img loading=\"lazy\" decoding=\"async\" width=\"300\" height=\"300\" src=\"https:\/\/cyclingcanada.ca\/wp-content\/uploads\/2022\/12\/Maggie-Coles-Lyster-by-Alex-Whitehead-SWpix.com_-300x300.jpg\" class=\"attachment-medium size-medium\" alt=\"Headshot of Maggie Coles-Lyster\" srcset=\"https:\/\/cyclingcanada.ca\/wp-content\/uploads\/2022\/12\/Maggie-Coles-Lyster-by-Alex-Whitehead-SWpix.com_-300x300.jpg 300w, https:\/\/cyclingcanada.ca\/wp-content\/uploads\/2022\/12\/Maggie-Coles-Lyster-by-Alex-Whitehead-SWpix.com_-1030x1030.jpg 1030w, https:\/\/cyclingcanada.ca\/wp-content\/uploads\/2022\/12\/Maggie-Coles-Lyster-by-Alex-Whitehead-SWpix.com_-80x80.jpg 80w, https:\/\/cyclingcanada.ca\/wp-content\/uploads\/2022\/12\/Maggie-Coles-Lyster-by-Alex-Whitehead-SWpix.com_-768x768.jpg 768w, https:\/\/cyclingcanada.ca\/wp-content\/uploads\/2022\/12\/Maggie-Coles-Lyster-by-Alex-Whitehead-SWpix.com_-1536x1536.jpg 1536w, https:\/\/cyclingcanada.ca\/wp-content\/uploads\/2022\/12\/Maggie-Coles-Lyster-by-Alex-Whitehead-SWpix.com_-scaled.jpg 2048w, https:\/\/cyclingcanada.ca\/wp-content\/uploads\/2022\/12\/Maggie-Coles-Lyster-by-Alex-Whitehead-SWpix.com_-36x36.jpg 36w, https:\/\/cyclingcanada.ca\/wp-content\/uploads\/2022\/12\/Maggie-Coles-Lyster-by-Alex-Whitehead-SWpix.com_-180x180.jpg 180w, https:\/\/cyclingcanada.ca\/wp-content\/uploads\/2022\/12\/Maggie-Coles-Lyster-by-Alex-Whitehead-SWpix.com_-1500x1500.jpg 1500w, https:\/\/cyclingcanada.ca\/wp-content\/uploads\/2022\/12\/Maggie-Coles-Lyster-by-Alex-Whitehead-SWpix.com_-705x705.jpg 705w\" sizes=\"auto, (max-width: 300px) 100vw, 300px\" \/>\t\t\t\t\t\t<\/div>\n\t\t\t\t\t\t\t\t\t\t<h3>Maggie Coles-Lyster<\/h3>\n\t\t\t\t<\/div>\n\n\t\t\t\t<!-- Back of card -->\n\t\t\t\t<div class=\"athlete-card-back\">\n\t\t\t\t\t<div class=\"athlete-card-back-inner\">\n\t\t\t\t\t\t\t\t\t\t\t\t\t<p class=\"dob\"><strong>Date de Naissance:<\/strong> 12\/02\/2004<\/p>\n\t\t\t\t\t\t\n\t\t\t\t\t\t\t\t\t\t\t\t\t<p class=\"hometown\"><strong>Ville natale:<\/strong> Maple Ridge\t\t\t\t\t\t\t\t, BC\t\t\t\t\t\t\t<\/p>\n\t\t\t\t\t\t\n\t\t\t\t\t\t\t\t\t\t\t\t\t<p class=\"residence\"><strong>R\u00e9sidence:<\/strong> Maple Ridge \t\t\t\t\t\t\t\t, BC\t\t\t\t\t\t\t<\/p>\n\t\t\t\t\t\t\n\t\t\t\t\t\t\t\t\t\t\t\t\t<p class=\"discipline\"><strong>Discipline:<\/strong> Track\t\t\t\t\t\t\t\t &#8211; Women&#039;s Track Endurance\t\t\t\t\t\t\t<\/p>\n\t\t\t\t\t\t\n\t\t\t\t\t\t\t\t\t\t\t<\/div>\n\t\t\t\t<\/div>\n\t\t\t<\/div>\n\t\t<\/div>\n\t\t<\/div>\n<div style=\"height:var(--wp--preset--spacing--medium)\" aria-hidden=\"true\" class=\"wp-block-spacer\"><\/div>\n\n<div class=\"wp-block-group alignfull has-gainsboro-background-color has-background has-global-padding is-layout-constrained wp-block-group-is-layout-constrained\" style=\"margin-top:var(--wp--preset--spacing--large)\">\n<div class=\"wp-block-group alignwide is-nowrap is-layout-flex wp-container-core-group-is-layout-947e61e1 wp-block-group-is-layout-flex\" style=\"padding-top:0;padding-bottom:0\">\n<h2 class=\"wp-block-heading alignwide has-white-color has-primary-background-color has-text-color has-background has-link-color has-poppins-font-family has-normal-font-size wp-elements-df0508cd83851b9d5218529cd724812e\" style=\"padding-top:var(--wp--preset--spacing--small);padding-right:var(--wp--preset--spacing--medium);padding-bottom:var(--wp--preset--spacing--small);padding-left:var(--wp--preset--spacing--medium);letter-spacing:2px;text-transform:uppercase\">Identification de talent<\/h2>\n<\/div>\n\n\n\n<div style=\"height:var(--wp--preset--spacing--medium)\" aria-hidden=\"true\" class=\"wp-block-spacer\"><\/div>\n\n\n\n<p>L\u2019identification du talent est l\u2019interface entre la comp\u00e9tition et le sport de haut niveau. Il existe de nombreuses fa\u00e7ons de devenir un athl\u00e8te de l\u2019\u00e9quipe nationale, notamment d\u2019\u00eatre identifi\u00e9 lors de certains \u00e9v\u00e9nements ou de transf\u00e9rer d\u2019un autre sport.<\/p>\n\n\n\n<div class=\"wp-block-buttons is-layout-flex wp-block-buttons-is-layout-flex\">\n<div class=\"wp-block-button is-style-link is-style-link--1\"><a class=\"wp-block-button__link wp-element-button\" href=\"https:\/\/cyclingcanada.ca\/fr\/ressources\/parcours-de-developpement\/\">En apprendre plus<\/a><\/div>\n<\/div>\n\n\n\n<div style=\"height:var(--wp--preset--spacing--large)\" aria-hidden=\"true\" class=\"wp-block-spacer\"><\/div>\n<\/div>\n","protected":false},"excerpt":{"rendered":"<p>Amateurs de puissance, bienvenue sur votre terrain de jeu. Celui o\u00f9 la complexit\u00e9 et la structure se rencontrent pour vous offrir un sport dans lequel la victoire d\u00e9pend de votre ma\u00eetrise des comp\u00e9tences et des tactiques les plus dynamiques. Pratiquement aussi vieux que le cyclisme sur route, le cyclisme sur piste vous propose deux styles [&hellip;]<\/p>\n","protected":false},"author":46,"featured_media":38206,"parent":36616,"menu_order":0,"comment_status":"closed","ping_status":"closed","template":"wp-custom-template-simple-hero-page","meta":{"_acf_changed":false,"advanced_seo_description":"","jetpack_seo_html_title":"","jetpack_seo_noindex":false,"footnotes":""},"class_list":["post-37105","page","type-page","status-publish","has-post-thumbnail","hentry"],"acf":[],"jetpack_sharing_enabled":true,"_links":{"self":[{"href":"https:\/\/cyclingcanada.ca\/fr\/wp-json\/wp\/v2\/pages\/37105","targetHints":{"allow":["GET"]}}],"collection":[{"href":"https:\/\/cyclingcanada.ca\/fr\/wp-json\/wp\/v2\/pages"}],"about":[{"href":"https:\/\/cyclingcanada.ca\/fr\/wp-json\/wp\/v2\/types\/page"}],"author":[{"embeddable":true,"href":"https:\/\/cyclingcanada.ca\/fr\/wp-json\/wp\/v2\/users\/46"}],"replies":[{"embeddable":true,"href":"https:\/\/cyclingcanada.ca\/fr\/wp-json\/wp\/v2\/comments?post=37105"}],"version-history":[{"count":2,"href":"https:\/\/cyclingcanada.ca\/fr\/wp-json\/wp\/v2\/pages\/37105\/revisions"}],"predecessor-version":[{"id":70658,"href":"https:\/\/cyclingcanada.ca\/fr\/wp-json\/wp\/v2\/pages\/37105\/revisions\/70658"}],"up":[{"embeddable":true,"href":"https:\/\/cyclingcanada.ca\/fr\/wp-json\/wp\/v2\/pages\/36616"}],"wp:featuredmedia":[{"embeddable":true,"href":"https:\/\/cyclingcanada.ca\/fr\/wp-json\/wp\/v2\/media\/38206"}],"wp:attachment":[{"href":"https:\/\/cyclingcanada.ca\/fr\/wp-json\/wp\/v2\/media?parent=37105"}],"curies":[{"name":"wp","href":"https:\/\/api.w.org\/{rel}","templated":true}]}}