{"id":43645,"date":"2020-04-19T16:25:40","date_gmt":"2020-04-19T20:25:40","guid":{"rendered":"https:\/\/cyclingcanada.ca\/equipe-nationale\/paracyclisme\/classification-de-paracyclisme\/"},"modified":"2025-04-28T16:22:06","modified_gmt":"2025-04-28T20:22:06","slug":"classification-de-paracyclisme","status":"publish","type":"page","link":"https:\/\/cyclingcanada.ca\/fr\/equipe-nationale\/paracyclisme\/classification-de-paracyclisme\/","title":{"rendered":"Syst\u00e8me de classification du paracyclisme"},"content":{"rendered":"\n<p>La classification du paracyclisme est con\u00e7u pour d\u00e9terminer quels athl\u00e8tes sont admissibles \u00e0 concourir en paracyclisme et pour cr\u00e9er des groupes de classe sportive afin de minimiser l\u2019incidence du handicap d\u2019un athl\u00e8te tout en encourageant l\u2019excellence sportive et en permettant aux athl\u00e8tes de rivaliser sur un m\u00eame pied d\u2019\u00e9galit\u00e9 et de se d\u00e9passer.<\/p>\n<div class=\"accordion-stack-wrap align wp-block-acf-accordions\">\n\t<div class=\"accordion-stack\" >\n\t\t<div class=\"accordion-stack-inner\">\n\n\n<div class=\"accordion-title-wrap align wp-block-acf-accordion-item\">\n\t<div class=\"accordion-details has-fade-in-up block_3b019c34b9fd2de6507e512985082f5b\" data-open=\"false\" >\n\t\t<div class=\"accordion-summary\" id=\"summary-block_3b019c34b9fd2de6507e512985082f5b\" aria-controls=\"content-block_3b019c34b9fd2de6507e512985082f5b\" aria-expanded=\"false\" tabindex=\"0\">\n\t\t\t<div class=\"accordion-title\" >Classe sportive<\/div>\n\t\t\t<div class=\"accordion-toggle\">\n\t\t\t\t<svg aria-hidden=\"true\" width=\"20\" height=\"20\" viewBox=\"0 0 100 100\" xmlns=\"http:\/\/www.w3.org\/2000\/svg\">\n\t\t\t\t\t<path d=\"M20 40 L50 70 L80 40\" stroke=\"#e4251f\" stroke-width=\"8\" fill=\"none\"\/>\n\t\t\t\t<\/svg>\n\n\t\t\t<\/div>\n\t\t<\/div><!-- .accordion-summary -->\n\t\t<div class=\"accordion-content\" id=\"content-block_3b019c34b9fd2de6507e512985082f5b\" aria-labelledby=\"summary-block_3b019c34b9fd2de6507e512985082f5b\" >\n\t\t\t<div >\n\t\t\t\t<div class=\"accordion-content-inner\">\n\n<h4 class=\"wp-block-heading has-primary-color has-text-color has-link-color wp-elements-3dbc97e4b0013f6eeb6675aa61c34d65\">Classes de sport paracyclisme<\/h4>\n\n\n\n<p>Le statut de classe sportive d\u2019un athl\u00e8te se divise en trois classes : nouveau, r\u00e9vision, confirm\u00e9. Le statut de classe sportive peut changer au cours de la carri\u00e8re sportive d\u2019un paracycliste, et les changements de classe sportive peuvent se voir chez les athl\u00e8tes pr\u00e9sentant des conditions qui fluctuent, \u00e9voluent et se d\u00e9g\u00e9n\u00e8rent. Sur son site Web, le Comit\u00e9 paralympique canadien d\u00e9finit les statuts de classes sportives comme suit :   <\/p>\n\n\n\n<ul class=\"wp-block-list\">\n<li>Nouveau : un athl\u00e8te qui d\u00e9tient une classification nationale;<\/li>\n\n\n\n<li>R\u00e9vision : un athl\u00e8te qui d\u00e9tient une classification internationale, mais qui est soumis \u00e0 une r\u00e9vision en fonction des changements au statut du ou des handicaps qui lui sont propres;<\/li>\n\n\n\n<li>Confirm\u00e9 : un athl\u00e8te qui d\u00e9tient une classification internationale de l\u2019UCI. Le handicap de l\u2019athl\u00e8te est stable \u00e0 moins d\u2019une indication de la commission de l\u2019UCI. <\/li>\n<\/ul>\n\n\n\n<h4 class=\"wp-block-heading has-primary-color has-text-color has-link-color wp-elements-3dbc97e4b0013f6eeb6675aa61c34d65\">Classes de sport paracyclisme<\/h4>\n\n\n\n<ul class=\"wp-block-list\">\n<li>V\u00e9los \u00e0 mains: H1, H2, H3, H4, H5<\/li>\n\n\n\n<li>Tricycle: T1, T2<\/li>\n\n\n\n<li>Cycle: C1, C2, C3, C4, C5<\/li>\n\n\n\n<li>Tandem: B<\/li>\n<\/ul>\n\n\n\n<p>Pour obtenir plus de renseignements au sujet des handicaps admissibles en paracyclisme par classe sportive, veuillez consulter le<a href=\"https:\/\/www.uci.org\/docs\/default-source\/rules-and-regulations\/16-par-20200211-e.pdf?sfvrsn=9221d0ae_8\" target=\"_blank\" rel=\"noreferrer noopener\"> R\u00e8gles et r\u00e8glements de cyclisme de l\u2019UCI<\/a>.<\/p>\n\n<\/div>\n\t\t\t<\/div>\n\t\t<\/div><!-- .accordion-content -->\n\t<\/div><!-- .accordion-details -->\n<\/div>\n\n\n\n\n<div class=\"accordion-title-wrap align wp-block-acf-accordion-item\">\n\t<div class=\"accordion-details has-fade-in-up block_ee714a5446ea529f6e0f241d4527f5d1\" data-open=\"false\" >\n\t\t<div class=\"accordion-summary\" id=\"summary-block_ee714a5446ea529f6e0f241d4527f5d1\" aria-controls=\"content-block_ee714a5446ea529f6e0f241d4527f5d1\" aria-expanded=\"false\" tabindex=\"0\">\n\t\t\t<div class=\"accordion-title\" >Processus de classification de Cyclisme Canada<\/div>\n\t\t\t<div class=\"accordion-toggle\">\n\t\t\t\t<svg aria-hidden=\"true\" width=\"20\" height=\"20\" viewBox=\"0 0 100 100\" xmlns=\"http:\/\/www.w3.org\/2000\/svg\">\n\t\t\t\t\t<path d=\"M20 40 L50 70 L80 40\" stroke=\"#e4251f\" stroke-width=\"8\" fill=\"none\"\/>\n\t\t\t\t<\/svg>\n\n\t\t\t<\/div>\n\t\t<\/div><!-- .accordion-summary -->\n\t\t<div class=\"accordion-content\" id=\"content-block_ee714a5446ea529f6e0f241d4527f5d1\" aria-labelledby=\"summary-block_ee714a5446ea529f6e0f241d4527f5d1\" >\n\t\t\t<div >\n\t\t\t\t<div class=\"accordion-content-inner\">\n\n<h4 class=\"wp-block-heading has-primary-color has-text-color has-link-color wp-elements-de13c5d3b1b897163c459e814d467c7d\">Pr\u00e9-s\u00e9lection<\/h4>\n\n\n\n<p>Tout athl\u00e8te int\u00e9ress\u00e9 par le programme de parayclisme et \u00e0 obtenir une classification doit remplir le questionnaire de classification de l\u2019athl\u00e8te de Cyclisme Canada. D\u00e8s sa soumission par Jotform, le formulaire sera envoy\u00e9 \u00e0 la coordonnatrice de paracyclisme et aux entra\u00eeneurs de l\u2019\u00e9quipe nationale de paracyclisme. Si vous d\u00e9sirez remplir ce formulaire, veuillez cliquer sur le lien donn\u00e9 au bas de cette page.  <\/p>\n\n\n\n<h4 class=\"wp-block-heading has-primary-color has-text-color has-link-color wp-elements-01f619feab7fef1a6df421d455659751\">Classification nationale<\/h4>\n\n\n\n<p>Tout athl\u00e8te ayant \u00e9t\u00e9 pr\u00e9s\u00e9lectionn\u00e9 en vertu du processus de classification de Cyclisme Canada devra participer \u00e0 une comp\u00e9tition nationale (par exemple, les Championnats canadiens sur route ou les Championnats canadiens de paracyclisme sur piste) pour \u00eatre \u00e9valu\u00e9 par un panel de classification nationale et obtenir une classification. Si aucune classification n\u2019avait lieu lors de championnats canadiens, Cyclisme Canada d\u00e9terminera la prochaine comp\u00e9tition ou le processus, ou les deux, auxquels l\u2019athl\u00e8te pourrait rapidement obtenir une classification. La classification nationale sera r\u00e9alis\u00e9e au cas par cas.  <\/p>\n\n\n\n<h4 class=\"wp-block-heading has-primary-color has-text-color has-link-color wp-elements-5471fbc188ce4b04db70474b77394e51\">Classification internationale<\/h4>\n\n\n\n<p>Offerte seulement lors des comp\u00e9titions de l\u2019UCI. Tout athl\u00e8te doit satisfaire aux principes ci-dessous pour \u00eatre admissible \u00e0 r\u00e9aliser la classification internationale. Pour \u00eatre classifi\u00e9 \u00e0 une comp\u00e9tition internationale, tout athl\u00e8te doit :  <\/p>\n\n\n\n<ul class=\"wp-block-list\">\n<li>se voir attribuer une classe sportive;<\/li>\n\n\n\n<li>d\u00e9tenir une licence de l\u2019UCI valable;<\/li>\n\n\n\n<li>avoir \u00e9t\u00e9 inscrit par un membre du personnel d\u2019une f\u00e9d\u00e9ration nationale \u00e0 une comp\u00e9tition internationale de l\u2019UCI lors de laquelle le processus de classification a lieu;<\/li>\n\n\n\n<li>soumettre, par l\u2019interm\u00e9diaire de Cyclisme Canada et au moyen de la plateforme du syst\u00e8me de gestion des donn\u00e9es sportives (SDMS), un formulaire de diagnostic m\u00e9dical (MDF) \u00e0 l\u2019UCI, au plus tard quatre (4) semaines avant la comp\u00e9tition lors de laquelle il doit \u00eatre classifi\u00e9. Le MDF rassemble l\u2019information m\u00e9dicale personnelle de l\u2019athl\u00e8te utilis\u00e9e par l\u2019UCI pour collecter et traiter les renseignements de l\u2019athl\u00e8te et de la f\u00e9d\u00e9ration nationale de sport. Le syst\u00e8me de classification comprend les processus de classification pour les personnes ayant un handicap physique (PI) et un d\u00e9ficience visuelle (VI) et utilise les deux MDF diff\u00e9rents suivants :  \n<ul class=\"wp-block-list\">\n<li>formulaire de diagnostic m\u00e9dical pour une d\u00e9ficience visuelle;<\/li>\n\n\n\n<li>formulaire de diagnostic m\u00e9dical pour un handicap physique;<\/li>\n<\/ul>\n<\/li>\n\n\n\n<li>r\u00e9aliser un processus de certification des adaptations : \u00e0 l\u2019instar du processus du MDF, si un athl\u00e8te utilise une adaptation pour la comp\u00e9tition (p. ex., l\u2019utilisation d\u2019une attelle, d\u2019une proth\u00e8se, d\u2019une orth\u00e8se ou d\u2019une adaptation \u00e0 la structure de son v\u00e9lo), cette adaptation doit \u00eatre certifi\u00e9e par un coll\u00e8ge des commissaires de l\u2019UCI.<\/li>\n<\/ul>\n\n<\/div>\n\t\t\t<\/div>\n\t\t<\/div><!-- .accordion-content -->\n\t<\/div><!-- .accordion-details -->\n<\/div>\n\n\n\n\n<div class=\"accordion-title-wrap align wp-block-acf-accordion-item\">\n\t<div class=\"accordion-details has-fade-in-up block_e2809fa5e96e9331c1037fe8e7e36994\" data-open=\"false\" >\n\t\t<div class=\"accordion-summary\" id=\"summary-block_e2809fa5e96e9331c1037fe8e7e36994\" aria-controls=\"content-block_e2809fa5e96e9331c1037fe8e7e36994\" aria-expanded=\"false\" tabindex=\"0\">\n\t\t\t<div class=\"accordion-title\" >Comment se d\u00e9roule la classification en paracyclisme?<\/div>\n\t\t\t<div class=\"accordion-toggle\">\n\t\t\t\t<svg aria-hidden=\"true\" width=\"20\" height=\"20\" viewBox=\"0 0 100 100\" xmlns=\"http:\/\/www.w3.org\/2000\/svg\">\n\t\t\t\t\t<path d=\"M20 40 L50 70 L80 40\" stroke=\"#e4251f\" stroke-width=\"8\" fill=\"none\"\/>\n\t\t\t\t<\/svg>\n\n\t\t\t<\/div>\n\t\t<\/div><!-- .accordion-summary -->\n\t\t<div class=\"accordion-content\" id=\"content-block_e2809fa5e96e9331c1037fe8e7e36994\" aria-labelledby=\"summary-block_e2809fa5e96e9331c1037fe8e7e36994\" >\n\t\t\t<div >\n\t\t\t\t<div class=\"accordion-content-inner\">\n\n<h4 class=\"wp-block-heading has-primary-color has-text-color has-link-color wp-elements-c4eb5978eb4f929a1c09bf5452e858a5\">Quelles sont les personnes pr\u00e9sentes dans la salle de classification<\/h4>\n\n\n\n<ul class=\"wp-block-list\">\n<li>l\u2019athl\u00e8te;<\/li>\n\n\n\n<li>l\u2019entra\u00eeneur de Cyclisme Canada ou l\u2019entra\u00eeneur personnel;<\/li>\n\n\n\n<li>un interpr\u00e8te (au besoin);<\/li>\n\n\n\n<li>un classificateur m\u00e9dical;<\/li>\n\n\n\n<li>un classificateur technique.<\/li>\n<\/ul>\n\n\n\n<h4 class=\"wp-block-heading has-primary-color has-text-color has-link-color wp-elements-c9e79a5d3a93b49a894f37e35258e740\">Comment se d\u00e9roule la premi\u00e8re \u00e9valuation technique<\/h4>\n\n\n\n<ul class=\"wp-block-list\">\n<li>L\u2019\u00e9valuation technique commence par une s\u00e9rie de questions qui, entre autres, portent sur les ant\u00e9c\u00e9dents sportifs de l\u2019athl\u00e8te, les charges d\u2019entra\u00eenement g\u00e9n\u00e9rales et l\u2019adaptation \u00e0 l\u2019\u00e9quipement.<\/li>\n\n\n\n<li>Le classificateur technique pourrait demander \u00e0 l\u2019athl\u00e8te de monter ou de descendre de son v\u00e9lo dans la salle de classification.<\/li>\n<\/ul>\n\n\n\n<h4 class=\"wp-block-heading has-primary-color has-text-color has-link-color wp-elements-b910b8823836c37fde06eba633cb2f24\">Comment se d\u00e9roule l\u2019\u00e9valuation physique<\/h4>\n\n\n\n<ul class=\"wp-block-list\">\n<li>En fonction de la nature du handicap, l\u2019\u00e9valuation physique comprend une s\u00e9rie de tests et d\u2019exercices qui permettront de comprendre les effets et l\u2019ampleur de la condition.<\/li>\n\n\n\n<li>\u00c0 toutes les \u00e9tapes de l\u2019\u00e9valuation physique, l\u2019athl\u00e8te a le droit de demander des tests diff\u00e9rents afin de r\u00e9duire l\u2019inconfort.<\/li>\n<\/ul>\n\n\n\n<h4 class=\"wp-block-heading has-primary-color has-text-color has-link-color wp-elements-e200dca4051c219a226b47b3595f9f81\">Comment se d\u00e9roule la deuxi\u00e8me \u00e9valuation technique<\/h4>\n\n\n\n<ul class=\"wp-block-list\">\n<li>Lorsque la classification en salle est r\u00e9alis\u00e9e, un athl\u00e8te re\u00e7oit une classe sportive provisoire, en observation. Cette classe repr\u00e9sente la classe \u00e0 laquelle l\u2019athl\u00e8te participera \u00e0 sa premi\u00e8re comp\u00e9tition. Pendant la p\u00e9riode d\u2019\u00e9chauffement, de comp\u00e9tition et de r\u00e9cup\u00e9ration de l\u2019athl\u00e8te, les classificateurs observeront comment le handicap affecte les habilet\u00e9s techniques de l\u2019athl\u00e8te. D\u00e8s que la course est termin\u00e9e, les classificateurs s\u2019approcheront de l\u2019athl\u00e8te et lui indiqueront une classe sportive, susceptible de faire l\u2019objet d\u2019une r\u00e9vision ou d\u2019\u00eatre confirm\u00e9e.   <\/li>\n<\/ul>\n\n<\/div>\n\t\t\t<\/div>\n\t\t<\/div><!-- .accordion-content -->\n\t<\/div><!-- .accordion-details -->\n<\/div>\n\n\n\n\n<div class=\"accordion-title-wrap align wp-block-acf-accordion-item\">\n\t<div class=\"accordion-details has-fade-in-up block_fe2fab83c77a631239a2e8f8eebce884\" data-open=\"false\" >\n\t\t<div class=\"accordion-summary\" id=\"summary-block_fe2fab83c77a631239a2e8f8eebce884\" aria-controls=\"content-block_fe2fab83c77a631239a2e8f8eebce884\" aria-expanded=\"false\" tabindex=\"0\">\n\t\t\t<div class=\"accordion-title\" >Devenir un classificateur de paracyclisme<\/div>\n\t\t\t<div class=\"accordion-toggle\">\n\t\t\t\t<svg aria-hidden=\"true\" width=\"20\" height=\"20\" viewBox=\"0 0 100 100\" xmlns=\"http:\/\/www.w3.org\/2000\/svg\">\n\t\t\t\t\t<path d=\"M20 40 L50 70 L80 40\" stroke=\"#e4251f\" stroke-width=\"8\" fill=\"none\"\/>\n\t\t\t\t<\/svg>\n\n\t\t\t<\/div>\n\t\t<\/div><!-- .accordion-summary -->\n\t\t<div class=\"accordion-content\" id=\"content-block_fe2fab83c77a631239a2e8f8eebce884\" aria-labelledby=\"summary-block_fe2fab83c77a631239a2e8f8eebce884\" >\n\t\t\t<div >\n\t\t\t\t<div class=\"accordion-content-inner\">\n\n<p>Souhaitez-vous devenir un classificateur de paracyclisme? Veuillez consulter le pr\u00e9sent document qui d\u00e9crit le cheminement du classificateur de <a href=\"https:\/\/www.uci.org\/docs\/default-source\/imported-library\/2018_01_11_uciclassifierspathway_neutral.pdf?Status=Master&amp;sfvrsn=775ea428_6\" target=\"_blank\" rel=\"noreferrer noopener\">l\u2019UCI publi\u00e9 par l\u2019UCI<\/a>. <\/p>\n\n\n\n<p>Si vous souhaitez devenir un classificateur national de paracyclisme, veuillez contacter <a href=\"mailto:dan.proux@cyclingcanada.ca\">Dan Proulx<\/a>.<br\/><br\/>Cours de classification nationale de Cyclisme Canada : date \u00e0 confirmer<\/p>\n\n<\/div>\n\t\t\t<\/div>\n\t\t<\/div><!-- .accordion-content -->\n\t<\/div><!-- .accordion-details -->\n<\/div>\n\n<\/div>\n\t<\/div><!-- .accordion-stack -->\n<\/div><!-- .accordion-stack-wrap -->\n<p>Si vous \u00eates un athl\u00e8te et que vous souhaitez obtenir votre classification, veuillez remplir le <a href=\"https:\/\/forms.office.com\/r\/3svpF7fyH7\" target=\"_blank\" rel=\"noreferrer noopener\">questionnaire de classification des athl\u00e8tes<\/a> de Cyclisme Canada.<\/p>\n\n<p>Apr\u00e8s avoir soumis le formulaire \u00e9lectronique, les entra\u00eeneurs de l\u2019\u00e9quipe nationale feront un suivi aupr\u00e8s de l\u2019athl\u00e8te en fonction de la proximit\u00e9 avec le lieu g\u00e9ographique de l\u2019athl\u00e8te. Les entra\u00eeneurs communiqueront \u00e9galement avec les athl\u00e8tes sur une base individuelle pour commencer la d\u00e9marche pour remplir le formulaire de diagnostic m\u00e9dical. <\/p>\n","protected":false},"excerpt":{"rendered":"<p>La classification du paracyclisme est con\u00e7u pour d\u00e9terminer quels athl\u00e8tes sont admissibles \u00e0 concourir en paracyclisme et pour cr\u00e9er des groupes de classe sportive afin de minimiser l\u2019incidence du handicap d\u2019un athl\u00e8te tout en encourageant l\u2019excellence sportive et en permettant aux athl\u00e8tes de rivaliser sur un m\u00eame pied d\u2019\u00e9galit\u00e9 et de se d\u00e9passer. Si vous [&hellip;]<\/p>\n","protected":false},"author":46,"featured_media":69697,"parent":37097,"menu_order":0,"comment_status":"closed","ping_status":"closed","template":"wp-custom-template-simple-hero-page","meta":{"_acf_changed":false,"advanced_seo_description":"","jetpack_seo_html_title":"","jetpack_seo_noindex":false,"footnotes":""},"class_list":["post-43645","page","type-page","status-publish","has-post-thumbnail","hentry"],"acf":[],"jetpack_sharing_enabled":true,"_links":{"self":[{"href":"https:\/\/cyclingcanada.ca\/fr\/wp-json\/wp\/v2\/pages\/43645","targetHints":{"allow":["GET"]}}],"collection":[{"href":"https:\/\/cyclingcanada.ca\/fr\/wp-json\/wp\/v2\/pages"}],"about":[{"href":"https:\/\/cyclingcanada.ca\/fr\/wp-json\/wp\/v2\/types\/page"}],"author":[{"embeddable":true,"href":"https:\/\/cyclingcanada.ca\/fr\/wp-json\/wp\/v2\/users\/46"}],"replies":[{"embeddable":true,"href":"https:\/\/cyclingcanada.ca\/fr\/wp-json\/wp\/v2\/comments?post=43645"}],"version-history":[{"count":2,"href":"https:\/\/cyclingcanada.ca\/fr\/wp-json\/wp\/v2\/pages\/43645\/revisions"}],"predecessor-version":[{"id":70634,"href":"https:\/\/cyclingcanada.ca\/fr\/wp-json\/wp\/v2\/pages\/43645\/revisions\/70634"}],"up":[{"embeddable":true,"href":"https:\/\/cyclingcanada.ca\/fr\/wp-json\/wp\/v2\/pages\/37097"}],"wp:featuredmedia":[{"embeddable":true,"href":"https:\/\/cyclingcanada.ca\/fr\/wp-json\/wp\/v2\/media\/69697"}],"wp:attachment":[{"href":"https:\/\/cyclingcanada.ca\/fr\/wp-json\/wp\/v2\/media?parent=43645"}],"curies":[{"name":"wp","href":"https:\/\/api.w.org\/{rel}","templated":true}]}}