{"id":47023,"date":"2021-03-12T18:27:30","date_gmt":"2021-03-12T22:27:30","guid":{"rendered":"https:\/\/cyclingcanada.ca\/club-1882\/about\/"},"modified":"2024-05-10T13:29:54","modified_gmt":"2024-05-10T17:29:54","slug":"apropos","status":"publish","type":"page","link":"https:\/\/cyclingcanada.ca\/fr\/apropos\/","title":{"rendered":"\u00c0 propos"},"content":{"rendered":"<p>[av_one_full first min_height=&#8221; vertical_alignment=&#8217;av-align-top&#8217; space=&#8221; row_boxshadow_color=&#8221; row_boxshadow_width=&#8217;10&#8217; custom_margin=&#8217;aviaTBcustom_margin&#8217; margin=&#8217;0px&#8217; margin_sync=&#8217;true&#8217; mobile_breaking=&#8221; border=&#8221; border_color=&#8221; radius=&#8217;0px&#8217; radius_sync=&#8217;true&#8217; padding=&#8217;50px,50px,10px,50px&#8217; column_boxshadow_color=&#8221; column_boxshadow_width=&#8217;10&#8217; background=&#8217;bg_color&#8217; background_color=&#8221; background_gradient_color1=&#8221; background_gradient_color2=&#8221; background_gradient_direction=&#8217;vertical&#8217; src=&#8221; attachment=&#8221; attachment_size=&#8221; background_position=&#8217;top left&#8217; background_repeat=&#8217;no-repeat&#8217; highlight_size=&#8217;1.1&#8242; animation=&#8221; link=&#8221; linktarget=&#8221; link_hover=&#8221; title_attr=&#8221; alt_attr=&#8221; mobile_display=&#8221; id=&#8221; custom_class=&#8221; template_class=&#8221; aria_label=&#8221; av_uid=&#8217;av-ih01sz&#8217; sc_version=&#8217;1.0&#8242;]<br \/>\n[av_textblock size=&#8221; av-medium-font-size=&#8221; av-small-font-size=&#8221; av-mini-font-size=&#8221; font_color=&#8221; color=&#8221; id=&#8221; custom_class=&#8221; template_class=&#8221; av_uid=&#8217;av-km6veof5&#8242; sc_version=&#8217;1.0&#8242; admin_preview_bg=&#8221;]<\/p>\n<h1 style=\"text-align: center;\">\u00c0 propos<\/h1>\n<p>[\/av_textblock]<br \/>\n[\/av_one_full]<\/p>\n<p>[av_one_full first min_height=&#8221; vertical_alignment=&#8217;av-align-top&#8217; space=&#8221; row_boxshadow=&#8221; row_boxshadow_color=&#8221; row_boxshadow_width=&#8217;10&#8217; custom_margin=&#8221; margin=&#8217;0px&#8217; mobile_breaking=&#8221; border=&#8221; border_color=&#8221; radius=&#8217;0px&#8217; padding=&#8217;0px&#8217; column_boxshadow=&#8221; column_boxshadow_color=&#8221; column_boxshadow_width=&#8217;10&#8217; background=&#8217;bg_color&#8217; background_color=&#8221; background_gradient_color1=&#8221; background_gradient_color2=&#8221; background_gradient_direction=&#8217;vertical&#8217; src=&#8221; background_position=&#8217;top left&#8217; background_repeat=&#8217;no-repeat&#8217; highlight=&#8221; highlight_size=&#8221; animation=&#8221; link=&#8221; linktarget=&#8221; link_hover=&#8221; title_attr=&#8221; alt_attr=&#8221; mobile_display=&#8221; id=&#8221; custom_class=&#8221; template_class=&#8221; aria_label=&#8221; av_uid=&#8217;av-1k67sf7&#8242; sc_version=&#8217;1.0&#8242;]<\/p>\n<p>[av_textblock size=&#8221; av-medium-font-size=&#8221; av-small-font-size=&#8221; av-mini-font-size=&#8221; font_color=&#8221; color=&#8221; id=&#8221; custom_class=&#8221; template_class=&#8221; av_uid=&#8217;av-km6vo7lo&#8217; sc_version=&#8217;1.0&#8242; admin_preview_bg=&#8221;]<br \/>\nLe Club 1882 est une opportunit\u00e9 exclusive de se connecter avec l&#8217;\u00e9quipe nationale et d&#8217;autres membres passionn\u00e9s de la communaut\u00e9 cycliste qui se sont engag\u00e9s \u00e0 faire progresser le cyclisme \u00e0 travers le pays. D\u00e9di\u00e9 \u00e0 renseigner, engager et inspirer ses membres de leur r\u00f4le essentiel dans la croissance et le succ\u00e8s de notre \u00e9quipe nationale, le Club 1882 apporte un soutien financier direct au d\u00e9veloppement d&#8217;opportunit\u00e9s et de ressources de classe mondiale pour les athl\u00e8tes.<br \/>\n[\/av_textblock]<\/p>\n<p>[\/av_one_full][av_one_full first min_height=&#8221; vertical_alignment=&#8217;av-align-top&#8217; space=&#8221; row_boxshadow=&#8221; row_boxshadow_color=&#8221; row_boxshadow_width=&#8217;10&#8217; custom_margin=&#8221; margin=&#8217;0px&#8217; mobile_breaking=&#8221; border=&#8221; border_color=&#8221; radius=&#8217;0px&#8217; padding=&#8217;0px&#8217; column_boxshadow=&#8221; column_boxshadow_color=&#8221; column_boxshadow_width=&#8217;10&#8217; background=&#8217;bg_color&#8217; background_color=&#8221; background_gradient_color1=&#8221; background_gradient_color2=&#8221; background_gradient_direction=&#8217;vertical&#8217; src=&#8221; background_position=&#8217;top left&#8217; background_repeat=&#8217;no-repeat&#8217; highlight=&#8221; highlight_size=&#8221; animation=&#8221; link=&#8221; linktarget=&#8221; link_hover=&#8221; title_attr=&#8221; alt_attr=&#8221; mobile_display=&#8221; id=&#8221; custom_class=&#8221; template_class=&#8221; aria_label=&#8221; av_uid=&#8217;av-32kp6wf&#8217; sc_version=&#8217;1.0&#8242;]<br \/>\n[av_slideshow size=&#8217;featured&#8217; control_layout=&#8217;av-control-default&#8217; conditional_play=&#8221; animation=&#8217;slide&#8217; transition_speed=&#8221; autoplay=&#8217;false&#8217; interval=&#8217;5&#8242; lazy_loading=&#8217;disabled&#8217; alb_description=&#8221; id=&#8221; custom_class=&#8221; template_class=&#8221; av_uid=&#8217;av-kmobuozc&#8217; sc_version=&#8217;1.0&#8242;]<br \/>\n[av_slide slide_type=&#8217;image&#8217; id=&#8217;47093&#8242; video=&#8217;https:\/\/&#8217; mobile_image=&#8221; fallback_link=&#8217;https:\/\/&#8217; title=&#8221; video_ratio=&#8217;16:9&#8242; av-medium-font-size-title=&#8221; av-small-font-size-title=&#8221; av-mini-font-size-title=&#8221; av-medium-font-size=&#8221; av-small-font-size=&#8221; av-mini-font-size=&#8221; heading_tag=&#8221; heading_class=&#8221; link_apply=&#8221; link=&#8217;lightbox&#8217; link_target=&#8221; av_uid=&#8217;av-kmobuo63&#8242; sc_version=&#8217;1.0&#8242;][\/av_slide]<\/p>\n<p>[\/av_slideshow]<br \/>\n[\/av_one_full]<\/p>\n<p>[av_one_full first min_height=&#8221; vertical_alignment=&#8217;av-align-top&#8217; space=&#8221; row_boxshadow=&#8221; row_boxshadow_color=&#8221; row_boxshadow_width=&#8217;10&#8217; custom_margin=&#8221; margin=&#8217;0px&#8217; mobile_breaking=&#8221; border=&#8221; border_color=&#8221; radius=&#8217;0px&#8217; padding=&#8217;0px&#8217; column_boxshadow=&#8221; column_boxshadow_color=&#8221; column_boxshadow_width=&#8217;10&#8217; background=&#8217;bg_color&#8217; background_color=&#8221; background_gradient_color1=&#8221; background_gradient_color2=&#8221; background_gradient_direction=&#8217;vertical&#8217; src=&#8221; background_position=&#8217;top left&#8217; background_repeat=&#8217;no-repeat&#8217; highlight=&#8221; highlight_size=&#8221; animation=&#8221; link=&#8221; linktarget=&#8221; link_hover=&#8221; title_attr=&#8221; alt_attr=&#8221; mobile_display=&#8221; id=&#8221; custom_class=&#8221; template_class=&#8221; aria_label=&#8221; av_uid=&#8217;av-2dbka5r&#8217; sc_version=&#8217;1.0&#8242;]<br \/>\n[av_textblock textblock_styling_align=&#8221; textblock_styling=&#8221; textblock_styling_gap=&#8221; textblock_styling_mobile=&#8221; size=&#8221; av-desktop-font-size=&#8221; av-medium-font-size=&#8221; av-small-font-size=&#8221; av-mini-font-size=&#8221; font_color=&#8221; color=&#8221; id=&#8221; custom_class=&#8221; template_class=&#8221; av_uid=&#8217;av-kmobrglx&#8217; sc_version=&#8217;1.0&#8242; admin_preview_bg=&#8221;]<br \/>\nAfin d\u2019assurer un futur prometteur pour nos athl\u00e8tes, nous savons que le financement public n\u2019est pas suffisant \u00e0 lui seul. C\u2019est pourquoi nous avons mis en place le <strong>Club 1882<\/strong>, comme partie int\u00e9grale de notre strat\u00e9gie afin de cr\u00e9er un chemin vers la r\u00e9ussite fort et durable.<\/p>\n<p>Votre soutien est essentiel pour <strong>\u00e9liminer les obstacles financiers<\/strong> auxquels font face les athl\u00e8tes et les programmes sous-financ\u00e9s. Les dons permettent aux athl\u00e8tes de vivre des exp\u00e9riences b\u00e9n\u00e9fiques dont ils ont besoin pour <strong>s&#8217;\u00e9panouir<\/strong> et garantissent que Cyclisme Canada demeure in\u00e9branlable dans sa capacit\u00e9 \u00e0 r\u00e9pondre aux besoins de l\u2019\u00e9quipe malgr\u00e9 l&#8217;adversit\u00e9.<\/p>\n<p>Nous vous invitons \u00e0 vous joindre \u00e0 nous afin de b\u00e2tir de <strong>meilleurs chemins<\/strong> pour la prochaine g\u00e9n\u00e9ration de champion courtois au Canada. En donnant au Club 1882, vous faites non seulement une diff\u00e9rence dans la vie des athl\u00e8tes, vous recevez \u00e9galement des exp\u00e9riences r\u00e9serv\u00e9es aux membres ainsi que d\u2019autres avantages. Votre g\u00e9n\u00e9rosit\u00e9 est toujours appr\u00e9ci\u00e9e et nous avons h\u00e2te de vous compter parmi nous.<br \/>\n[\/av_textblock]<br \/>\n[\/av_one_full]<\/p>\n<p>[av_hr class=&#8217;default&#8217; icon_select=&#8217;yes&#8217; icon=&#8217;ue808&#8242; position=&#8217;center&#8217; shadow=&#8217;no-shadow&#8217; height=&#8217;50&#8217; custom_border=&#8217;av-border-thin&#8217; custom_width=&#8217;50px&#8217; custom_margin_top=&#8217;30px&#8217; custom_margin_bottom=&#8217;30px&#8217; custom_border_color=&#8221; custom_icon_color=&#8221; av-desktop-hide=&#8221; av-medium-hide=&#8221; av-small-hide=&#8221; av-mini-hide=&#8221; id=&#8221; custom_class=&#8221; template_class=&#8221; av_uid=&#8217;av-qoucbz&#8217; sc_version=&#8217;1.0&#8242;]<\/p>\n<p>[av_one_half first min_height=&#8221; vertical_alignment=&#8217;av-align-top&#8217; space=&#8217;no_margin&#8217; row_boxshadow_color=&#8221; row_boxshadow_width=&#8217;10&#8217; margin=&#8217;0px&#8217; margin_sync=&#8217;true&#8217; mobile_breaking=&#8221; border=&#8221; border_color=&#8221; radius=&#8217;0px&#8217; radius_sync=&#8217;true&#8217; padding=&#8217;0px&#8217; padding_sync=&#8217;true&#8217; column_boxshadow_color=&#8221; column_boxshadow_width=&#8217;10&#8217; background=&#8217;bg_color&#8217; background_color=&#8217;#f2f2f2&#8242; background_gradient_color1=&#8221; background_gradient_color2=&#8221; background_gradient_direction=&#8217;vertical&#8217; src=&#8221; attachment=&#8221; attachment_size=&#8221; background_position=&#8217;top left&#8217; background_repeat=&#8217;no-repeat&#8217; highlight_size=&#8217;1.1&#8242; animation=&#8221; link=&#8221; linktarget=&#8221; link_hover=&#8221; title_attr=&#8221; alt_attr=&#8221; mobile_display=&#8221; id=&#8221; custom_class=&#8221; template_class=&#8221; aria_label=&#8221; av_uid=&#8217;av-16zn64j&#8217; sc_version=&#8217;1.0&#8242;]<br \/>\n[av_button label=&#8217;Retour \u00e0 Club 1882&#8242; icon_select=&#8217;no&#8217; icon=&#8217;ue800&#8242; font=&#8217;entypo-fontello&#8217; link=&#8217;page,41995&#8242; link_target=&#8221; size=&#8217;large&#8217; position=&#8217;center&#8217; label_display=&#8221; title_attr=&#8221; color_options=&#8221; color=&#8217;custom&#8217; custom_bg=&#8217;#f2f2f2&#8242; custom_font=&#8217;#000000&#8242; btn_color_bg=&#8217;theme-color&#8217; btn_custom_bg=&#8217;#444444&#8242; btn_color_bg_hover=&#8217;theme-color-highlight&#8217; btn_custom_bg_hover=&#8217;#444444&#8242; btn_color_font=&#8217;theme-color&#8217; btn_custom_font=&#8217;#ffffff&#8217; id=&#8221; custom_class=&#8217;left-button&#8217; template_class=&#8221; av_uid=&#8217;av-km6vmbwt&#8217; sc_version=&#8217;1.0&#8242; admin_preview_bg=&#8221;]<br \/>\n[\/av_one_half]<\/p>\n<p>[av_one_half min_height=&#8221; vertical_alignment=&#8217;av-align-top&#8217; space=&#8221; row_boxshadow_color=&#8221; row_boxshadow_width=&#8217;10&#8217; margin=&#8217;0px&#8217; margin_sync=&#8217;true&#8217; mobile_breaking=&#8221; border=&#8221; border_color=&#8221; radius=&#8217;0px&#8217; radius_sync=&#8217;true&#8217; padding=&#8217;0px&#8217; padding_sync=&#8217;true&#8217; column_boxshadow_color=&#8221; column_boxshadow_width=&#8217;10&#8217; background=&#8217;bg_color&#8217; background_color=&#8217;#e4251f&#8217; background_gradient_color1=&#8221; background_gradient_color2=&#8221; background_gradient_direction=&#8217;vertical&#8217; src=&#8221; attachment=&#8221; attachment_size=&#8221; background_position=&#8217;top left&#8217; background_repeat=&#8217;no-repeat&#8217; highlight_size=&#8217;1.1&#8242; animation=&#8221; link=&#8221; linktarget=&#8221; link_hover=&#8221; title_attr=&#8221; alt_attr=&#8221; mobile_display=&#8221; id=&#8221; custom_class=&#8221; template_class=&#8221; aria_label=&#8221; av_uid=&#8217;av-2nixoj&#8217; sc_version=&#8217;1.0&#8242;]<br \/>\n[av_button label=&#8217;Suivant: Faire un don&#8217; icon_select=&#8217;no&#8217; icon=&#8217;ue800&#8242; font=&#8217;entypo-fontello&#8217; link=&#8217;page,47025&#8242; link_target=&#8221; size=&#8217;large&#8217; position=&#8217;center&#8217; label_display=&#8221; title_attr=&#8221; color_options=&#8221; color=&#8217;custom&#8217; custom_bg=&#8217;#e4251f&#8217; custom_font=&#8217;#ffffff&#8217; btn_color_bg=&#8217;theme-color&#8217; btn_custom_bg=&#8217;#444444&#8242; btn_color_bg_hover=&#8217;theme-color-highlight&#8217; btn_custom_bg_hover=&#8217;#444444&#8242; btn_color_font=&#8217;theme-color&#8217; btn_custom_font=&#8217;#ffffff&#8217; id=&#8221; custom_class=&#8217;right-button&#8217; template_class=&#8221; av_uid=&#8217;av-km6vnz3z&#8217; sc_version=&#8217;1.0&#8242; admin_preview_bg=&#8221;]<br \/>\n[\/av_one_half]<\/p>\n","protected":false},"excerpt":{"rendered":"<p>[av_one_full first min_height=&#8221; vertical_alignment=&#8217;av-align-top&#8217; space=&#8221; row_boxshadow_color=&#8221; row_boxshadow_width=&#8217;10&#8217; custom_margin=&#8217;aviaTBcustom_margin&#8217; margin=&#8217;0px&#8217; margin_sync=&#8217;true&#8217; mobile_breaking=&#8221; border=&#8221; border_color=&#8221; radius=&#8217;0px&#8217; radius_sync=&#8217;true&#8217; padding=&#8217;50px,50px,10px,50px&#8217; column_boxshadow_color=&#8221; column_boxshadow_width=&#8217;10&#8217; background=&#8217;bg_color&#8217; background_color=&#8221; background_gradient_color1=&#8221; background_gradient_color2=&#8221; background_gradient_direction=&#8217;vertical&#8217; src=&#8221; attachment=&#8221; attachment_size=&#8221; background_position=&#8217;top left&#8217; background_repeat=&#8217;no-repeat&#8217; highlight_size=&#8217;1.1&#8242; animation=&#8221; link=&#8221; linktarget=&#8221; link_hover=&#8221; title_attr=&#8221; alt_attr=&#8221; mobile_display=&#8221; id=&#8221; custom_class=&#8221; template_class=&#8221; aria_label=&#8221; av_uid=&#8217;av-ih01sz&#8217; sc_version=&#8217;1.0&#8242;] [av_textblock size=&#8221; av-medium-font-size=&#8221; av-small-font-size=&#8221; av-mini-font-size=&#8221; font_color=&#8221; color=&#8221; id=&#8221; custom_class=&#8221; template_class=&#8221; av_uid=&#8217;av-km6veof5&#8242; sc_version=&#8217;1.0&#8242; [&hellip;]<\/p>\n","protected":false},"author":46,"featured_media":0,"parent":0,"menu_order":0,"comment_status":"closed","ping_status":"closed","template":"","meta":{"_acf_changed":false,"advanced_seo_description":"","jetpack_seo_html_title":"","jetpack_seo_noindex":false,"footnotes":""},"class_list":["post-47023","page","type-page","status-publish","hentry"],"acf":[],"jetpack_sharing_enabled":true,"_links":{"self":[{"href":"https:\/\/cyclingcanada.ca\/fr\/wp-json\/wp\/v2\/pages\/47023","targetHints":{"allow":["GET"]}}],"collection":[{"href":"https:\/\/cyclingcanada.ca\/fr\/wp-json\/wp\/v2\/pages"}],"about":[{"href":"https:\/\/cyclingcanada.ca\/fr\/wp-json\/wp\/v2\/types\/page"}],"author":[{"embeddable":true,"href":"https:\/\/cyclingcanada.ca\/fr\/wp-json\/wp\/v2\/users\/46"}],"replies":[{"embeddable":true,"href":"https:\/\/cyclingcanada.ca\/fr\/wp-json\/wp\/v2\/comments?post=47023"}],"version-history":[{"count":0,"href":"https:\/\/cyclingcanada.ca\/fr\/wp-json\/wp\/v2\/pages\/47023\/revisions"}],"wp:attachment":[{"href":"https:\/\/cyclingcanada.ca\/fr\/wp-json\/wp\/v2\/media?parent=47023"}],"curies":[{"name":"wp","href":"https:\/\/api.w.org\/{rel}","templated":true}]}}