{"id":47025,"date":"2021-03-12T19:05:42","date_gmt":"2021-03-12T23:05:42","guid":{"rendered":"https:\/\/cyclingcanada.ca\/club-1882\/benefits\/"},"modified":"2026-03-16T13:02:06","modified_gmt":"2026-03-16T17:02:06","slug":"ressources-pour-les-affilies","status":"publish","type":"page","link":"https:\/\/cyclingcanada.ca\/fr\/collectif1882\/ressources-pour-les-affilies\/","title":{"rendered":"Ressources pour les affili\u00e9s"},"content":{"rendered":"\n<h4 class=\"wp-block-heading\">Grands donateurs<\/h4>\n\n\n\n<p>Tous les clubs\/\u00e9quipes membres du Collectif 1882 doivent \u00eatre soit :<\/p>\n\n\n\n<ul class=\"wp-block-list\">\n<li>Un club provincial actuellement enregistr\u00e9 et en r\u00e8gle aupr\u00e8s de leur association cycliste provinciale\/territoriale pertinente<\/li>\n\n\n\n<li>Une \u00e9quipe commerciale affili\u00e9e au niveau national<\/li>\n<\/ul>\n\n\n\n<p>De plus, tous ceux qui souhaitent rejoindre le Collectif 1882 doivent pr\u00e9ciser l\u2019objectif de leur campagne de collecte de fonds, qui sera minutieusement examin\u00e9 par Cyclisme Canada afin de garantir que les fonds contribuent aux objectifs g\u00e9n\u00e9raux du Collectif.<\/p>\n\n\n\n<h4 class=\"wp-block-heading\">Comment \u00e7a fonctionne ?<\/h4>\n\n\n\n<p>Les clubs int\u00e9ress\u00e9s doivent d\u2019abord remplir le formulaire d\u2019inscription des clubs affili\u00e9s au Collectif 1882, disponible ci-dessous. Une fois le formulaire compl\u00e9t\u00e9, un membre du personnel de Cyclisme Canada examinera et v\u00e9rifiera toutes les informations fournies, incluant une consultation directe avec l\u2019association cycliste provinciale\/territoriale concern\u00e9e.<\/p>\n\n\n\n<p>Une fois toutes les informations collect\u00e9es et v\u00e9rifi\u00e9es, Cyclisme Canada proc\u00e9dera \u00e0 la mise en place initiale de la page de collecte de fonds en ligne de l\u2019affili\u00e9 via la plateforme Zeffy. Apr\u00e8s cette \u00e9tape, Cyclisme Canada fournira un acc\u00e8s administratif au membre affili\u00e9 pour v\u00e9rifier toutes les informations et lancer la campagne de collecte de fonds.<\/p>\n\n\n\n<p>Les membres affili\u00e9s pourront personnaliser leur page de collecte de fonds de la mani\u00e8re suivante :<\/p>\n\n\n\n<ul class=\"wp-block-list\">\n<li>Ins\u00e9rer une image de page d\u2019accueil unique, un logo et une section \u00ab \u00e0 propos \u00bb<\/li>\n\n\n\n<li>Envoyer automatiquement un message de remerciement personnalis\u00e9 pour chaque don re\u00e7u<\/li>\n\n\n\n<li>Personnaliser des paliers de dons pr\u00e9configur\u00e9s (annuel, ponctuel et\/ou mensuel)<\/li>\n\n\n\n<li>Recevoir des notifications automatiques \u00e0 chaque nouveau don<\/li>\n<\/ul>\n\n\n\n<h4 class=\"wp-block-heading\">Comment les fonds des affili\u00e9s sont-ils allou\u00e9s\/distribu\u00e9s ?<\/h4>\n\n\n\n<p>Pour g\u00e9rer le Collectif 1882, Cyclisme Canada a choisi la plateforme de collecte de fonds en ligne Zeffy afin d\u2019assurer un impact maximal des fonds des donateurs. La plateforme Zeffy ne facture aucun frais utilisateur, syst\u00e8me ou de transaction, permettant ainsi que 100 % des dons soient directement vers\u00e9s dans l\u2019\u00e9cosyst\u00e8me cycliste canadien.<\/p>\n\n\n\n<p>Tous les dons re\u00e7us via les campagnes des affili\u00e9s du Collectif 1882 sont d\u00e9pos\u00e9s directement \u00e0 Cyclisme Canada. Conform\u00e9ment aux r\u00e8glements de l\u2019Agence du revenu du Canada et afin d\u2019assurer la conformit\u00e9 avec le statut d\u2019organisme de bienfaisance de Cyclisme Canada, cette derni\u00e8re conserve 10 % de tous les dons re\u00e7us via le Collectif 1882 afin d\u2019assurer l\u2019impact des donateurs au niveau national. Pour les clubs provinciaux et les \u00e9quipes commerciales provinciales, 5 % suppl\u00e9mentaires des fonds collect\u00e9s sont allou\u00e9s \u00e0 l\u2019association cycliste provinciale\/territoriale o\u00f9 le club est enregistr\u00e9. Les 85 % restants sont vers\u00e9s directement au membre affili\u00e9 sur une base mensuelle.<\/p>\n\n\n\n<p>Pour garantir une transparence totale, les administrateurs affili\u00e9s peuvent se connecter \u00e0 tout moment \u00e0 leur page de campagne pour consulter l\u2019\u00e9tat des fonds recueillis et communiquer avec les donateurs.<\/p>\n\n\n\n<h4 class=\"wp-block-heading\">Rejoignez le Collectif 1882<\/h4>\n\n\n\n<p>Vous souhaitez rejoindre le Collectif 1882 ? Les clubs et\/ou \u00e9quipes commerciales actuellement affili\u00e9s et en r\u00e8gle sont invit\u00e9s \u00e0 remplir le formulaire de candidature pour les affili\u00e9s ci-dessous pour \u00e9tude, ou \u00e0 contacter <a href=\"mailto:daniel.walker@cyclingcanada.ca\">daniel.walker@cyclingcanada.ca<\/a>\u00a0pour plus d\u2019informations.<\/p>\n\n\n\n<div class=\"wp-block-buttons has-custom-font-size has-normal-font-size is-layout-flex wp-block-buttons-is-layout-flex\">\n<div class=\"wp-block-button\"><a class=\"wp-block-button__link wp-element-button\" href=\"https:\/\/forms.cloud.microsoft\/pages\/responsepage.aspx?id=ikfWSzDTHkCCB0zLi4M0S9A0qgDCcjNAoF4Gnv6m_8VURUlFVE5DQUs0VlhOSTdFR09TTVBMV0JBQy4u&amp;route=shorturl\" target=\"_blank\" rel=\"noreferrer noopener\">formulaire de candidature affili\u00e9<\/a><\/div>\n<\/div>\n\n\n\n<div style=\"margin-top:0;margin-bottom:0;height:var(--wp--preset--spacing--x-large)\" aria-hidden=\"true\" class=\"wp-block-spacer\"><\/div>\n\n\n\n<div class=\"wp-block-buttons is-content-justification-center is-layout-flex wp-container-core-buttons-is-layout-2bb63ab0 wp-block-buttons-is-layout-flex\">\n<div class=\"wp-block-button has-custom-width wp-block-button__width-50\"><a class=\"wp-block-button__link has-black-color has-gainsboro-background-color has-text-color has-background has-link-color has-poppins-font-family has-normal-font-size has-custom-font-size wp-element-button\" href=\"https:\/\/cyclingcanada.ca\/fr\/collectif1882\/\" style=\"padding-top:1.4rem;padding-bottom:1.4rem;letter-spacing:2px\">&lt; Retour au Collectif 1882<\/a><\/div>\n\n\n\n<div class=\"wp-block-button has-custom-width wp-block-button__width-50 is-style-fill\"><a class=\"wp-block-button__link has-white-color has-primary-background-color has-text-color has-background has-link-color has-poppins-font-family has-normal-font-size has-custom-font-size wp-element-button\" href=\"https:\/\/cyclingcanada.ca\/fr\/collectif1882\/les-affilies\/\" style=\"padding-top:1.4rem;padding-bottom:1.4rem;letter-spacing:2px\">Suivant: Affili\u00e9s &gt;<\/a><\/div>\n<\/div>\n\n\n\n<p><\/p>\n","protected":false},"excerpt":{"rendered":"<p>Grands donateurs Tous les clubs\/\u00e9quipes membres du Collectif 1882 doivent \u00eatre soit : De plus, tous ceux qui souhaitent rejoindre le Collectif 1882 doivent pr\u00e9ciser l\u2019objectif de leur campagne de collecte de fonds, qui sera minutieusement examin\u00e9 par Cyclisme Canada afin de garantir que les fonds contribuent aux objectifs g\u00e9n\u00e9raux du Collectif. Comment \u00e7a fonctionne [&hellip;]<\/p>\n","protected":false},"author":46,"featured_media":73568,"parent":73209,"menu_order":0,"comment_status":"closed","ping_status":"closed","template":"wp-custom-template-club-1882-page","meta":{"_acf_changed":false,"advanced_seo_description":"","jetpack_seo_html_title":"","jetpack_seo_noindex":false,"footnotes":""},"class_list":["post-47025","page","type-page","status-publish","has-post-thumbnail","hentry"],"acf":[],"jetpack_sharing_enabled":true,"_links":{"self":[{"href":"https:\/\/cyclingcanada.ca\/fr\/wp-json\/wp\/v2\/pages\/47025","targetHints":{"allow":["GET"]}}],"collection":[{"href":"https:\/\/cyclingcanada.ca\/fr\/wp-json\/wp\/v2\/pages"}],"about":[{"href":"https:\/\/cyclingcanada.ca\/fr\/wp-json\/wp\/v2\/types\/page"}],"author":[{"embeddable":true,"href":"https:\/\/cyclingcanada.ca\/fr\/wp-json\/wp\/v2\/users\/46"}],"replies":[{"embeddable":true,"href":"https:\/\/cyclingcanada.ca\/fr\/wp-json\/wp\/v2\/comments?post=47025"}],"version-history":[{"count":15,"href":"https:\/\/cyclingcanada.ca\/fr\/wp-json\/wp\/v2\/pages\/47025\/revisions"}],"predecessor-version":[{"id":76867,"href":"https:\/\/cyclingcanada.ca\/fr\/wp-json\/wp\/v2\/pages\/47025\/revisions\/76867"}],"up":[{"embeddable":true,"href":"https:\/\/cyclingcanada.ca\/fr\/wp-json\/wp\/v2\/pages\/73209"}],"wp:featuredmedia":[{"embeddable":true,"href":"https:\/\/cyclingcanada.ca\/fr\/wp-json\/wp\/v2\/media\/73568"}],"wp:attachment":[{"href":"https:\/\/cyclingcanada.ca\/fr\/wp-json\/wp\/v2\/media?parent=47025"}],"curies":[{"name":"wp","href":"https:\/\/api.w.org\/{rel}","templated":true}]}}