{"id":55950,"date":"2023-01-26T18:14:52","date_gmt":"2023-01-26T22:14:52","guid":{"rendered":"https:\/\/cyclingcanada.ca\/?page_id=55950"},"modified":"2026-02-11T13:48:31","modified_gmt":"2026-02-11T18:48:31","slug":"link-my-ride","status":"publish","type":"page","link":"https:\/\/cyclingcanada.ca\/fr\/link-my-ride\/","title":{"rendered":"Link My Ride"},"content":{"rendered":"\n<div class=\"wp-block-group alignwide is-layout-flow wp-block-group-is-layout-flow\" style=\"padding-top:var(--wp--preset--spacing--large);padding-bottom:var(--wp--preset--spacing--large)\">\n<h1 class=\"wp-block-heading has-text-align-center has-xx-large-font-size\">Link my ride<\/h1>\n\n\n\n<div style=\"height:var(--wp--preset--spacing--small)\" aria-hidden=\"true\" class=\"wp-block-spacer\"><\/div>\n\n\n\n<div class=\"wp-block-columns are-vertically-aligned-center is-layout-flex wp-container-core-columns-is-layout-5016e1a0 wp-block-columns-is-layout-flex\">\n<div class=\"wp-block-column is-vertically-aligned-center is-layout-flow wp-block-column-is-layout-flow\" style=\"flex-basis:66.66%\">\n<p>L\u2019application Link My Ride (LMR) est un nouvel outil de planification de randonn\u00e9es cr\u00e9\u00e9e par des cyclistes, pour des cyclistes. Son objectif est de faire cro\u00eetre la communaut\u00e9 cycliste et d\u2019all\u00e9ger le fardeau administratif li\u00e9 \u00e0 la gestion d\u2019un club et \u00e0 l\u2019organisation de randonn\u00e9es. Cyclisme Canada est heureux d\u2019\u00eatre associ\u00e9 \u00e0 LMR et nous pensons que cette application sera tr\u00e8s utile aux clubs et aux cyclistes partout au Canada.  <\/p>\n\n\n\n<p><mark style=\"background-color:rgba(0, 0, 0, 0)\" class=\"has-inline-color has-primary-color\"><strong>Link My Ride sera GRATUIT pour les clubs affili\u00e9s \u00e0 Cyclisme Canada \u00e0 partir de 2024 !<\/strong><\/mark> Veuillez contacter <a href=\"mailto:LinkMyRide@cyclingcanada.ca\">LinkMyRide@CyclingCanada.ca<\/a>.<\/p>\n\n\n\n<p>Gr\u00e2ce \u00e0 l\u2019application, vous pouvez :<\/p>\n\n\n\n<ul class=\"wp-block-list\">\n<li>Organiser et rejoindre des randonn\u00e9es de club<\/li>\n\n\n\n<li>Trouver des randonn\u00e9es \u00e0 rejoindre pr\u00e8s de chez vous<\/li>\n\n\n\n<li>Configurer des randonn\u00e9es comme \u00e9tant publiques, priv\u00e9es ou secr\u00e8tes<\/li>\n\n\n\n<li>Importer des parcours existants depuis Strava<\/li>\n\n\n\n<li>Configurer des randonn\u00e9es comme \u00e9tant publiques, priv\u00e9es ou secr\u00e8tes<\/li>\n\n\n\n<li>Communiquer avec vos membres et les autres cyclistes avec lesquels vous roulez<\/li>\n\n\n\n<li>Suivre le niveau de participation aux randonn\u00e9es<\/li>\n\n\n\n<li>T\u00e9l\u00e9charger des rapports apr\u00e8s les randonn\u00e9es<\/li>\n\n\n\n<li>Voir les itin\u00e9raires dans votre r\u00e9gion gr\u00e2ce \u00e0 une carte interactive<\/li>\n\n\n\n<li>Et bien plus encore\u2009!<\/li>\n<\/ul>\n\n\n\n<p>\u00c9tant donn\u00e9 qu\u2019il s\u2019agit d\u2019une nouvelle application, des mises \u00e0 jour continueront d\u2019\u00eatre effectu\u00e9es dans les mois \u00e0 venir, notamment la messagerie entre utilisateurs, l\u2019acc\u00e8s aux avantages pour les membres de Cyclisme Canada ainsi que des fonctions de s\u00e9curit\u00e9 am\u00e9lior\u00e9es.<\/p>\n<\/div>\n\n\n\n<div class=\"wp-block-column is-vertically-aligned-center is-layout-flow wp-block-column-is-layout-flow\" style=\"flex-basis:33.33%\">\n<figure class=\"wp-block-image aligncenter size-full is-resized\"><img loading=\"lazy\" decoding=\"async\" width=\"396\" height=\"660\" src=\"https:\/\/cyclingcanada.ca\/wp-content\/uploads\/2022\/09\/logo-lockup@3x.png\" alt=\"LMR\" class=\"wp-image-55897\" style=\"width:180px\" srcset=\"https:\/\/cyclingcanada.ca\/wp-content\/uploads\/2022\/09\/logo-lockup@3x.png 396w, https:\/\/cyclingcanada.ca\/wp-content\/uploads\/2022\/09\/logo-lockup@3x-180x300.png 180w\" sizes=\"auto, (max-width: 396px) 100vw, 396px\" \/><\/figure>\n<\/div>\n<\/div>\n<\/div>\n\n<div class=\"wp-block-group alignwide is-layout-flow wp-block-group-is-layout-flow\" style=\"padding-top:var(--wp--preset--spacing--large);padding-bottom:var(--wp--preset--spacing--large)\"><div class=\"accordion-stack-wrap align wp-block-acf-accordions\">\n\t<div class=\"accordion-stack\" >\n\t\t<div class=\"accordion-stack-inner\">\n\n\n<div class=\"accordion-title-wrap align wp-block-acf-accordion-item\">\n\t<div class=\"accordion-details has-fade-in-up block_07c6b0a361236eb9d00070d65baefbec\" data-open=\"false\" >\n\t\t<div class=\"accordion-summary\" id=\"summary-block_07c6b0a361236eb9d00070d65baefbec\" aria-controls=\"content-block_07c6b0a361236eb9d00070d65baefbec\" aria-expanded=\"false\" tabindex=\"0\">\n\t\t\t<div class=\"accordion-title\" >Link My Ride pour les clubs<\/div>\n\t\t\t<div class=\"accordion-toggle\">\n\t\t\t\t<svg aria-hidden=\"true\" width=\"20\" height=\"20\" viewBox=\"0 0 100 100\" xmlns=\"http:\/\/www.w3.org\/2000\/svg\">\n\t\t\t\t\t<path d=\"M20 40 L50 70 L80 40\" stroke=\"#e4251f\" stroke-width=\"8\" fill=\"none\"\/>\n\t\t\t\t<\/svg>\n\n\t\t\t<\/div>\n\t\t<\/div><!-- .accordion-summary -->\n\t\t<div class=\"accordion-content\" id=\"content-block_07c6b0a361236eb9d00070d65baefbec\" aria-labelledby=\"summary-block_07c6b0a361236eb9d00070d65baefbec\" >\n\t\t\t<div >\n\t\t\t\t<div class=\"accordion-content-inner\">\n\n<p>Repr\u00e9sentez-vous un club qui pourrait \u00eatre int\u00e9ress\u00e9 \u00e0 utiliser Link My Ride pour faciliter les communications et la logistique des courses ? Consultez les liens ci-dessous pour plus d\u2019informations : <\/p>\n\n\n\n<ul class=\"wp-block-list\">\n<li><a href=\"https:\/\/linkmyride.com\/clubs\" target=\"_blank\" rel=\"noreferrer noopener\">Enregistrez votre club sur Link My Ride<\/a><\/li>\n\n\n\n<li><a href=\"https:\/\/cyclingcanada.ca\/wp-content\/uploads\/2024\/07\/Flyer-Introduction-to-Link-My-Ride-for-Cycling-Canada-Clubs.png\" target=\"_blank\" rel=\"noreferrer noopener\">Introduction<\/a><\/li>\n\n\n\n<li><a href=\"https:\/\/cyclingcanada.ca\/wp-content\/uploads\/2024\/07\/Link-My-Ride-Partner-Takeaway-3-1.pdf\" target=\"_blank\" rel=\"noreferrer noopener\">Lien ressource documentaire My Ride<\/a><\/li>\n\n\n\n<li><a href=\"https:\/\/cyclingcanada.ca\/wp-content\/uploads\/2024\/06\/LMR_SignUp.pdf\" target=\"_blank\" rel=\"noreferrer noopener\">Comment cr\u00e9er un club (PDF)<\/a><\/li>\n\n\n\n<li><a href=\"https:\/\/cyclingcanada.ca\/wp-content\/uploads\/2022\/12\/LMR-Portal-Explainer-Video.mp4\" target=\"_blank\" rel=\"noreferrer noopener\">Pr\u00e9sentation vid\u00e9o du portail du club<\/a><\/li>\n<\/ul>\n\n<\/div>\n\t\t\t<\/div>\n\t\t<\/div><!-- .accordion-content -->\n\t<\/div><!-- .accordion-details -->\n<\/div>\n\n<\/div>\n\t<\/div><!-- .accordion-stack -->\n<\/div><!-- .accordion-stack-wrap -->\n\n<div class=\"accordion-stack-wrap align wp-block-acf-accordions\">\n\t<div class=\"accordion-stack\" >\n\t\t<div class=\"accordion-stack-inner\">\n\n\n<div class=\"accordion-title-wrap align wp-block-acf-accordion-item\">\n\t<div class=\"accordion-details has-fade-in-up block_cdbee06d44fc803886faa6d6a65a53b6\" data-open=\"false\" >\n\t\t<div class=\"accordion-summary\" id=\"summary-block_cdbee06d44fc803886faa6d6a65a53b6\" aria-controls=\"content-block_cdbee06d44fc803886faa6d6a65a53b6\" aria-expanded=\"false\" tabindex=\"0\">\n\t\t\t<div class=\"accordion-title\" >Link My Ride pour les utilisateurs<\/div>\n\t\t\t<div class=\"accordion-toggle\">\n\t\t\t\t<svg aria-hidden=\"true\" width=\"20\" height=\"20\" viewBox=\"0 0 100 100\" xmlns=\"http:\/\/www.w3.org\/2000\/svg\">\n\t\t\t\t\t<path d=\"M20 40 L50 70 L80 40\" stroke=\"#e4251f\" stroke-width=\"8\" fill=\"none\"\/>\n\t\t\t\t<\/svg>\n\n\t\t\t<\/div>\n\t\t<\/div><!-- .accordion-summary -->\n\t\t<div class=\"accordion-content\" id=\"content-block_cdbee06d44fc803886faa6d6a65a53b6\" aria-labelledby=\"summary-block_cdbee06d44fc803886faa6d6a65a53b6\" >\n\t\t\t<div >\n\t\t\t\t<div class=\"accordion-content-inner\">\n\n<p>Vous \u00eates membre d&#8217;un club et vous venez de commencer \u00e0 utiliser Link My Ride ? Vous \u00eates un passionn\u00e9 de v\u00e9lo et vous cherchez de nouvelles fa\u00e7ons de vous impliquer dans la communaut\u00e9 ? Vous trouverez ci-dessous quelques ressources pour vous aider \u00e0 d\u00e9marrer avec Link My Ride.  <\/p>\n\n\n\n<ul class=\"wp-block-list\">\n<li><a href=\"https:\/\/cyclingcanada.ca\/wp-content\/uploads\/2024\/06\/App-101.pdf\" target=\"_blank\" rel=\"noreferrer noopener\">Application 101<\/a><\/li>\n\n\n\n<li><a href=\"https:\/\/cyclingcanada.ca\/wp-content\/uploads\/2024\/07\/Flyer-Introduction-to-Link-My-Ride-for-Participants.png\" target=\"_blank\" rel=\"noreferrer noopener\">Introduction<\/a><\/li>\n<\/ul>\n\n<\/div>\n\t\t\t<\/div>\n\t\t<\/div><!-- .accordion-content -->\n\t<\/div><!-- .accordion-details -->\n<\/div>\n\n<\/div>\n\t<\/div><!-- .accordion-stack -->\n<\/div><!-- .accordion-stack-wrap -->\n\n\n<p>Pour toute question concernant l\u2019application, veuillez contacter Pour toute question concernant l\u2019application, veuillez contacter<a href=\"mailto:linkmyride@cyclingcanada.ca\"> linkmyride@cyclingcanada.ca<\/a><\/p>\n\n\n\n<div style=\"height:var(--wp--preset--spacing--small)\" aria-hidden=\"true\" class=\"wp-block-spacer\"><\/div>\n\n\n\n<h3 class=\"wp-block-heading has-primary-color has-text-color has-link-color wp-elements-512c4608193ca0a6edb84ad479c47731\">DANS LES M\u00c9DIAS<\/h3>\n\n\n\n<p><a href=\"https:\/\/cyclingcanada.ca\/fr\/news\/link-my-ride-devient-lapplication-officielle-de-cyclisme-canada\/\" target=\"_blank\" rel=\"noreferrer noopener\">Annonce officielle concernant l\u2019application Link My Ride<\/a><\/p>\n\n\n\n<p><a href=\"https:\/\/www.forbes.com\/sites\/carltonreid\/2022\/08\/03\/dutch-sport-tech-fund-invests-in-cycling-app-cofounded-by-tour-de-france-stage-winner-tom-pidcock\/?sh=1c54d8b116bb\" target=\"_blank\" rel=\"noreferrer noopener\">Forbes Article<\/a><\/p>\n<\/div>\n","protected":false},"excerpt":{"rendered":"<p>Link my ride L\u2019application Link My Ride (LMR) est un nouvel outil de planification de randonn\u00e9es cr\u00e9\u00e9e par des cyclistes, pour des cyclistes. Son objectif est de faire cro\u00eetre la communaut\u00e9 cycliste et d\u2019all\u00e9ger le fardeau administratif li\u00e9 \u00e0 la gestion d\u2019un club et \u00e0 l\u2019organisation de randonn\u00e9es. Cyclisme Canada est heureux d\u2019\u00eatre associ\u00e9 \u00e0 [&hellip;]<\/p>\n","protected":false},"author":26,"featured_media":59858,"parent":0,"menu_order":0,"comment_status":"closed","ping_status":"closed","template":"","meta":{"_acf_changed":false,"advanced_seo_description":"","jetpack_seo_html_title":"","jetpack_seo_noindex":false,"footnotes":""},"class_list":["post-55950","page","type-page","status-publish","has-post-thumbnail","hentry"],"acf":[],"jetpack_sharing_enabled":true,"_links":{"self":[{"href":"https:\/\/cyclingcanada.ca\/fr\/wp-json\/wp\/v2\/pages\/55950","targetHints":{"allow":["GET"]}}],"collection":[{"href":"https:\/\/cyclingcanada.ca\/fr\/wp-json\/wp\/v2\/pages"}],"about":[{"href":"https:\/\/cyclingcanada.ca\/fr\/wp-json\/wp\/v2\/types\/page"}],"author":[{"embeddable":true,"href":"https:\/\/cyclingcanada.ca\/fr\/wp-json\/wp\/v2\/users\/26"}],"replies":[{"embeddable":true,"href":"https:\/\/cyclingcanada.ca\/fr\/wp-json\/wp\/v2\/comments?post=55950"}],"version-history":[{"count":5,"href":"https:\/\/cyclingcanada.ca\/fr\/wp-json\/wp\/v2\/pages\/55950\/revisions"}],"predecessor-version":[{"id":71213,"href":"https:\/\/cyclingcanada.ca\/fr\/wp-json\/wp\/v2\/pages\/55950\/revisions\/71213"}],"wp:featuredmedia":[{"embeddable":true,"href":"https:\/\/cyclingcanada.ca\/fr\/wp-json\/wp\/v2\/media\/59858"}],"wp:attachment":[{"href":"https:\/\/cyclingcanada.ca\/fr\/wp-json\/wp\/v2\/media?parent=55950"}],"curies":[{"name":"wp","href":"https:\/\/api.w.org\/{rel}","templated":true}]}}