{"id":57070,"date":"2022-12-20T16:37:51","date_gmt":"2022-12-20T20:37:51","guid":{"rendered":"https:\/\/cyclingcanada.ca\/?page_id=57070"},"modified":"2025-04-10T20:10:40","modified_gmt":"2025-04-11T00:10:40","slug":"disciplines","status":"publish","type":"page","link":"https:\/\/cyclingcanada.ca\/fr\/equipe-nationale\/disciplines\/","title":{"rendered":"Disciplines"},"content":{"rendered":"\n<p>Le cyclisme est un sport versatile avec des disciplines pour tous les go\u00fbts. Cliquez sur un des liens ci-dessous ou d\u00e9filez vers le bas pour en apprendre plus sur les disciplines soutenues par Cyclisme Canada :<\/p>\n\n<ul class=\"wp-block-list\">\n<li>BMX<\/li>\n\n\n\n<li>Cyclo-Cross<\/li>\n\n\n\n<li>Esport<\/li>\n\n\n\n<li>Gravel<\/li>\n\n\n\n<li>V\u00e9lo de montagne<\/li>\n\n\n\n<li>Paracyclisme<\/li>\n\n\n\n<li>Route<\/li>\n\n\n\n<li>Piste<\/li>\n<\/ul>\n\n<p class=\"has-primary-color has-text-color has-link-color wp-elements-0dc3f023d34150722fca5f8bcf51ba89\"><strong>BMX<\/strong><\/p>\n\n<p>Lors de son apparition en 1968, personne n\u2019aurait cru que cette discipline inspir\u00e9e des courses de motocross se rendrait aux Jeux olympiques de P\u00e9kin en 2008. Consid\u00e9r\u00e9 comme l\u2019un des sports cyclistes les plus excitants et spectaculaires, le BMX (ou bicycle motocross) conna\u00eet aujourd\u2019hui une popularit\u00e9 qui ne cesse de grimper parmi les jeunes Canadiens.<\/p>\n\n<p>Et il n\u2019est pas seul. Derni\u00e8rement, le BMX Freestyle a aussi connu une ascension fulgurante en faisant son entr\u00e9e officielle aux Jeux olympiques de Tokyo en 2020. Caract\u00e9ris\u00e9 par des encha\u00eenements de figures a\u00e9riennes et au sol, ce sport n\u2019a pas fini de nous surprendre.<\/p>\n\n<p class=\"has-primary-color has-text-color has-link-color wp-elements-45770b9bf083dce2807b9a8ca14583be\"><strong>Cyclo-cross<\/strong><\/p>\n\n<p>Embarquez, p\u00e9dalez, d\u00e9barquez, transportez et recommencez. Technique, mais \u00f4 combien palpitant, le cyclo-cross est le sport de ceux qui aiment l\u2019aventure et d\u00e9daignent la monotonie. Semblable au v\u00e9lo de route, ce type de monture a des pneus l\u00e9g\u00e8rement plus larges et adh\u00e9rents, qui font toute la diff\u00e9rence quand vient le temps d\u2019affronter la vari\u00e9t\u00e9 de terrains bois\u00e9s, de sentiers de terre, de clairi\u00e8res et de courtes mont\u00e9es qui caract\u00e9risent la discipline.<\/p>\n\n<p class=\"has-primary-color has-text-color has-link-color wp-elements-1405af99d8a715e22f83f0312871ec83\"><strong>V\u00e9lo de montagne<\/strong><\/p>\n\n<p>D\u00e9valer une piste escarp\u00e9e en esquivant ses obstacles naturels pour traverser la ligne d\u2019arriv\u00e9e quelques secondes avant ses adversaires n\u2019a pas vraiment d\u2019\u00e9gal en mati\u00e8re d\u2019exaltation. Si le v\u00e9lo de montagne est votre discipline de choix, quatre styles compl\u00e9mentaires s\u2019offrent \u00e0 vous : le cross-country, le marathon, la descente et le 4-cross.<\/p>\n\n<p class=\"has-primary-color has-text-color has-link-color wp-elements-61650e2fc35976e5a696991284534f99\"><strong>Paracyclisme<\/strong><\/p>\n\n<p>Introduit comme sport paralympique \u00e0 Seoul en 1988 pour les athl\u00e8tes avec un handicap visuel, le paracyclisme permet aujourd\u2019hui aux athl\u00e8tes ayant un handicap physique de pratiquer le cyclisme. Que ce soit sur la route ou sur la piste, Cyclisme Canada collabore \u00e9troitement avec le Comit\u00e9 paralympique canadien pour maximiser le potentiel de chaque athl\u00e8te, ici et \u00e0 l\u2019international.<\/p>\n\n<p>La classification est la premi\u00e8re \u00e9tape d\u2019une carri\u00e8re sportive comp\u00e9titive en paracyclisme. Guid\u00e9e par l\u2019UCI, la classification d\u00e9termine l\u2019\u00e9ligibilit\u00e9 des athl\u00e8tes. Cliquez <a href=\"https:\/\/cyclingcanada.ca\/national-team\/para-cycling\/para-cycling-classification\/\">ici<\/a> pour en apprendre plus.<\/p>\n\n<p class=\"has-primary-color has-text-color has-link-color wp-elements-87b20d138548588297ad366a6c91a448\"><strong>Route<\/strong><\/p>\n\n<p>Le doyen des sports cyclistes n\u2019a plus besoin de pr\u00e9sentation formelle. Instigateur de la fr\u00e9n\u00e9sie autour du cyclisme et de ses nombreuses d\u00e9clinaisons comp\u00e9titives, le v\u00e9lo sur route continue d\u2019inspirer les nouvelles g\u00e9n\u00e9rations de cyclistes, et ce, depuis sa gen\u00e8se \u00e0 Paris en 1868. De nos jours, nous perfectionnons encore le sport pour vous permettre de tirer tous les b\u00e9n\u00e9fices de nos apprentissages sur la route.<\/p>\n\n<p class=\"has-primary-color has-text-color has-link-color wp-elements-f296490eeb3199c66adc1390b296707b\"><strong>Piste<\/strong><\/p>\n\n<p>Amateurs de puissance, bienvenue sur votre terrain de jeu. Celui o\u00f9 la complexit\u00e9 et la structure se rencontrent pour vous offrir un sport dans lequel la victoire d\u00e9pend de votre ma\u00eetrise des comp\u00e9tences et des tactiques les plus dynamiques. Pratiquement aussi vieux que le cyclisme sur route, le cyclisme sur piste vous propose deux styles : la course de vitesse et la course d\u2019endurance.<\/p>\n","protected":false},"excerpt":{"rendered":"<p>Le cyclisme est un sport versatile avec des disciplines pour tous les go\u00fbts. Cliquez sur un des liens ci-dessous ou d\u00e9filez vers le bas pour en apprendre plus sur les disciplines soutenues par Cyclisme Canada : BMX Lors de son apparition en 1968, personne n\u2019aurait cru que cette discipline inspir\u00e9e des courses de motocross se [&hellip;]<\/p>\n","protected":false},"author":46,"featured_media":37086,"parent":36616,"menu_order":0,"comment_status":"closed","ping_status":"closed","template":"wp-custom-template-simple-hero-page","meta":{"_acf_changed":false,"advanced_seo_description":"","jetpack_seo_html_title":"","jetpack_seo_noindex":false,"footnotes":""},"class_list":["post-57070","page","type-page","status-publish","has-post-thumbnail","hentry"],"acf":[],"jetpack_sharing_enabled":true,"_links":{"self":[{"href":"https:\/\/cyclingcanada.ca\/fr\/wp-json\/wp\/v2\/pages\/57070","targetHints":{"allow":["GET"]}}],"collection":[{"href":"https:\/\/cyclingcanada.ca\/fr\/wp-json\/wp\/v2\/pages"}],"about":[{"href":"https:\/\/cyclingcanada.ca\/fr\/wp-json\/wp\/v2\/types\/page"}],"author":[{"embeddable":true,"href":"https:\/\/cyclingcanada.ca\/fr\/wp-json\/wp\/v2\/users\/46"}],"replies":[{"embeddable":true,"href":"https:\/\/cyclingcanada.ca\/fr\/wp-json\/wp\/v2\/comments?post=57070"}],"version-history":[{"count":2,"href":"https:\/\/cyclingcanada.ca\/fr\/wp-json\/wp\/v2\/pages\/57070\/revisions"}],"predecessor-version":[{"id":69738,"href":"https:\/\/cyclingcanada.ca\/fr\/wp-json\/wp\/v2\/pages\/57070\/revisions\/69738"}],"up":[{"embeddable":true,"href":"https:\/\/cyclingcanada.ca\/fr\/wp-json\/wp\/v2\/pages\/36616"}],"wp:featuredmedia":[{"embeddable":true,"href":"https:\/\/cyclingcanada.ca\/fr\/wp-json\/wp\/v2\/media\/37086"}],"wp:attachment":[{"href":"https:\/\/cyclingcanada.ca\/fr\/wp-json\/wp\/v2\/media?parent=57070"}],"curies":[{"name":"wp","href":"https:\/\/api.w.org\/{rel}","templated":true}]}}