{"id":69605,"date":"2025-04-10T14:07:04","date_gmt":"2025-04-10T18:07:04","guid":{"rendered":"https:\/\/cyclingcanada.ca\/apropos\/apercu\/"},"modified":"2025-04-24T17:39:27","modified_gmt":"2025-04-24T21:39:27","slug":"apercu","status":"publish","type":"page","link":"https:\/\/cyclingcanada.ca\/fr\/apropos\/apercu\/","title":{"rendered":"Vue d&#8217;ensemble"},"content":{"rendered":"\n<figure class=\"wp-block-embed alignwide is-type-video is-provider-youtube wp-block-embed-youtube wp-embed-aspect-16-9 wp-has-aspect-ratio\"><div class=\"wp-block-embed__wrapper\">\n<iframe loading=\"lazy\" title=\"Cycling Canada Overview | We Ride for Canada\" width=\"500\" height=\"281\" src=\"https:\/\/www.youtube.com\/embed\/wHwUcHYGTew?feature=oembed\" frameborder=\"0\" allow=\"accelerometer; autoplay; clipboard-write; encrypted-media; gyroscope; picture-in-picture; web-share\" referrerpolicy=\"strict-origin-when-cross-origin\" allowfullscreen><\/iframe>\n<\/div><\/figure>\n\n<p>Cyclisme Canada est l\u2019organisme national qui r\u00e9git le cyclisme au Canada, du niveau amateur au niveau olympique\/paralympique. Fond\u00e9 en 1882, nous sommes le plus ancien organisme national de sport du pays. Aujourd\u2019hui, notre r\u00f4le est d\u2019engager, d\u2019unir et de soutenir <a href=\"https:\/\/cyclingcanada.ca\/about\/partners\/\">nos partenaires provinciaux, territoriaux et nationaux <\/a>afin de d\u00e9velopper collectivement notre communaut\u00e9 par le biais de programmes, d\u2019\u00e9v\u00e9nements et de services de haute qualit\u00e9 qui sont align\u00e9s d\u2019un oc\u00e9an \u00e0 l\u2019autre.  <\/p>\n\n<p>Notre <strong><mark style=\"background-color:rgba(0, 0, 0, 0)\" class=\"has-inline-color has-primary-color\">but<\/mark><\/strong> est simple: inspirer les Canadiens \u00e0 faire du v\u00e9lo. Notre <strong><mark style=\"background-color:rgba(0, 0, 0, 0)\" class=\"has-inline-color has-primary-color\">mandat<\/mark><\/strong> est de d\u00e9velopper notre sport de fa\u00e7on holistique, en mettant plus de Canadiens sur des v\u00e9los d\u2019un oc\u00e9an \u00e0 l\u2019autre et sur les podiums du monde entier.<\/p>\n\n<p>Cyclisme Canada se concentre sur quatre piliers strat\u00e9giques interd\u00e9pendants pour atteindre ces objectifs. Nous cr\u00e9erons une <strong><mark style=\"background-color:rgba(0, 0, 0, 0)\" class=\"has-inline-color has-primary-color\">communaut\u00e9<\/mark><\/strong> avec un lien profond, une affinit\u00e9 et une fiert\u00e9 pour le sport cycliste ; nous enseignerons aux enfants \u00e0 travers le Canada les joies du cyclisme par le biais d\u2019un <strong><mark style=\"background-color:rgba(0, 0, 0, 0)\" class=\"has-inline-color has-primary-color\">d\u00e9veloppement<\/mark><\/strong> \u00e0 la base qui alimentera le flux de nouveaux participants tout au long du parcours de l\u2019athl\u00e8te ; nous cr\u00e9erons des <strong><mark style=\"background-color:rgba(0, 0, 0, 0)\" class=\"has-inline-color has-primary-color\">\u00e9v\u00e9nements<\/mark><\/strong> qui enthousiasmeront les Canadiens pour le cyclisme ; et nous cr\u00e9erons un programme de performance durable qui fournira continuellement des <strong><mark style=\"background-color:rgba(0, 0, 0, 0)\" class=\"has-inline-color has-primary-color\">champions courtois<\/mark><\/strong> sur la sc\u00e8ne mondiale et en tant qu\u2019ambassadeurs de la communaut\u00e9. <\/p>\n\n<figure class=\"wp-block-image aligncenter size-full\"><img decoding=\"async\" src=\"https:\/\/cyclingcanada.ca\/wp-content\/uploads\/2025\/04\/Screen-Shot-2024-11-12-at-11.37.10-AM-845x684-1.avif\" alt=\"\" class=\"wp-image-70542\"\/><\/figure>\n\n<p>Pour en savoir plus sur la mani\u00e8re dont nous travaillons pour transformer le cyclisme au Canada, veuillez consulter <a href=\"https:\/\/cyclingcanada.ca\/wp-content\/uploads\/2021\/02\/CC_-Strategic_Plan_2020-2030-V4-FR-11022021-1.pdf\" target=\"_blank\" rel=\"noreferrer noopener\">notre plan strat\u00e9gique 2020-2030<\/a>.<\/p>\n","protected":false},"excerpt":{"rendered":"<p>Cyclisme Canada est l\u2019organisme national qui r\u00e9git le cyclisme au Canada, du niveau amateur au niveau olympique\/paralympique. Fond\u00e9 en 1882, nous sommes le plus ancien organisme national de sport du pays. Aujourd\u2019hui, notre r\u00f4le est d\u2019engager, d\u2019unir et de soutenir nos partenaires provinciaux, territoriaux et nationaux afin de d\u00e9velopper collectivement notre communaut\u00e9 par le biais [&hellip;]<\/p>\n","protected":false},"author":46,"featured_media":77262,"parent":37315,"menu_order":0,"comment_status":"closed","ping_status":"closed","template":"wp-custom-template-simple-hero-page","meta":{"_acf_changed":false,"advanced_seo_description":"","jetpack_seo_html_title":"","jetpack_seo_noindex":false,"footnotes":""},"class_list":["post-69605","page","type-page","status-publish","has-post-thumbnail","hentry"],"acf":[],"jetpack_sharing_enabled":true,"_links":{"self":[{"href":"https:\/\/cyclingcanada.ca\/fr\/wp-json\/wp\/v2\/pages\/69605","targetHints":{"allow":["GET"]}}],"collection":[{"href":"https:\/\/cyclingcanada.ca\/fr\/wp-json\/wp\/v2\/pages"}],"about":[{"href":"https:\/\/cyclingcanada.ca\/fr\/wp-json\/wp\/v2\/types\/page"}],"author":[{"embeddable":true,"href":"https:\/\/cyclingcanada.ca\/fr\/wp-json\/wp\/v2\/users\/46"}],"replies":[{"embeddable":true,"href":"https:\/\/cyclingcanada.ca\/fr\/wp-json\/wp\/v2\/comments?post=69605"}],"version-history":[{"count":6,"href":"https:\/\/cyclingcanada.ca\/fr\/wp-json\/wp\/v2\/pages\/69605\/revisions"}],"predecessor-version":[{"id":70546,"href":"https:\/\/cyclingcanada.ca\/fr\/wp-json\/wp\/v2\/pages\/69605\/revisions\/70546"}],"up":[{"embeddable":true,"href":"https:\/\/cyclingcanada.ca\/fr\/wp-json\/wp\/v2\/pages\/37315"}],"wp:featuredmedia":[{"embeddable":true,"href":"https:\/\/cyclingcanada.ca\/fr\/wp-json\/wp\/v2\/media\/77262"}],"wp:attachment":[{"href":"https:\/\/cyclingcanada.ca\/fr\/wp-json\/wp\/v2\/media?parent=69605"}],"curies":[{"name":"wp","href":"https:\/\/api.w.org\/{rel}","templated":true}]}}