{"id":69655,"date":"2025-04-10T15:33:43","date_gmt":"2025-04-10T19:33:43","guid":{"rendered":"https:\/\/cyclingcanada.ca\/apropos\/conseil-dadministration\/"},"modified":"2025-10-02T15:25:13","modified_gmt":"2025-10-02T19:25:13","slug":"conseil-dadministration","status":"publish","type":"page","link":"https:\/\/cyclingcanada.ca\/fr\/apropos\/conseil-dadministration\/","title":{"rendered":"Conseil d\u2019administration"},"content":{"rendered":"\n<h3 class=\"wp-block-heading has-primary-color has-text-color has-link-color wp-elements-7b6bcc6d2003ddbcd49f49d3b462e73a\">Ils prennent les devants<\/h3>\n\n\n\n<p>Toute bonne \u00e9quipe a une bonne structure administrative. La n\u00f4tre est compos\u00e9e d\u2019une personne \u00e0 la pr\u00e9sidence, de sept \u00e0 la direction pancanadienne et d\u2019une porte-parole pour notre \u00e9quipe nationale. Deux fois par ann\u00e9e, tout ce beau monde se rencontre pour assurer que les activit\u00e9s men\u00e9es par Cyclisme Canada se d\u00e9roulent sur un chemin pav\u00e9 de succ\u00e8s.<\/p>\n\n\n\n<figure class=\"wp-block-table\"><table class=\"has-fixed-layout\"><thead><tr><td><strong>Name<\/strong><\/td><td><strong>Position<\/strong><\/td><\/tr><\/thead><tbody><tr><td>Mark Collins<\/td><td>Pr\u00e9sident<\/td><\/tr><tr><td>Alison Jackson<\/td><td>Repr\u00e9sentante des athl\u00e8tes de l\u2019\u00e9quipe nationale<\/td><\/tr><tr><td>Becka Borody<\/td><td>Directrice<\/td><\/tr><tr><td>Denise Ramsden<\/td><td>Directrice<\/td><\/tr><tr><td>Johanne Gauthier<\/td><td>Directrice<\/td><\/tr><tr><td>Kelly Murray<\/td><td>Directrice<\/td><\/tr><tr><td>Lara Check<\/td><td>Directrice<\/td><\/tr><tr><td>Louizandre Dauphin<\/td><td>Directeur<\/td><\/tr><tr><td>Marc Gaudet<\/td><td>Directeur<\/td><\/tr><\/tbody><\/table><\/figure>\n\n\n\n<p>Pour toute question ou pr\u00e9occupation, n\u2019h\u00e9sitez pas \u00e0 contacter le conseil d\u2019administration \u00e0 <a href=\"mailto:boardofdirectors@cyclingcanada.ca\">boardofdirectors@cyclingcanada.ca<\/a>.<\/p>\n\n\n\n<p><\/p>\n","protected":false},"excerpt":{"rendered":"<p>Ils prennent les devants Toute bonne \u00e9quipe a une bonne structure administrative. La n\u00f4tre est compos\u00e9e d\u2019une personne \u00e0 la pr\u00e9sidence, de sept \u00e0 la direction pancanadienne et d\u2019une porte-parole pour notre \u00e9quipe nationale. Deux fois par ann\u00e9e, tout ce beau monde se rencontre pour assurer que les activit\u00e9s men\u00e9es par Cyclisme Canada se d\u00e9roulent [&hellip;]<\/p>\n","protected":false},"author":46,"featured_media":75739,"parent":37315,"menu_order":0,"comment_status":"closed","ping_status":"closed","template":"wp-custom-template-simple-hero-page","meta":{"_acf_changed":false,"advanced_seo_description":"","jetpack_seo_html_title":"","jetpack_seo_noindex":false,"footnotes":""},"class_list":["post-69655","page","type-page","status-publish","has-post-thumbnail","hentry"],"acf":[],"jetpack_sharing_enabled":true,"_links":{"self":[{"href":"https:\/\/cyclingcanada.ca\/fr\/wp-json\/wp\/v2\/pages\/69655","targetHints":{"allow":["GET"]}}],"collection":[{"href":"https:\/\/cyclingcanada.ca\/fr\/wp-json\/wp\/v2\/pages"}],"about":[{"href":"https:\/\/cyclingcanada.ca\/fr\/wp-json\/wp\/v2\/types\/page"}],"author":[{"embeddable":true,"href":"https:\/\/cyclingcanada.ca\/fr\/wp-json\/wp\/v2\/users\/46"}],"replies":[{"embeddable":true,"href":"https:\/\/cyclingcanada.ca\/fr\/wp-json\/wp\/v2\/comments?post=69655"}],"version-history":[{"count":5,"href":"https:\/\/cyclingcanada.ca\/fr\/wp-json\/wp\/v2\/pages\/69655\/revisions"}],"predecessor-version":[{"id":74081,"href":"https:\/\/cyclingcanada.ca\/fr\/wp-json\/wp\/v2\/pages\/69655\/revisions\/74081"}],"up":[{"embeddable":true,"href":"https:\/\/cyclingcanada.ca\/fr\/wp-json\/wp\/v2\/pages\/37315"}],"wp:featuredmedia":[{"embeddable":true,"href":"https:\/\/cyclingcanada.ca\/fr\/wp-json\/wp\/v2\/media\/75739"}],"wp:attachment":[{"href":"https:\/\/cyclingcanada.ca\/fr\/wp-json\/wp\/v2\/media?parent=69655"}],"curies":[{"name":"wp","href":"https:\/\/api.w.org\/{rel}","templated":true}]}}