{"id":69695,"date":"2025-04-10T18:24:31","date_gmt":"2025-04-10T22:24:31","guid":{"rendered":"https:\/\/cyclingcanada.ca\/club-1882\/a-propos\/"},"modified":"2025-10-23T13:46:11","modified_gmt":"2025-10-23T17:46:11","slug":"a-propos","status":"publish","type":"page","link":"https:\/\/cyclingcanada.ca\/fr\/club1882\/a-propos\/","title":{"rendered":"\u00c0 propos du Club 1882"},"content":{"rendered":"\n<p>Lanc\u00e9 officiellement en 2020, le Club 1882 constitue la branche directe de collecte de fonds pour les initiatives de d\u00e9veloppement de l\u2019\u00e9quipe nationale de Cyclisme Canada. Tous les fonds recueillis sont directement investis dans les programmes de l\u2019\u00e9quipe nationale afin de soutenir les athl\u00e8tes en d\u00e9veloppement dans leur parcours vers le succ\u00e8s international. Le Club 1882 offre une occasion exclusive de se rapprocher de l\u2019\u00e9quipe nationale et de laisser un h\u00e9ritage durable gr\u00e2ce \u00e0 votre investissement dans l\u2019avenir du cyclisme canadien.<\/p>\n\n\n\n<p>Le Club 1882 est fier d\u2019\u00eatre membre du Collectif 1882&nbsp;de Cyclisme Canada, appuyant les programmes des clubs et \u00e9quipes affili\u00e9s \u00e0 l\u2019\u00e9chelle nationale. Pour en savoir plus sur le Collectif 1882, <a href=\"https:\/\/cyclingcanada.ca\/fr\/collectif1882\/\">cliquez ici<\/a>.<\/p>\n\n\n\n<hr class=\"wp-block-separator has-alpha-channel-opacity is-style-default\"\/>\n\n\n\n<p>Afin d\u2019assurer un futur prometteur pour nos athl\u00e8tes, nous savons que le financement public n\u2019est pas suffisant \u00e0 lui seul. C\u2019est pourquoi nous avons mis en place le Club 1882, comme partie int\u00e9grale de notre strat\u00e9gie afin de cr\u00e9er un chemin vers la r\u00e9ussite fort et durable.<\/p>\n\n\n\n<p>Votre soutien est essentiel pour \u00e9liminer les obstacles financiers auxquels font face les athl\u00e8tes et les programmes sous-financ\u00e9s. Les dons permettent aux athl\u00e8tes de vivre des exp\u00e9riences b\u00e9n\u00e9fiques dont ils ont besoin pour s\u2019\u00e9panouir et garantissent que Cyclisme Canada demeure in\u00e9branlable dans sa capacit\u00e9 \u00e0 r\u00e9pondre aux besoins de l\u2019\u00e9quipe malgr\u00e9 l\u2019adversit\u00e9.<\/p>\n\n\n\n<p>Nous vous invitons \u00e0 vous joindre \u00e0 nous afin de b\u00e2tir de meilleurs chemins pour la prochaine g\u00e9n\u00e9ration de champion courtois au Canada. En donnant au Club 1882, vous faites non seulement une diff\u00e9rence dans la vie des athl\u00e8tes, vous recevez \u00e9galement des exp\u00e9riences r\u00e9serv\u00e9es aux membres ainsi que d\u2019autres avantages. Votre g\u00e9n\u00e9rosit\u00e9 est toujours appr\u00e9ci\u00e9e et nous avons h\u00e2te de vous compter parmi nous.<\/p>\n\n\n\n<div style=\"margin-top:0;margin-bottom:0;height:var(--wp--preset--spacing--x-large)\" aria-hidden=\"true\" class=\"wp-block-spacer\"><\/div>\n\n\n\n<div class=\"wp-block-buttons is-content-justification-center is-layout-flex wp-container-core-buttons-is-layout-2bb63ab0 wp-block-buttons-is-layout-flex\">\n<div class=\"wp-block-button has-custom-width wp-block-button__width-50\"><a class=\"wp-block-button__link has-black-color has-gainsboro-background-color has-text-color has-background has-link-color has-poppins-font-family has-normal-font-size has-custom-font-size wp-element-button\" href=\"https:\/\/cyclingcanada.ca\/fr\/club1882\/\" style=\"padding-top:1.4rem;padding-bottom:1.4rem;letter-spacing:2px\">&lt; Retour \u00e0 Club 1882<\/a><\/div>\n\n\n\n<div class=\"wp-block-button has-custom-width wp-block-button__width-50 is-style-fill\"><a class=\"wp-block-button__link has-white-color has-primary-background-color has-text-color has-background has-link-color has-poppins-font-family has-normal-font-size has-custom-font-size wp-element-button\" href=\"https:\/\/cyclingcanada.ca\/fr\/club1882\/faire-un-don\/\" style=\"padding-top:1.4rem;padding-bottom:1.4rem;letter-spacing:2px\">Next: Faire un don &gt;<\/a><\/div>\n<\/div>\n\n\n\n<p><\/p>\n","protected":false},"excerpt":{"rendered":"<p>Lanc\u00e9 officiellement en 2020, le Club 1882 constitue la branche directe de collecte de fonds pour les initiatives de d\u00e9veloppement de l\u2019\u00e9quipe nationale de Cyclisme Canada. Tous les fonds recueillis sont directement investis dans les programmes de l\u2019\u00e9quipe nationale afin de soutenir les athl\u00e8tes en d\u00e9veloppement dans leur parcours vers le succ\u00e8s international. Le Club [&hellip;]<\/p>\n","protected":false},"author":46,"featured_media":73522,"parent":73951,"menu_order":0,"comment_status":"closed","ping_status":"closed","template":"wp-custom-template-club-1882-page","meta":{"_acf_changed":false,"advanced_seo_description":"","jetpack_seo_html_title":"","jetpack_seo_noindex":false,"footnotes":""},"class_list":["post-69695","page","type-page","status-publish","has-post-thumbnail","hentry"],"acf":[],"jetpack_sharing_enabled":true,"_links":{"self":[{"href":"https:\/\/cyclingcanada.ca\/fr\/wp-json\/wp\/v2\/pages\/69695","targetHints":{"allow":["GET"]}}],"collection":[{"href":"https:\/\/cyclingcanada.ca\/fr\/wp-json\/wp\/v2\/pages"}],"about":[{"href":"https:\/\/cyclingcanada.ca\/fr\/wp-json\/wp\/v2\/types\/page"}],"author":[{"embeddable":true,"href":"https:\/\/cyclingcanada.ca\/fr\/wp-json\/wp\/v2\/users\/46"}],"replies":[{"embeddable":true,"href":"https:\/\/cyclingcanada.ca\/fr\/wp-json\/wp\/v2\/comments?post=69695"}],"version-history":[{"count":9,"href":"https:\/\/cyclingcanada.ca\/fr\/wp-json\/wp\/v2\/pages\/69695\/revisions"}],"predecessor-version":[{"id":74557,"href":"https:\/\/cyclingcanada.ca\/fr\/wp-json\/wp\/v2\/pages\/69695\/revisions\/74557"}],"up":[{"embeddable":true,"href":"https:\/\/cyclingcanada.ca\/fr\/wp-json\/wp\/v2\/pages\/73951"}],"wp:featuredmedia":[{"embeddable":true,"href":"https:\/\/cyclingcanada.ca\/fr\/wp-json\/wp\/v2\/media\/73522"}],"wp:attachment":[{"href":"https:\/\/cyclingcanada.ca\/fr\/wp-json\/wp\/v2\/media?parent=69695"}],"curies":[{"name":"wp","href":"https:\/\/api.w.org\/{rel}","templated":true}]}}