{"id":69754,"date":"2025-04-14T17:38:19","date_gmt":"2025-04-14T21:38:19","guid":{"rendered":"https:\/\/cyclingcanada.ca\/ressources\/antidopage\/"},"modified":"2026-03-24T10:44:09","modified_gmt":"2026-03-24T14:44:09","slug":"antidopage","status":"publish","type":"page","link":"https:\/\/cyclingcanada.ca\/fr\/ressources\/antidopage\/","title":{"rendered":"Antidopage"},"content":{"rendered":"\n<h3 class=\"wp-block-heading has-primary-color has-text-color has-link-color wp-elements-43f5f3cc09822cb469b31ffc3432f26c\">Ressources<\/h3>\n\n\n\n<p class=\"has-black-color has-text-color has-link-color wp-elements-dd6fe95546003e885a5eda991cb79fc2\"><a href=\"https:\/\/cyclingcanada.ca\/wp-content\/uploads\/2026\/03\/2026-03-05-NAP-RTP-List-for-Web-FR-1.pdf\" data-type=\"link\" data-id=\"https:\/\/cyclingcanada.ca\/wp-content\/uploads\/2026\/03\/2026-03-05-NAP-RTP-List-for-Web-FR-1.pdf\" target=\"_blank\" rel=\"noreferrer noopener\">Liste du groupe cible enregistr\u00e9 (GCE) &amp; groupe national d\u2019athl\u00e8tes (GNA) de Cyclisme Canada (Mis \u00e0 jour en 5 mars 2026)<\/a><\/p>\n\n\n\n<p class=\"has-black-color has-text-color has-link-color wp-elements-cd59634736bce8003ee210d7e174aa7e\"><a href=\"https:\/\/cces.ca\/whereabouts\" target=\"_blank\" rel=\"noreferrer noopener\"><strong><span style=\"text-decoration: underline;\">Programme de localisation<\/span><\/strong><\/a><\/p>\n\n\n\n<p class=\"has-black-color has-text-color has-link-color wp-elements-b6fe1465c38efb444a32792089aaffec\"><strong><span style=\"text-decoration: underline;\"><a href=\"https:\/\/cces.ca\/fr\" target=\"_blank\" rel=\"noreferrer noopener\">Anti-dopage domestique (SIC)<br><\/a><\/span><\/strong><br>Cliquez ici pour plus d\u2019informations sur les autorisations d\u2019usage \u00e0 des fins th\u00e9rapeutiques, le programme de localisation du SIC, les proc\u00e9dures de dopage, et bien plus.<\/p>\n\n\n\n<p class=\"has-black-color has-text-color has-link-color wp-elements-b561c74e57001ca41e22053c9b9dd719\"><strong><span style=\"text-decoration: underline;\"><a href=\"https:\/\/www.uci.org\/inside-uci\/clean-sport\">Union Cycliste Internationale (UCI)<\/a><\/span><\/strong><br>Cliquez ici pour plus d\u2019informations sur le programme antidopage de l\u2019UCI et les substances interdites dans le sport du cyclisme.<\/p>\n\n\n\n<p class=\"has-black-color has-text-color has-link-color wp-elements-71d5b95b316a988c20b4b3100fe7cce9\"><a href=\"https:\/\/www.wada-ama.org\/fr\" target=\"_blank\" rel=\"noreferrer noopener\"><span style=\"text-decoration: underline;\"><strong>L\u2019Agence mondiale antidopage (AMA)<\/strong><\/span><\/a><br>L\u2019AMA est la r\u00e9f\u00e9rence internationale en mati\u00e8re de lutte contre le dopage. Cliquez ici pour plus d\u2019informations sur la liste des interdictions de l\u2019AMA, les d\u00e9rogations internationales pour l\u2019usage th\u00e9rapeutique et d\u2019autres programmes et ressources.<\/p>\n\n\n\n<p class=\"has-black-color has-text-color has-link-color wp-elements-2e4f1e2629edf430d8359eb8a8c11d8a\"><a href=\"https:\/\/cyclingcanada.ca\/fr\/ressources\/antidopage\/#\"><span style=\"text-decoration: underline;\"><strong>Transgender Athletes and Sample Collection Guide<\/strong><\/span><\/a><\/p>\n\n\n\n<div style=\"height:var(--wp--preset--spacing--medium)\" aria-hidden=\"true\" class=\"wp-block-spacer\"><\/div>\n\n\n\n<h3 class=\"wp-block-heading\">Antidopage<\/h3>\n\n\n\n<p>Cyclisme Canada a adopt\u00e9 le <a href=\"https:\/\/sportintegrity.ca\/fr\/programme-canadien-antidopage\"><strong>Programme canadien antidopage (PCA)<\/strong><\/a>, qui encadre la lutte contre le dopage au Canada. Vous avez donc l\u2019assurance, en tant que membre de Cyclisme Canada, de faire partie d\u2019un programme antidopage de renomm\u00e9e mondiale con\u00e7u pour prot\u00e9ger les droits des athl\u00e8tes et s\u2019assurer qu\u2019elles et ils peuvent concourir \u00e0 chances \u00e9gales. La <strong><a href=\"https:\/\/cyclingcanada.ca\/wp-content\/uploads\/2025\/07\/09-7-Politique-Antidopage-FR-F.pdf\" data-type=\"link\" data-id=\"https:\/\/cyclingcanada.ca\/wp-content\/uploads\/2025\/07\/09-7-Politique-Antidopage-FR-F.pdf\" target=\"_blank\" rel=\"noreferrer noopener\">politique antidopage<\/a><\/strong> et le <strong><a href=\"https:\/\/cyclingcanada.ca\/wp-content\/uploads\/2022\/12\/09-6-Code-of-Conduct-and-Ethics-2022-FRFinal.pdf\" data-type=\"link\" data-id=\"https:\/\/cyclingcanada.ca\/wp-content\/uploads\/2022\/12\/09-6-Code-of-Conduct-and-Ethics-2022-FRFinal.pdf\" target=\"_blank\" rel=\"noreferrer noopener\">code de conduite<\/a><\/strong> de Cyclisme Canada t\u00e9moignent de cette adh\u00e9sion au PCA.<\/p>\n\n\n\n<p>Dans le cadre du PCA, <a href=\"https:\/\/sportintegrite.ca\"><strong>Sport Int\u00e9grit\u00e9 Canada<\/strong><\/a> effectue des contr\u00f4les hors comp\u00e9tition et en comp\u00e9tition, propose des ressources \u00e9ducatives, aide les athl\u00e8tes et le personnel d\u2019encadrement \u00e0 comprendre les r\u00e8gles entourant les m\u00e9dicaments et impose des sanctions aux personnes qui ne les respectent pas.<\/p>\n\n\n\n<p>Le PCA s\u2019applique aux athl\u00e8tes et \u00e0 leur personnel d\u2019encadrement. Vous pourriez \u00e9galement \u00eatre assujetti aux r\u00e8glements de UCI. Apprenez-en davantage sur les politiques et proc\u00e9dures de lutte contre le dopage de UCI <a href=\"https:\/\/fr.uci.org\/antidopage\/192SPNKHvmPJkgVl6M6eNq\" data-type=\"link\" data-id=\"https:\/\/fr.uci.org\/antidopage\/192SPNKHvmPJkgVl6M6eNq\" target=\"_blank\" rel=\"noreferrer noopener\"><strong>ici<\/strong>.<\/a><\/p>\n\n\n\n<p>Le PCA est conforme au <a href=\"https:\/\/www.wada-ama.org\/fr\/nos-activites\/le-code-mondial-antidopage\"><strong>Code mondial antidopage<\/strong><\/a> et \u00e0 tous les standards internationaux ; il refl\u00e8te donc les r\u00e8gles utilis\u00e9es partout dans le monde. Le PCA&nbsp;2021 est actuellement en vigueur.<\/p>\n\n\n\n<p>Les r\u00e8gles antidopage sont parfois compliqu\u00e9es, mais s\u2019entra\u00eener et concourir dans les r\u00e8gles du sport propre peut \u00eatre tr\u00e8s simple. Voici quelques ressources pour vous aider.<\/p>\n\n\n\n<h3 class=\"wp-block-heading\">Suivez les formations<\/h3>\n\n\n\n<p>Les athl\u00e8tes du <strong>Groupe national d\u2019athl\u00e8tes (GNA)<\/strong> et le <strong>personnel d\u2019encadrement des athl\u00e8tes<\/strong> doivent suivre annuellement des formations en ligne sur la lutte contre le dopage. Comment acc\u00e9der aux formations en ligne&nbsp;:<\/p>\n\n\n\n<ul class=\"wp-block-list\">\n<li>Inscrivez-vous via le courriel d\u2019invitation de Cyclisme Canada. Veuillez envoyer un e-mail \u00e0 <a href=\"mailto:safesport@cyclingcanada.ca\">safesport@cyclingcanada.ca<\/a> pour recevoir une invitation.<\/li>\n\n\n\n<li>Ouvrir une session sur le <a href=\"https:\/\/education.sportintegrite.ca\">portail d\u2019apprentissage en ligne<\/a> de Sport Int\u00e9grit\u00e9 Canada pour acc\u00e9der aux cours.<\/li>\n\n\n\n<li>Si vous avez besoin d\u2019aide, consultez la <a href=\"https:\/\/education.sportintegrite.ca#\/faq\">FAQ<\/a> ou \u00e9crivez \u00e0 <a href=\"mailto:education@sportintegrite.ca\">education@sportintegrite.ca<\/a>.<\/li>\n<\/ul>\n\n\n\n<p>Les athl\u00e8tes qui ne font pas partie du GNA n\u2019ont pas d\u2019obligations annuelles en mati\u00e8re de formation. Toutefois, ces personnes sont encourag\u00e9es \u00e0 s\u2019informer via la <a href=\"https:\/\/sportintegrity.ca\/fr\/lantidopage-sans-suivi\">version sans suivi<\/a> du cours, accessible sur le site&nbsp;Web de Sport Int\u00e9grit\u00e9 Canada.<\/p>\n\n\n\n<p>Le syst\u00e8me antidopage est complexe, c\u2019est pourquoi les parents, les tuteurs et les personnes aidantes sont les mieux plac\u00e9s pour aider les jeunes athl\u00e8tes \u00e0 s\u2019y retrouver.<\/p>\n\n\n\n<ul class=\"wp-block-list\">\n<li>Les parents n\u2019ont aucune obligation de formation dans le cadre du PCA.<\/li>\n\n\n\n<li>Ils peuvent toutefois d\u00e9couvrir comment soutenir leurs enfants en consultant la ressource <a href=\"https:\/\/sportintegrity.ca\/fr\/le-sport-propre-pour-les-parents\"><strong>Le sport propre pour les parents<\/strong><\/a>.<\/li>\n<\/ul>\n\n\n\n<h3 class=\"wp-block-heading\">V\u00e9rifier vos m\u00e9dicaments<\/h3>\n\n\n\n<p>Les m\u00e9dicaments sur ordonnance et en vente libre peuvent contenir des ingr\u00e9dients figurant sur la <a href=\"https:\/\/sportintegrity.ca\/fr\/substances-et-methodes-interdites\"><strong>liste des interdictions<\/strong><\/a> de l\u2019Agence mondiale antidopage (AMA).<\/p>\n\n\n\n<ul class=\"wp-block-list\">\n<li>Pour v\u00e9rifier le statut de vos m\u00e9dicaments, effectuez une recherche par num\u00e9ro d\u2019identification du m\u00e9dicament (DIN), par nom ou par ingr\u00e9dient sur <a href=\"https:\/\/www.globaldro.com\/Home?changelang=fr-ca\"><strong>DRO Global<\/strong><\/a>.<\/li>\n\n\n\n<li><a href=\"https:\/\/sportintegrity.ca\/fr\/verifiez-vos-medicaments\" data-type=\"link\" data-id=\"https:\/\/sportintegrity.ca\/fr\/verifiez-vos-medicaments\" target=\"_blank\" rel=\"noreferrer noopener\">En savoir plus ou poser une question<\/a>.<\/li>\n<\/ul>\n\n\n\n<h3 class=\"wp-block-heading\">V\u00e9rifier vos exigences d\u2019exemption m\u00e9dicale<\/h3>\n\n\n\n<ul class=\"wp-block-list\">\n<li>Si votre m\u00e9dicament est interdit dans le sport, l\u2019<a href=\"https:\/\/sportintegrity.ca\/fr\/exemptions-medicales\"><strong>Assistant exemption m\u00e9dicale<\/strong><\/a> peut vous aider \u00e0 trouver quel type d\u2019exemption vous avez besoin et \u00e0 qui soumettre la demande.<\/li>\n\n\n\n<li><a href=\"https:\/\/sportintegrity.ca\/fr\/exemptions-medicales\" data-type=\"link\" data-id=\"https:\/\/sportintegrity.ca\/fr\/exemptions-medicales\" target=\"_blank\" rel=\"noreferrer noopener\">En savoir plus ou poser une question<\/a>.<\/li>\n<\/ul>\n\n\n\n<h3 class=\"wp-block-heading\">Faire attention aux suppl\u00e9ments<\/h3>\n\n\n\n<p>L\u2019utilisation de suppl\u00e9ments est une pratique r\u00e9pandue dans le sport, et certaines utilisations sont appropri\u00e9es, fond\u00e9es sur des donn\u00e9es scientifiques et relativement sans danger. Cela dit, les suppl\u00e9ments pr\u00e9sentent des risques. Certains d\u2019entre eux contiennent des substances interdites et peuvent donc entra\u00eener une violation des r\u00e8gles antidopage.<\/p>\n\n\n\n<p>Id\u00e9alement, les suppl\u00e9ments devraient \u00eatre int\u00e9gr\u00e9s \u00e0 un plan de nutrition et\/ou de performance personnalis\u00e9, sous la supervision de personnel m\u00e9dical.<\/p>\n\n\n\n<ul class=\"wp-block-list\">\n<li>Apprenez comment <a href=\"https:\/\/sportintegrity.ca\/fr\/supplements\"><strong>limiter les risques<\/strong><\/a>.<\/li>\n\n\n\n<li>Assurez-vous que vos suppl\u00e9ments ont \u00e9t\u00e9 test\u00e9s par lots par un programme de contr\u00f4les ind\u00e9pendant et fiable, comme <a href=\"https:\/\/www.nsfsport.com\/\">Certified for Sport de NSF International<\/a>, <a href=\"https:\/\/sport.wetestyoutrust.com\/\">Informed Sport<\/a>, <a href=\"https:\/\/choice.wetestyoutrust.com\/\">Informed Choice<\/a> ou <a href=\"https:\/\/www.bscg.org\/\">BSCG<\/a>.<\/li>\n\n\n\n<li><a href=\"https:\/\/sportintegrity.ca\/fr\/supplements\">En savoir plus ou poser une question<\/a>.<\/li>\n<\/ul>\n\n\n\n<h3 class=\"wp-block-heading\">Se m\u00e9fier du cannabis<\/h3>\n\n\n\n<p>Le cannabis est interdit en comp\u00e9tition, et sa consommation hors comp\u00e9tition peut tout de m\u00eame entra\u00eener un contr\u00f4le positif en comp\u00e9tition.<\/p>\n\n\n\n<ul class=\"wp-block-list\">\n<li>Le CBD n\u2019est pas interdit, mais <strong>les produits du CBD peuvent contenir du THC<\/strong>, et donc entra\u00eener un contr\u00f4le positif.<\/li>\n\n\n\n<li>Les personnes qui consomment du <strong>cannabis \u00e0 des fins m\u00e9dicales<\/strong> peuvent demander une <a href=\"https:\/\/sportintegrity.ca\/fr\/exemptions-medicales\">exemption m\u00e9dicale<\/a>.<\/li>\n\n\n\n<li><a href=\"https:\/\/sportintegrity.ca\/fr\/cannabis-dans-le-sport\">En savoir plus ou poser une question<\/a>.<\/li>\n<\/ul>\n\n\n\n<h3 class=\"wp-block-heading\">Se pr\u00e9parer en vue d\u2019un contr\u00f4le du dopage<\/h3>\n\n\n\n<p>Sport Integrit\u00e9 Canada pr\u00e9l\u00e8ve et teste des \u00e9chantillons d\u2019<a href=\"https:\/\/sportintegrity.ca\/fr\/prelevement-des-echantillons\"><strong>urine<\/strong><\/a>, de <a href=\"https:\/\/sportintegrity.ca\/fr\/blood\"><strong>sang<\/strong><\/a> et de <a href=\"https:\/\/sportintegrity.ca\/fr\/controle-par-gouttes-de-sang-seche\"><strong>gouttes de sang s\u00e9ch\u00e9<\/strong><\/a> pour d\u00e9tecter les substances interdites. Que ce soit en comp\u00e9tition ou hors comp\u00e9tition, vous devez vous pr\u00e9parer en cas d\u2019avis de contr\u00f4le.<\/p>\n\n\n\n<ul class=\"wp-block-list\">\n<li>Prenez connaissance de vos <a href=\"https:\/\/sportintegrity.ca\/fr\/droits-et-responsabilites-des-athletes\"><strong>droits et responsabilit\u00e9s<\/strong><\/a> pendant les contr\u00f4les.<\/li>\n\n\n\n<li>Ayez une <strong>photo d\u2019identit\u00e9<\/strong> pour permettre \u00e0 l\u2019agent de contr\u00f4le du dopage (ACD) de vous identifier.<\/li>\n\n\n\n<li>Vous pouvez vous faire accompagner d\u2019une <strong>repr\u00e9sentante<\/strong> ou d\u2019un <strong>repr\u00e9sentant<\/strong>. Si vous \u00eates une ou un athl\u00e8te, d\u00e9signez d\u2019avance une personne qui pourrait vous repr\u00e9senter. Si vous faites partie du personnel d\u2019encadrement, sachez que vous pouvez proposer \u00e0 une ou \u00e0 un athl\u00e8te de l\u2019accompagner.<\/li>\n\n\n\n<li>En tant qu\u2019athl\u00e8te, vous et la personne qui vous repr\u00e9sente devez collaborer avec l\u2019ACD et vous conformer \u00e0 <a href=\"https:\/\/sportintegrity.ca\/fr\/prelevement-des-echantillons\"><strong>la proc\u00e9dure de pr\u00e9l\u00e8vement des \u00e9chantillons<\/strong><\/a>.<\/li>\n\n\n\n<li><strong>Conservez une liste<\/strong> des m\u00e9dicaments et des suppl\u00e9ments que vous consommez pour pouvoir les <strong>d\u00e9clarer<\/strong>.<\/li>\n\n\n\n<li>Avisez votre personnel d\u2019encadrement de votre s\u00e9lection pour un contr\u00f4le.<\/li>\n\n\n\n<li>Les athl\u00e8tes et les personnes qui le repr\u00e9sentent peuvent poser des questions \u00e0 l\u2019ACD pendant le processus de pr\u00e9l\u00e8vement d\u2019\u00e9chantillons.<\/li>\n\n\n\n<li><a href=\"https:\/\/sportintegrity.ca\/fr\/prelevement-des-echantillons\">En savoir plus<\/a>.<\/li>\n<\/ul>\n\n\n\n<h3 class=\"wp-block-heading\">SIGNALER UN CAS DE DOPAGE<\/h3>\n\n\n\n<p>Prot\u00e9ger le sport propre est une responsabilit\u00e9 partag\u00e9e. Sport Int\u00e9grit\u00e9 Canada offre une plateforme s\u00e9curis\u00e9e et anonyme pour <a href=\"https:\/\/sportintegrity.ca\/fr\/signalement-dopage\">signaler les cas suppos\u00e9s de dopage<\/a>.<\/p>\n\n\n\n<h3 class=\"wp-block-heading\">Pour en savoir plus<\/h3>\n\n\n\n<ul class=\"wp-block-list\">\n<li>Visitez le site&nbsp;Web de <a href=\"https:\/\/sportintegrity.ca\/fr\">Sport Integrit\u00e9 Canada<\/a>.<\/li>\n\n\n\n<li>Communiquez avec Sport Integrit\u00e9 Canada au 1-800-672-7775 (sans frais) ou par courriel \u00e0 <a href=\"mailto:info@sportintegrite.ca\">info@sportintegrite.ca<\/a>.<\/li>\n\n\n\n<li>Obtenez les plus r\u00e9cents communiqu\u00e9s de presse et avis de Sport Int\u00e9grit\u00e9 Canada, et suivez-nous sur les m\u00e9dias sociaux \u2013 <a href=\"https:\/\/sportintegrity.ca\/fr\/abonnement\">abonnez-vous d\u00e8s maintenant<\/a>.<\/li>\n<\/ul>\n","protected":false},"excerpt":{"rendered":"<p>Ressources Liste du groupe cible enregistr\u00e9 (GCE) &amp; groupe national d\u2019athl\u00e8tes (GNA) de Cyclisme Canada (Mis \u00e0 jour en 5 mars 2026) Programme de localisation Anti-dopage domestique (SIC)Cliquez ici pour plus d\u2019informations sur les autorisations d\u2019usage \u00e0 des fins th\u00e9rapeutiques, le programme de localisation du SIC, les proc\u00e9dures de dopage, et bien plus. Union Cycliste [&hellip;]<\/p>\n","protected":false},"author":46,"featured_media":41106,"parent":36660,"menu_order":0,"comment_status":"closed","ping_status":"closed","template":"wp-custom-template-simple-hero-page","meta":{"_acf_changed":false,"advanced_seo_description":"","jetpack_seo_html_title":"","jetpack_seo_noindex":false,"footnotes":""},"class_list":["post-69754","page","type-page","status-publish","has-post-thumbnail","hentry"],"acf":[],"jetpack_sharing_enabled":true,"_links":{"self":[{"href":"https:\/\/cyclingcanada.ca\/fr\/wp-json\/wp\/v2\/pages\/69754","targetHints":{"allow":["GET"]}}],"collection":[{"href":"https:\/\/cyclingcanada.ca\/fr\/wp-json\/wp\/v2\/pages"}],"about":[{"href":"https:\/\/cyclingcanada.ca\/fr\/wp-json\/wp\/v2\/types\/page"}],"author":[{"embeddable":true,"href":"https:\/\/cyclingcanada.ca\/fr\/wp-json\/wp\/v2\/users\/46"}],"replies":[{"embeddable":true,"href":"https:\/\/cyclingcanada.ca\/fr\/wp-json\/wp\/v2\/comments?post=69754"}],"version-history":[{"count":6,"href":"https:\/\/cyclingcanada.ca\/fr\/wp-json\/wp\/v2\/pages\/69754\/revisions"}],"predecessor-version":[{"id":76941,"href":"https:\/\/cyclingcanada.ca\/fr\/wp-json\/wp\/v2\/pages\/69754\/revisions\/76941"}],"up":[{"embeddable":true,"href":"https:\/\/cyclingcanada.ca\/fr\/wp-json\/wp\/v2\/pages\/36660"}],"wp:featuredmedia":[{"embeddable":true,"href":"https:\/\/cyclingcanada.ca\/fr\/wp-json\/wp\/v2\/media\/41106"}],"wp:attachment":[{"href":"https:\/\/cyclingcanada.ca\/fr\/wp-json\/wp\/v2\/media?parent=69754"}],"curies":[{"name":"wp","href":"https:\/\/api.w.org\/{rel}","templated":true}]}}