{"id":69909,"date":"2025-04-15T16:23:37","date_gmt":"2025-04-15T20:23:37","guid":{"rendered":"https:\/\/cyclingcanada.ca\/mimpliquer\/commissaires\/"},"modified":"2025-05-01T14:15:24","modified_gmt":"2025-05-01T18:15:24","slug":"commissaires","status":"publish","type":"page","link":"https:\/\/cyclingcanada.ca\/fr\/mimpliquer\/commissaires\/","title":{"rendered":"Commissaires"},"content":{"rendered":"\n<div class=\"wp-block-group alignwide has-global-padding is-layout-constrained wp-block-group-is-layout-constrained\" style=\"padding-top:var(--wp--preset--spacing--large);padding-bottom:var(--wp--preset--spacing--large)\">\n<div class=\"wp-block-group alignwide is-layout-flow wp-block-group-is-layout-flow\">\n<p>Les commissaires sont les officiels du cyclisme de comp\u00e9tition et sont qualifi\u00e9s \u00e0 diff\u00e9rents niveaux aux niveaux provincial, national et international. Quel que soit le niveau de comp\u00e9tition, le fait d\u2019avoir des officiels sportifs qualifi\u00e9s apporte de la valeur en s\u2019alignant sur les meilleures pratiques du cyclisme, en garantissant l\u2019int\u00e9grit\u00e9 et le bon d\u00e9roulement des proc\u00e9dures en comp\u00e9tition et en encourageant les bonnes valeurs et l\u2019\u00e9thique du sport. <\/p>\n\n\n\n<p>Les commissaires veillent \u00e0 la s\u00e9curit\u00e9 des coureurs et veillent au respect des r\u00e8gles sportives. Ils soutiennent les organisateurs et sont responsables du classement des r\u00e9sultats et des rapports sur l\u2019organisation de la course, les incidents et les p\u00e9nalit\u00e9s, ce qui contribue \u00e0 am\u00e9liorer la qualit\u00e9 globale des \u00e9v\u00e9nements. <\/p>\n\n\n\n<div style=\"height:var(--wp--preset--spacing--large)\" aria-hidden=\"true\" class=\"wp-block-spacer\"><\/div>\n<\/div>\n\n\n\n<div class=\"wp-block-columns alignwide is-layout-flex wp-container-core-columns-is-layout-a9550bf3 wp-block-columns-is-layout-flex\">\n<div class=\"wp-block-column has-gainsboro-background-color has-background is-layout-flow wp-block-column-is-layout-flow\" style=\"padding-top:var(--wp--preset--spacing--xx-large);padding-right:var(--wp--preset--spacing--medium);padding-bottom:var(--wp--preset--spacing--xx-large);padding-left:var(--wp--preset--spacing--medium)\">\n<div class=\"wp-block-buttons has-hochelaga-font-family is-content-justification-center is-layout-flex wp-container-core-buttons-is-layout-a89b3969 wp-block-buttons-is-layout-flex\">\n<div class=\"wp-block-button is-style-fill nobreak has-hochelaga-font-family\"><a class=\"wp-block-button__link has-primary-color has-gainsboro-background-color has-text-color has-background has-link-color wp-element-button\" href=\"https:\/\/cyclingcanada.ca\/fr\/mimpliquer\/commissaires\/cours-et-formations\/\" style=\"border-bottom-color:var(--wp--preset--color--primary);border-bottom-width:2px;padding-top:5px;padding-right:0;padding-bottom:5px;padding-left:0\">Cours et formations<\/a><\/div>\n<\/div>\n<\/div>\n\n\n\n<div class=\"wp-block-column has-gainsboro-background-color has-background is-layout-flow wp-block-column-is-layout-flow\" style=\"padding-top:var(--wp--preset--spacing--xx-large);padding-right:var(--wp--preset--spacing--medium);padding-bottom:var(--wp--preset--spacing--xx-large);padding-left:var(--wp--preset--spacing--medium)\">\n<div class=\"wp-block-buttons has-hochelaga-font-family is-content-justification-center is-layout-flex wp-container-core-buttons-is-layout-a89b3969 wp-block-buttons-is-layout-flex\">\n<div class=\"wp-block-button is-style-fill nobreak has-hochelaga-font-family\"><a class=\"wp-block-button__link has-primary-color has-gainsboro-background-color has-text-color has-background has-link-color wp-element-button\" href=\"https:\/\/cyclingcanada.ca\/fr\/mimpliquer\/commissaires\/reglements-et-politiques\/\" style=\"border-bottom-color:var(--wp--preset--color--primary);border-bottom-width:2px;padding-top:5px;padding-right:0;padding-bottom:5px;padding-left:0\">R\u00e8glements et politiques<\/a><\/div>\n<\/div>\n<\/div>\n\n\n\n<div class=\"wp-block-column has-gainsboro-background-color has-background is-layout-flow wp-block-column-is-layout-flow\" style=\"padding-top:var(--wp--preset--spacing--xx-large);padding-right:var(--wp--preset--spacing--medium);padding-bottom:var(--wp--preset--spacing--xx-large);padding-left:var(--wp--preset--spacing--medium)\">\n<div class=\"wp-block-buttons has-hochelaga-font-family is-content-justification-center is-layout-flex wp-container-core-buttons-is-layout-a89b3969 wp-block-buttons-is-layout-flex\">\n<div class=\"wp-block-button is-style-fill nobreak has-hochelaga-font-family\"><a class=\"wp-block-button__link has-primary-color has-gainsboro-background-color has-text-color has-background has-link-color wp-element-button\" href=\"https:\/\/cyclingcanada.ca\/fr\/mimpliquer\/commissaires\/ressources\/\" style=\"border-bottom-color:var(--wp--preset--color--primary);border-bottom-width:2px;padding-top:5px;padding-right:0;padding-bottom:5px;padding-left:0\">Ressources<\/a><\/div>\n<\/div>\n<\/div>\n<\/div>\n<\/div>\n","protected":false},"excerpt":{"rendered":"<p>Les commissaires sont les officiels du cyclisme de comp\u00e9tition et sont qualifi\u00e9s \u00e0 diff\u00e9rents niveaux aux niveaux provincial, national et international. Quel que soit le niveau de comp\u00e9tition, le fait d\u2019avoir des officiels sportifs qualifi\u00e9s apporte de la valeur en s\u2019alignant sur les meilleures pratiques du cyclisme, en garantissant l\u2019int\u00e9grit\u00e9 et le bon d\u00e9roulement des [&hellip;]<\/p>\n","protected":false},"author":46,"featured_media":36954,"parent":37348,"menu_order":0,"comment_status":"closed","ping_status":"closed","template":"wp-custom-template-simple-hero-page","meta":{"_acf_changed":false,"advanced_seo_description":"","jetpack_seo_html_title":"","jetpack_seo_noindex":false,"footnotes":""},"class_list":["post-69909","page","type-page","status-publish","has-post-thumbnail","hentry"],"acf":[],"jetpack_sharing_enabled":true,"_links":{"self":[{"href":"https:\/\/cyclingcanada.ca\/fr\/wp-json\/wp\/v2\/pages\/69909","targetHints":{"allow":["GET"]}}],"collection":[{"href":"https:\/\/cyclingcanada.ca\/fr\/wp-json\/wp\/v2\/pages"}],"about":[{"href":"https:\/\/cyclingcanada.ca\/fr\/wp-json\/wp\/v2\/types\/page"}],"author":[{"embeddable":true,"href":"https:\/\/cyclingcanada.ca\/fr\/wp-json\/wp\/v2\/users\/46"}],"replies":[{"embeddable":true,"href":"https:\/\/cyclingcanada.ca\/fr\/wp-json\/wp\/v2\/comments?post=69909"}],"version-history":[{"count":2,"href":"https:\/\/cyclingcanada.ca\/fr\/wp-json\/wp\/v2\/pages\/69909\/revisions"}],"predecessor-version":[{"id":70789,"href":"https:\/\/cyclingcanada.ca\/fr\/wp-json\/wp\/v2\/pages\/69909\/revisions\/70789"}],"up":[{"embeddable":true,"href":"https:\/\/cyclingcanada.ca\/fr\/wp-json\/wp\/v2\/pages\/37348"}],"wp:featuredmedia":[{"embeddable":true,"href":"https:\/\/cyclingcanada.ca\/fr\/wp-json\/wp\/v2\/media\/36954"}],"wp:attachment":[{"href":"https:\/\/cyclingcanada.ca\/fr\/wp-json\/wp\/v2\/media?parent=69909"}],"curies":[{"name":"wp","href":"https:\/\/api.w.org\/{rel}","templated":true}]}}