{"id":69971,"date":"2025-04-15T20:27:14","date_gmt":"2025-04-16T00:27:14","guid":{"rendered":"https:\/\/cyclingcanada.ca\/evenements-et-resultats\/canada-cup-bmx\/"},"modified":"2026-02-12T13:52:09","modified_gmt":"2026-02-12T18:52:09","slug":"canada-cup-bmx","status":"publish","type":"page","link":"https:\/\/cyclingcanada.ca\/fr\/evenements-et-resultats\/canada-cup-bmx\/","title":{"rendered":"Canada Cup BMX"},"content":{"rendered":"\n<div class=\"wp-block-group alignwide is-layout-flow wp-block-group-is-layout-flow\" style=\"padding-top:var(--wp--preset--spacing--large);padding-bottom:var(--wp--preset--spacing--large)\">\n<h1 class=\"wp-block-heading has-text-align-center has-x-large-font-size\">S\u00e9rie BMX<\/h1>\n\n\n\n<div style=\"height:var(--wp--preset--spacing--small)\" aria-hidden=\"true\" class=\"wp-block-spacer\"><\/div>\n\n\n\n<figure class=\"wp-block-image aligncenter\"><img loading=\"lazy\" decoding=\"async\" width=\"300\" height=\"298\" src=\"https:\/\/cyclingcanada.ca\/wp-content\/uploads\/2023\/01\/canada-cup-bmx-red-300x298.png\" alt=\"\" class=\"wp-image-57334\" srcset=\"https:\/\/cyclingcanada.ca\/wp-content\/uploads\/2023\/01\/canada-cup-bmx-red-300x298.png 300w, https:\/\/cyclingcanada.ca\/wp-content\/uploads\/2023\/01\/canada-cup-bmx-red-1030x1023.png 1030w, https:\/\/cyclingcanada.ca\/wp-content\/uploads\/2023\/01\/canada-cup-bmx-red-80x80.png 80w, https:\/\/cyclingcanada.ca\/wp-content\/uploads\/2023\/01\/canada-cup-bmx-red-768x763.png 768w, https:\/\/cyclingcanada.ca\/wp-content\/uploads\/2023\/01\/canada-cup-bmx-red-36x36.png 36w, https:\/\/cyclingcanada.ca\/wp-content\/uploads\/2023\/01\/canada-cup-bmx-red-180x180.png 180w, https:\/\/cyclingcanada.ca\/wp-content\/uploads\/2023\/01\/canada-cup-bmx-red-705x700.png 705w, https:\/\/cyclingcanada.ca\/wp-content\/uploads\/2023\/01\/canada-cup-bmx-red.png 1265w\" sizes=\"auto, (max-width: 300px) 100vw, 300px\" \/><\/figure>\n\n\n\n<div style=\"height:var(--wp--preset--spacing--small)\" aria-hidden=\"true\" class=\"wp-block-spacer\"><\/div>\n\n\n\n<h3 class=\"wp-block-heading\">Classement 2025<\/h3>\n\n\n\n<figure class=\"wp-block-table is-style-stripes\"><table class=\"has-fixed-layout\"><thead><tr><th class=\"has-text-align-left\" data-align=\"left\">\u00c9lite Hommes<\/th><th class=\"has-text-align-left\" data-align=\"left\">Hommes U23<\/th><th class=\"has-text-align-left\" data-align=\"left\">\u00c9lite Femmes<\/th><th class=\"has-text-align-left\" data-align=\"left\">Femmes U23<\/th><\/tr><\/thead><tbody><tr><td class=\"has-text-align-left\" data-align=\"left\">1. Riley Lavorato<\/td><td class=\"has-text-align-left\" data-align=\"left\">1. Alexis Rheaume<\/td><td class=\"has-text-align-left\" data-align=\"left\">1. Madeleine Kuss<\/td><td class=\"has-text-align-left\" data-align=\"left\">1. Thessalie Bruneau<\/td><\/tr><tr><td class=\"has-text-align-left\" data-align=\"left\">2. Taylor Otterson<\/td><td class=\"has-text-align-left\" data-align=\"left\">2. Chad Beaudoin<\/td><td class=\"has-text-align-left\" data-align=\"left\">2. Molly Simpson<\/td><td class=\"has-text-align-left\" data-align=\"left\">2. Abygale Reeve<\/td><\/tr><tr><td class=\"has-text-align-left\" data-align=\"left\">3. Cameron Bramer<\/td><td class=\"has-text-align-left\" data-align=\"left\">3. Jakob Kaiser<\/td><td class=\"has-text-align-left\" data-align=\"left\"><\/td><td class=\"has-text-align-left\" data-align=\"left\">3. Alexia Vaillancourt<\/td><\/tr><\/tbody><\/table><\/figure>\n\n\n\n<div style=\"height:var(--wp--preset--spacing--small)\" aria-hidden=\"true\" class=\"wp-block-spacer\"><\/div>\n\n\n\n<p><a href=\"https:\/\/cyclingcanada.ca\/wp-content\/uploads\/2025\/10\/Canada-Cup-BMX-Series-After-Round-9.html\" target=\"_blank\" rel=\"noreferrer noopener\">Voir classement complet<\/a><\/p>\n\n\n\n<div style=\"height:var(--wp--preset--spacing--large)\" aria-hidden=\"true\" class=\"wp-block-spacer\"><\/div>\n\n\n\n<h3 class=\"wp-block-heading\">Calendrier 2026<\/h3>\n\n\n\n<figure class=\"wp-block-table is-style-stripes\"><table class=\"has-primary-color has-text-color has-link-color has-fixed-layout\"><thead><tr><th class=\"has-text-align-left\" data-align=\"left\">DATE<\/th><th class=\"has-text-align-left\" data-align=\"left\">\u00c9v\u00e9nement<\/th><th class=\"has-text-align-left\" data-align=\"left\">Sanction<\/th><th class=\"has-text-align-left\" data-align=\"left\">Lieu<\/th><\/tr><\/thead><tbody><tr><td class=\"has-text-align-left\" data-align=\"left\">20\/06\/2026 \u2013 21\/06\/2026<\/td><td class=\"has-text-align-left\" data-align=\"left\"><a href=\"https:\/\/cyclingcanada.ca\/fr\/event\/haut-richelieu-bmx-canada-cup-1-2-2\/\">Haut-Richelieu BMX Coupe Canada #1 &amp; #2<\/a><\/td><td class=\"has-text-align-left\" data-align=\"left\">UCI C1\/CC NE<\/td><td class=\"has-text-align-left\" data-align=\"left\">St-Jean-sur-Richelieu, QC<\/td><\/tr><tr><td class=\"has-text-align-left\" data-align=\"left\">27\/06\/2026 \u2013 28\/06\/2026<\/td><td class=\"has-text-align-left\" data-align=\"left\"><a href=\"https:\/\/cyclingcanada.ca\/fr\/event\/drummondville-bmx-canada-cup-3-4-2\/\">Drummondville BMX Coupe Canada #3 &amp; #4<\/a><\/td><td class=\"has-text-align-left\" data-align=\"left\">UCI C1\/CC NE<\/td><td class=\"has-text-align-left\" data-align=\"left\">Drummondville, QC<\/td><\/tr><tr><td class=\"has-text-align-left\" data-align=\"left\">08\/08\/2026 \u2013 09\/08\/2026<\/td><td class=\"has-text-align-left\" data-align=\"left\"><a href=\"https:\/\/cyclingcanada.ca\/fr\/event\/nanaimo-bmx-canada-cup\/\"><\/a><a href=\"https:\/\/cyclingcanada.ca\/fr\/event\/cochrane-bmx-canada-cup-7-8\/\">Cochrane BMX Coupe Canada #5 &amp; #<\/a>6<\/td><td class=\"has-text-align-left\" data-align=\"left\">UCI C1\/CC NE<\/td><td class=\"has-text-align-left\" data-align=\"left\">Cochrane, AB<\/td><\/tr><tr><td class=\"has-text-align-left\" data-align=\"left\">22\/08\/2026 &#8211; 23\/08\/2026<\/td><td class=\"has-text-align-left\" data-align=\"left\"><a href=\"https:\/\/cyclingcanada.ca\/fr\/event\/cochrane-bmx-canada-cup-7-8\/\"><\/a><a href=\"https:\/\/cyclingcanada.ca\/fr\/event\/airdrie-bmx-canada-cup-9-10\/\">Airdrie BMX Coupe Canada #7 &amp; #<\/a>8<\/td><td class=\"has-text-align-left\" data-align=\"left\">UCI C1\/CC NE<\/td><td class=\"has-text-align-left\" data-align=\"left\">Airdrie, AB<\/td><\/tr><tr><td class=\"has-text-align-left\" data-align=\"left\">30\/08\/2026<\/td><td class=\"has-text-align-left\" data-align=\"left\"><a href=\"https:\/\/cyclingcanada.ca\/fr\/event\/airdrie-bmx-canada-cup-9-10\/\"><\/a><a href=\"https:\/\/cyclingcanada.ca\/fr\/event\/2026-canadian-bmx-racing-championships-canada-cup-finale\/\">Championnats Canadiens BMX \u2013 Coupe Canada #9<\/a><\/td><td class=\"has-text-align-left\" data-align=\"left\">CC NE<\/td><td class=\"has-text-align-left\" data-align=\"left\">St. Albert, AB<\/td><\/tr><tr><td class=\"has-text-align-left\" data-align=\"left\">19\/09\/2026 &#8211; 20\/09\/2026<\/td><td class=\"has-text-align-left\" data-align=\"left\"><a href=\"https:\/\/cyclingcanada.ca\/fr\/event\/nanaimo-bmx-canada-cup\/\">Nanaimo BMX Coupe Canada <\/a>#10 &amp; #11<\/td><td class=\"has-text-align-left\" data-align=\"left\">UCI C1\/CC NE<\/td><td class=\"has-text-align-left\" data-align=\"left\">Nanaimo, BC<\/td><\/tr><\/tbody><\/table><\/figure>\n\n\n\n<div style=\"height:var(--wp--preset--spacing--small)\" aria-hidden=\"true\" class=\"wp-block-spacer\"><\/div>\n\n\n\n<p><a href=\"https:\/\/cyclingcanada.ca\/fr\/evenements-et-resultats\/evenements\/\">Voir tous les \u00e9v\u00e9nements<\/a><\/p>\n\n\n\n<div class=\"wp-block-group alignwide has-global-padding is-layout-constrained wp-block-group-is-layout-constrained\" style=\"padding-top:var(--wp--preset--spacing--x-large);padding-bottom:var(--wp--preset--spacing--x-large)\">\n<div class=\"wp-block-columns alignwide is-layout-flex wp-container-core-columns-is-layout-a9550bf3 wp-block-columns-is-layout-flex\">\n<div class=\"wp-block-column has-gainsboro-background-color has-background is-layout-flow wp-block-column-is-layout-flow\" style=\"padding-top:var(--wp--preset--spacing--xx-large);padding-right:var(--wp--preset--spacing--medium);padding-bottom:var(--wp--preset--spacing--xx-large);padding-left:var(--wp--preset--spacing--medium)\">\n<div class=\"wp-block-buttons has-hochelaga-font-family is-content-justification-center is-layout-flex wp-container-core-buttons-is-layout-a89b3969 wp-block-buttons-is-layout-flex\">\n<div class=\"wp-block-button is-style-fill\"><a class=\"wp-block-button__link has-primary-color has-gainsboro-background-color has-text-color has-background has-link-color has-hochelaga-font-family wp-element-button\" href=\"https:\/\/cyclingcanada.ca\/mimpliquer\/organisateurs\/\" style=\"border-bottom-color:var(--wp--preset--color--primary);border-bottom-width:2px;padding-top:5px;padding-right:0;padding-bottom:5px;padding-left:0\">Organiser un \u00e9v\u00e9nement<\/a><\/div>\n<\/div>\n<\/div>\n\n\n\n<div class=\"wp-block-column has-gainsboro-background-color has-background is-layout-flow wp-block-column-is-layout-flow\" style=\"padding-top:var(--wp--preset--spacing--xx-large);padding-right:var(--wp--preset--spacing--medium);padding-bottom:var(--wp--preset--spacing--xx-large);padding-left:var(--wp--preset--spacing--medium)\">\n<div class=\"wp-block-buttons has-hochelaga-font-family is-content-justification-center is-layout-flex wp-container-core-buttons-is-layout-a89b3969 wp-block-buttons-is-layout-flex\">\n<div class=\"wp-block-button is-style-fill\"><a class=\"wp-block-button__link has-primary-color has-gainsboro-background-color has-text-color has-background has-link-color has-hochelaga-font-family wp-element-button\" href=\"https:\/\/cyclingcanada.ca\/wp-content\/uploads\/2025\/06\/2025-Canada-Cup-BMX-Specific-Rules.pdf\" style=\"border-bottom-color:var(--wp--preset--color--primary);border-bottom-width:2px;padding-top:5px;padding-right:0;padding-bottom:5px;padding-left:0\" target=\"_blank\" rel=\"noreferrer noopener\">R\u00e8glements<\/a><\/div>\n<\/div>\n<\/div>\n\n\n\n<div class=\"wp-block-column has-gainsboro-background-color has-background is-layout-flow wp-block-column-is-layout-flow\" style=\"padding-top:var(--wp--preset--spacing--xx-large);padding-right:var(--wp--preset--spacing--medium);padding-bottom:var(--wp--preset--spacing--xx-large);padding-left:var(--wp--preset--spacing--medium)\">\n<div class=\"wp-block-buttons has-hochelaga-font-family is-content-justification-center is-layout-flex wp-container-core-buttons-is-layout-a89b3969 wp-block-buttons-is-layout-flex\">\n<div class=\"wp-block-button is-style-fill\"><a class=\"wp-block-button__link has-primary-color has-gainsboro-background-color has-text-color has-background has-link-color has-hochelaga-font-family wp-element-button\" href=\"https:\/\/cyclingcanada.ca\/mimpliquer\/benevoles\/\" style=\"border-bottom-color:var(--wp--preset--color--primary);border-bottom-width:2px;padding-top:5px;padding-right:0;padding-bottom:5px;padding-left:0\">M\u2019impliquer<\/a><\/div>\n<\/div>\n<\/div>\n<\/div>\n<\/div>\n\n\n\n<div class=\"wp-block-buttons is-content-justification-center is-layout-flex wp-container-core-buttons-is-layout-2bb63ab0 wp-block-buttons-is-layout-flex\">\n<div class=\"wp-block-button has-custom-width wp-block-button__width-50\"><a class=\"wp-block-button__link has-black-color has-gainsboro-background-color has-text-color has-background has-link-color has-poppins-font-family has-normal-font-size has-custom-font-size wp-element-button\" href=\"https:\/\/cyclingcanada.ca\/fr\/evenements-et-resultats\/coupe-canada\/\" style=\"padding-top:1.4rem;padding-bottom:1.4rem;letter-spacing:2px\">&lt; Retour \u00e0 Coupe Canada<\/a><\/div>\n\n\n\n<div class=\"wp-block-button has-custom-width wp-block-button__width-50 is-style-fill\"><a class=\"wp-block-button__link has-white-color has-primary-background-color has-text-color has-background has-link-color has-poppins-font-family has-normal-font-size has-custom-font-size wp-element-button\" href=\"https:\/\/cyclingcanada.ca\/evenements-et-resultats\/canada-cup-mtb\/\" style=\"padding-top:1.4rem;padding-bottom:1.4rem;letter-spacing:2px\">Suivant: S\u00e9rie v\u00e9lo de montagne &gt;<\/a><\/div>\n<\/div>\n<\/div>\n","protected":false},"excerpt":{"rendered":"<p>S\u00e9rie BMX Classement 2025 \u00c9lite Hommes Hommes U23 \u00c9lite Femmes Femmes U23 1. Riley Lavorato 1. Alexis Rheaume 1. Madeleine Kuss 1. Thessalie Bruneau 2. Taylor Otterson 2. Chad Beaudoin 2. Molly Simpson 2. Abygale Reeve 3. Cameron Bramer 3. Jakob Kaiser 3. Alexia Vaillancourt Voir classement complet Calendrier 2026 DATE \u00c9v\u00e9nement Sanction Lieu 20\/06\/2026 [&hellip;]<\/p>\n","protected":false},"author":46,"featured_media":0,"parent":37339,"menu_order":0,"comment_status":"closed","ping_status":"closed","template":"","meta":{"_acf_changed":false,"advanced_seo_description":"","jetpack_seo_html_title":"","jetpack_seo_noindex":false,"footnotes":""},"class_list":["post-69971","page","type-page","status-publish","hentry"],"acf":[],"jetpack_sharing_enabled":true,"_links":{"self":[{"href":"https:\/\/cyclingcanada.ca\/fr\/wp-json\/wp\/v2\/pages\/69971","targetHints":{"allow":["GET"]}}],"collection":[{"href":"https:\/\/cyclingcanada.ca\/fr\/wp-json\/wp\/v2\/pages"}],"about":[{"href":"https:\/\/cyclingcanada.ca\/fr\/wp-json\/wp\/v2\/types\/page"}],"author":[{"embeddable":true,"href":"https:\/\/cyclingcanada.ca\/fr\/wp-json\/wp\/v2\/users\/46"}],"replies":[{"embeddable":true,"href":"https:\/\/cyclingcanada.ca\/fr\/wp-json\/wp\/v2\/comments?post=69971"}],"version-history":[{"count":18,"href":"https:\/\/cyclingcanada.ca\/fr\/wp-json\/wp\/v2\/pages\/69971\/revisions"}],"predecessor-version":[{"id":76350,"href":"https:\/\/cyclingcanada.ca\/fr\/wp-json\/wp\/v2\/pages\/69971\/revisions\/76350"}],"up":[{"embeddable":true,"href":"https:\/\/cyclingcanada.ca\/fr\/wp-json\/wp\/v2\/pages\/37339"}],"wp:attachment":[{"href":"https:\/\/cyclingcanada.ca\/fr\/wp-json\/wp\/v2\/media?parent=69971"}],"curies":[{"name":"wp","href":"https:\/\/api.w.org\/{rel}","templated":true}]}}