{"id":69975,"date":"2025-04-15T20:28:31","date_gmt":"2025-04-16T00:28:31","guid":{"rendered":"https:\/\/cyclingcanada.ca\/evenements-et-resultats\/coupe-canada\/"},"modified":"2025-04-15T20:28:33","modified_gmt":"2025-04-16T00:28:33","slug":"coupe-canada","status":"publish","type":"page","link":"https:\/\/cyclingcanada.ca\/fr\/evenements-et-resultats\/coupe-canada\/","title":{"rendered":"Coupe Canada"},"content":{"rendered":"\n<figure class=\"wp-block-image aligncenter\"><img loading=\"lazy\" decoding=\"async\" width=\"300\" height=\"300\" src=\"https:\/\/cyclingcanada.ca\/wp-content\/uploads\/2023\/01\/canada-cup-generic-red-300x300.png\" alt=\"\" class=\"wp-image-57338\" srcset=\"https:\/\/cyclingcanada.ca\/wp-content\/uploads\/2023\/01\/canada-cup-generic-red-300x300.png 300w, https:\/\/cyclingcanada.ca\/wp-content\/uploads\/2023\/01\/canada-cup-generic-red-80x80.png 80w, https:\/\/cyclingcanada.ca\/wp-content\/uploads\/2023\/01\/canada-cup-generic-red-768x768.png 768w, https:\/\/cyclingcanada.ca\/wp-content\/uploads\/2023\/01\/canada-cup-generic-red-36x36.png 36w, https:\/\/cyclingcanada.ca\/wp-content\/uploads\/2023\/01\/canada-cup-generic-red-180x180.png 180w, https:\/\/cyclingcanada.ca\/wp-content\/uploads\/2023\/01\/canada-cup-generic-red-705x705.png 705w, https:\/\/cyclingcanada.ca\/wp-content\/uploads\/2023\/01\/canada-cup-generic-red.png 1000w\" sizes=\"auto, (max-width: 300px) 100vw, 300px\" \/><\/figure>\n\n<p>La s\u00e9rie Coupe Canada est la s\u00e9rie de courses hors-route la plus prestigieuse au pays, offrant un calendrier complet d\u2019\u00e9v\u00e9nements englobant trois des disciplines les plus excitantes du cyclisme:<\/p>\n\n<ul class=\"wp-block-list\">\n<li>BMX Racing<\/li>\n\n\n\n<li>V\u00e9lo de montagne \u2013 Descente<\/li>\n\n\n\n<li>V\u00e9lo de montagne \u2013 Cross-country<\/li>\n<\/ul>\n\n<p>Con\u00e7ue pour combler l\u2019\u00e9cart entre les courses de niveau provincial et les \u00e9v\u00e9nements internationaux, la s\u00e9rie Coupe Canada s\u2019adresse aussi bien aux coureurs de d\u00e9veloppement qu\u2019aux meilleurs athl\u00e8tes \u00e9lite au pays. Chaque \u00e9v\u00e9nement au calendrier poss\u00e8de une sanction internationale, assurant un niveau de comp\u00e9tition \u00e9lev\u00e9, ainsi que la participation d\u2019athl\u00e8tes du monde entier.<\/p>\n\n<div style=\"height:var(--wp--preset--spacing--medium)\" aria-hidden=\"true\" class=\"wp-block-spacer\"><\/div>\n\n<div class=\"wp-block-group alignwide has-global-padding is-layout-constrained wp-block-group-is-layout-constrained\" style=\"padding-top:var(--wp--preset--spacing--large);padding-bottom:var(--wp--preset--spacing--large)\">\n<div class=\"wp-block-columns alignwide is-layout-flex wp-container-core-columns-is-layout-a9550bf3 wp-block-columns-is-layout-flex\">\n<div class=\"wp-block-column has-gainsboro-background-color has-background is-layout-flow wp-block-column-is-layout-flow\" style=\"padding-top:var(--wp--preset--spacing--xx-large);padding-right:var(--wp--preset--spacing--medium);padding-bottom:var(--wp--preset--spacing--xx-large);padding-left:var(--wp--preset--spacing--medium)\">\n<div class=\"wp-block-buttons has-hochelaga-font-family is-content-justification-center is-layout-flex wp-container-core-buttons-is-layout-a89b3969 wp-block-buttons-is-layout-flex\">\n<div class=\"wp-block-button is-style-fill has-hochelaga-font-family\"><a class=\"wp-block-button__link has-primary-color has-gainsboro-background-color has-text-color has-background has-link-color wp-element-button\" href=\"https:\/\/cyclingcanada.ca\/fr\/evenements-et-resultats\/canada-cup-mtb\/\" style=\"border-bottom-color:var(--wp--preset--color--primary);border-bottom-width:2px;padding-top:5px;padding-right:0;padding-bottom:5px;padding-left:0\">S\u00e9rie v\u00e9lo de montagne<\/a><\/div>\n<\/div>\n<\/div>\n\n\n\n<div class=\"wp-block-column has-gainsboro-background-color has-background is-layout-flow wp-block-column-is-layout-flow\" style=\"padding-top:var(--wp--preset--spacing--xx-large);padding-right:var(--wp--preset--spacing--medium);padding-bottom:var(--wp--preset--spacing--xx-large);padding-left:var(--wp--preset--spacing--medium)\">\n<div class=\"wp-block-buttons has-hochelaga-font-family is-content-justification-center is-layout-flex wp-container-core-buttons-is-layout-a89b3969 wp-block-buttons-is-layout-flex\">\n<div class=\"wp-block-button is-style-fill has-hochelaga-font-family\"><a class=\"wp-block-button__link has-primary-color has-gainsboro-background-color has-text-color has-background has-link-color wp-element-button\" href=\"https:\/\/cyclingcanada.ca\/fr\/evenements-et-resultats\/canada-cup-bmx\/\" style=\"border-bottom-color:var(--wp--preset--color--primary);border-bottom-width:2px;padding-top:5px;padding-right:0;padding-bottom:5px;padding-left:0\">S\u00e9rie BMX<\/a><\/div>\n<\/div>\n<\/div>\n<\/div>\n<\/div>\n","protected":false},"excerpt":{"rendered":"<p>La s\u00e9rie Coupe Canada est la s\u00e9rie de courses hors-route la plus prestigieuse au pays, offrant un calendrier complet d\u2019\u00e9v\u00e9nements englobant trois des disciplines les plus excitantes du cyclisme: Con\u00e7ue pour combler l\u2019\u00e9cart entre les courses de niveau provincial et les \u00e9v\u00e9nements internationaux, la s\u00e9rie Coupe Canada s\u2019adresse aussi bien aux coureurs de d\u00e9veloppement qu\u2019aux [&hellip;]<\/p>\n","protected":false},"author":46,"featured_media":43661,"parent":37339,"menu_order":0,"comment_status":"closed","ping_status":"closed","template":"wp-custom-template-simple-hero-page","meta":{"_acf_changed":false,"advanced_seo_description":"","jetpack_seo_html_title":"","jetpack_seo_noindex":false,"footnotes":""},"class_list":["post-69975","page","type-page","status-publish","has-post-thumbnail","hentry"],"acf":[],"jetpack_sharing_enabled":true,"_links":{"self":[{"href":"https:\/\/cyclingcanada.ca\/fr\/wp-json\/wp\/v2\/pages\/69975","targetHints":{"allow":["GET"]}}],"collection":[{"href":"https:\/\/cyclingcanada.ca\/fr\/wp-json\/wp\/v2\/pages"}],"about":[{"href":"https:\/\/cyclingcanada.ca\/fr\/wp-json\/wp\/v2\/types\/page"}],"author":[{"embeddable":true,"href":"https:\/\/cyclingcanada.ca\/fr\/wp-json\/wp\/v2\/users\/46"}],"replies":[{"embeddable":true,"href":"https:\/\/cyclingcanada.ca\/fr\/wp-json\/wp\/v2\/comments?post=69975"}],"version-history":[{"count":2,"href":"https:\/\/cyclingcanada.ca\/fr\/wp-json\/wp\/v2\/pages\/69975\/revisions"}],"predecessor-version":[{"id":69977,"href":"https:\/\/cyclingcanada.ca\/fr\/wp-json\/wp\/v2\/pages\/69975\/revisions\/69977"}],"up":[{"embeddable":true,"href":"https:\/\/cyclingcanada.ca\/fr\/wp-json\/wp\/v2\/pages\/37339"}],"wp:featuredmedia":[{"embeddable":true,"href":"https:\/\/cyclingcanada.ca\/fr\/wp-json\/wp\/v2\/media\/43661"}],"wp:attachment":[{"href":"https:\/\/cyclingcanada.ca\/fr\/wp-json\/wp\/v2\/media?parent=69975"}],"curies":[{"name":"wp","href":"https:\/\/api.w.org\/{rel}","templated":true}]}}