{"id":69980,"date":"2025-04-15T20:28:46","date_gmt":"2025-04-16T00:28:46","guid":{"rendered":"https:\/\/cyclingcanada.ca\/mimpliquer\/devenir-membre\/"},"modified":"2026-04-27T21:04:38","modified_gmt":"2026-04-28T01:04:38","slug":"devenir-membre","status":"publish","type":"page","link":"https:\/\/cyclingcanada.ca\/fr\/mimpliquer\/devenir-membre\/","title":{"rendered":"Devenir membre"},"content":{"rendered":"\n<p>Veuillez contacter votre association provinciale pour toutes questions relatives \u00e0 l\u2019adh\u00e9sion, aux licences, aux assurances et aux \u00e9quipes et clubs provinciaux.<\/p>\n\n\n\n<p>Pour des nouvelles et des mises \u00e0 jour, abonnez-vous \u00e0 <a href=\"https:\/\/cyclingcanada.us14.list-manage.com\/subscribe?u=7b12a252ac82491d0b985aed0&amp;id=68ec7d242d\">l&#8217;infolettre de Cyclisme Canada<\/a>.<\/p>\n\n\n\n<div style=\"height:var(--wp--preset--spacing--large)\" aria-hidden=\"true\" class=\"wp-block-spacer\"><\/div>\n\n\n\n<div class=\"wp-block-columns is-layout-flex wp-container-core-columns-is-layout-28f84493 wp-block-columns-is-layout-flex\">\n<div class=\"wp-block-column has-gainsboro-background-color has-background is-layout-flow wp-block-column-is-layout-flow\" style=\"padding-top:var(--wp--preset--spacing--medium);padding-right:var(--wp--preset--spacing--medium);padding-bottom:var(--wp--preset--spacing--medium);padding-left:var(--wp--preset--spacing--medium);flex-basis:50%\">\n<h3 class=\"wp-block-heading has-large-font-size\">Cycling British Columbia<\/h3>\n\n\n\n<p style=\"margin-top:0;margin-bottom:0\"><a href=\"http:\/\/www.cyclingbc.net\/\" target=\"_blank\" rel=\"noreferrer noopener\">www.cyclingbc.net<\/a><\/p>\n\n\n\n<p class=\"has-small-font-size\">PO Box 44001 RPO Kensington SQ<br>Burnaby, BC, V5B4Y2<\/p>\n\n\n\n<p style=\"letter-spacing:1px;text-transform:uppercase\"><strong><mark style=\"background-color:rgba(0, 0, 0, 0)\" class=\"has-inline-color has-silver-color\">Directeur g\u00e9n\u00e9ral:<\/mark><\/strong><\/p>\n\n\n\n<p class=\"has-small-font-size\" style=\"margin-top:0;margin-bottom:0;text-transform:none\">Chris Cook  | <a href=\"mailto:christine@cyclingbc.net\"><a href=\"mailto:christine@cyclingbc.net\"><\/a><a href=\"mailto:chris@cyclingbc.net\">chris@cyclingbc.net<\/a><\/a><\/p>\n<\/div>\n\n\n\n<div class=\"wp-block-column has-gainsboro-background-color has-background is-layout-flow wp-block-column-is-layout-flow\" style=\"padding-top:var(--wp--preset--spacing--medium);padding-right:var(--wp--preset--spacing--medium);padding-bottom:var(--wp--preset--spacing--medium);padding-left:var(--wp--preset--spacing--medium);flex-basis:50%\">\n<h3 class=\"wp-block-heading has-large-font-size\">Alberta Bicycle Association<\/h3>\n\n\n\n<p style=\"margin-top:0;margin-bottom:0\"><a href=\"http:\/\/www.albertabicycle.ab.ca\/\" target=\"_blank\" rel=\"noreferrer noopener\"><\/a><a href=\"http:\/\/www.albertabicycle.ab.ca\/\" target=\"_blank\" rel=\"noreferrer noopener\">www.albertabicycle.ab.ca<\/a><\/p>\n\n\n\n<p class=\"has-small-font-size\">Percy Page Centre, 11759 Groat Road,<br>Edmonton, AB, T5M 3K6<\/p>\n\n\n\n<p class=\"has-small-font-size\">(780) 427-6352<\/p>\n\n\n\n<p style=\"letter-spacing:1px;text-transform:uppercase\"><strong><mark style=\"background-color:rgba(0, 0, 0, 0)\" class=\"has-inline-color has-silver-color\">Directeur g\u00e9n\u00e9ral:<\/mark><\/strong><\/p>\n\n\n\n<p class=\"has-small-font-size\" style=\"margin-top:0;margin-bottom:0;text-transform:none\">James Kendal et Tyla Thomsen | <a href=\"mailto:jkendal@albertabicycle.ab.ca\" target=\"_blank\" rel=\"noreferrer noopener\"><a href=\"mailto:jkendal@albertabicycle.ab.ca\" target=\"_blank\" rel=\"noreferrer noopener\">jkendal@albertabicycle.ab.ca<\/a>, <a href=\"mailto:tthomsen@albertabicycle.ab.ca\">tthomsen@albertabicycle.ab.ca<\/a><\/a><\/p>\n<\/div>\n<\/div>\n\n\n\n<div class=\"wp-block-columns is-layout-flex wp-container-core-columns-is-layout-28f84493 wp-block-columns-is-layout-flex\">\n<div class=\"wp-block-column has-gainsboro-background-color has-background is-layout-flow wp-block-column-is-layout-flow\" style=\"padding-top:var(--wp--preset--spacing--medium);padding-right:var(--wp--preset--spacing--medium);padding-bottom:var(--wp--preset--spacing--medium);padding-left:var(--wp--preset--spacing--medium);flex-basis:50%\">\n<h3 class=\"wp-block-heading has-large-font-size\">Saskatchewan Cycling Association<\/h3>\n\n\n\n<p style=\"margin-top:0;margin-bottom:0\"><a href=\"http:\/\/www.saskcycling.ca\/\" target=\"_blank\" rel=\"noreferrer noopener\">www.saskcycling.ca<\/a><\/p>\n\n\n\n<p class=\"has-small-font-size\">2205 Victoria Avenue,<br>Regina, Saskatchewan, S4P 0S4<\/p>\n\n\n\n<p class=\"has-small-font-size\">(306) 780-9299<\/p>\n\n\n\n<p style=\"letter-spacing:1px;text-transform:uppercase\"><strong><mark style=\"background-color:rgba(0, 0, 0, 0)\" class=\"has-inline-color has-silver-color\">RESPONSABLE DES OP\u00c9RATIONS :<\/mark><\/strong><\/p>\n\n\n\n<p class=\"has-small-font-size\" style=\"margin-top:0;margin-bottom:0;text-transform:none\">Greg Laroque| <a href=\"mailto:president@saskcycling.ca\">greg@saskcycling.ca<\/a><\/p>\n<\/div>\n\n\n\n<div class=\"wp-block-column has-gainsboro-background-color has-background is-layout-flow wp-block-column-is-layout-flow\" style=\"padding-top:var(--wp--preset--spacing--medium);padding-right:var(--wp--preset--spacing--medium);padding-bottom:var(--wp--preset--spacing--medium);padding-left:var(--wp--preset--spacing--medium);flex-basis:50%\">\n<h3 class=\"wp-block-heading has-large-font-size\">Manitoba Cycling Association<\/h3>\n\n\n\n<p style=\"margin-top:0;margin-bottom:0\"><a href=\"http:\/\/www.albertabicycle.ab.ca\/\" target=\"_blank\" rel=\"noreferrer noopener\"><\/a><a href=\"http:\/\/www.mbcycling.ca\/\" target=\"_blank\" rel=\"noreferrer noopener\"><\/a><a href=\"http:\/\/www.mbcycling.ca\/\" target=\"_blank\" rel=\"noreferrer noopener\">www.mbcycling.ca<\/a><a href=\"http:\/\/www.mbcycling.ca\/\"><\/a><\/p>\n\n\n\n<p class=\"has-small-font-size\">145 Pacific Avenue,<br>Winnipeg, Manitoba, R3B 2Z6<\/p>\n\n\n\n<p class=\"has-small-font-size\">(204) 925-5686<\/p>\n\n\n\n<p style=\"letter-spacing:1px;text-transform:uppercase\"><strong><mark style=\"background-color:rgba(0, 0, 0, 0)\" class=\"has-inline-color has-silver-color\">Directeur g\u00e9n\u00e9ral:<\/mark><\/strong><\/p>\n\n\n\n<p class=\"has-small-font-size\" style=\"margin-top:0;margin-bottom:0;text-transform:none\">Twila Cruickshank | <a href=\"mailto:cycling.ed@sportmanitoba.ca\">cycling.ed@sportmanitoba.ca<\/a><\/p>\n<\/div>\n<\/div>\n\n\n\n<div class=\"wp-block-columns is-layout-flex wp-container-core-columns-is-layout-28f84493 wp-block-columns-is-layout-flex\">\n<div class=\"wp-block-column has-gainsboro-background-color has-background is-layout-flow wp-block-column-is-layout-flow\" style=\"padding-top:var(--wp--preset--spacing--medium);padding-right:var(--wp--preset--spacing--medium);padding-bottom:var(--wp--preset--spacing--medium);padding-left:var(--wp--preset--spacing--medium);flex-basis:50%\">\n<h3 class=\"wp-block-heading has-large-font-size\">Ontario Cycling Association<\/h3>\n\n\n\n<p style=\"margin-top:0;margin-bottom:0\"><a href=\"http:\/\/www.ontariocycling.org\/\" target=\"_blank\" rel=\"noreferrer noopener\">www.ontariocycling.org<\/a><\/p>\n\n\n\n<p class=\"has-small-font-size\">2015 Pan Am Blvd. Suite #2 ,<br>Milton, Ontario L9T 8Y9 <\/p>\n\n\n\n<p class=\"has-small-font-size\">(416) 855-1717<\/p>\n\n\n\n<p style=\"letter-spacing:1px;text-transform:uppercase\"><strong><mark style=\"background-color:rgba(0, 0, 0, 0)\" class=\"has-inline-color has-silver-color\">Directrice ex\u00e9cutive:<\/mark><\/strong><\/p>\n\n\n\n<p class=\"has-small-font-size\" style=\"margin-top:0;margin-bottom:0;text-transform:none\">Pam Julian | <a href=\"http:\/\/jim.crosscombe@ontariocycling.org\/\">pam.julian@ontariocycling.org<\/a><\/p>\n<\/div>\n\n\n\n<div class=\"wp-block-column has-gainsboro-background-color has-background is-layout-flow wp-block-column-is-layout-flow\" style=\"padding-top:var(--wp--preset--spacing--medium);padding-right:var(--wp--preset--spacing--medium);padding-bottom:var(--wp--preset--spacing--medium);padding-left:var(--wp--preset--spacing--medium);flex-basis:50%\">\n<h3 class=\"wp-block-heading has-large-font-size\">F\u00e9d\u00e9ration qu\u00e9b\u00e9coise des sports cyclistes<\/h3>\n\n\n\n<p style=\"margin-top:0;margin-bottom:0\"><a href=\"http:\/\/www.albertabicycle.ab.ca\/\" target=\"_blank\" rel=\"noreferrer noopener\"><\/a><a href=\"http:\/\/www.fqsc.net\/\" target=\"_blank\" rel=\"noreferrer noopener\">www.fqsc.net<\/a><\/p>\n\n\n\n<p class=\"has-small-font-size\">4545 Pierre de Coubertin,<br>Montr\u00e9al, Qu\u00e9bec, H1V 3R2<\/p>\n\n\n\n<p class=\"has-small-font-size\">(514) 252-3071 ext: 3523<\/p>\n\n\n\n<p style=\"letter-spacing:1px;text-transform:uppercase\"><strong><mark style=\"background-color:rgba(0, 0, 0, 0)\" class=\"has-inline-color has-silver-color\">Directeur g\u00e9n\u00e9ral:<\/mark><\/strong><\/p>\n\n\n\n<p class=\"has-small-font-size\" style=\"margin-top:0;margin-bottom:0;text-transform:none\">Fabien Blot |&nbsp;<a href=\"mailto:lbarbeau@fqsc.net\">fblot@fqsc.net<\/a>&nbsp;<\/p>\n<\/div>\n<\/div>\n\n\n\n<div class=\"wp-block-columns is-layout-flex wp-container-core-columns-is-layout-28f84493 wp-block-columns-is-layout-flex\">\n<div class=\"wp-block-column has-gainsboro-background-color has-background is-layout-flow wp-block-column-is-layout-flow\" style=\"padding-top:var(--wp--preset--spacing--medium);padding-right:var(--wp--preset--spacing--medium);padding-bottom:var(--wp--preset--spacing--medium);padding-left:var(--wp--preset--spacing--medium);flex-basis:50%\">\n<h3 class=\"wp-block-heading has-large-font-size\">V\u00e9lo New Brunswick<\/h3>\n\n\n\n<p style=\"margin-top:0;margin-bottom:0\"><a href=\"https:\/\/velonb.ca\/\" target=\"_blank\" rel=\"noreferrer noopener\">www.velonb.ca<\/a><\/p>\n\n\n\n<p class=\"has-small-font-size\">527 Dundonald St Suite 162,<br>New Brunswick, E3B 1X5<\/p>\n\n\n\n<p class=\"has-small-font-size\">(506) 440-5256<\/p>\n\n\n\n<p style=\"letter-spacing:1px;text-transform:uppercase\"><strong><mark style=\"background-color:rgba(0, 0, 0, 0)\" class=\"has-inline-color has-silver-color\">Directeur g\u00e9n\u00e9ral:<\/mark><\/strong><\/p>\n\n\n\n<p class=\"has-small-font-size\" style=\"margin-top:0;margin-bottom:0;text-transform:none\">Chris Foster | <a href=\"mailto:executivedirector@velonb.ca\" target=\"_blank\" rel=\"noreferrer noopener\">executivedirector@velonb.ca<\/a><\/p>\n<\/div>\n\n\n\n<div class=\"wp-block-column has-gainsboro-background-color has-background is-layout-flow wp-block-column-is-layout-flow\" style=\"padding-top:var(--wp--preset--spacing--medium);padding-right:var(--wp--preset--spacing--medium);padding-bottom:var(--wp--preset--spacing--medium);padding-left:var(--wp--preset--spacing--medium);flex-basis:50%\">\n<h3 class=\"wp-block-heading has-large-font-size\">Cycling Nova Scotia<\/h3>\n\n\n\n<p style=\"margin-top:0;margin-bottom:0\"><a href=\"http:\/\/www.albertabicycle.ab.ca\/\" target=\"_blank\" rel=\"noreferrer noopener\"><\/a><a href=\"http:\/\/www.bicycle.ns.ca\/\" target=\"_blank\" rel=\"noreferrer noopener\">www.bicycle.ns.ca<\/a><a href=\"http:\/\/www.bicycle.ns.ca\/\"><\/a><\/p>\n\n\n\n<p class=\"has-small-font-size\">5516 Spring Garden Rd, #301, 3rd Floor,<br>Halifax, Nova Scotia, B3J 1G6<\/p>\n\n\n\n<p class=\"has-small-font-size\">(902) 377-2960<\/p>\n\n\n\n<p style=\"letter-spacing:1px;text-transform:uppercase\"><strong><mark style=\"background-color:rgba(0, 0, 0, 0)\" class=\"has-inline-color has-silver-color\">Directeur g\u00e9n\u00e9ral:<\/mark><\/strong><\/p>\n\n\n\n<p class=\"has-small-font-size\" style=\"margin-top:0;margin-bottom:0;text-transform:none\">Mike Todd | <a href=\"mailto:mike.todd@cyclingns.ca\">mike.todd@cyclingns.ca<\/a><\/p>\n<\/div>\n<\/div>\n\n\n\n<div class=\"wp-block-columns is-layout-flex wp-container-core-columns-is-layout-28f84493 wp-block-columns-is-layout-flex\">\n<div class=\"wp-block-column has-gainsboro-background-color has-background is-layout-flow wp-block-column-is-layout-flow\" style=\"padding-top:var(--wp--preset--spacing--medium);padding-right:var(--wp--preset--spacing--medium);padding-bottom:var(--wp--preset--spacing--medium);padding-left:var(--wp--preset--spacing--medium);flex-basis:50%\">\n<h3 class=\"wp-block-heading has-large-font-size\">Bicycle Newfoundland and Labrador<\/h3>\n\n\n\n<p style=\"margin-top:0;margin-bottom:0\"><a href=\"http:\/\/bicyclenl.com\/\" target=\"_blank\" rel=\"noreferrer noopener\">bicyclenl.com<\/a><\/p>\n\n\n\n<p class=\"has-small-font-size\">46 Parkhill Street,<br>St. John\u2019s, Newfoundland, A1E 6B2<\/p>\n\n\n\n<p class=\"has-small-font-size\">(709) 738-5999<\/p>\n\n\n\n<p style=\"letter-spacing:1px;text-transform:uppercase\"><strong><mark style=\"background-color:rgba(0, 0, 0, 0)\" class=\"has-inline-color has-silver-color\">Directeur :<\/mark><\/strong><\/p>\n\n\n\n<p class=\"has-small-font-size\" style=\"margin-top:0;margin-bottom:0;text-transform:none\">Kim Furlong&nbsp;|&nbsp;<a href=\"mailto:president@bicyclenl.com\">president@bicyclenl.com<\/a><\/p>\n<\/div>\n\n\n\n<div class=\"wp-block-column has-gainsboro-background-color has-background is-layout-flow wp-block-column-is-layout-flow\" style=\"padding-top:var(--wp--preset--spacing--medium);padding-right:var(--wp--preset--spacing--medium);padding-bottom:var(--wp--preset--spacing--medium);padding-left:var(--wp--preset--spacing--medium);flex-basis:50%\">\n<h3 class=\"wp-block-heading has-large-font-size\">Cycling Association of Yukon<\/h3>\n\n\n\n<p style=\"margin-top:0;margin-bottom:0\"><a href=\"http:\/\/www.albertabicycle.ab.ca\/\" target=\"_blank\" rel=\"noreferrer noopener\"><\/a><a href=\"http:\/\/www.yukoncycling.com\/\" target=\"_blank\" rel=\"noreferrer noopener\">www.yukoncycling.com<\/a><a href=\"http:\/\/www.bicycle.ns.ca\/\"><\/a><\/p>\n\n\n\n<p class=\"has-small-font-size\">461 \u2013 4th Avenue,<br>Whitehorse, Yukon, Y1A 1H1<\/p>\n\n\n\n<p class=\"has-small-font-size\">(867) 668-4990<\/p>\n\n\n\n<p style=\"letter-spacing:1px;text-transform:uppercase\"><strong><mark style=\"background-color:rgba(0, 0, 0, 0)\" class=\"has-inline-color has-silver-color\">Directeur :<\/mark><\/strong><\/p>\n\n\n\n<p class=\"has-small-font-size\" style=\"margin-top:0;margin-bottom:0;text-transform:none\">Steven Biss | <a href=\"mailto:info@yukoncycling.com\">info@yukoncycling.com<\/a><\/p>\n<\/div>\n<\/div>\n\n\n\n<div class=\"wp-block-columns is-layout-flex wp-container-core-columns-is-layout-28f84493 wp-block-columns-is-layout-flex\">\n<div class=\"wp-block-column has-gainsboro-background-color has-background is-layout-flow wp-block-column-is-layout-flow\" style=\"padding-top:var(--wp--preset--spacing--medium);padding-right:var(--wp--preset--spacing--medium);padding-bottom:var(--wp--preset--spacing--medium);padding-left:var(--wp--preset--spacing--medium);flex-basis:50%\">\n<h3 class=\"wp-block-heading has-large-font-size\">Cycling PEI<\/h3>\n\n\n\n<p style=\"margin-top:0;margin-bottom:0\"><a href=\"https:\/\/www.cyclingpei.org\/\" target=\"_blank\" rel=\"noreferrer noopener\">www.cyclingpei.org<\/a><\/p>\n\n\n\n<p class=\"has-small-font-size\">P.O. Box 302 902,<br>Charlottetown, PEI, C1A 7K7<\/p>\n\n\n\n<p class=\"has-small-font-size\">(902) 368-4985<\/p>\n\n\n\n<p style=\"letter-spacing:1px;text-transform:uppercase\"><strong><mark style=\"background-color:rgba(0, 0, 0, 0)\" class=\"has-inline-color has-silver-color\">Directeur g\u00e9n\u00e9ral:<\/mark><\/strong><\/p>\n\n\n\n<p class=\"has-small-font-size\" style=\"margin-top:0;margin-bottom:0;text-transform:none\">Jordan Bober | <a href=\"mailto:info@cyclingpei.org\">info@cyclingpei.org<\/a><\/p>\n<\/div>\n\n\n\n<div class=\"wp-block-column has-gainsboro-background-color has-background is-layout-flow wp-block-column-is-layout-flow\" style=\"padding-top:var(--wp--preset--spacing--medium);padding-right:var(--wp--preset--spacing--medium);padding-bottom:var(--wp--preset--spacing--medium);padding-left:var(--wp--preset--spacing--medium);flex-basis:50%\">\n<h3 class=\"wp-block-heading has-large-font-size\">Cycling NWT<\/h3>\n\n\n\n<p style=\"margin-top:0;margin-bottom:0\"><a href=\"http:\/\/www.albertabicycle.ab.ca\/\" target=\"_blank\" rel=\"noreferrer noopener\"><\/a><a href=\"http:\/\/cyclingnwt.ca\/\" target=\"_blank\" rel=\"noreferrer noopener\">cyclingnwt.ca<\/a><a href=\"http:\/\/www.bicycle.ns.ca\/\"><\/a><\/p>\n\n\n\n<p class=\"has-small-font-size\">4908 49 St.<br>Yellowknife, NWT, X1A 1P3<\/p>\n\n\n\n<p style=\"letter-spacing:1px;text-transform:uppercase\"><strong><mark style=\"background-color:rgba(0, 0, 0, 0)\" class=\"has-inline-color has-silver-color\">Pr\u00e9sident:<\/mark><\/strong><\/p>\n\n\n\n<p class=\"has-small-font-size\" style=\"margin-top:0;margin-bottom:0;text-transform:none\">Thorsten Gohl | <a href=\"mailto:info@cyclingnwt.ca\">info@cyclingnwt.ca<\/a><\/p>\n<\/div>\n<\/div>\n\n\n\n<p><\/p>\n","protected":false},"excerpt":{"rendered":"<p>Veuillez contacter votre association provinciale pour toutes questions relatives \u00e0 l\u2019adh\u00e9sion, aux licences, aux assurances et aux \u00e9quipes et clubs provinciaux. Pour des nouvelles et des mises \u00e0 jour, abonnez-vous \u00e0 l&#8217;infolettre de Cyclisme Canada. Cycling British Columbia www.cyclingbc.net PO Box 44001 RPO Kensington SQBurnaby, BC, V5B4Y2 Directeur g\u00e9n\u00e9ral: Chris Cook | chris@cyclingbc.net Alberta Bicycle [&hellip;]<\/p>\n","protected":false},"author":46,"featured_media":77260,"parent":37348,"menu_order":0,"comment_status":"closed","ping_status":"closed","template":"wp-custom-template-simple-hero-page","meta":{"_acf_changed":false,"advanced_seo_description":"","jetpack_seo_html_title":"","jetpack_seo_noindex":false,"footnotes":""},"class_list":["post-69980","page","type-page","status-publish","has-post-thumbnail","hentry"],"acf":[],"jetpack_sharing_enabled":true,"_links":{"self":[{"href":"https:\/\/cyclingcanada.ca\/fr\/wp-json\/wp\/v2\/pages\/69980","targetHints":{"allow":["GET"]}}],"collection":[{"href":"https:\/\/cyclingcanada.ca\/fr\/wp-json\/wp\/v2\/pages"}],"about":[{"href":"https:\/\/cyclingcanada.ca\/fr\/wp-json\/wp\/v2\/types\/page"}],"author":[{"embeddable":true,"href":"https:\/\/cyclingcanada.ca\/fr\/wp-json\/wp\/v2\/users\/46"}],"replies":[{"embeddable":true,"href":"https:\/\/cyclingcanada.ca\/fr\/wp-json\/wp\/v2\/comments?post=69980"}],"version-history":[{"count":8,"href":"https:\/\/cyclingcanada.ca\/fr\/wp-json\/wp\/v2\/pages\/69980\/revisions"}],"predecessor-version":[{"id":77906,"href":"https:\/\/cyclingcanada.ca\/fr\/wp-json\/wp\/v2\/pages\/69980\/revisions\/77906"}],"up":[{"embeddable":true,"href":"https:\/\/cyclingcanada.ca\/fr\/wp-json\/wp\/v2\/pages\/37348"}],"wp:featuredmedia":[{"embeddable":true,"href":"https:\/\/cyclingcanada.ca\/fr\/wp-json\/wp\/v2\/media\/77260"}],"wp:attachment":[{"href":"https:\/\/cyclingcanada.ca\/fr\/wp-json\/wp\/v2\/media?parent=69980"}],"curies":[{"name":"wp","href":"https:\/\/api.w.org\/{rel}","templated":true}]}}