{"id":70113,"date":"2025-04-17T18:27:43","date_gmt":"2025-04-17T22:27:43","guid":{"rendered":"https:\/\/cyclingcanada.ca\/mimpliquer\/commissaires\/reglements-et-politiques\/"},"modified":"2025-04-17T18:27:46","modified_gmt":"2025-04-17T22:27:46","slug":"reglements-et-politiques","status":"publish","type":"page","link":"https:\/\/cyclingcanada.ca\/fr\/mimpliquer\/commissaires\/reglements-et-politiques\/","title":{"rendered":"R\u00e8glements et politiques"},"content":{"rendered":"\n<div class=\"wp-block-group alignwide is-layout-flow wp-block-group-is-layout-flow\" style=\"padding-top:var(--wp--preset--spacing--large);padding-bottom:var(--wp--preset--spacing--large)\">\n<h1 class=\"wp-block-heading has-text-align-center has-xx-large-font-size\">R\u00e8glements et politiques<\/h1>\n\n\n\n<h4 class=\"wp-block-heading has-primary-color has-text-color has-link-color wp-elements-627b7a9bed6d706ecc2fca3a8791f6f8\">R\u00e8glements<\/h4>\n\n\n\n<p class=\"has-black-color has-text-color has-link-color wp-elements-ee8fcb2202a7f862ea55e14fc9f2cfa2\"><a href=\"https:\/\/www.uci.org\/fr\/inside-uci\/statuts-et-r%C3%A8glements\"><span style=\"text-decoration: underline;\"><strong>R\u00e8glements UCI<\/strong><\/span><\/a><\/p>\n\n\n\n<p class=\"has-black-color has-text-color has-link-color wp-elements-2b7ff58d80deca42c8adef46469a4d67\"><a href=\"https:\/\/www.uci.org\/fr\/inside-uci\/publications\"><strong><span style=\"text-decoration: underline;\">Publications de l\u2019UCI<\/span><\/strong><\/a><\/p>\n\n\n\n<p class=\"has-black-color has-text-color has-link-color wp-elements-7fe6e8540b75a4305f54a62aefb35fb7\"><a href=\"https:\/\/www.uci.org\/docs\/default-source\/rules-and-regulations\/uci-code-of-ethics.pdf\"><strong><span style=\"text-decoration: underline;\">Code \u00e9thique de l\u2019UCI<\/span><\/strong><\/a><\/p>\n\n\n\n<p class=\"has-black-color has-text-color has-link-color wp-elements-8f14828039b56621a7418a336c72f852\"><a href=\"https:\/\/cyclingcanada.ca\/wp-content\/uploads\/2025\/03\/Companion-Guide-2025_FR-FINAL.pdf\"><strong><span style=\"text-decoration: underline;\">Le Compl\u00e9ment 2025<\/span><\/strong><\/a><\/p>\n\n\n\n<div style=\"height:var(--wp--preset--spacing--small)\" aria-hidden=\"true\" class=\"wp-block-spacer\"><\/div>\n\n\n\n<h4 class=\"wp-block-heading has-primary-color has-text-color has-link-color wp-elements-b8f1090f02f8a5f6f200b9cfb9cd2e55\">Politiques de Commissaires \u2013 Cyclisme Canada<\/h4>\n\n\n\n<p class=\"has-black-color has-text-color has-link-color wp-elements-f94a7a08d96674cbb1fd2cd76f188b15\"><a href=\"https:\/\/cyclingcanada.ca\/wp-content\/uploads\/2025\/03\/COCC5-Promotion-des-commissaires-F-2025-1.pdf\"><span style=\"text-decoration: underline;\"><strong>Promotion des commissaires<\/strong><\/span><\/a><\/p>\n\n\n\n<p class=\"has-black-color has-text-color has-link-color wp-elements-8a308ee39e09171ed98a476d66c073a6\"><a href=\"https:\/\/cyclingcanada.ca\/wp-content\/uploads\/2025\/03\/COCC1-Exigences-pour-le-cours-de-commissaire-national-F-2025-1.pdf\"><span style=\"text-decoration: underline;\"><strong>Exigences pour le cours de commissaire national<\/strong><\/span><\/a><\/p>\n\n\n\n<p class=\"has-black-color has-text-color has-link-color wp-elements-137266a80a3f235b68d02a4e9733647e\"><a href=\"https:\/\/cyclingcanada.ca\/wp-content\/uploads\/2021\/03\/COCC6-Modifications-des-re%CC%80glements-nationaux-F.pdf\"><span style=\"text-decoration: underline;\"><strong>Modifications des r\u00e8glements nationaux<\/strong><\/span><\/a><\/p>\n\n\n\n<p class=\"has-black-color has-text-color has-link-color wp-elements-9d59c1c457b0dbfb3cb2bc00017be9e5\"><a href=\"https:\/\/cyclingcanada.ca\/wp-content\/uploads\/2024\/01\/COCC7-Assignations-des-commissaires-nationaux-BMX-F.pdf\"><span style=\"text-decoration: underline;\"><strong>Assignations des commissaires nationaux \u2013 BMX<\/strong><\/span><\/a><\/p>\n\n\n\n<p class=\"has-black-color has-text-color has-link-color wp-elements-c83b3b1930fca22a5b1e6a2286810d8d\"><a href=\"https:\/\/cyclingcanada.ca\/wp-content\/uploads\/2024\/01\/COCC2-Assignations-des-commissaires-nationaux-Velo-de-montagne-F.pdf\"><span style=\"text-decoration: underline;\"><strong>Assignations des commissaires nationaux \u2013 V\u00e9lo de Montagne<\/strong><\/span><\/a><\/p>\n\n\n\n<p class=\"has-black-color has-text-color has-link-color wp-elements-48458c1df096753dbb4722d8df302abd\"><a href=\"https:\/\/cyclingcanada.ca\/wp-content\/uploads\/2024\/01\/COCC3-Assignations-des-commissaires-nationaux-Route-F.pdf\"><span style=\"text-decoration: underline;\"><strong>Assignations des commissaires nationaux \u2013 Route<\/strong><\/span><\/a><\/p>\n\n\n\n<p class=\"has-black-color has-text-color has-link-color wp-elements-29bcddb1933073bb972ae3552511ac32\"><a href=\"https:\/\/cyclingcanada.ca\/wp-content\/uploads\/2024\/01\/COCC4-Assignations-des-commissaires-nationaux-Piste-F.pdf\"><span style=\"text-decoration: underline;\"><strong>Assignations des commissaires nationaux \u2013 Piste<\/strong><\/span><\/a><\/p>\n\n\n\n<p class=\"has-black-color has-text-color has-link-color wp-elements-e12db9899c14de94342583823397ae72\"><a href=\"https:\/\/cyclingcanada.ca\/wp-content\/uploads\/2024\/01\/COCC9-Assignations-des-commissaires-nationaux-CX-F.pdf\"><span style=\"text-decoration: underline;\"><strong>Assignations des commissaires nationaux \u2013 CX<\/strong><\/span><\/a><\/p>\n\n\n\n<p class=\"has-black-color has-text-color has-link-color wp-elements-e5781fb90239789829e97b4b6509d67d\"><a href=\"https:\/\/cyclingcanada.ca\/wp-content\/uploads\/2024\/01\/COCC10-Assignations-des-commissaires-nationaux_CyclismePourTous-F.pdf\"><span style=\"text-decoration: underline;\"><strong>Assignations des commissaires \u2013 Cyclisme pour tous <\/strong><\/span><\/a><\/p>\n\n\n\n<p class=\"has-black-color has-text-color has-link-color wp-elements-2a709fcb980de8bc8c5ebbab53e188d4\"><a href=\"https:\/\/cyclingcanada.ca\/wp-content\/uploads\/2025\/03\/COCC8-Honoraires-et-depenses-des-commissaires-2025-F-1.pdf\"><span style=\"text-decoration: underline;\"><strong>Honoraires et d\u00e9penses des commissaires<\/strong><\/span><\/a><\/p>\n\n\n\n<div style=\"margin-top:0;margin-bottom:0;height:var(--wp--preset--spacing--x-large)\" aria-hidden=\"true\" class=\"wp-block-spacer\"><\/div>\n\n\n\n<div class=\"wp-block-buttons is-content-justification-center is-layout-flex wp-container-core-buttons-is-layout-2bb63ab0 wp-block-buttons-is-layout-flex\">\n<div class=\"wp-block-button has-custom-width wp-block-button__width-50 has-custom-font-size has-poppins-font-family has-normal-font-size\" style=\"letter-spacing:2px\"><a class=\"wp-block-button__link has-black-color has-gainsboro-background-color has-text-color has-background has-link-color wp-element-button\" href=\"https:\/\/cyclingcanada.ca\/fr\/mimpliquer\/commissaires\/\" style=\"padding-top:1.4rem;padding-bottom:1.4rem\">&lt; Retour \u00e0 Officiels<\/a><\/div>\n\n\n\n<div class=\"wp-block-button has-custom-width wp-block-button__width-50 has-custom-font-size is-style-fill has-poppins-font-family has-normal-font-size\" style=\"letter-spacing:2px\"><a class=\"wp-block-button__link has-white-color has-primary-background-color has-text-color has-background has-link-color wp-element-button\" href=\"https:\/\/cyclingcanada.ca\/fr\/mimpliquer\/commissaires\/ressources\/\" style=\"padding-top:1.4rem;padding-bottom:1.4rem\">Suivant: Ressources &gt;<\/a><\/div>\n<\/div>\n<\/div>\n","protected":false},"excerpt":{"rendered":"<p>R\u00e8glements et politiques R\u00e8glements R\u00e8glements UCI Publications de l\u2019UCI Code \u00e9thique de l\u2019UCI Le Compl\u00e9ment 2025 Politiques de Commissaires \u2013 Cyclisme Canada Promotion des commissaires Exigences pour le cours de commissaire national Modifications des r\u00e8glements nationaux Assignations des commissaires nationaux \u2013 BMX Assignations des commissaires nationaux \u2013 V\u00e9lo de Montagne Assignations des commissaires nationaux \u2013 [&hellip;]<\/p>\n","protected":false},"author":46,"featured_media":0,"parent":69909,"menu_order":0,"comment_status":"closed","ping_status":"closed","template":"","meta":{"_acf_changed":false,"advanced_seo_description":"","jetpack_seo_html_title":"","jetpack_seo_noindex":false,"footnotes":""},"class_list":["post-70113","page","type-page","status-publish","hentry"],"acf":[],"jetpack_sharing_enabled":true,"_links":{"self":[{"href":"https:\/\/cyclingcanada.ca\/fr\/wp-json\/wp\/v2\/pages\/70113","targetHints":{"allow":["GET"]}}],"collection":[{"href":"https:\/\/cyclingcanada.ca\/fr\/wp-json\/wp\/v2\/pages"}],"about":[{"href":"https:\/\/cyclingcanada.ca\/fr\/wp-json\/wp\/v2\/types\/page"}],"author":[{"embeddable":true,"href":"https:\/\/cyclingcanada.ca\/fr\/wp-json\/wp\/v2\/users\/46"}],"replies":[{"embeddable":true,"href":"https:\/\/cyclingcanada.ca\/fr\/wp-json\/wp\/v2\/comments?post=70113"}],"version-history":[{"count":1,"href":"https:\/\/cyclingcanada.ca\/fr\/wp-json\/wp\/v2\/pages\/70113\/revisions"}],"predecessor-version":[{"id":70114,"href":"https:\/\/cyclingcanada.ca\/fr\/wp-json\/wp\/v2\/pages\/70113\/revisions\/70114"}],"up":[{"embeddable":true,"href":"https:\/\/cyclingcanada.ca\/fr\/wp-json\/wp\/v2\/pages\/69909"}],"wp:attachment":[{"href":"https:\/\/cyclingcanada.ca\/fr\/wp-json\/wp\/v2\/media?parent=70113"}],"curies":[{"name":"wp","href":"https:\/\/api.w.org\/{rel}","templated":true}]}}