{"id":71379,"date":"2025-05-29T11:48:16","date_gmt":"2025-05-29T15:48:16","guid":{"rendered":"https:\/\/cyclingcanada.ca\/ressources\/ressources-pour-athletes\/zone-des-athletes\/athlete-prize-money\/"},"modified":"2025-05-29T11:51:33","modified_gmt":"2025-05-29T15:51:33","slug":"athlete-prize-money","status":"publish","type":"page","link":"https:\/\/cyclingcanada.ca\/fr\/ressources\/ressources-pour-athletes\/athlete-prize-money\/","title":{"rendered":"Prix des athl\u00e8tes"},"content":{"rendered":"\n<div class=\"wp-block-group alignwide is-layout-flow wp-block-group-is-layout-flow\" style=\"padding-top:var(--wp--preset--spacing--x-large);padding-bottom:var(--wp--preset--spacing--large)\">\n<h1 class=\"wp-block-heading has-text-align-center has-x-large-font-size\">Prix des athl\u00e8tes<\/h1>\n\n\n\n<h4 class=\"wp-block-heading has-primary-color has-text-color has-link-color wp-elements-03447bcbc5e6307716717d8f2225081e\"><strong>Protocole relatif au prize money pour les coupes du monde et les championnats du monde de l&#8217;UCI<\/strong><\/h4>\n\n\n\n<p>Les prix gagn\u00e9s dans le cadre des coupes du monde UCI, des championnats du monde UCI et du classement g\u00e9n\u00e9ral UCI suivent le protocole de l&#8217;UCI en mati\u00e8re de prix. L&#8217;UCI informera la f\u00e9d\u00e9ration nationale de cyclisme, Cyclisme Canada, du transfert du prize money une fois que les r\u00e9sultats et les r\u00e9sultats antidopage auront \u00e9t\u00e9 v\u00e9rifi\u00e9s.<\/p>\n\n\n\n<div style=\"height:var(--wp--preset--spacing--small)\" aria-hidden=\"true\" class=\"wp-block-spacer\"><\/div>\n\n\n\n<h4 class=\"wp-block-heading has-primary-color has-text-color has-link-color wp-elements-5672e8c4bfeb6ef2b23d5bad133538ec\"><strong>Dispersion du fonds de prix<\/strong><\/h4>\n\n\n\n<p>Projets de l&#8217;\u00e9quipe nationale : Pour les athl\u00e8tes s\u00e9lectionn\u00e9s et participant aux projets de l&#8217;\u00e9quipe nationale, le coordinateur du projet de haute performance qui vous a \u00e9t\u00e9 attribu\u00e9 assurera le suivi des prix et communiquera ces informations au coordinateur de la haute performance (CHP). Le CHP assurera le suivi de chaque athl\u00e8te ayant gagn\u00e9 un prix dans le cadre du projet et l&#8217;informera de la date \u00e0 laquelle le prix sera vers\u00e9 sur son compte. Les athl\u00e8tes peuvent \u00e9galement choisir de remplir le formulaire de demande de prix s&#8217;ils souhaitent informer le CHP du montant de leur prix. Il s&#8217;agit d&#8217;une notification facultative.<\/p>\n\n\n\n<p>Projets d&#8217;\u00e9quipes non nationales : Pour les athl\u00e8tes participant \u00e0 des courses internationales ind\u00e9pendamment des projets de Cyclisme Canada, o\u00f9 un prix en argent est attribu\u00e9, vous devrez remplir le formulaire de demande de prix en argent. Ce formulaire ne doit \u00eatre rempli que lorsque les organisateurs de la course vous ont communiqu\u00e9 que les prix en argent seront transf\u00e9r\u00e9s \u00e0 la f\u00e9d\u00e9ration nationale et qu&#8217;il incombera alors \u00e0 la f\u00e9d\u00e9ration nationale de transf\u00e9rer les fonds aux athl\u00e8tes. Le formulaire nous permet de garder une trace des demandes d&#8217;argent pour les prix.<\/p>\n\n\n\n<div style=\"height:var(--wp--preset--spacing--large)\" aria-hidden=\"true\" class=\"wp-block-spacer\"><\/div>\n\n\n\n<div class=\"wp-block-buttons is-content-justification-center is-layout-flex wp-container-core-buttons-is-layout-a89b3969 wp-block-buttons-is-layout-flex\">\n<div class=\"wp-block-button\"><a class=\"wp-block-button__link has-medium-font-size has-custom-font-size wp-element-button\" href=\"https:\/\/cyclingcanada.ca\/fr\/ressources\/ressources-pour-athletes\/zone-des-athletes\/\">&lt; Page d&#8217;accueil de la zone des athl\u00e8tes<\/a><\/div>\n<\/div>\n<\/div>\n","protected":false},"excerpt":{"rendered":"<p>Prix des athl\u00e8tes Protocole relatif au prize money pour les coupes du monde et les championnats du monde de l&#8217;UCI Les prix gagn\u00e9s dans le cadre des coupes du monde UCI, des championnats du monde UCI et du classement g\u00e9n\u00e9ral UCI suivent le protocole de l&#8217;UCI en mati\u00e8re de prix. L&#8217;UCI informera la f\u00e9d\u00e9ration nationale [&hellip;]<\/p>\n","protected":false},"author":46,"featured_media":0,"parent":36666,"menu_order":0,"comment_status":"closed","ping_status":"closed","template":"","meta":{"_acf_changed":false,"advanced_seo_description":"","jetpack_seo_html_title":"","jetpack_seo_noindex":false,"footnotes":""},"class_list":["post-71379","page","type-page","status-publish","hentry"],"acf":[],"jetpack_sharing_enabled":true,"_links":{"self":[{"href":"https:\/\/cyclingcanada.ca\/fr\/wp-json\/wp\/v2\/pages\/71379","targetHints":{"allow":["GET"]}}],"collection":[{"href":"https:\/\/cyclingcanada.ca\/fr\/wp-json\/wp\/v2\/pages"}],"about":[{"href":"https:\/\/cyclingcanada.ca\/fr\/wp-json\/wp\/v2\/types\/page"}],"author":[{"embeddable":true,"href":"https:\/\/cyclingcanada.ca\/fr\/wp-json\/wp\/v2\/users\/46"}],"replies":[{"embeddable":true,"href":"https:\/\/cyclingcanada.ca\/fr\/wp-json\/wp\/v2\/comments?post=71379"}],"version-history":[{"count":3,"href":"https:\/\/cyclingcanada.ca\/fr\/wp-json\/wp\/v2\/pages\/71379\/revisions"}],"predecessor-version":[{"id":71384,"href":"https:\/\/cyclingcanada.ca\/fr\/wp-json\/wp\/v2\/pages\/71379\/revisions\/71384"}],"up":[{"embeddable":true,"href":"https:\/\/cyclingcanada.ca\/fr\/wp-json\/wp\/v2\/pages\/36666"}],"wp:attachment":[{"href":"https:\/\/cyclingcanada.ca\/fr\/wp-json\/wp\/v2\/media?parent=71379"}],"curies":[{"name":"wp","href":"https:\/\/api.w.org\/{rel}","templated":true}]}}