{"id":73648,"date":"2025-09-26T14:14:04","date_gmt":"2025-09-26T18:14:04","guid":{"rendered":"https:\/\/cyclingcanada.ca\/?page_id=73648"},"modified":"2025-10-23T12:21:44","modified_gmt":"2025-10-23T16:21:44","slug":"a-propos","status":"publish","type":"page","link":"https:\/\/cyclingcanada.ca\/fr\/collectif1882\/a-propos\/","title":{"rendered":"\u00c0 propos du Collectif 1882"},"content":{"rendered":"\n<p>Le Collectif 1882&nbsp;est une communaut\u00e9 de clubs affili\u00e9s et d\u2019\u00e9quipes commerciales, chacun \u0153uvrant \u00e0 favoriser la croissance et le d\u00e9veloppement du cyclisme au Canada. En soutenant un membre du Collectif 1882, les donateurs ont la possibilit\u00e9 de contribuer au cyclisme aux niveaux local, provincial ET national, avec 100 % des fonds allou\u00e9s au paysage cycliste canadien.<\/p>\n\n\n\n<h4 class=\"wp-block-heading\">Quel est l\u2019objectif du Collectif 1882 ?<\/h4>\n\n\n\n<p>L\u2019objectif du Collectif 1882 est simple : injecter des fonds indispensables dans le syst\u00e8me cycliste canadien afin de favoriser la croissance et le d\u00e9veloppement du sport cycliste \u00e0 l\u2019\u00e9chelle nationale. En offrant une plateforme collective de collecte de fonds et des ressources aux clubs et \u00e9quipes cyclistes sous-financ\u00e9s, Cyclisme Canada vise \u00e0 r\u00e9duire les barri\u00e8res \u00e0 l\u2019entr\u00e9e dans le sport du cyclisme \u00e0 tous les niveaux, assurant ainsi un vivier durable de futurs talents et augmentant le nombre de Canadiens qui pratiquent le v\u00e9lo.<\/p>\n\n\n\n<h4 class=\"wp-block-heading\">Qui sont les affili\u00e9s du Collectif 1882 ?<\/h4>\n\n\n\n<p>Les affili\u00e9s du Collectif 1882 sont des \u00e9quipes commerciales et des clubs en r\u00e8gle, officiellement affili\u00e9s \u00e0 Cyclisme Canada et\/ou \u00e0 leur association cycliste provinciale\/territoriale. Les membres affili\u00e9s sont accueillis dans le Collectif apr\u00e8s un audit complet des objectifs de collecte de fonds et une affiliation valid\u00e9e par leur association cycliste provinciale\/territoriale respective.<\/p>\n\n\n\n<h4 class=\"wp-block-heading\">Comment les dons au Collectif 1882 sont-ils distribu\u00e9s ?<\/h4>\n\n\n\n<p>Tous les fonds recueillis par le Collectif 1882 sont directement distribu\u00e9s \u00e0 l\u2019\u00e9cosyst\u00e8me cycliste canadien \u2013 sans frais cach\u00e9s. Les dons sont re\u00e7us directement par Cyclisme Canada via la page de collecte de fonds unique de chaque affili\u00e9. Ensuite, Cyclisme Canada conserve 10 % du don, qui est distribu\u00e9 directement aux programmes et initiatives cyclistes nationaux. Pour les affili\u00e9s clubs provinciaux et \u00e9quipes commerciales provinciales, 5 % suppl\u00e9mentaires sont distribu\u00e9s \u00e0<a href=\"https:\/\/cyclingcanada.ca\/fr\/mimpliquer\/devenir-membre\/\"> l\u2019association cycliste provinciale\/territoriale<\/a> \u00e0 but non lucratif o\u00f9 le club affili\u00e9 est enregistr\u00e9, soutenant ainsi la programmation locale et provinciale\/territoriale essentielle \u00e0 la croissance du sport.<\/p>\n\n\n\n<div class=\"wp-block-buttons is-content-justification-center is-layout-flex wp-container-core-buttons-is-layout-2bb63ab0 wp-block-buttons-is-layout-flex\">\n<div class=\"wp-block-button has-custom-width wp-block-button__width-50\"><a class=\"wp-block-button__link has-black-color has-gainsboro-background-color has-text-color has-background has-link-color has-poppins-font-family has-normal-font-size has-custom-font-size wp-element-button\" href=\"https:\/\/cyclingcanada.ca\/fr\/collectif1882\/\" style=\"padding-top:1.4rem;padding-bottom:1.4rem;letter-spacing:2px\">&lt; Retour au Collectif 1882<\/a><\/div>\n\n\n\n<div class=\"wp-block-button has-custom-width wp-block-button__width-50 is-style-fill\"><a class=\"wp-block-button__link has-white-color has-primary-background-color has-text-color has-background has-link-color has-poppins-font-family has-normal-font-size has-custom-font-size wp-element-button\" href=\"https:\/\/cyclingcanada.ca\/fr\/collectif1882\/ressources-pour-les-affilies\/\" style=\"padding-top:1.4rem;padding-bottom:1.4rem;letter-spacing:2px\">Suivant : Ressources pour les affili\u00e9s &gt;<\/a><\/div>\n<\/div>\n\n\n\n<p><\/p>\n","protected":false},"excerpt":{"rendered":"<p>Le Collectif 1882&nbsp;est une communaut\u00e9 de clubs affili\u00e9s et d\u2019\u00e9quipes commerciales, chacun \u0153uvrant \u00e0 favoriser la croissance et le d\u00e9veloppement du cyclisme au Canada. En soutenant un membre du Collectif 1882, les donateurs ont la possibilit\u00e9 de contribuer au cyclisme aux niveaux local, provincial ET national, avec 100 % des fonds allou\u00e9s au paysage cycliste [&hellip;]<\/p>\n","protected":false},"author":46,"featured_media":47093,"parent":73209,"menu_order":0,"comment_status":"closed","ping_status":"closed","template":"wp-custom-template-club-1882-page","meta":{"_acf_changed":false,"advanced_seo_description":"","jetpack_seo_html_title":"","jetpack_seo_noindex":false,"footnotes":""},"class_list":["post-73648","page","type-page","status-publish","has-post-thumbnail","hentry"],"acf":[],"jetpack_sharing_enabled":true,"_links":{"self":[{"href":"https:\/\/cyclingcanada.ca\/fr\/wp-json\/wp\/v2\/pages\/73648","targetHints":{"allow":["GET"]}}],"collection":[{"href":"https:\/\/cyclingcanada.ca\/fr\/wp-json\/wp\/v2\/pages"}],"about":[{"href":"https:\/\/cyclingcanada.ca\/fr\/wp-json\/wp\/v2\/types\/page"}],"author":[{"embeddable":true,"href":"https:\/\/cyclingcanada.ca\/fr\/wp-json\/wp\/v2\/users\/46"}],"replies":[{"embeddable":true,"href":"https:\/\/cyclingcanada.ca\/fr\/wp-json\/wp\/v2\/comments?post=73648"}],"version-history":[{"count":14,"href":"https:\/\/cyclingcanada.ca\/fr\/wp-json\/wp\/v2\/pages\/73648\/revisions"}],"predecessor-version":[{"id":74540,"href":"https:\/\/cyclingcanada.ca\/fr\/wp-json\/wp\/v2\/pages\/73648\/revisions\/74540"}],"up":[{"embeddable":true,"href":"https:\/\/cyclingcanada.ca\/fr\/wp-json\/wp\/v2\/pages\/73209"}],"wp:featuredmedia":[{"embeddable":true,"href":"https:\/\/cyclingcanada.ca\/fr\/wp-json\/wp\/v2\/media\/47093"}],"wp:attachment":[{"href":"https:\/\/cyclingcanada.ca\/fr\/wp-json\/wp\/v2\/media?parent=73648"}],"curies":[{"name":"wp","href":"https:\/\/api.w.org\/{rel}","templated":true}]}}