{"id":73653,"date":"2025-09-26T14:20:18","date_gmt":"2025-09-26T18:20:18","guid":{"rendered":"https:\/\/cyclingcanada.ca\/?page_id=73653"},"modified":"2026-03-11T09:56:25","modified_gmt":"2026-03-11T13:56:25","slug":"faire-un-don","status":"publish","type":"page","link":"https:\/\/cyclingcanada.ca\/fr\/club1882\/faire-un-don\/","title":{"rendered":"Faire un don"},"content":{"rendered":"\n<p>En plus de contribuer \u00e0 nos programmes et au succ\u00e8s \u00e0 long terme des athl\u00e8tes de Cyclisme Canada, votre don annuel vous permet de devenir membre d\u2019un club exclusif de personnes et d\u2019organisations partageant votre passion pour le v\u00e9lo. Le Club 1882 propose actuellement <strong>quatre niveaux<\/strong> d\u2019adh\u00e9sion, chacun offrant des avantages exclusifs.<\/p>\n\n\n\n<h4 class=\"wp-block-heading\">Grands donateurs<\/h4>\n\n\n\n<p>Le soutien des grands donateurs demeure essentiel pour \u00e9liminer les obstacles financiers auxquels font face les athl\u00e8tes de l\u2019\u00e9quipe nationale et pour appuyer les programmes sous-financ\u00e9s de l\u2019\u00e9quipe nationale. C\u2019est pourquoi les dons effectu\u00e9s dans les cat\u00e9gories <strong>Or, Argent et Bronze<\/strong> du Club 1882 visent \u00e0 avoir un impact direct sur les projets et programmes de l\u2019\u00e9quipe nationale, avec un soutien cibl\u00e9 s\u00e9lectionn\u00e9 soigneusement et en collaboration avec le donateur. Les co\u00fbts des projets et programmes \u00e0 financer sont pr\u00e9sent\u00e9s en toute transparence, offrant aux grands donateurs la possibilit\u00e9 de couvrir tout ou partie des d\u00e9penses associ\u00e9es \u00e0 un projet, une discipline ou un programme de leur choix. <\/p>\n\n\n\n<p>Les donateurs b\u00e9n\u00e9ficieront d\u2019un accompagnement personnalis\u00e9 de la part de l\u2019\u00e9quipe de Cyclisme Canada et auront la possibilit\u00e9 de fournir des commentaires tout au long du processus de collecte de fonds.<\/p>\n\n\n\n<p>En hommage \u00e0 l\u2019ann\u00e9e de fondation de Cyclisme Canada, le Club 1882 reconna\u00eet \u00e9galement tous les dons annuels d\u2019un montant minimal de 1 882 $ dans la cat\u00e9gorie \u00ab\u202fNoyau\u202f\u00bb. Comme pour les autres niveaux de dons majeurs, les donateurs de la cat\u00e9gorie Noyau peuvent demander \u00e0 ce que leur contribution soit affect\u00e9e \u00e0 des projets ou disciplines pr\u00e9cises de l\u2019\u00e9quipe nationale et recevront des avantages exclusifs en tant que membres reconnus du Club 1882. <\/p>\n\n\n\n<p>Pour en savoir plus sur les possibilit\u00e9s actuelles de soutien aux programmes ou disciplines sp\u00e9cifiques de l\u2019\u00e9quipe nationale, <a href=\"https:\/\/cyclingcanada.ca\/fr\/manuel-du-donateur\/\" target=\"_blank\" rel=\"noreferrer noopener\">cliquez ici<\/a> ou contactez <a href=\"mailto:josh.peacock@cyclingcanada.ca\">josh.peacock@cyclingcanada.ca<\/a>. <\/p>\n\n\n\n<h4 class=\"wp-block-heading\">Paliers de dons et reconnaissance<\/h4>\n\n\n\n<figure class=\"wp-block-table has-small-font-size\"><table><thead><tr><th><\/th><th class=\"has-text-align-center\" data-align=\"center\">Membre Or<\/th><th class=\"has-text-align-center\" data-align=\"center\"><strong>Membre Argent<\/strong><\/th><th class=\"has-text-align-center\" data-align=\"center\"><strong>Membre Bronze<\/strong><\/th><th class=\"has-text-align-center\" data-align=\"center\"><strong>Membre du Noyau<\/strong><\/th><\/tr><\/thead><tbody><tr><td><strong>Avantages des donateurs 2026<\/strong><\/td><td class=\"has-text-align-center\" data-align=\"center\"><strong>$50,000+<\/strong><\/td><td class=\"has-text-align-center\" data-align=\"center\"><strong>$25,000 &#8211; $49,999<\/strong><\/td><td class=\"has-text-align-center\" data-align=\"center\"><strong>$10,000 &#8211; $24,999<\/strong><\/td><td class=\"has-text-align-center\" data-align=\"center\"><strong>$1,882 &#8211; $9,999<\/strong><\/td><\/tr><tr><td>Communiqu\u00e9 de presse annon\u00e7ant un don<\/td><td class=\"has-text-align-center\" data-align=\"center\">\u2713<\/td><td class=\"has-text-align-center\" data-align=\"center\">&nbsp;<\/td><td class=\"has-text-align-center\" data-align=\"center\">&nbsp;<\/td><td class=\"has-text-align-center\" data-align=\"center\">&nbsp;<\/td><\/tr><tr><td>Droits de d\u00e9nomination des projets soutenus<\/td><td class=\"has-text-align-center\" data-align=\"center\">\u2713<\/td><td class=\"has-text-align-center\" data-align=\"center\">&nbsp;<\/td><td class=\"has-text-align-center\" data-align=\"center\">&nbsp;<\/td><td class=\"has-text-align-center\" data-align=\"center\">&nbsp;<\/td><\/tr><tr><td>Pass VIP gratuits pour les Championnats du monde sur route 2026 \u00e0 Montr\u00e9al<\/td><td class=\"has-text-align-center\" data-align=\"center\">2<\/td><td class=\"has-text-align-center\" data-align=\"center\">2<\/td><td class=\"has-text-align-center\" data-align=\"center\"><\/td><td class=\"has-text-align-center\" data-align=\"center\"><\/td><\/tr><tr><td>Acc\u00e8s \u00e0 la r\u00e9union annuelle des grands donateurs \/ s\u00e9ance de retour d\u2019exp\u00e9rience<\/td><td class=\"has-text-align-center\" data-align=\"center\">\u2713<\/td><td class=\"has-text-align-center\" data-align=\"center\">\u2713<\/td><td class=\"has-text-align-center\" data-align=\"center\">\u2713<\/td><td class=\"has-text-align-center\" data-align=\"center\">&nbsp;<\/td><\/tr><tr><td>Messages d\u2019athl\u00e8tes des projets\/disciplines soutenus<\/td><td class=\"has-text-align-center\" data-align=\"center\">\u2713<\/td><td class=\"has-text-align-center\" data-align=\"center\">\u2713<\/td><td class=\"has-text-align-center\" data-align=\"center\">\u2713<\/td><td class=\"has-text-align-center\" data-align=\"center\">&nbsp;<\/td><\/tr><tr><td>Pass VIP gratuits pour le GPCQM 2026 (Montr\u00e9al ou Qu\u00e9bec)<\/td><td class=\"has-text-align-center\" data-align=\"center\">4<\/td><td class=\"has-text-align-center\" data-align=\"center\">2<\/td><td class=\"has-text-align-center\" data-align=\"center\">1<\/td><td class=\"has-text-align-center\" data-align=\"center\">  1<\/td><\/tr><tr><td>Reconnaissance publique sur la page web de Cycling Canada C1882<\/td><td class=\"has-text-align-center\" data-align=\"center\">Photo portrait<\/td><td class=\"has-text-align-center\" data-align=\"center\">Photo portrait<\/td><td class=\"has-text-align-center\" data-align=\"center\">Nom<\/td><td class=\"has-text-align-center\" data-align=\"center\">Nom<\/td><\/tr><tr><td>Cadeau de bienvenue <\/td><td class=\"has-text-align-center\" data-align=\"center\">\u2713<\/td><td class=\"has-text-align-center\" data-align=\"center\">\u2713<\/td><td class=\"has-text-align-center\" data-align=\"center\">\u2713<\/td><td class=\"has-text-align-center\" data-align=\"center\">\u2713<\/td><\/tr><tr><td>Acc\u00e8s \u00e0 des r\u00e9ductions sp\u00e9ciales partenaires de CC<\/td><td class=\"has-text-align-center\" data-align=\"center\">\u2713<\/td><td class=\"has-text-align-center\" data-align=\"center\">\u2713<\/td><td class=\"has-text-align-center\" data-align=\"center\">\u2713<\/td><td class=\"has-text-align-center\" data-align=\"center\">\u2713<\/td><\/tr><tr><td>Acc\u00e8s prioritaire et billets \u00e0 tarif r\u00e9duit pour les \u00e9v\u00e9nements canadiens de niveau Coupe du Monde<\/td><td class=\"has-text-align-center\" data-align=\"center\">\u2713<\/td><td class=\"has-text-align-center\" data-align=\"center\">\u2713<\/td><td class=\"has-text-align-center\" data-align=\"center\">\u2713<\/td><td class=\"has-text-align-center\" data-align=\"center\">\u2713<\/td><\/tr><tr><td>Reconnaissance publique sur la page web du \u00ab Registre d\u2019honneur \u00bb du Collectif 1882<\/td><td class=\"has-text-align-center\" data-align=\"center\">\u2713<\/td><td class=\"has-text-align-center\" data-align=\"center\">\u2713<\/td><td class=\"has-text-align-center\" data-align=\"center\">\u2713<\/td><td class=\"has-text-align-center\" data-align=\"center\">\u2713<\/td><\/tr><tr><td>Re\u00e7u fiscal pour la valeur totale, d\u00e9duction faite des avantages re\u00e7us<\/td><td class=\"has-text-align-center\" data-align=\"center\">\u2713<\/td><td class=\"has-text-align-center\" data-align=\"center\">\u2713<\/td><td class=\"has-text-align-center\" data-align=\"center\">\u2713<\/td><td class=\"has-text-align-center\" data-align=\"center\">\u2713<\/td><\/tr><tr><td>Communications directes r\u00e9guli\u00e8res mettant en valeur l\u2019impact du don<\/td><td class=\"has-text-align-center\" data-align=\"center\">\u2713<\/td><td class=\"has-text-align-center\" data-align=\"center\">\u2713<\/td><td class=\"has-text-align-center\" data-align=\"center\">\u2713<\/td><td class=\"has-text-align-center\" data-align=\"center\">\u2713<\/td><\/tr><\/tbody><\/table><\/figure>\n\n\n\n<h4 class=\"wp-block-heading\">Don de titres ou de fonds communs de placement<\/h4>\n\n\n\n<p>Le don de fonds communs de placement ou de titres est une fa\u00e7on efficace de faire un don caritatif. En faisant don de fonds communs de placement ou de titres via le Club 1882, les taxes sur les gains en capital ne sont pas appliqu\u00e9es, ce qui permet \u00e0 Cycling Canada et au Club 1882 de recevoir la juste valeur marchande compl\u00e8te lors de la vente des titres, offrant ainsi un re\u00e7u fiscal refl\u00e9tant le montant total du don. Les personnes int\u00e9ress\u00e9es \u00e0 faire un don par le biais de fonds communs de placement ou de titres peuvent le faire en <strong><a href=\"https:\/\/www.canadahelps.org\/en\/dn\/80468\">CLIQUANT ICI<\/a><\/strong><\/p>\n\n\n\n<h4 class=\"wp-block-heading\">Informations g\u00e9n\u00e9rales sur les dons<\/h4>\n\n\n\n<p>Au-del\u00e0 des paliers de don reconnus ci-dessus, le Club 1882 accepte avec plaisir les dons \u00e0 tous les niveaux. En cliquant sur le lien ci-dessous, les donateurs peuvent contribuer de 1,00 $ \u00e0 10 000,00 $, en un seul versement, annuel ou mensuel. Un re\u00e7u fiscal, d\u00e9duction faite des avantages fiscaux re\u00e7us, sera automatiquement \u00e9mis pour tout don d\u2019un montant \u00e9gal ou sup\u00e9rieur \u00e0 25,00 $. <\/p>\n\n\n\n<p>Tous ceux qui souhaitent contribuer aux niveaux Bronze, Argent ou Or sont invit\u00e9s \u00e0 contacter directement Cycling Canada :<br><strong>Josh Peacock<\/strong><br>Directeur, D\u00e9veloppement des affaires et Communications<br><a href=\"mailto:Josh.peacock@cyclingcanada.ca\">Josh.peacock@cyclingcanada.ca<\/a><br>(613) 858-3131<\/p>\n\n\n\n<p>Au nom de Cycling Canada, du Club 1882 et du Collectif 1882, nous vous remercions de consid\u00e9rer un don aux programmes de Cycling Canada. Chaque don a un impact significatif pour aider \u00e0 construire un avenir plus solide pour le cyclisme au Canada.<\/p>\n\n\n\n<div class=\"wp-block-buttons has-custom-font-size has-normal-font-size is-layout-flex wp-container-core-buttons-is-layout-ea8b11be wp-block-buttons-is-layout-flex\">\n<div class=\"wp-block-button\"><a class=\"wp-block-button__link wp-element-button\" href=\"https:\/\/www.zeffy.com\/en-CA\/donation-form\/club--1882\" target=\"_blank\" rel=\"noreferrer noopener\">FAIRE UN DON<\/a><\/div>\n<\/div>\n\n\n\n<div style=\"margin-top:0;margin-bottom:0;height:var(--wp--preset--spacing--x-large)\" aria-hidden=\"true\" class=\"wp-block-spacer\"><\/div>\n\n\n\n<div class=\"wp-block-buttons is-content-justification-center is-layout-flex wp-container-core-buttons-is-layout-2bb63ab0 wp-block-buttons-is-layout-flex\">\n<div class=\"wp-block-button has-custom-width wp-block-button__width-50\"><a class=\"wp-block-button__link has-black-color has-gainsboro-background-color has-text-color has-background has-link-color has-poppins-font-family has-normal-font-size has-custom-font-size wp-element-button\" href=\"https:\/\/cyclingcanada.ca\/fr\/club1882\/\" style=\"padding-top:1.4rem;padding-bottom:1.4rem;letter-spacing:2px\">&lt; Retour \u00e0 Club 1882<\/a><\/div>\n\n\n\n<div class=\"wp-block-button has-custom-width wp-block-button__width-50 is-style-fill\"><a class=\"wp-block-button__link has-white-color has-primary-background-color has-text-color has-background has-link-color has-poppins-font-family has-normal-font-size has-custom-font-size wp-element-button\" href=\"https:\/\/cyclingcanada.ca\/fr\/club1882\/donateurs\/\" style=\"padding-top:1.4rem;padding-bottom:1.4rem;letter-spacing:2px\">Suivant: Donateurs &gt;<\/a><\/div>\n<\/div>\n\n\n\n<p><\/p>\n","protected":false},"excerpt":{"rendered":"<p>En plus de contribuer \u00e0 nos programmes et au succ\u00e8s \u00e0 long terme des athl\u00e8tes de Cyclisme Canada, votre don annuel vous permet de devenir membre d\u2019un club exclusif de personnes et d\u2019organisations partageant votre passion pour le v\u00e9lo. Le Club 1882 propose actuellement quatre niveaux d\u2019adh\u00e9sion, chacun offrant des avantages exclusifs. Grands donateurs Le [&hellip;]<\/p>\n","protected":false},"author":46,"featured_media":72715,"parent":73951,"menu_order":0,"comment_status":"closed","ping_status":"closed","template":"wp-custom-template-club-1882-page","meta":{"_acf_changed":false,"advanced_seo_description":"","jetpack_seo_html_title":"","jetpack_seo_noindex":false,"footnotes":""},"class_list":["post-73653","page","type-page","status-publish","has-post-thumbnail","hentry"],"acf":[],"jetpack_sharing_enabled":true,"_links":{"self":[{"href":"https:\/\/cyclingcanada.ca\/fr\/wp-json\/wp\/v2\/pages\/73653","targetHints":{"allow":["GET"]}}],"collection":[{"href":"https:\/\/cyclingcanada.ca\/fr\/wp-json\/wp\/v2\/pages"}],"about":[{"href":"https:\/\/cyclingcanada.ca\/fr\/wp-json\/wp\/v2\/types\/page"}],"author":[{"embeddable":true,"href":"https:\/\/cyclingcanada.ca\/fr\/wp-json\/wp\/v2\/users\/46"}],"replies":[{"embeddable":true,"href":"https:\/\/cyclingcanada.ca\/fr\/wp-json\/wp\/v2\/comments?post=73653"}],"version-history":[{"count":14,"href":"https:\/\/cyclingcanada.ca\/fr\/wp-json\/wp\/v2\/pages\/73653\/revisions"}],"predecessor-version":[{"id":76763,"href":"https:\/\/cyclingcanada.ca\/fr\/wp-json\/wp\/v2\/pages\/73653\/revisions\/76763"}],"up":[{"embeddable":true,"href":"https:\/\/cyclingcanada.ca\/fr\/wp-json\/wp\/v2\/pages\/73951"}],"wp:featuredmedia":[{"embeddable":true,"href":"https:\/\/cyclingcanada.ca\/fr\/wp-json\/wp\/v2\/media\/72715"}],"wp:attachment":[{"href":"https:\/\/cyclingcanada.ca\/fr\/wp-json\/wp\/v2\/media?parent=73653"}],"curies":[{"name":"wp","href":"https:\/\/api.w.org\/{rel}","templated":true}]}}