{"id":73674,"date":"2025-09-26T14:34:22","date_gmt":"2025-09-26T18:34:22","guid":{"rendered":"https:\/\/cyclingcanada.ca\/?page_id=73674"},"modified":"2026-04-30T15:37:15","modified_gmt":"2026-04-30T19:37:15","slug":"tableau-dhonneur","status":"publish","type":"page","link":"https:\/\/cyclingcanada.ca\/fr\/collectif1882\/tableau-dhonneur\/","title":{"rendered":"Tableau d\u2019Honneur"},"content":{"rendered":"\n<p>Le Tableau d\u2019Honneur 1882&nbsp;rend hommage aux donateurs ayant contribu\u00e9&nbsp;1 882 $ ou plus&nbsp;par l\u2019interm\u00e9diaire des campagnes des affili\u00e9s. En plus de la reconnaissance offerte directement par le club ou l\u2019\u00e9quipe affili\u00e9e, les donateurs inscrits au Tableau d\u2019Honneur b\u00e9n\u00e9ficient d\u2019avantages exclusifs de la part de Cyclisme Canada, notamment :<\/p>\n\n\n\n<ul class=\"wp-block-list\">\n<li>Un&nbsp;cadeau comm\u00e9moratif de remerciement<\/li>\n\n\n\n<li>L\u2019acc\u00e8s \u00e0 des rabais exclusifs&nbsp;aupr\u00e8s des partenaires de Cyclisme Canada<\/li>\n\n\n\n<li>Un&nbsp;acc\u00e8s prioritaire et\/ou des tarifs r\u00e9duits&nbsp;pour les \u00e9v\u00e9nements nationaux de niveau Coupe du monde<\/li>\n\n\n\n<li>Une&nbsp;reconnaissance publique&nbsp;sur la page web \u00ab Tableau d\u2019Honneur \u00bb du Collectif 1882<\/li>\n<\/ul>\n\n\n\n<h4 class=\"wp-block-heading has-text-align-center\">Membres du Tableau d\u2019Honneur<\/h4>\n\n\n\n<div class=\"wp-block-columns is-layout-flex wp-container-core-columns-is-layout-28f84493 wp-block-columns-is-layout-flex\">\n<div class=\"wp-block-column is-layout-flow wp-block-column-is-layout-flow\">\n<p class=\"has-text-align-center\">Bill Buckley<br>Bryn Currie<br>Greg Moore<br>Ian Brisbin<br>John Pearson<br>John See<\/p>\n\n\n\n<p class=\"has-text-align-center\" style=\"margin-top:0;margin-bottom:0\">Andrew Mahon Foundation<\/p>\n\n\n\n<p class=\"has-text-align-center\" style=\"margin-top:0;margin-bottom:0\">Jason Easton<\/p>\n\n\n\n<p class=\"has-text-align-center\" style=\"margin-top:0;margin-bottom:0\">David Burke<\/p>\n\n\n\n<p class=\"has-text-align-center\" style=\"margin-top:0;margin-bottom:0\">Craig Webster<\/p>\n\n\n\n<p class=\"has-text-align-center\" style=\"margin-top:0;margin-bottom:0\">Anne West<\/p>\n\n\n\n<p class=\"has-text-align-center\" style=\"margin-top:0;margin-bottom:0\">Miguel Lacasse<\/p>\n\n\n\n<p class=\"has-text-align-center\" style=\"margin-top:0;margin-bottom:0\">Luc Despins<\/p>\n<\/div>\n\n\n\n<div class=\"wp-block-column is-layout-flow wp-block-column-is-layout-flow\">\n<p class=\"has-text-align-center\" style=\"margin-top:0;margin-bottom:0\">John Tolkamp<br>Joseph Hall<br>Karl Smith<br>Kevin Rokosh<br>Liam Philley<br>Mandy Lee<\/p>\n\n\n\n<p class=\"has-text-align-center\" style=\"margin-top:0;margin-bottom:0\">Jennifer Sallows<\/p>\n\n\n\n<p class=\"has-text-align-center\" style=\"margin-top:0;margin-bottom:0\">Janice Nicholson<\/p>\n\n\n\n<p class=\"has-text-align-center\" style=\"margin-top:0;margin-bottom:0\">Patrick Bartlett<\/p>\n\n\n\n<p class=\"has-text-align-center\" style=\"margin-top:0;margin-bottom:0\">Rebound Cycle<\/p>\n\n\n\n<p class=\"has-text-align-center\" style=\"margin-top:0;margin-bottom:0\">Joanna Newman<\/p>\n\n\n\n<p class=\"has-text-align-center\" style=\"margin-top:0;margin-bottom:0\">La famille Mitchell<\/p>\n<\/div>\n\n\n\n<div class=\"wp-block-column is-layout-flow wp-block-column-is-layout-flow\">\n<p class=\"has-text-align-center\" style=\"margin-top:0;margin-bottom:0\">Patrick Bartlett<br>Peter Lake<br>Peter Leiss<br>Rupert Duchesne<br>Sutton Group Realty Services Ltd.<br>Zola Mehlomakulu<\/p>\n\n\n\n<p class=\"has-text-align-center\" style=\"margin-top:0;margin-bottom:0\">Alma Steyn<\/p>\n\n\n\n<p class=\"has-text-align-center\" style=\"margin-top:0;margin-bottom:0\">Logan Easton<\/p>\n\n\n\n<p class=\"has-text-align-center\" style=\"margin-top:0;margin-bottom:0\">Marc-Andre Cousineau<\/p>\n\n\n\n<p class=\"has-text-align-center\" style=\"margin-top:0;margin-bottom:0\">Jeff Burchill<\/p>\n\n\n\n<p class=\"has-text-align-center\" style=\"margin-top:0;margin-bottom:0\">John Monette<\/p>\n\n\n\n<p class=\"has-text-align-center\" style=\"margin-top:0;margin-bottom:0\">Tyson Podruzny<\/p>\n<\/div>\n<\/div>\n\n\n\n<div style=\"margin-top:0;margin-bottom:0;height:var(--wp--preset--spacing--x-large)\" aria-hidden=\"true\" class=\"wp-block-spacer\"><\/div>\n\n\n\n<div class=\"wp-block-buttons is-content-justification-center is-layout-flex wp-container-core-buttons-is-layout-2bb63ab0 wp-block-buttons-is-layout-flex\">\n<div class=\"wp-block-button has-custom-width wp-block-button__width-50\"><a class=\"wp-block-button__link has-black-color has-gainsboro-background-color has-text-color has-background has-link-color has-poppins-font-family has-normal-font-size has-custom-font-size wp-element-button\" href=\"https:\/\/cyclingcanada.ca\/fr\/collectif1882\/\" style=\"padding-top:1.4rem;padding-bottom:1.4rem;letter-spacing:2px\">&lt; Retour au collectif 1882<\/a><\/div>\n\n\n\n<div class=\"wp-block-button has-custom-width wp-block-button__width-50 is-style-fill\"><a class=\"wp-block-button__link has-white-color has-primary-background-color has-text-color has-background has-link-color has-poppins-font-family has-normal-font-size has-custom-font-size wp-element-button\" href=\"https:\/\/cyclingcanada.ca\/fr\/collectif1882\/a-propos\/\" style=\"padding-top:1.4rem;padding-bottom:1.4rem;letter-spacing:2px\">Suivant : \u00c0 propos du Collectif 1882 &gt;<\/a><\/div>\n<\/div>\n\n\n\n<p><\/p>\n","protected":false},"excerpt":{"rendered":"<p>Le Tableau d\u2019Honneur 1882&nbsp;rend hommage aux donateurs ayant contribu\u00e9&nbsp;1 882 $ ou plus&nbsp;par l\u2019interm\u00e9diaire des campagnes des affili\u00e9s. En plus de la reconnaissance offerte directement par le club ou l\u2019\u00e9quipe affili\u00e9e, les donateurs inscrits au Tableau d\u2019Honneur b\u00e9n\u00e9ficient d\u2019avantages exclusifs de la part de Cyclisme Canada, notamment : Membres du Tableau d\u2019Honneur Bill BuckleyBryn CurrieGreg [&hellip;]<\/p>\n","protected":false},"author":46,"featured_media":73672,"parent":73209,"menu_order":0,"comment_status":"closed","ping_status":"closed","template":"wp-custom-template-club-1882-page","meta":{"_acf_changed":false,"advanced_seo_description":"","jetpack_seo_html_title":"","jetpack_seo_noindex":false,"footnotes":""},"class_list":["post-73674","page","type-page","status-publish","has-post-thumbnail","hentry"],"acf":[],"jetpack_sharing_enabled":true,"_links":{"self":[{"href":"https:\/\/cyclingcanada.ca\/fr\/wp-json\/wp\/v2\/pages\/73674","targetHints":{"allow":["GET"]}}],"collection":[{"href":"https:\/\/cyclingcanada.ca\/fr\/wp-json\/wp\/v2\/pages"}],"about":[{"href":"https:\/\/cyclingcanada.ca\/fr\/wp-json\/wp\/v2\/types\/page"}],"author":[{"embeddable":true,"href":"https:\/\/cyclingcanada.ca\/fr\/wp-json\/wp\/v2\/users\/46"}],"replies":[{"embeddable":true,"href":"https:\/\/cyclingcanada.ca\/fr\/wp-json\/wp\/v2\/comments?post=73674"}],"version-history":[{"count":33,"href":"https:\/\/cyclingcanada.ca\/fr\/wp-json\/wp\/v2\/pages\/73674\/revisions"}],"predecessor-version":[{"id":77966,"href":"https:\/\/cyclingcanada.ca\/fr\/wp-json\/wp\/v2\/pages\/73674\/revisions\/77966"}],"up":[{"embeddable":true,"href":"https:\/\/cyclingcanada.ca\/fr\/wp-json\/wp\/v2\/pages\/73209"}],"wp:featuredmedia":[{"embeddable":true,"href":"https:\/\/cyclingcanada.ca\/fr\/wp-json\/wp\/v2\/media\/73672"}],"wp:attachment":[{"href":"https:\/\/cyclingcanada.ca\/fr\/wp-json\/wp\/v2\/media?parent=73674"}],"curies":[{"name":"wp","href":"https:\/\/api.w.org\/{rel}","templated":true}]}}