{"id":77695,"date":"2026-04-14T11:35:45","date_gmt":"2026-04-14T15:35:45","guid":{"rendered":"https:\/\/cyclingcanada.ca\/strategie-de-developpement-durable\/"},"modified":"2026-04-14T11:53:05","modified_gmt":"2026-04-14T15:53:05","slug":"strategie-de-developpement-durable","status":"publish","type":"page","link":"https:\/\/cyclingcanada.ca\/fr\/strategie-de-developpement-durable\/","title":{"rendered":"STRAT\u00c9GIE DE D\u00c9VELOPPEMENT DURABLE"},"content":{"rendered":"\n<h2 class=\"wp-block-heading\">STRAT\u00c9GIE DE D\u00c9VELOPPEMENT DURABLE<\/h2>\n\n\n\n<figure class=\"wp-block-image size-large\"><img loading=\"lazy\" decoding=\"async\" width=\"1280\" height=\"720\" src=\"https:\/\/cyclingcanada.ca\/wp-content\/uploads\/2026\/04\/racing-to-zero--1280x720.png\" alt=\"\" class=\"wp-image-77620\" srcset=\"https:\/\/cyclingcanada.ca\/wp-content\/uploads\/2026\/04\/racing-to-zero--1280x720.png 1280w, https:\/\/cyclingcanada.ca\/wp-content\/uploads\/2026\/04\/racing-to-zero--640x360.png 640w, https:\/\/cyclingcanada.ca\/wp-content\/uploads\/2026\/04\/racing-to-zero--768x432.png 768w, https:\/\/cyclingcanada.ca\/wp-content\/uploads\/2026\/04\/racing-to-zero--1536x864.png 1536w, https:\/\/cyclingcanada.ca\/wp-content\/uploads\/2026\/04\/racing-to-zero--2048x1152.png 2048w\" sizes=\"auto, (max-width: 1280px) 100vw, 1280px\" \/><\/figure>\n\n\n\n<p><\/p>\n\n\n\n<p style=\"margin-top:0;margin-right:0;margin-bottom:0;margin-left:0\">Les changements climatiques constituent \u00e0 la fois un risque et une opportunit\u00e9 pour le sport au Canada. Les ph\u00e9nom\u00e8nes m\u00e9t\u00e9orologiques extr\u00eames perturbent de plus en plus les \u00e9v\u00e9nements, les environnements d\u2019entra\u00eenement et les op\u00e9rations, et nous devons montrer l\u2019exemple en int\u00e9grant la durabilit\u00e9 dans notre mode de gouvernance, nos d\u00e9placements et nos comp\u00e9titions. La strat\u00e9gie de durabilit\u00e9 environnementale de Cyclisme Canada s\u2019aligne sur les meilleures pratiques du CIO, du COC, de l\u2019UCI et des Nations Unies, et vise \u00e0 int\u00e9grer la durabilit\u00e9 dans notre gouvernance, nos \u00e9v\u00e9nements et nos programmes communautaires. Elle a \u00e9galement \u00e9t\u00e9 con\u00e7ue pour soutenir et s\u2019aligner sur le plan strat\u00e9gique 2020-2030 de Cyclisme Canada, garantissant ainsi une r\u00e9silience et une pertinence \u00e0 long terme.   <\/p>\n\n\n\n<h3 class=\"wp-block-heading\">Aper\u00e7u strat\u00e9gique<\/h3>\n\n\n\n<p>Nos efforts s&#8217;articuleront autour des axes strat\u00e9giques suivants : <\/p>\n\n\n\n<ul class=\"wp-block-list\">\n<li><strong>Organisation,<\/strong> au sein de laquelle nous int\u00e9grerons le d\u00e9veloppement durable \u00e0 tous les niveaux afin de favoriser l&#8217;action et la responsabilisation en vue de r\u00e9duire notre impact environnemental<\/li>\n\n\n\n<li><strong>\u00c9v\u00e9nements<\/strong>, nous organiserons des \u00e9v\u00e9nements planifi\u00e9s et mis en \u0153uvre de mani\u00e8re responsable, en accordant la priorit\u00e9 \u00e0 la mesure et \u00e0 la r\u00e9duction de leur empreinte environnementale<\/li>\n\n\n\n<li><strong>Communaut\u00e9<\/strong>, o\u00f9 nous encouragerons les collectivit\u00e9s de tout le Canada \u00e0 s&#8217;engager en faveur du d\u00e9veloppement durable tout en am\u00e9liorant l&#8217;acc\u00e8s \u00e0 des programmes efficaces.<\/li>\n<\/ul>\n\n\n\n<p>Pour d\u00e9couvrir nos axes strat\u00e9giques, <a href=\"https:\/\/cyclingcanada.ca\/fr\/apropos\/apercu\/\" data-type=\"link\" data-id=\"https:\/\/cyclingcanada.ca\/fr\/apropos\/apercu\/\">cliquez ici<\/a>.<\/p>\n\n\n\n<h3 class=\"wp-block-heading\">Engagements cl\u00e9s<\/h3>\n\n\n\n<p>Pour transformer nos intentions en actions et r\u00e9aliser des progr\u00e8s concrets, nous sommes conscients que nos efforts doivent s&#8217;inscrire dans une d\u00e9marche coh\u00e9rente et responsable, dans une perspective \u00e0 long terme. En nous alignant sur des r\u00e9f\u00e9rentiels mondialement reconnus et en int\u00e9grant ces mesures \u00e0 tous les niveaux de notre organisation, nous nous engageons \u00e0:<\/p>\n\n\n\n<ul class=\"wp-block-list\">\n<li><strong>Favoriser les partenariats<\/strong> qui contribuent \u00e0 augmenter le nombre de Canadiens pratiquant le v\u00e9lo, ce qui favorise une transition \u00e0 l&#8217;\u00e9chelle de la communaut\u00e9 vers les modes de transport actifs et s&#8217;inscrit dans les objectifs de d\u00e9veloppement durable de l&#8217;UCI.<\/li>\n\n\n\n<li><strong>Devenir signataire<\/strong> du Cadre d&#8217;action \u00ab Sport pour le climat \u00bb des Nations unies, de \u00ab Sports for Nature \u00bb et de la Charte d&#8217;action climatique de l&#8217;UCI.<\/li>\n\n\n\n<li><strong>Fixer et poursuivre des objectifs fond\u00e9s sur des donn\u00e9es scientifiques<\/strong> visant \u00e0 r\u00e9duire nos \u00e9missions de 50 % d&#8217;ici 2030 et \u00e0 atteindre la neutralit\u00e9 carbone d&#8217;ici 2040.<\/li>\n\n\n\n<li><strong>Int\u00e9grer des lignes directrices<\/strong>, des crit\u00e8res et des initiatives en mati\u00e8re de d\u00e9veloppement durable dans les \u00e9preuves du Championnat canadien \u00e0 partir de 2026.<\/li>\n\n\n\n<li><strong>Sensibiliser<\/strong> davantage la communaut\u00e9 cycliste canadienne \u00e0 la durabilit\u00e9 et lui permettre de mieux la <strong>comprendre<\/strong>.<\/li>\n<\/ul>\n\n\n\n<p class=\"has-text-align-left\">Notre strat\u00e9gie refl\u00e8te notre engagement en faveur d\u2019une gouvernance solide et d\u2019un leadership avis\u00e9, garantissant que nos actions d\u2019aujourd\u2019hui contribuent \u00e0 un avenir plus sain et plus r\u00e9silient pour notre sport et nos communaut\u00e9s. La durabilit\u00e9 ne fait pas figure d\u2019\u00e9l\u00e9ment distinct de nos objectifs fondamentaux, mais s\u2019inscrit directement dans les priorit\u00e9s d\u00e9finies dans notre Plan strat\u00e9gique 2020-2030. Qu\u2019il s\u2019agisse de renforcer les liens avec les communaut\u00e9s, de promouvoir une croissance inclusive, d\u2019organiser des \u00e9v\u00e9nements passionnants ou d\u2019exercer un leadership en mati\u00e8re d\u2019\u00e9ducation, cette strat\u00e9gie consolide la durabilit\u00e9 et la pertinence \u00e0 long terme du cyclisme au Canada. Pour l\u2019avenir, nous nous engageons \u00e0 int\u00e9grer la durabilit\u00e9 dans la prochaine phase de notre planification strat\u00e9gique, afin de garantir qu\u2019elle reste au c\u0153ur de notre gouvernance, de notre croissance et de notre leadership.<\/p>\n\n\n\n<h3 class=\"wp-block-heading\">ressources<\/h3>\n\n\n\n<ul class=\"wp-block-list\">\n<li><a href=\"https:\/\/cyclingcanada.ca\/wp-content\/uploads\/2026\/04\/Cycling-Canada-Environmental-Sustainability-Strategy40.pdf\" data-type=\"link\" data-id=\"https:\/\/cyclingcanada.ca\/wp-content\/uploads\/2026\/04\/Cycling-Canada-Environmental-Sustainability-Strategy40.pdf\">Strat\u00e9gie de d\u00e9veloppement durable de Cyclisme Canada<\/a><\/li>\n\n\n\n<li><a href=\"https:\/\/fr.uci.org\/charte-pour-laction-climatique-de-luci\/4inrJ3kdTJobJaDhopx0J0\" data-type=\"link\" data-id=\"https:\/\/fr.uci.org\/charte-pour-laction-climatique-de-luci\/4inrJ3kdTJobJaDhopx0J0\">Charte de l&#8217;UCI pour l&#8217;action climatique<\/a><\/li>\n\n\n\n<li><a href=\"https:\/\/fr.uci.org\/durabilite\/2aT8Ri5QQ2Nr67iwrEN8K4\" data-type=\"link\" data-id=\"https:\/\/fr.uci.org\/durabilite\/2aT8Ri5QQ2Nr67iwrEN8K4\">Lignes directrices de l&#8217;UCI en mati\u00e8re de d\u00e9veloppement durable<\/a><\/li>\n\n\n\n<li><a href=\"https:\/\/olympic.ca\/team-canada-climate-action-resources\/\" data-type=\"link\" data-id=\"https:\/\/olympic.ca\/team-canada-climate-action-resources\/\">Plan d&#8217;action climatique du COC<\/a><\/li>\n\n\n\n<li><a href=\"https:\/\/www.olympics.com\/cio\/sustainability\/climat\" data-type=\"link\" data-id=\"https:\/\/www.olympics.com\/cio\/sustainability\/climat\">Engagement du CIO en faveur du climat<\/a><\/li>\n\n\n\n<li><a href=\"https:\/\/www.olympics.com\/cio\/developpement-durable\" data-type=\"link\" data-id=\"https:\/\/www.olympics.com\/cio\/developpement-durable\">Strat\u00e9gie de d\u00e9veloppement durable du CIO<\/a><\/li>\n<\/ul>\n\n\n\n<p class=\"has-text-align-center\">Le projet de d\u00e9veloppement durable de Cycling Canada b\u00e9n\u00e9ficie du soutien de <strong>Racing to Zero<\/strong>. Racing to Zero a \u00e9t\u00e9 fond\u00e9 par des athl\u00e8tes olympiques et paralympiques canadiens qui ont pu constater de leurs propres yeux l\u2019impact du changement climatique sur le sport \u00e0 tous les niveaux. Alliant une connaissance approfondie des syst\u00e8mes sportifs canadiens et mondiaux \u00e0 une expertise technique en mati\u00e8re de d\u00e9veloppement durable et de comptabilisation du carbone, nous proposons d\u00e9sormais une gamme compl\u00e8te de solutions destin\u00e9es aux organisations du secteur sportif. <\/p>\n\n\n\n<p class=\"has-text-align-center\"><em>\u00ab Ce fut un plaisir de collaborer avec Cyclisme Canada tout au long du programme pilote de d\u00e9veloppement durable des organisations nationales sportives (ONS) du COC, et nous sommes vraiment ravis des r\u00e9sultats obtenus gr\u00e2ce \u00e0 ce projet commun. Cyclisme Canada dispose d\u00e9sormais de tous les outils n\u00e9cessaires pour poursuivre dans cette voie, en suivant une feuille de route strat\u00e9gique claire vers des op\u00e9rations et des \u00e9v\u00e9nements plus durables, et nous sommes impatients de constater l\u2019impact positif que cela aura au cours des prochaines ann\u00e9es \u00bb, a soulign\u00e9 Oliver Scholfield, directeur g\u00e9n\u00e9ral de Racing To Zero.<\/em><\/p>\n\n\n\n<div class=\"wp-block-buttons is-content-justification-center is-layout-flex wp-container-core-buttons-is-layout-a89b3969 wp-block-buttons-is-layout-flex\">\n<div class=\"wp-block-button\"><a class=\"wp-block-button__link wp-element-button\" href=\"https:\/\/racingtozero.ca\/\">RACING TO ZERO<\/a><\/div>\n<\/div>\n\n\n\n<p><\/p>\n\n\n\n<p><\/p>\n","protected":false},"excerpt":{"rendered":"<p>STRAT\u00c9GIE DE D\u00c9VELOPPEMENT DURABLE Les changements climatiques constituent \u00e0 la fois un risque et une opportunit\u00e9 pour le sport au Canada. Les ph\u00e9nom\u00e8nes m\u00e9t\u00e9orologiques extr\u00eames perturbent de plus en plus les \u00e9v\u00e9nements, les environnements d\u2019entra\u00eenement et les op\u00e9rations, et nous devons montrer l\u2019exemple en int\u00e9grant la durabilit\u00e9 dans notre mode de gouvernance, nos d\u00e9placements et [&hellip;]<\/p>\n","protected":false},"author":46,"featured_media":77694,"parent":0,"menu_order":0,"comment_status":"closed","ping_status":"closed","template":"","meta":{"_acf_changed":false,"advanced_seo_description":"","jetpack_seo_html_title":"","jetpack_seo_noindex":false,"footnotes":""},"class_list":["post-77695","page","type-page","status-publish","has-post-thumbnail","hentry"],"acf":[],"jetpack_sharing_enabled":true,"_links":{"self":[{"href":"https:\/\/cyclingcanada.ca\/fr\/wp-json\/wp\/v2\/pages\/77695","targetHints":{"allow":["GET"]}}],"collection":[{"href":"https:\/\/cyclingcanada.ca\/fr\/wp-json\/wp\/v2\/pages"}],"about":[{"href":"https:\/\/cyclingcanada.ca\/fr\/wp-json\/wp\/v2\/types\/page"}],"author":[{"embeddable":true,"href":"https:\/\/cyclingcanada.ca\/fr\/wp-json\/wp\/v2\/users\/46"}],"replies":[{"embeddable":true,"href":"https:\/\/cyclingcanada.ca\/fr\/wp-json\/wp\/v2\/comments?post=77695"}],"version-history":[{"count":4,"href":"https:\/\/cyclingcanada.ca\/fr\/wp-json\/wp\/v2\/pages\/77695\/revisions"}],"predecessor-version":[{"id":77706,"href":"https:\/\/cyclingcanada.ca\/fr\/wp-json\/wp\/v2\/pages\/77695\/revisions\/77706"}],"wp:featuredmedia":[{"embeddable":true,"href":"https:\/\/cyclingcanada.ca\/fr\/wp-json\/wp\/v2\/media\/77694"}],"wp:attachment":[{"href":"https:\/\/cyclingcanada.ca\/fr\/wp-json\/wp\/v2\/media?parent=77695"}],"curies":[{"name":"wp","href":"https:\/\/api.w.org\/{rel}","templated":true}]}}